{"id":20838,"date":"2023-04-20T10:49:20","date_gmt":"2023-04-20T10:49:20","guid":{"rendered":"https:\/\/www.ar-shelving.com\/cookie-richtlinien\/"},"modified":"2023-04-20T11:16:33","modified_gmt":"2023-04-20T11:16:33","slug":"cookie-richtlinien","status":"publish","type":"page","link":"https:\/\/www.ar-shelving.com\/de\/cookie-richtlinien\/","title":{"rendered":"Cookie Richtlinien"},"content":{"rendered":"\t\t<div data-elementor-type=\"wp-page\" data-elementor-id=\"20838\" class=\"elementor elementor-20838 elementor-20816\">\n\t\t\t\t\t\t<section class=\"elementor-section elementor-top-section elementor-element elementor-element-15702ad9 elementor-section-boxed elementor-section-height-default elementor-section-height-default\" data-id=\"15702ad9\" data-element_type=\"section\" data-e-type=\"section\">\n\t\t\t\t\t\t<div class=\"elementor-container elementor-column-gap-default\">\n\t\t\t\t\t<div class=\"elementor-column elementor-col-100 elementor-top-column elementor-element elementor-element-580b5974\" data-id=\"580b5974\" data-element_type=\"column\" data-e-type=\"column\">\n\t\t\t<div class=\"elementor-widget-wrap elementor-element-populated\">\n\t\t\t\t\t\t<div class=\"elementor-element elementor-element-6ba883c1 elementor-widget elementor-widget-text-editor\" data-id=\"6ba883c1\" data-element_type=\"widget\" data-e-type=\"widget\" data-widget_type=\"text-editor.default\">\n\t\t\t\t\t\t\t\t\t<ul>\r\n \t<li><strong>Wir verwenden sowohl eigene als auch Cookies von Dritten, um dem Benutzer das Online-Erlebnis zu verbessern und statistische Analysen \u00fcber ihre Benutzung vorzunehmen. Durch die weitere Nutzung unserer Seite willigen Sie in die Nutzung dieser Cookies ein.<\/strong><\/li>\r\n<\/ul>\r\n<h4><strong>Cookie-Verwendung<\/strong><\/h4>\r\nCookies werden von Web-Servern als Werkzeug eingesetzt, um Informationen \u00fcber ihre Besucher und Benutzer zu speichern und wieder abzurufen. Es handelt sich lediglich um eine von einigen Servern w\u00e4hrend der Onlinenutzung installierte Textdatei, um Informationen zu gewinnen, wie beispielsweise den Ort des Zugriffs, die Dauer der Verbindung, das Endger\u00e4t \u00fcber das zugegriffen wurde (Handy oder Festanschluss), die verwendeten Betriebssysteme und Browser, die meistbesuchten Seiten und die Anzahl von Klicks und Daten zum Nutzerverhalten im Internet. Es werden keine Hinweise gegeben, die R\u00fcckschl\u00fcsse auf den Namen und Nachnamen des Benutzers erlauben w\u00fcrden und es k\u00f6nnen weder Daten von seiner Festplatte gelesen werden, noch kann ein Virus in ihre Betriebssysteme eingeschleust werden. Also k\u00f6nnen die auf der Festplatte implantierten Cookies des Benutzers nicht von anderen Servern aus gelesen werden.\r\n<h4>Warum sind sie wichtig?<\/h4>\r\nDer Zugriff auf die Webseite ist auch ohne die Notwendigkeit aktivierter Cookies m\u00f6glich, w\u00e4hrend ihre Desaktivierung ein ordnungsgem\u00e4\u00dfes Funktionieren verhindern kann.\r\n\r\nVom technischen Standpunkt aus erm\u00f6glichen die Cookies ein agileres, den Vorz\u00fcgen des Benutzers angepasstes Funktionieren der Webseiten, wie beispielsweise durch die Speicherung der Sprache, der Landesw\u00e4hrung oder bei der Erkennung des Endger\u00e4ts des Zugriffs.\r\n\r\nSie etablieren eine Ebene zum Schutz und zur Sicherheit, indem sie Cyber-Angriffe gegen die Webseite oder deren Benutzer verhindern oder erschweren.\r\n\r\nSie erm\u00f6glichen den Betreibern der Medien Kenntnisse \u00fcber statistische Daten, die zwecks Verbesserung der Qualit\u00e4t und der Erfahrung mit seinen Dienstleistungen erhoben werden.\r\n\r\nSie dienen der Optimierung der dem Benutzer gezeigten Werbung, indem jeweils das angeboten wird, was seinen Interessen am meisten entspricht.\r\n<h4>Einwilligung zur Verwendung von Cookies<\/h4>\r\nAuf der Webseite erscheinen Cookie-Hinweise, in die der Benutzer oder Besucher einwilligen kann, indem er der Verwendung von Cookies ausdr\u00fccklich zustimmt, gem\u00e4\u00df der folgenden Erkl\u00e4rung.\r\nDer Benutzer kann seinen Browser auf das standardm\u00e4\u00dfige Ablehnen aller Cookies einstellen oder auf das Erscheinen einer Bildschirmnachricht \u00fcber den Erhalt jedes einzelnen Cookies, um \u00fcber die Speicherung auf seiner Festplatte zu entscheiden.\r\n<h4>Einstellung des Browsers<\/h4>\r\nAR SHELVING S.A m\u00f6chte seine Benutzer daran erinnern, dass die Verwendung von Cookies von ihrer Einwilligung w\u00e4hrend der Einrichtung oder Aktualisierung des von ihnen benutzten Browsers abh\u00e4ngen kann.\r\n\r\nDiese Einwilligung kann durch Einstellungsm\u00f6glichkeiten von Inhalten und Datenschutz widerrufen werden, die darin zur Verf\u00fcgung stehen. Der Eigent\u00fcmer empfiehlt seinen Benutzern die Hilfe ihres Browsers oder die Support-Webseiten der bekanntesten Browser in Anspruch zu nehmen: Firefox, Internet Explorer, Safari, Chrome.\r\n\r\nFalls Sie detailliertere Informationen \u00fcber den Widerruf von Einwilligungserkl\u00e4rungen oder das Verfahren zur Deaktivierung von Cookies w\u00fcnschen oder Fragen zu den Cookie-Hinweisen haben, k\u00f6nnen Sie den Eigent\u00fcmer \u00fcber die folgende Mail-Adresse kontaktieren:\r\ninfo@ar-shelving.com, unter Angabe von \u201eCookie-Hinweise\u201d in der Betreffzeile.\r\n<h4>Welche Cookies werden in der Webseite verwendet?<\/h4>\r\nDer Benutzer der Webseite kann Cookies vorfinden, die direkt vom Eigent\u00fcmer installiert wurden, oder von anderen, nicht dem Eigent\u00fcmer zugeh\u00f6rigen Betreibern, wie in den folgenden Abschnitten erl\u00e4utert wird:\r\n\r\n\u2022 Session-Cookies erl\u00f6schen in dem Moment, in dem der Benutzer die Seite verl\u00e4sst oder den Browser schlie\u00dft, d.h. sie bleiben w\u00e4hrend der Benutzung der Webseite aktiv und werden deshalb von unserem Rechner bei Verlassen gel\u00f6scht.\r\n\u2022 Permanente Cookies erl\u00f6schen, wenn ihr Zweck erf\u00fcllt ist oder wenn sie manuell gel\u00f6scht werden. Sie werden nach einem festgelegten Zeitraum gel\u00f6scht und werden normalerweise bei Online-Eink\u00e4ufen, Personalisierungsprozessen oder bei der Anmeldung eingesetzt, um den Benutzern das st\u00e4ndige Eingeben des Passworts zu ersparen.\r\n\r\nJe nach Betreiber der Anlage oder Einrichtung von der aus die Cookies verwaltet und die erhobenen Daten verarbeitet werden, wird zwischen eigenen und Cookies von Dritten unterschieden:\r\n\r\n\u2022 Eigene Cookies sind jene Cookies, die dem Rechner des Benutzers gesendet und die ausschlie\u00dflich von uns zu einer verbesserten Funktionsweise unserer Webseite verwaltet werden. Die erhobenen Informationen werden dazu eingesetzt, die Qualit\u00e4t unserer Leistungen und Ihr Erlebnis als Benutzer zu verbessern.\r\n\r\n\u2022 Cookies von Dritten k\u00f6nnen installiert werden, wenn der Benutzer mit den Inhalten unserer Webseite interagiert, (beispielsweise durch Anwahl von Schaltfeldern von sozialen Netzwerken oder durch das Visualisieren von Videos auf anderen Webseiten), die unter einem anderen Domainnamen als dem unserer Website installiert werden. Wir k\u00f6nnen nicht auf die in Cookies anderer Websites gespeicherten Daten zugreifen, wenn Sie in den oben genannten Websites surfen.\r\n\r\nIn diesem Online-Portal zu surfen setzt voraus, dass die folgenden Arten von Cookies installiert werden k\u00f6nnen:\r\n<figure class=\"wp-block-table\">\r\n<table>\r\n<tbody>\r\n<tr>\r\n<td>ARTEN VON COOKIES<\/td>\r\n<td>BESCHREIBUNG<\/td>\r\n<td>ANWENDUNGSBEISPIELE<\/td>\r\n<\/tr>\r\n<tr>\r\n<td>LEISTUNGS- ODER PERFORMANCE<\/td>\r\n<td>Diese Cookies werden eingesetzt um die Benutzerfreundlichkeit zu verbessern die Funktionsweise unserer Websites zu optimieren.\r\nSie speichern Konfigurationen von Leistungen, um den Benutzern die wiederholte Konfiguration bei erneuten Besuchen unserer Seite zu ersparen.<\/td>\r\n<td>\u2022 Lautst\u00e4rkeregelung von Videos und Audios\r\n\u2022 Optimale \u00dcbertragungsgeschwindigkeit von Videos\r\n\u2022 Speicherung im \u201eWarenkorb\u201c beim E-Commerce.<\/td>\r\n<\/tr>\r\n<tr>\r\n<td>GEOLOKALISIERUNG<\/td>\r\n<td>Diese Cookies werden zum Speichern der Daten zur Geolokalisierung des Rechners oder Ger\u00e4ts verwendet, um ad\u00e4quatere Leistungen anzubieten.<\/td>\r\n<td>Einstellungen von Land, Stadt, Sprache, etc.<\/td>\r\n<\/tr>\r\n<tr>\r\n<td>TRAFFIC-LOG<\/td>\r\n<td>Die Traffic-Log-Cookies werden zum Registrieren oder erneuten Einloggen in einem unserer Web-Portale verwendet.<\/td>\r\n<td>\u2022 Speicherung Ihrer Authentifizierung auch nach Runterfahren des Rechners, um beim erneuten Einloggen identifiziert zu werden, au\u00dfer bei Abschalten oder Schlie\u00dfung der Sitzung\r\n\u2022 Zum Zugriff auf bestimmte Zonen unseres Web-Portals, beispielsweise um an einem Wettbewerb teilzunehmen.<\/td>\r\n<\/tr>\r\n<tr>\r\n<td>ANALYSE<\/td>\r\n<td>Diese Cookies erheben Daten zu den Erfahrungen beim Surfen in unseren Web-Portalen, wobei die Anonymit\u00e4t g\u00e4nzlich gewahrt bleibt.<\/td>\r\n<td>\u2022 Wir k\u00f6nnen die Zahl der Besucher berechnen.\r\n\u2022 Wir k\u00f6nnen wiederholte Besuche erkennen.\r\n\u2022 Diese Informationen k\u00f6nnen uns bei der Verbesserung des Surfvorgangs und der Leistungen behilflich sein.<\/td>\r\n<\/tr>\r\n<tr>\r\n<td>WERBUNG<\/td>\r\n<td>Diese Cookies erheben Informationen \u00fcber die dem anonymen Benutzer gezeigten Anzeigen in den Web-Portalen.<\/td>\r\n<td>\u2022 Die Werbung dem Ger\u00e4t anpassen, von dem aus der Benutzer zugreift.\r\n\u2022 Von Dritten verwaltete Anzeigen \u00fcbertragen, die auf der Webseite in Echtzeit gezeigt werden.<\/td>\r\n<\/tr>\r\n<\/tbody>\r\n<\/table>\r\n<\/figure>\t\t\t\t\t\t\t\t<\/div>\n\t\t\t\t\t<\/div>\n\t\t<\/div>\n\t\t\t\t\t<\/div>\n\t\t<\/section>\n\t\t\t\t<\/div>\n\t\t","protected":false},"excerpt":{"rendered":"<p>Wir verwenden sowohl eigene als auch Cookies von Dritten, um dem Benutzer das Online-Erlebnis zu verbessern und statistische Analysen \u00fcber ihre Benutzung vorzunehmen. Durch die weitere Nutzung unserer Seite willigen Sie in die Nutzung dieser Cookies ein. Cookie-Verwendung Cookies werden von Web-Servern als Werkzeug eingesetzt, um Informationen \u00fcber ihre Besucher und Benutzer zu speichern und [&hellip;]<\/p>\n","protected":false},"author":1,"featured_media":0,"parent":0,"menu_order":0,"comment_status":"closed","ping_status":"closed","template":"","meta":{"_acf_changed":false,"_monsterinsights_skip_tracking":false,"_monsterinsights_sitenote_active":false,"_monsterinsights_sitenote_note":"","_monsterinsights_sitenote_category":0,"_uf_show_specific_survey":0,"_uf_disable_surveys":false,"title_news":"","footnotes":""},"class_list":["post-20838","page","type-page","status-publish","hentry"],"acf":[],"yoast_head":"<!-- This site is optimized with the Yoast SEO plugin v27.1.1 - https:\/\/yoast.com\/product\/yoast-seo-wordpress\/ -->\n<title>Cookie Richtlinien - AR Shelving, metal shelving for DIY and trade<\/title>\n<meta name=\"robots\" content=\"index, follow, max-snippet:-1, max-image-preview:large, max-video-preview:-1\" \/>\n<link rel=\"canonical\" href=\"https:\/\/www.ar-shelving.com\/cookies-policy\/\" \/>\n<meta property=\"og:locale\" content=\"de_DE\" \/>\n<meta property=\"og:type\" content=\"article\" \/>\n<meta property=\"og:title\" content=\"Cookie Richtlinien - AR Shelving, metal shelving for DIY and trade\" \/>\n<meta property=\"og:description\" content=\"Wir verwenden sowohl eigene als auch Cookies von Dritten, um dem Benutzer das Online-Erlebnis zu verbessern und statistische Analysen \u00fcber ihre Benutzung vorzunehmen. Durch die weitere Nutzung unserer Seite willigen Sie in die Nutzung dieser Cookies ein. Cookie-Verwendung Cookies werden von Web-Servern als Werkzeug eingesetzt, um Informationen \u00fcber ihre Besucher und Benutzer zu speichern und [&hellip;]\" \/>\n<meta property=\"og:url\" content=\"https:\/\/www.ar-shelving.com\/cookies-policy\/\" \/>\n<meta property=\"og:site_name\" content=\"AR Shelving, metal shelving for DIY and trade\" \/>\n<meta property=\"article:publisher\" content=\"https:\/\/www.facebook.com\/MetallicShelving\" \/>\n<meta property=\"article:modified_time\" content=\"2023-04-20T11:16:33+00:00\" \/>\n<meta name=\"twitter:card\" content=\"summary_large_image\" \/>\n<meta name=\"twitter:label1\" content=\"Gesch\u00e4tzte Lesezeit\" \/>\n\t<meta name=\"twitter:data1\" content=\"5 Minuten\" \/>\n<script type=\"application\/ld+json\" class=\"yoast-schema-graph\">{\"@context\":\"https:\/\/schema.org\",\"@graph\":[{\"@type\":\"WebPage\",\"@id\":\"https:\/\/www.ar-shelving.com\/cookies-policy\/\",\"url\":\"https:\/\/www.ar-shelving.com\/cookies-policy\/\",\"name\":\"Cookie Richtlinien - AR Shelving, metal shelving for DIY and trade\",\"isPartOf\":{\"@id\":\"https:\/\/www.ar-shelving.com\/#website\"},\"datePublished\":\"2023-04-20T10:49:20+00:00\",\"dateModified\":\"2023-04-20T11:16:33+00:00\",\"inLanguage\":\"de-DE\",\"potentialAction\":[{\"@type\":\"ReadAction\",\"target\":[\"https:\/\/www.ar-shelving.com\/cookies-policy\/\"]}]},{\"@type\":\"WebSite\",\"@id\":\"https:\/\/www.ar-shelving.com\/#website\",\"url\":\"https:\/\/www.ar-shelving.com\/\",\"name\":\"AR Shelving, metal shelving for DIY, trade and industries\",\"description\":\"metal shelving\",\"publisher\":{\"@id\":\"https:\/\/www.ar-shelving.com\/#organization\"},\"potentialAction\":[{\"@type\":\"SearchAction\",\"target\":{\"@type\":\"EntryPoint\",\"urlTemplate\":\"https:\/\/www.ar-shelving.com\/?s={search_term_string}\"},\"query-input\":{\"@type\":\"PropertyValueSpecification\",\"valueRequired\":true,\"valueName\":\"search_term_string\"}}],\"inLanguage\":\"de-DE\"},{\"@type\":\"Organization\",\"@id\":\"https:\/\/www.ar-shelving.com\/#organization\",\"name\":\"AR Shelving S.A.\",\"url\":\"https:\/\/www.ar-shelving.com\/\",\"logo\":{\"@type\":\"ImageObject\",\"inLanguage\":\"de-DE\",\"@id\":\"https:\/\/www.ar-shelving.com\/#\/schema\/logo\/image\/\",\"url\":\"https:\/\/www.ar-shelving.com\/wp-content\/uploads\/2022\/06\/Grupo-389.png\",\"contentUrl\":\"https:\/\/www.ar-shelving.com\/wp-content\/uploads\/2022\/06\/Grupo-389.png\",\"width\":251,\"height\":43,\"caption\":\"AR Shelving S.A.\"},\"image\":{\"@id\":\"https:\/\/www.ar-shelving.com\/#\/schema\/logo\/image\/\"},\"sameAs\":[\"https:\/\/www.facebook.com\/MetallicShelving\",\"https:\/\/www.linkedin.com\/company\/arshelving\/\",\"https:\/\/www.instagram.com\/ar_shelving\/\",\"https:\/\/www.youtube.com\/user\/ARstorage\",\"https:\/\/www.pinterest.es\/arshelving\/\"]}]}<\/script>\n<!-- \/ Yoast SEO plugin. -->","yoast_head_json":{"title":"Cookie Richtlinien - AR Shelving, metal shelving for DIY and trade","robots":{"index":"index","follow":"follow","max-snippet":"max-snippet:-1","max-image-preview":"max-image-preview:large","max-video-preview":"max-video-preview:-1"},"canonical":"https:\/\/www.ar-shelving.com\/cookies-policy\/","og_locale":"de_DE","og_type":"article","og_title":"Cookie Richtlinien - AR Shelving, metal shelving for DIY and trade","og_description":"Wir verwenden sowohl eigene als auch Cookies von Dritten, um dem Benutzer das Online-Erlebnis zu verbessern und statistische Analysen \u00fcber ihre Benutzung vorzunehmen. Durch die weitere Nutzung unserer Seite willigen Sie in die Nutzung dieser Cookies ein. Cookie-Verwendung Cookies werden von Web-Servern als Werkzeug eingesetzt, um Informationen \u00fcber ihre Besucher und Benutzer zu speichern und [&hellip;]","og_url":"https:\/\/www.ar-shelving.com\/cookies-policy\/","og_site_name":"AR Shelving, metal shelving for DIY and trade","article_publisher":"https:\/\/www.facebook.com\/MetallicShelving","article_modified_time":"2023-04-20T11:16:33+00:00","twitter_card":"summary_large_image","twitter_misc":{"Gesch\u00e4tzte Lesezeit":"5 Minuten"},"schema":{"@context":"https:\/\/schema.org","@graph":[{"@type":"WebPage","@id":"https:\/\/www.ar-shelving.com\/cookies-policy\/","url":"https:\/\/www.ar-shelving.com\/cookies-policy\/","name":"Cookie Richtlinien - AR Shelving, metal shelving for DIY and trade","isPartOf":{"@id":"https:\/\/www.ar-shelving.com\/#website"},"datePublished":"2023-04-20T10:49:20+00:00","dateModified":"2023-04-20T11:16:33+00:00","inLanguage":"de-DE","potentialAction":[{"@type":"ReadAction","target":["https:\/\/www.ar-shelving.com\/cookies-policy\/"]}]},{"@type":"WebSite","@id":"https:\/\/www.ar-shelving.com\/#website","url":"https:\/\/www.ar-shelving.com\/","name":"AR Shelving, metal shelving for DIY, trade and industries","description":"metal shelving","publisher":{"@id":"https:\/\/www.ar-shelving.com\/#organization"},"potentialAction":[{"@type":"SearchAction","target":{"@type":"EntryPoint","urlTemplate":"https:\/\/www.ar-shelving.com\/?s={search_term_string}"},"query-input":{"@type":"PropertyValueSpecification","valueRequired":true,"valueName":"search_term_string"}}],"inLanguage":"de-DE"},{"@type":"Organization","@id":"https:\/\/www.ar-shelving.com\/#organization","name":"AR Shelving S.A.","url":"https:\/\/www.ar-shelving.com\/","logo":{"@type":"ImageObject","inLanguage":"de-DE","@id":"https:\/\/www.ar-shelving.com\/#\/schema\/logo\/image\/","url":"https:\/\/www.ar-shelving.com\/wp-content\/uploads\/2022\/06\/Grupo-389.png","contentUrl":"https:\/\/www.ar-shelving.com\/wp-content\/uploads\/2022\/06\/Grupo-389.png","width":251,"height":43,"caption":"AR Shelving S.A."},"image":{"@id":"https:\/\/www.ar-shelving.com\/#\/schema\/logo\/image\/"},"sameAs":["https:\/\/www.facebook.com\/MetallicShelving","https:\/\/www.linkedin.com\/company\/arshelving\/","https:\/\/www.instagram.com\/ar_shelving\/","https:\/\/www.youtube.com\/user\/ARstorage","https:\/\/www.pinterest.es\/arshelving\/"]}]}},"_links":{"self":[{"href":"https:\/\/www.ar-shelving.com\/de\/wp-json\/wp\/v2\/pages\/20838","targetHints":{"allow":["GET"]}}],"collection":[{"href":"https:\/\/www.ar-shelving.com\/de\/wp-json\/wp\/v2\/pages"}],"about":[{"href":"https:\/\/www.ar-shelving.com\/de\/wp-json\/wp\/v2\/types\/page"}],"author":[{"embeddable":true,"href":"https:\/\/www.ar-shelving.com\/de\/wp-json\/wp\/v2\/users\/1"}],"replies":[{"embeddable":true,"href":"https:\/\/www.ar-shelving.com\/de\/wp-json\/wp\/v2\/comments?post=20838"}],"version-history":[{"count":0,"href":"https:\/\/www.ar-shelving.com\/de\/wp-json\/wp\/v2\/pages\/20838\/revisions"}],"wp:attachment":[{"href":"https:\/\/www.ar-shelving.com\/de\/wp-json\/wp\/v2\/media?parent=20838"}],"curies":[{"name":"wp","href":"https:\/\/api.w.org\/{rel}","templated":true}]}}