{"id":20844,"date":"2022-05-11T07:19:53","date_gmt":"2022-05-11T05:19:53","guid":{"rendered":"https:\/\/www.ar-shelving.com\/gesetzlicher-hinweis\/"},"modified":"2023-04-20T11:19:14","modified_gmt":"2023-04-20T11:19:14","slug":"gesetzlicher-hinweis","status":"publish","type":"page","link":"https:\/\/www.ar-shelving.com\/de\/gesetzlicher-hinweis\/","title":{"rendered":"GESETZLICHER HINWEIS"},"content":{"rendered":"\t\t<div data-elementor-type=\"wp-page\" data-elementor-id=\"20844\" class=\"elementor elementor-20844 elementor-3\">\n\t\t\t\t\t\t<section class=\"elementor-section elementor-top-section elementor-element elementor-element-1a2ca325 elementor-section-boxed elementor-section-height-default elementor-section-height-default\" data-id=\"1a2ca325\" data-element_type=\"section\" data-e-type=\"section\">\n\t\t\t\t\t\t<div class=\"elementor-container elementor-column-gap-default\">\n\t\t\t\t\t<div class=\"elementor-column elementor-col-100 elementor-top-column elementor-element elementor-element-2d10c2e1\" data-id=\"2d10c2e1\" data-element_type=\"column\" data-e-type=\"column\">\n\t\t\t<div class=\"elementor-widget-wrap elementor-element-populated\">\n\t\t\t\t\t\t<div class=\"elementor-element elementor-element-6bee9850 elementor-widget elementor-widget-text-editor\" data-id=\"6bee9850\" data-element_type=\"widget\" data-e-type=\"widget\" data-widget_type=\"text-editor.default\">\n\t\t\t\t\t\t\t\t\tDie Urheberrechte der Webseite der AR Shelving inclusive ihrer diversen Elemente und Inhalte liegen bei der AR Shelving.\r\n\r\n<strong>1.- Diese Webseite ist Eigentum von AR SHELVING S.A.<\/strong>\r\n<ul>\r\n \t<li>CIF: A48488670<\/li>\r\n \t<li>Eintragung im Handelsregister: Hoja BI-1550 Tomo 250 Folio 128<\/li>\r\n \t<li>Firmenadresse: C\/ Aperribai 8, 48960 Galdakao, Bizkaia<\/li>\r\n \t<li>Mail: info@ar-shelving.com<\/li>\r\n \t<li>Telefon: (+34) 944 491 500<\/li>\r\n<\/ul>\r\n<strong>2.- Die Benutzung dieser Webseite untersteht den Benutzungsbedingungen und erfordert die Zustimmung zu allen in diesen gesetzlichen Hinweisen ausgef\u00fchrten Bestimmungen.<\/strong>. Der Benutzer sollte diese Bedingungen jeweils vor dem Besuch der Webseite lesen, da diese sp\u00e4tere \u00c4nderungen erfahren k\u00f6nnen. Einige Aspekte dieser Webseite k\u00f6nnen auf Grund ihrer Besonderheiten bestimmten Bedingungen und Bestimmungen unterliegen, die die in diesen gesetzlichen Hinweisen aufgef\u00fchrten ersetzen, erg\u00e4nzen oder \u00e4ndern k\u00f6nnen, weshalb auch sie durch den Benutzer akzeptiert werden m\u00fcssen, der sie verwendet oder auf sie zugreift.\r\n\r\n<strong>3.- Der gesamte Inhalt dieser Webseite<\/strong>\u00a0(Texte, Fotografien, Grafiken, Abbildungen, Technologie, Software, Links, audiovisuelle oder Audio-Inhalte, grafisches Design, Quellcodes, etc.), sowie die Marken und Unterscheidungsmerkmale sind Eigentum von AR SHELVING S.A oder von Dritten und der Benutzer erh\u00e4lt durch die einfache Verwendung der Webseite keinerlei Rechte darauf.\r\n\r\nDer Benutzer muss davon Abstand nehmen: a) die Inhalte dieser Webseite zu vervielf\u00e4ltigen, zu kopieren, zu verteilen, Dritten zur Verf\u00fcgung zu stellen, zu ver\u00f6ffentlichen und zu \u00e4ndern oder umzuwandeln, au\u00dfer in den vom Gesetz daf\u00fcr vorgesehenen F\u00e4llen oder mit der ausdr\u00fccklichen Genehmigung von AR SHELVING S.A oder dem Inhaber dieser Rechte; b) die in dieser Webseite vorkommende Software, die Abbildungen, die Videos oder Datenbanken zu privaten Zwecken zu vervielf\u00e4ltigen oder zu kopieren, diese zu ver\u00f6ffentlichen oder Dritten zur Verf\u00fcgung zu stellen, wenn das ihre Vervielf\u00e4ltigung beinhaltet; c) wesentliche Bestandteile dieser Webseite zu entnehmen oder wiederzuverwenden.\r\n\r\n<strong>4.- Um Inhalte aus seinen eigenen Webseiten mit dieser Webseite zu verlinken, muss der Benutzer die folgenden Bedingungen erf\u00fcllen:\u00a0<\/strong>a) der Link darf nur mit der Home Page verkn\u00fcpft sein, die in keiner Form vervielf\u00e4ltigt werden darf; b) es ist untersagt, die Visualisierung der Webseite innerhalb jeglicher Rahmen oder Frames zu erm\u00f6glichen oder unter anderen Internetadressen oder im Zusammenhang mit dieser Webseite artfremden Inhalten, die bei den Benutzern einen falschen Eindruck oder Zweifel an der Herkunft der Leistungen und seiner Inhalte erwecken, oder erwecken k\u00f6nnten, die dem Tatbestand der unlauteren Anpreisung oder Produktimitation gleichkommen, um sich den Ruf, den Markennamen und das Image von AR SHELVING S.A. zu Nutze zu machen oder sich anderer ungesetzlicher Ma\u00dfnahmen zu bedienen; c) von der Webseite aus, die sich dem Link bedient, d\u00fcrfen keinerlei falsche oder ungenaue Aussagen zu der Qualit\u00e4t der Produkte oder Leistungen von AR SHELVING S.A gemacht werden; d) der Absender darf weder den Markennamen noch jegliche andere Unterscheidungsmerkmale von AR SHELVING S.A innerhalb seiner Webseite verwenden, au\u00dfer in den vom Gesetz daf\u00fcr vorgesehenen F\u00e4llen oder mit der ausdr\u00fccklichen Genehmigung von AR SHELVING S.A; e) die Webseite, auf der der Link eingerichtet wird, muss die einschl\u00e4gige Gesetzgebung erf\u00fcllen und darf \u00fcber keine Links verf\u00fcgen oder zur Verf\u00fcgung stellen, deren Inhalte als unerlaubt, sch\u00e4dlich, unmoralisch oder gegen die guten Sitten versto\u00dfend anzusehen sind, die den falschen Eindruck erwecken oder erwecken k\u00f6nnten, dass AR SHELVING S.A die Ideen, Aussagen oder Aktivit\u00e4ten des Absenders f\u00f6rdern oder unterst\u00fctzen w\u00fcrde oder deren Inhalte im Zusammenhang mit den von AR SHELVING S.A ausgef\u00fchrten T\u00e4tigkeiten als inad\u00e4quat angesehen werden m\u00fcssen, und zwar unter Ber\u00fccksichtigung der allgemeinen Inhalte und Thematiken der Webseite, auf der der Link erscheint.\r\n\r\n<strong>5.- AR SHELVING S.A ist nicht daf\u00fcr verantwortlich zu \u00fcberpr\u00fcfen, ob diese Webseite b\u00f6swillige Programme oder irgendwelche anderen sch\u00e4dlichen Informatik-Elemente aufweist.<\/strong>\u00a0Es liegt in jedem Fall in der Verantwortung des Benutzers \u00fcber die geeigneten Werkzeuge zu verf\u00fcgen, um diese Elemente zu ermitteln und zu s\u00e4ubern. In diesem Sinne zeichnet AR SHELVING S.A nicht f\u00fcr die verursachten Sch\u00e4den an Computersystemen w\u00e4hrend des Zugriffs auf die Webseite verantwortlich. Ebenso wenig ist AR SHELVING S.A f\u00fcr die den Nutzern entstandenen Sch\u00e4den verantwortlich, falls diese durch Fehler oder Verbindungsunterbrechungen im Telekommunikationsnetz verursacht wurden, die gegebenenfalls die Leistung dieser Webseite unterbrechen.\r\n\r\n<strong>6.- Esta Web kann Links beinhalten, die dem Benutzer den Zugriff auf andere Seiten im Internet erm\u00f6glichen<\/strong>. In diesen F\u00e4llen ist AR SHELVING S.A nur f\u00fcr die durch diese Links \u00fcbermittelten Inhalte und Leistungen verantwortlich, falls ihnen ihre Rechtswidrigkeit bekannt war und diese nicht unverz\u00fcglich beseitigt wurde. Falls ein Benutzer auf einen Link st\u00f6\u00dft, deren Inhalte er f\u00fcr widerrechtlich oder inad\u00e4quat h\u00e4lt, so kann er AR SISTEMAS S.A dar\u00fcber in Kenntnis setzen ohne vorauszusetzen, dass er dadurch gezwungen w\u00fcrde, den entsprechenden Link zu entfernen. AR SISTEMAS S.A kennt nicht immer die Inhalte und Leistungen der Links und ist deshalb nicht f\u00fcr die verursachten Sch\u00e4den verantwortlich zu machen, die durch ihre mangelnde Qualit\u00e4t, fehlende Aktualisierung, Nichtverf\u00fcgbarkeit, Fehler, Nutzlosigkeit oder Rechtswidrigkeit verursacht wurden und haftet nicht f\u00fcr die Erkl\u00e4rungen oder die Inhalte oder Leistungen, die durch sie \u00fcbermittelt werden, au\u00dfer im Fall einer direkten Verantwortung f\u00fcr die Erbringung der genannten Leistungen.\r\n\r\n<strong>7.- Der Benutzer verpflichtet sich zu einer rechtm\u00e4\u00dfigen Nutzung dieser Webseite in \u00dcbereinstimmung mit den einschl\u00e4gigen Gesetzen,<\/strong>\u00a0diesen Gesetzlichen Hinweisen und allen anderen Bedingungen, Bestimmungen und Anweisungen, die gegebenenfalls Anwendung finden. Der Benutzer haftet AR SHELVING S.A und Dritten gegen\u00fcber f\u00fcr alle Sch\u00e4den oder Nachteile, die durch die Nichtbefolgung dieser Verpflichtungen entstehen k\u00f6nnten.\r\n\r\n<strong>8.- Die vorliegenden Gesetzlichen Hinweise unterliegen voll und ganz der spanischen Gesetzgebung.<\/strong>\u00a0F\u00fcr die Beilegung jeder Streitigkeit \u00fcber die Auslegung oder Anwendung dieser Gesetzlichen Hinweise unterwirft sich der Benutzer der Rechtsprechung der Gerichte des Firmensitzes von AR SHELVING S.A.\r\n\r\n<strong>9.- Sollten Abweichungen von Inhalten in Fremdsprachenversionen dieser Gesetzlichen Hinweise bestehen, gilt im Zweifelsfalle das spanische Original.<\/strong><a name=\"privacidad\"><\/a>\r\n\r\n<hr class=\"wp-block-separator is-style-dots\" \/>\r\n\r\n<h4>DATENSCHUTZREGELUNG<\/h4>\r\n<figure class=\"wp-block-table is-style-stripes\">\r\n<table>\r\n<tbody>\r\n<tr>\r\n<td><strong>SEKTION<\/strong><\/td>\r\n<td><strong>GRUNDLEGENDES<\/strong><\/td>\r\n<\/tr>\r\n<tr>\r\n<td>Verantwortlich<\/td>\r\n<td>AR SHELVING S.A.<\/td>\r\n<\/tr>\r\n<tr>\r\n<td>Zweck<\/td>\r\n<td>Einfache Zielbeschreibung der Verarbeitung<\/td>\r\n<\/tr>\r\n<tr>\r\n<td>Legitimierung<\/td>\r\n<td>Einwilligung des Benutzers<\/td>\r\n<\/tr>\r\n<tr>\r\n<td>Zielgruppe<\/td>\r\n<td>Keine Weitergabe der Daten an Dritte au\u00dfer im Fall von gesetzlicher Verpflichtung<\/td>\r\n<\/tr>\r\n<tr>\r\n<td>Rechte<\/td>\r\n<td>Aus\u00fcbung der Rechte zum Datenschutz<\/td>\r\n<\/tr>\r\n<\/tbody>\r\n<\/table>\r\n<\/figure>\r\n<strong>GRUNDLEGENDE INFORMATIONEN<\/strong>\r\nDa wir die Sicherheit und den Schutz der von uns verarbeiteten Daten ernst nehmen, wurden bei uns als Betreiber zum Schutze personenbezogener Daten und der Gew\u00e4hrleistung digitaler Rechte das Protokoll und die Datenschutzpolitik der Europ\u00e4ischen Datenschutz-Grundverordnung 679\/2016 (RGPD) und das Organgesetz LO 3\/2018 vom 5. Dezember umgesetzt.\r\nDie vorliegende Bestimmung zum Datenschutz (in der Folge \u201eDatenschutz\u201c genannt) wird auf alle personenbezogenen Daten angewendet, die der Benutzer uns zur Verf\u00fcgung stellt. Im Sinne des Datenschutzes sind unter \u201eBenutzer\u201c die nat\u00fcrlichen Personen zu verstehen, die an den von AR Sistemas S.A. angebotenen Leistungen auf ihrer Webseite interessiert sind. Wir als Betreiber und somit verantwortlich f\u00fcr die Datenverarbeitung, werden im Vorfeld der Erhebung Ihrer personenbezogenen Daten, falls erforderlich, die ausdr\u00fcckliche Einwilligung des Benutzers zur Datenschutzerkl\u00e4rung einfordern, sowie zu jedem anderen Aspekt, der eine vorherige Einwilligung erfordert.\r\nDie Webseite von AR Shelving S.A. richtet sich nicht an Minderj\u00e4hrige. Mit der Einwilligung in die vorliegende Datenschutzerkl\u00e4rung erkl\u00e4rt und garantiert der Benutzer seine Vollj\u00e4hrigkeit.\r\n\r\n<strong>1.- WER IST F\u00dcR DIE DATENVERARBEITUNG VERANTWORTLICH?<\/strong>\r\n\r\nAR SHELVING S.A. mit dem Firmensitz in APERRIBAI 8, 48960 GALDAKAO-BIZKAIA-ESPA\u00d1A ist f\u00fcr die ordnungsgem\u00e4\u00dfe Datenverarbeitung verantwortlich. Bei Fragen dazu, k\u00f6nnen Sie uns unter folgender Mail-Adresse kontaktieren: dpo@grupoarania.com\r\n\r\n<strong>2.- WOZU VERWENDEN WIR IHRE DATEN?<\/strong>\r\n\r\nBei AR SHELVING S.A. verarbeiten wir die Informationen von den daran interessierten Personen, um:\r\n\r\n\u2022 die Leistungen und den Service zu erf\u00fcllen, die wir den Benutzern schulden\r\n\u2022 die im Zusammenhang mit unseren Leistungen gestellten Anfragen zu\r\nbearbeiten und verwalten\r\n\u2022 Wertbeinformationen und Angebote zu unseren Leistungen zu \u00fcbermitteln\r\n\u2022 Information \u00fcber unseren Newsletter oder unsere Pressemitteilungen zu \u00fcbermitteln.\r\n\r\n<strong>3.- WAS IST DIE GESETZLICHE GRUNDLAGE F\u00dcR DIE DATENVERARBEITUNG?<\/strong>\r\n\r\nDie Verwendung der Daten, die Sie uns durch Ihre Einwilligung zur Verf\u00fcgung gestellt haben, sind zur ordnungsgem\u00e4\u00dfen Verwaltung der Beziehungen zu den Benutzern notwendig, sowie zur Erf\u00fcllung der gesetzlichen Vorschriften.\r\nSie k\u00f6nnen jederzeit Ihre Einwilligung zur Verwendung Ihrer Daten zur\u00fcckziehen und somit jegliche Art ihrer Verarbeitung unwirksam machen, wobei Ihre Daten nur f\u00fcr den gesetzlich daf\u00fcr vorgesehenen Zeitraum blockiert bleiben. Wir m\u00f6chten Sie dar\u00fcber informieren, dass die Nicht-Einwilligung dazu f\u00fchren kann, dass die Leistungen nicht ausgef\u00fchrt werden k\u00f6nnen.\r\n\r\n<strong>4.- WERDEN MEINE DATEN WEITERGEGEBEN?<\/strong>\r\n\r\nGrunds\u00e4tzlich werden keine Daten weitergegeben, au\u00dfer im Fall von gesetzlicher Verpflichtung dazu. Ihre Daten k\u00f6nnen jedoch an Fachleute bzw. Dienstleistern dieser K\u00f6rperschaft weitergegeben werden, zu dem einzigen Zweck, den Vertrag erf\u00fcllen zu k\u00f6nnen oder an Zulieferer dieser K\u00f6rperschaft zwecks Beratung, Informationsservice, Speichern in der Cloud, etc., mit denen ein vertragliches Auftragsverh\u00e4ltnis zur korrekten Verwendung der personenbezogenen Daten unterhalten wird.\r\n.\r\n\r\n<strong>5.- WIE LANGE BLEIBEN DIE PERSONENBEZOGENEN DATEN GESPEICHERT?<\/strong>\r\n\r\nIhre personenbezogenen Daten bleiben nur solange gespeichert, wie das Vertragsverh\u00e4ltnis besteht, eine gesetzliche Vorschrift dies erfordert oder solange Sie keine Rechte geltend machen, um die Verarbeitung Ihrer Daten zu unterbinden.\r\n\r\n<strong>6.- WIE KANN ICH MEINE RECHTE GELTEND MACHEN?<\/strong>\r\n\r\nAls rechtm\u00e4\u00dfiger Eigent\u00fcmer haben Sie die Kontrolle \u00fcber Ihre Daten, weshalb Sie Ihre Rechte daran jederzeit geltend machen k\u00f6nnen, durch Senden einer Mail an: dpo@grupoarania.com\r\nDie Rechte, die Sie aus\u00fcben k\u00f6nnen, sind folgende:\r\n\u2022 Zugriff \u2013 Sie k\u00f6nnen Ihre von diesem Betreiber verarbeiteten, personenbezogenen Daten einsehen\r\n\u2022 Berichtigung \u2013 Sie k\u00f6nnen Ihre personenbezogenen Daten \u00e4ndern, falls sie ungenau sind.\r\n\u2022 L\u00f6schen \u2013 Sie k\u00f6nnen das L\u00f6schen Ihrer personenbezogenen Daten verlangen\r\n\u2022 Widerspruch \u2013 Sie k\u00f6nnen verlangen, dass keine Ihrer personenbezogenen Daten verarbeitet werden.\r\n\u2022 Beschr\u00e4nkte Verarbeitung \u2013 Sie k\u00f6nnen unter gewissen Umst\u00e4nden die Beschr\u00e4nkung Ihrer personenbezogenen Daten verlangen.\r\n\u2022 \u00dcbertragbarkeit \u2013 Sie k\u00f6nnen die personenbezogenen Daten, die Sie an uns \u00fcbermittelt haben oder die wir im Rahmen unseres Vertragsverh\u00e4ltnisses erhoben haben, einfordern, sowie diese an andere Betreiber weitergeben.\r\nWir m\u00f6chten die Benutzer \u00fcber Ihr Widerrufsrecht der Einwilligungserkl\u00e4rung aufmerksam machen, von dem sie jederzeit Gebrauch machen k\u00f6nnen, ohne dass das die Rechtswidrigkeit der Bearbeitung aufgrund der vor dem Widerruf gegebenen Einwilligung beeintr\u00e4chtigen w\u00fcrde.\r\n\r\nWir m\u00f6chten die Interessierten ebenso dar\u00fcber informieren, dass sie bei der f\u00fcr den Datenschutz zust\u00e4ndigen Aufsichtsbeh\u00f6rde Einspruch erheben k\u00f6nnen, insbesondere wenn sie die Ihre Rechte nicht zu Ihrer Zufriedenheit aus\u00fcben konnten.\r\nSie k\u00f6nnen alle die aufgef\u00fchrten Rechte \u00fcber die Kontaktadressen einfordern, die in dieser Datenschutzerkl\u00e4rung genannt werden.\r\nK\u00fcndigung des kommerziellen Nachrichtenservice\/Newsletter\r\nDer Benutzer ist jederzeit dazu berechtigt, die gegebene Einwilligungserkl\u00e4rung zum Versand von kommerziellen Mitteilungen einschlie\u00dflich des Newsletters zur\u00fcckzuziehen, durch eine einfache Mitteilung an Ar Sistemas S.A., in der Sie mitteilen, dass Sie k\u00fcnftig keine kommerziellen Pressemitteilungen mehr erhalten m\u00f6chten. Zu diesem Zweck kann der Benutzer entweder seine Einwilligung in der beschriebenen Form zur\u00fcckziehen oder aus diesem Grund die Sendung elektronisch \u00fcbermittelter Pressemitteilungen stornieren.\r\nVielen Dank!\r\n\r\nAR SHELVING S.A.\t\t\t\t\t\t\t\t<\/div>\n\t\t\t\t\t<\/div>\n\t\t<\/div>\n\t\t\t\t\t<\/div>\n\t\t<\/section>\n\t\t\t\t<\/div>\n\t\t","protected":false},"excerpt":{"rendered":"<p>Die Urheberrechte der Webseite der AR Shelving inclusive ihrer diversen Elemente und Inhalte liegen bei der AR Shelving. 1.- Diese Webseite ist Eigentum von AR SHELVING S.A. CIF: A48488670 Eintragung im Handelsregister: Hoja BI-1550 Tomo 250 Folio 128 Firmenadresse: C\/ Aperribai 8, 48960 Galdakao, Bizkaia Mail: info@ar-shelving.com Telefon: (+34) 944 491 500 2.- Die Benutzung [&hellip;]<\/p>\n","protected":false},"author":1,"featured_media":0,"parent":0,"menu_order":0,"comment_status":"closed","ping_status":"closed","template":"","meta":{"_acf_changed":false,"_monsterinsights_skip_tracking":false,"_monsterinsights_sitenote_active":false,"_monsterinsights_sitenote_note":"","_monsterinsights_sitenote_category":0,"_uf_show_specific_survey":0,"_uf_disable_surveys":false,"title_news":"","footnotes":""},"class_list":["post-20844","page","type-page","status-publish","hentry"],"acf":[],"yoast_head":"<!-- This site is optimized with the Yoast SEO plugin v27.4 - https:\/\/yoast.com\/product\/yoast-seo-wordpress\/ -->\n<title>GESETZLICHER HINWEIS - AR Shelving, metal shelving for DIY and trade<\/title>\n<meta name=\"robots\" content=\"index, follow, max-snippet:-1, max-image-preview:large, max-video-preview:-1\" \/>\n<link rel=\"canonical\" href=\"https:\/\/www.ar-shelving.com\/privacy-policy\/\" \/>\n<meta property=\"og:locale\" content=\"de_DE\" \/>\n<meta property=\"og:type\" content=\"article\" \/>\n<meta property=\"og:title\" content=\"GESETZLICHER HINWEIS - AR Shelving, metal shelving for DIY and trade\" \/>\n<meta property=\"og:description\" content=\"Die Urheberrechte der Webseite der AR Shelving inclusive ihrer diversen Elemente und Inhalte liegen bei der AR Shelving. 1.- Diese Webseite ist Eigentum von AR SHELVING S.A. CIF: A48488670 Eintragung im Handelsregister: Hoja BI-1550 Tomo 250 Folio 128 Firmenadresse: C\/ Aperribai 8, 48960 Galdakao, Bizkaia Mail: info@ar-shelving.com Telefon: (+34) 944 491 500 2.- Die Benutzung [&hellip;]\" \/>\n<meta property=\"og:url\" content=\"https:\/\/www.ar-shelving.com\/privacy-policy\/\" \/>\n<meta property=\"og:site_name\" content=\"AR Shelving, metal shelving for DIY and trade\" \/>\n<meta property=\"article:publisher\" content=\"https:\/\/www.facebook.com\/MetallicShelving\" \/>\n<meta property=\"article:modified_time\" content=\"2023-04-20T11:19:14+00:00\" \/>\n<meta name=\"twitter:card\" content=\"summary_large_image\" \/>\n<meta name=\"twitter:label1\" content=\"Gesch\u00e4tzte Lesezeit\" \/>\n\t<meta name=\"twitter:data1\" content=\"9 Minuten\" \/>\n<script type=\"application\/ld+json\" class=\"yoast-schema-graph\">{\"@context\":\"https:\\\/\\\/schema.org\",\"@graph\":[{\"@type\":\"WebPage\",\"@id\":\"https:\\\/\\\/www.ar-shelving.com\\\/privacy-policy\\\/\",\"url\":\"https:\\\/\\\/www.ar-shelving.com\\\/privacy-policy\\\/\",\"name\":\"GESETZLICHER HINWEIS - AR Shelving, metal shelving for DIY and trade\",\"isPartOf\":{\"@id\":\"https:\\\/\\\/www.ar-shelving.com\\\/#website\"},\"datePublished\":\"2022-05-11T05:19:53+00:00\",\"dateModified\":\"2023-04-20T11:19:14+00:00\",\"inLanguage\":\"de-DE\",\"potentialAction\":[{\"@type\":\"ReadAction\",\"target\":[\"https:\\\/\\\/www.ar-shelving.com\\\/privacy-policy\\\/\"]}]},{\"@type\":\"WebSite\",\"@id\":\"https:\\\/\\\/www.ar-shelving.com\\\/#website\",\"url\":\"https:\\\/\\\/www.ar-shelving.com\\\/\",\"name\":\"AR Shelving, metal shelving for DIY, trade and industries\",\"description\":\"metal shelving\",\"publisher\":{\"@id\":\"https:\\\/\\\/www.ar-shelving.com\\\/#organization\"},\"potentialAction\":[{\"@type\":\"SearchAction\",\"target\":{\"@type\":\"EntryPoint\",\"urlTemplate\":\"https:\\\/\\\/www.ar-shelving.com\\\/?s={search_term_string}\"},\"query-input\":{\"@type\":\"PropertyValueSpecification\",\"valueRequired\":true,\"valueName\":\"search_term_string\"}}],\"inLanguage\":\"de-DE\"},{\"@type\":\"Organization\",\"@id\":\"https:\\\/\\\/www.ar-shelving.com\\\/#organization\",\"name\":\"AR Shelving S.A.\",\"url\":\"https:\\\/\\\/www.ar-shelving.com\\\/\",\"logo\":{\"@type\":\"ImageObject\",\"inLanguage\":\"de-DE\",\"@id\":\"https:\\\/\\\/www.ar-shelving.com\\\/#\\\/schema\\\/logo\\\/image\\\/\",\"url\":\"https:\\\/\\\/www.ar-shelving.com\\\/wp-content\\\/uploads\\\/2022\\\/06\\\/Grupo-389.png\",\"contentUrl\":\"https:\\\/\\\/www.ar-shelving.com\\\/wp-content\\\/uploads\\\/2022\\\/06\\\/Grupo-389.png\",\"width\":251,\"height\":43,\"caption\":\"AR Shelving S.A.\"},\"image\":{\"@id\":\"https:\\\/\\\/www.ar-shelving.com\\\/#\\\/schema\\\/logo\\\/image\\\/\"},\"sameAs\":[\"https:\\\/\\\/www.facebook.com\\\/MetallicShelving\",\"https:\\\/\\\/www.linkedin.com\\\/company\\\/arshelving\\\/\",\"https:\\\/\\\/www.instagram.com\\\/ar_shelving\\\/\",\"https:\\\/\\\/www.youtube.com\\\/user\\\/ARstorage\",\"https:\\\/\\\/www.pinterest.es\\\/arshelving\\\/\"]}]}<\/script>\n<!-- \/ Yoast SEO plugin. -->","yoast_head_json":{"title":"GESETZLICHER HINWEIS - AR Shelving, metal shelving for DIY and trade","robots":{"index":"index","follow":"follow","max-snippet":"max-snippet:-1","max-image-preview":"max-image-preview:large","max-video-preview":"max-video-preview:-1"},"canonical":"https:\/\/www.ar-shelving.com\/privacy-policy\/","og_locale":"de_DE","og_type":"article","og_title":"GESETZLICHER HINWEIS - AR Shelving, metal shelving for DIY and trade","og_description":"Die Urheberrechte der Webseite der AR Shelving inclusive ihrer diversen Elemente und Inhalte liegen bei der AR Shelving. 1.- Diese Webseite ist Eigentum von AR SHELVING S.A. CIF: A48488670 Eintragung im Handelsregister: Hoja BI-1550 Tomo 250 Folio 128 Firmenadresse: C\/ Aperribai 8, 48960 Galdakao, Bizkaia Mail: info@ar-shelving.com Telefon: (+34) 944 491 500 2.- Die Benutzung [&hellip;]","og_url":"https:\/\/www.ar-shelving.com\/privacy-policy\/","og_site_name":"AR Shelving, metal shelving for DIY and trade","article_publisher":"https:\/\/www.facebook.com\/MetallicShelving","article_modified_time":"2023-04-20T11:19:14+00:00","twitter_card":"summary_large_image","twitter_misc":{"Gesch\u00e4tzte Lesezeit":"9 Minuten"},"schema":{"@context":"https:\/\/schema.org","@graph":[{"@type":"WebPage","@id":"https:\/\/www.ar-shelving.com\/privacy-policy\/","url":"https:\/\/www.ar-shelving.com\/privacy-policy\/","name":"GESETZLICHER HINWEIS - AR Shelving, metal shelving for DIY and trade","isPartOf":{"@id":"https:\/\/www.ar-shelving.com\/#website"},"datePublished":"2022-05-11T05:19:53+00:00","dateModified":"2023-04-20T11:19:14+00:00","inLanguage":"de-DE","potentialAction":[{"@type":"ReadAction","target":["https:\/\/www.ar-shelving.com\/privacy-policy\/"]}]},{"@type":"WebSite","@id":"https:\/\/www.ar-shelving.com\/#website","url":"https:\/\/www.ar-shelving.com\/","name":"AR Shelving, metal shelving for DIY, trade and industries","description":"metal shelving","publisher":{"@id":"https:\/\/www.ar-shelving.com\/#organization"},"potentialAction":[{"@type":"SearchAction","target":{"@type":"EntryPoint","urlTemplate":"https:\/\/www.ar-shelving.com\/?s={search_term_string}"},"query-input":{"@type":"PropertyValueSpecification","valueRequired":true,"valueName":"search_term_string"}}],"inLanguage":"de-DE"},{"@type":"Organization","@id":"https:\/\/www.ar-shelving.com\/#organization","name":"AR Shelving S.A.","url":"https:\/\/www.ar-shelving.com\/","logo":{"@type":"ImageObject","inLanguage":"de-DE","@id":"https:\/\/www.ar-shelving.com\/#\/schema\/logo\/image\/","url":"https:\/\/www.ar-shelving.com\/wp-content\/uploads\/2022\/06\/Grupo-389.png","contentUrl":"https:\/\/www.ar-shelving.com\/wp-content\/uploads\/2022\/06\/Grupo-389.png","width":251,"height":43,"caption":"AR Shelving S.A."},"image":{"@id":"https:\/\/www.ar-shelving.com\/#\/schema\/logo\/image\/"},"sameAs":["https:\/\/www.facebook.com\/MetallicShelving","https:\/\/www.linkedin.com\/company\/arshelving\/","https:\/\/www.instagram.com\/ar_shelving\/","https:\/\/www.youtube.com\/user\/ARstorage","https:\/\/www.pinterest.es\/arshelving\/"]}]}},"_links":{"self":[{"href":"https:\/\/www.ar-shelving.com\/de\/wp-json\/wp\/v2\/pages\/20844","targetHints":{"allow":["GET"]}}],"collection":[{"href":"https:\/\/www.ar-shelving.com\/de\/wp-json\/wp\/v2\/pages"}],"about":[{"href":"https:\/\/www.ar-shelving.com\/de\/wp-json\/wp\/v2\/types\/page"}],"author":[{"embeddable":true,"href":"https:\/\/www.ar-shelving.com\/de\/wp-json\/wp\/v2\/users\/1"}],"replies":[{"embeddable":true,"href":"https:\/\/www.ar-shelving.com\/de\/wp-json\/wp\/v2\/comments?post=20844"}],"version-history":[{"count":0,"href":"https:\/\/www.ar-shelving.com\/de\/wp-json\/wp\/v2\/pages\/20844\/revisions"}],"wp:attachment":[{"href":"https:\/\/www.ar-shelving.com\/de\/wp-json\/wp\/v2\/media?parent=20844"}],"curies":[{"name":"wp","href":"https:\/\/api.w.org\/{rel}","templated":true}]}}