{"id":22780,"date":"2022-07-28T19:39:12","date_gmt":"2022-07-28T17:39:12","guid":{"rendered":"https:\/\/www.ar-shelving.com\/metal-shelves\/hommy-shelving\/"},"modified":"2024-08-05T18:26:07","modified_gmt":"2024-08-05T16:26:07","slug":"hommy-shelving","status":"publish","type":"product","link":"https:\/\/www.ar-shelving.com\/de\/metal-shelves\/hommy-shelving\/","title":{"rendered":"Hommy"},"content":{"rendered":"<p>Ar Shelving dekoratives verzinktes Metall-Schraubregal<\/p>\n","protected":false},"excerpt":{"rendered":"<p>Regal 100\u00a0% aus Metall mit kleineren Abmessungen, perfekt f\u00fcr die Lagerung in begrenzten R\u00e4umen. Bietet eine \u00e4sthetische und einfache Montage mit Flachkopfschrauben. Perfekt f\u00fcr die Organisation der Speisekammer, des Badezimmers, der K\u00fcche, des Abstellraums oder Dachbodens mit den dekorativsten verzinkten Regalen.<\/p>\n","protected":false},"featured_media":18390,"comment_status":"open","ping_status":"closed","template":"","meta":{"_acf_changed":false,"_monsterinsights_skip_tracking":false,"_monsterinsights_sitenote_active":false,"_monsterinsights_sitenote_note":"","_monsterinsights_sitenote_category":0,"_uf_show_specific_survey":0,"_uf_disable_surveys":false,"title_news":""},"product_brand":[],"product_cat":[699],"product_tag":[],"class_list":{"0":"post-22780","1":"product","2":"type-product","3":"status-publish","4":"has-post-thumbnail","6":"product_cat-haushalt","8":"first","9":"instock","10":"taxable","11":"shipping-taxable","12":"product-type-simple"},"acf":[],"yoast_head":"<!-- This site is optimized with the Yoast SEO plugin v27.4 - https:\/\/yoast.com\/product\/yoast-seo-wordpress\/ -->\n<title>Ar Shelving dekoratives verzinktes Metall-Schraubregal<\/title>\n<meta name=\"description\" content=\"Hommy shelving, 100% metal shelving of reduced Regal 100 % aus Metall mit kleineren Abmessungen, perfekt f\u00fcr die Lagerung in begrenzten R\u00e4umen., perfect for storage in limited spaces. It has an innovative assembly system with aesthetic flat head screws.\" \/>\n<meta name=\"robots\" content=\"index, follow, max-snippet:-1, max-image-preview:large, max-video-preview:-1\" \/>\n<link rel=\"canonical\" href=\"https:\/\/www.ar-shelving.com\/metal-shelves\/hommy-shelving\/\" \/>\n<meta property=\"og:locale\" content=\"de_DE\" \/>\n<meta property=\"og:type\" content=\"article\" \/>\n<meta property=\"og:title\" content=\"Ar Shelving dekoratives verzinktes Metall-Schraubregal\" \/>\n<meta property=\"og:description\" content=\"Hommy shelving, 100% metal shelving of reduced Regal 100 % aus Metall mit kleineren Abmessungen, perfekt f\u00fcr die Lagerung in begrenzten R\u00e4umen., perfect for storage in limited spaces. It has an innovative assembly system with aesthetic flat head screws.\" \/>\n<meta property=\"og:url\" content=\"https:\/\/www.ar-shelving.com\/metal-shelves\/hommy-shelving\/\" \/>\n<meta property=\"og:site_name\" content=\"AR Shelving, metal shelving for DIY and trade\" \/>\n<meta property=\"article:publisher\" content=\"https:\/\/www.facebook.com\/MetallicShelving\" \/>\n<meta property=\"article:modified_time\" content=\"2024-08-05T16:26:07+00:00\" \/>\n<meta property=\"og:image\" content=\"https:\/\/www.ar-shelving.com\/wp-content\/uploads\/2022\/07\/HOMMY_SIDE.jpg\" \/>\n\t<meta property=\"og:image:width\" content=\"500\" \/>\n\t<meta property=\"og:image:height\" content=\"667\" \/>\n\t<meta property=\"og:image:type\" content=\"image\/jpeg\" \/>\n<meta name=\"twitter:card\" content=\"summary_large_image\" \/>\n<script type=\"application\/ld+json\" class=\"yoast-schema-graph\">{\"@context\":\"https:\\\/\\\/schema.org\",\"@graph\":[{\"@type\":\"WebPage\",\"@id\":\"https:\\\/\\\/www.ar-shelving.com\\\/metal-shelves\\\/hommy-shelving\\\/\",\"url\":\"https:\\\/\\\/www.ar-shelving.com\\\/metal-shelves\\\/hommy-shelving\\\/\",\"name\":\"Ar Shelving dekoratives verzinktes Metall-Schraubregal\",\"isPartOf\":{\"@id\":\"https:\\\/\\\/www.ar-shelving.com\\\/#website\"},\"primaryImageOfPage\":{\"@id\":\"https:\\\/\\\/www.ar-shelving.com\\\/metal-shelves\\\/hommy-shelving\\\/#primaryimage\"},\"image\":{\"@id\":\"https:\\\/\\\/www.ar-shelving.com\\\/metal-shelves\\\/hommy-shelving\\\/#primaryimage\"},\"thumbnailUrl\":\"https:\\\/\\\/www.ar-shelving.com\\\/wp-content\\\/uploads\\\/2022\\\/07\\\/HOMMY_SIDE.jpg\",\"datePublished\":\"2022-07-28T17:39:12+00:00\",\"dateModified\":\"2024-08-05T16:26:07+00:00\",\"description\":\"Hommy shelving, 100% metal shelving of reduced Regal 100 % aus Metall mit kleineren Abmessungen, perfekt f\u00fcr die Lagerung in begrenzten R\u00e4umen., perfect for storage in limited spaces. It has an innovative assembly system with aesthetic flat head screws.\",\"breadcrumb\":{\"@id\":\"https:\\\/\\\/www.ar-shelving.com\\\/metal-shelves\\\/hommy-shelving\\\/#breadcrumb\"},\"inLanguage\":\"de-DE\",\"potentialAction\":[{\"@type\":\"ReadAction\",\"target\":[\"https:\\\/\\\/www.ar-shelving.com\\\/metal-shelves\\\/hommy-shelving\\\/\"]}]},{\"@type\":\"ImageObject\",\"inLanguage\":\"de-DE\",\"@id\":\"https:\\\/\\\/www.ar-shelving.com\\\/metal-shelves\\\/hommy-shelving\\\/#primaryimage\",\"url\":\"https:\\\/\\\/www.ar-shelving.com\\\/wp-content\\\/uploads\\\/2022\\\/07\\\/HOMMY_SIDE.jpg\",\"contentUrl\":\"https:\\\/\\\/www.ar-shelving.com\\\/wp-content\\\/uploads\\\/2022\\\/07\\\/HOMMY_SIDE.jpg\",\"width\":500,\"height\":667},{\"@type\":\"BreadcrumbList\",\"@id\":\"https:\\\/\\\/www.ar-shelving.com\\\/metal-shelves\\\/hommy-shelving\\\/#breadcrumb\",\"itemListElement\":[{\"@type\":\"ListItem\",\"position\":1,\"name\":\"Products\",\"item\":\"https:\\\/\\\/www.ar-shelving.com\\\/shop\\\/\"},{\"@type\":\"ListItem\",\"position\":2,\"name\":\"Hommy\"}]},{\"@type\":\"WebSite\",\"@id\":\"https:\\\/\\\/www.ar-shelving.com\\\/#website\",\"url\":\"https:\\\/\\\/www.ar-shelving.com\\\/\",\"name\":\"AR Shelving, metal shelving for DIY, trade and industries\",\"description\":\"metal shelving\",\"publisher\":{\"@id\":\"https:\\\/\\\/www.ar-shelving.com\\\/#organization\"},\"potentialAction\":[{\"@type\":\"SearchAction\",\"target\":{\"@type\":\"EntryPoint\",\"urlTemplate\":\"https:\\\/\\\/www.ar-shelving.com\\\/?s={search_term_string}\"},\"query-input\":{\"@type\":\"PropertyValueSpecification\",\"valueRequired\":true,\"valueName\":\"search_term_string\"}}],\"inLanguage\":\"de-DE\"},{\"@type\":\"Organization\",\"@id\":\"https:\\\/\\\/www.ar-shelving.com\\\/#organization\",\"name\":\"AR Shelving S.A.\",\"url\":\"https:\\\/\\\/www.ar-shelving.com\\\/\",\"logo\":{\"@type\":\"ImageObject\",\"inLanguage\":\"de-DE\",\"@id\":\"https:\\\/\\\/www.ar-shelving.com\\\/#\\\/schema\\\/logo\\\/image\\\/\",\"url\":\"https:\\\/\\\/www.ar-shelving.com\\\/wp-content\\\/uploads\\\/2022\\\/06\\\/Grupo-389.png\",\"contentUrl\":\"https:\\\/\\\/www.ar-shelving.com\\\/wp-content\\\/uploads\\\/2022\\\/06\\\/Grupo-389.png\",\"width\":251,\"height\":43,\"caption\":\"AR Shelving S.A.\"},\"image\":{\"@id\":\"https:\\\/\\\/www.ar-shelving.com\\\/#\\\/schema\\\/logo\\\/image\\\/\"},\"sameAs\":[\"https:\\\/\\\/www.facebook.com\\\/MetallicShelving\",\"https:\\\/\\\/www.linkedin.com\\\/company\\\/arshelving\\\/\",\"https:\\\/\\\/www.instagram.com\\\/ar_shelving\\\/\",\"https:\\\/\\\/www.youtube.com\\\/user\\\/ARstorage\",\"https:\\\/\\\/www.pinterest.es\\\/arshelving\\\/\"]}]}<\/script>\n<!-- \/ Yoast SEO plugin. -->","yoast_head_json":{"title":"Ar Shelving dekoratives verzinktes Metall-Schraubregal","description":"Hommy shelving, 100% metal shelving of reduced Regal 100 % aus Metall mit kleineren Abmessungen, perfekt f\u00fcr die Lagerung in begrenzten R\u00e4umen., perfect for storage in limited spaces. It has an innovative assembly system with aesthetic flat head screws.","robots":{"index":"index","follow":"follow","max-snippet":"max-snippet:-1","max-image-preview":"max-image-preview:large","max-video-preview":"max-video-preview:-1"},"canonical":"https:\/\/www.ar-shelving.com\/metal-shelves\/hommy-shelving\/","og_locale":"de_DE","og_type":"article","og_title":"Ar Shelving dekoratives verzinktes Metall-Schraubregal","og_description":"Hommy shelving, 100% metal shelving of reduced Regal 100 % aus Metall mit kleineren Abmessungen, perfekt f\u00fcr die Lagerung in begrenzten R\u00e4umen., perfect for storage in limited spaces. It has an innovative assembly system with aesthetic flat head screws.","og_url":"https:\/\/www.ar-shelving.com\/metal-shelves\/hommy-shelving\/","og_site_name":"AR Shelving, metal shelving for DIY and trade","article_publisher":"https:\/\/www.facebook.com\/MetallicShelving","article_modified_time":"2024-08-05T16:26:07+00:00","og_image":[{"width":500,"height":667,"url":"https:\/\/www.ar-shelving.com\/wp-content\/uploads\/2022\/07\/HOMMY_SIDE.jpg","type":"image\/jpeg"}],"twitter_card":"summary_large_image","schema":{"@context":"https:\/\/schema.org","@graph":[{"@type":"WebPage","@id":"https:\/\/www.ar-shelving.com\/metal-shelves\/hommy-shelving\/","url":"https:\/\/www.ar-shelving.com\/metal-shelves\/hommy-shelving\/","name":"Ar Shelving dekoratives verzinktes Metall-Schraubregal","isPartOf":{"@id":"https:\/\/www.ar-shelving.com\/#website"},"primaryImageOfPage":{"@id":"https:\/\/www.ar-shelving.com\/metal-shelves\/hommy-shelving\/#primaryimage"},"image":{"@id":"https:\/\/www.ar-shelving.com\/metal-shelves\/hommy-shelving\/#primaryimage"},"thumbnailUrl":"https:\/\/www.ar-shelving.com\/wp-content\/uploads\/2022\/07\/HOMMY_SIDE.jpg","datePublished":"2022-07-28T17:39:12+00:00","dateModified":"2024-08-05T16:26:07+00:00","description":"Hommy shelving, 100% metal shelving of reduced Regal 100 % aus Metall mit kleineren Abmessungen, perfekt f\u00fcr die Lagerung in begrenzten R\u00e4umen., perfect for storage in limited spaces. It has an innovative assembly system with aesthetic flat head screws.","breadcrumb":{"@id":"https:\/\/www.ar-shelving.com\/metal-shelves\/hommy-shelving\/#breadcrumb"},"inLanguage":"de-DE","potentialAction":[{"@type":"ReadAction","target":["https:\/\/www.ar-shelving.com\/metal-shelves\/hommy-shelving\/"]}]},{"@type":"ImageObject","inLanguage":"de-DE","@id":"https:\/\/www.ar-shelving.com\/metal-shelves\/hommy-shelving\/#primaryimage","url":"https:\/\/www.ar-shelving.com\/wp-content\/uploads\/2022\/07\/HOMMY_SIDE.jpg","contentUrl":"https:\/\/www.ar-shelving.com\/wp-content\/uploads\/2022\/07\/HOMMY_SIDE.jpg","width":500,"height":667},{"@type":"BreadcrumbList","@id":"https:\/\/www.ar-shelving.com\/metal-shelves\/hommy-shelving\/#breadcrumb","itemListElement":[{"@type":"ListItem","position":1,"name":"Products","item":"https:\/\/www.ar-shelving.com\/shop\/"},{"@type":"ListItem","position":2,"name":"Hommy"}]},{"@type":"WebSite","@id":"https:\/\/www.ar-shelving.com\/#website","url":"https:\/\/www.ar-shelving.com\/","name":"AR Shelving, metal shelving for DIY, trade and industries","description":"metal shelving","publisher":{"@id":"https:\/\/www.ar-shelving.com\/#organization"},"potentialAction":[{"@type":"SearchAction","target":{"@type":"EntryPoint","urlTemplate":"https:\/\/www.ar-shelving.com\/?s={search_term_string}"},"query-input":{"@type":"PropertyValueSpecification","valueRequired":true,"valueName":"search_term_string"}}],"inLanguage":"de-DE"},{"@type":"Organization","@id":"https:\/\/www.ar-shelving.com\/#organization","name":"AR Shelving S.A.","url":"https:\/\/www.ar-shelving.com\/","logo":{"@type":"ImageObject","inLanguage":"de-DE","@id":"https:\/\/www.ar-shelving.com\/#\/schema\/logo\/image\/","url":"https:\/\/www.ar-shelving.com\/wp-content\/uploads\/2022\/06\/Grupo-389.png","contentUrl":"https:\/\/www.ar-shelving.com\/wp-content\/uploads\/2022\/06\/Grupo-389.png","width":251,"height":43,"caption":"AR Shelving S.A."},"image":{"@id":"https:\/\/www.ar-shelving.com\/#\/schema\/logo\/image\/"},"sameAs":["https:\/\/www.facebook.com\/MetallicShelving","https:\/\/www.linkedin.com\/company\/arshelving\/","https:\/\/www.instagram.com\/ar_shelving\/","https:\/\/www.youtube.com\/user\/ARstorage","https:\/\/www.pinterest.es\/arshelving\/"]}]}},"_links":{"self":[{"href":"https:\/\/www.ar-shelving.com\/de\/wp-json\/wp\/v2\/product\/22780","targetHints":{"allow":["GET"]}}],"collection":[{"href":"https:\/\/www.ar-shelving.com\/de\/wp-json\/wp\/v2\/product"}],"about":[{"href":"https:\/\/www.ar-shelving.com\/de\/wp-json\/wp\/v2\/types\/product"}],"replies":[{"embeddable":true,"href":"https:\/\/www.ar-shelving.com\/de\/wp-json\/wp\/v2\/comments?post=22780"}],"wp:featuredmedia":[{"embeddable":true,"href":"https:\/\/www.ar-shelving.com\/de\/wp-json\/wp\/v2\/media\/18390"}],"wp:attachment":[{"href":"https:\/\/www.ar-shelving.com\/de\/wp-json\/wp\/v2\/media?parent=22780"}],"wp:term":[{"taxonomy":"product_brand","embeddable":true,"href":"https:\/\/www.ar-shelving.com\/de\/wp-json\/wp\/v2\/product_brand?post=22780"},{"taxonomy":"product_cat","embeddable":true,"href":"https:\/\/www.ar-shelving.com\/de\/wp-json\/wp\/v2\/product_cat?post=22780"},{"taxonomy":"product_tag","embeddable":true,"href":"https:\/\/www.ar-shelving.com\/de\/wp-json\/wp\/v2\/product_tag?post=22780"}],"curies":[{"name":"wp","href":"https:\/\/api.w.org\/{rel}","templated":true}]}}