{"id":22785,"date":"2023-01-04T14:13:52","date_gmt":"2023-01-04T13:13:52","guid":{"rendered":"https:\/\/www.ar-shelving.com\/metal-shelves\/rivet-z\/"},"modified":"2023-06-15T15:51:11","modified_gmt":"2023-06-15T13:51:11","slug":"rivet-z","status":"publish","type":"product","link":"https:\/\/www.ar-shelving.com\/de\/metal-shelves\/rivet-z\/","title":{"rendered":"Rivet Z"},"content":{"rendered":"<p>Ar Shelving Schwerlastregal mit innovativem Rivet Steckverbindung.<\/p>\n","protected":false},"excerpt":{"rendered":"<p>Professionelles Schwerlastregal mit schneller und einfacher schraubenloser Montage. Ordnung und Optimierung des Arbeitsbereichs\u00a0\u2013 ob Industrie oder Kleinwerkstatt\u00a0\u2013 mit diesem langlebigen und robusten Regal. Mit Spanplatten und Z-f\u00f6rmigen Tr\u00e4gern f\u00fcr eine h\u00f6here Tragf\u00e4higkeit der Regalb\u00f6den, die zudem auch in 4-cm-Stufen in der H\u00f6he verstellbar sind.<\/p>\n","protected":false},"featured_media":17904,"comment_status":"open","ping_status":"closed","template":"","meta":{"_acf_changed":false,"_monsterinsights_skip_tracking":false,"_monsterinsights_sitenote_active":false,"_monsterinsights_sitenote_note":"","_monsterinsights_sitenote_category":0,"_uf_show_specific_survey":0,"_uf_disable_surveys":false,"title_news":""},"product_brand":[],"product_cat":[701],"product_tag":[],"class_list":{"0":"post-22785","1":"product","2":"type-product","3":"status-publish","4":"has-post-thumbnail","6":"product_cat-werkstatt","8":"first","9":"instock","10":"taxable","11":"shipping-taxable","12":"product-type-simple"},"acf":[],"yoast_head":"<!-- This site is optimized with the Yoast SEO plugin v27.1.1 - https:\/\/yoast.com\/product\/yoast-seo-wordpress\/ -->\n<title>Rivet Z - AR Shelving, metal shelving for DIY and trade<\/title>\n<meta name=\"description\" content=\"Professionelles Schwerlastregal mit schneller und einfacher schraubenloser Montage.\" \/>\n<meta name=\"robots\" content=\"index, follow, max-snippet:-1, max-image-preview:large, max-video-preview:-1\" \/>\n<link rel=\"canonical\" href=\"https:\/\/www.ar-shelving.com\/metal-shelves\/rivet-z\/\" \/>\n<meta property=\"og:locale\" content=\"de_DE\" \/>\n<meta property=\"og:type\" content=\"article\" \/>\n<meta property=\"og:title\" content=\"Rivet Z - AR Shelving, metal shelving for DIY and trade\" \/>\n<meta property=\"og:description\" content=\"Professionelles Schwerlastregal mit schneller und einfacher schraubenloser Montage.\" \/>\n<meta property=\"og:url\" content=\"https:\/\/www.ar-shelving.com\/metal-shelves\/rivet-z\/\" \/>\n<meta property=\"og:site_name\" content=\"AR Shelving, metal shelving for DIY and trade\" \/>\n<meta property=\"article:publisher\" content=\"https:\/\/www.facebook.com\/MetallicShelving\" \/>\n<meta property=\"article:modified_time\" content=\"2023-06-15T13:51:11+00:00\" \/>\n<meta property=\"og:image\" content=\"https:\/\/www.ar-shelving.com\/wp-content\/uploads\/2023\/01\/RIVET-Z_4N_front-e1677498416166.jpg\" \/>\n\t<meta property=\"og:image:width\" content=\"500\" \/>\n\t<meta property=\"og:image:height\" content=\"667\" \/>\n\t<meta property=\"og:image:type\" content=\"image\/jpeg\" \/>\n<meta name=\"twitter:card\" content=\"summary_large_image\" \/>\n<meta name=\"twitter:label1\" content=\"Gesch\u00e4tzte Lesezeit\" \/>\n\t<meta name=\"twitter:data1\" content=\"1 Minute\" \/>\n<script type=\"application\/ld+json\" class=\"yoast-schema-graph\">{\"@context\":\"https:\/\/schema.org\",\"@graph\":[{\"@type\":\"WebPage\",\"@id\":\"https:\/\/www.ar-shelving.com\/metal-shelves\/rivet-z\/\",\"url\":\"https:\/\/www.ar-shelving.com\/metal-shelves\/rivet-z\/\",\"name\":\"Rivet Z - AR Shelving, metal shelving for DIY and trade\",\"isPartOf\":{\"@id\":\"https:\/\/www.ar-shelving.com\/#website\"},\"primaryImageOfPage\":{\"@id\":\"https:\/\/www.ar-shelving.com\/metal-shelves\/rivet-z\/#primaryimage\"},\"image\":{\"@id\":\"https:\/\/www.ar-shelving.com\/metal-shelves\/rivet-z\/#primaryimage\"},\"thumbnailUrl\":\"https:\/\/www.ar-shelving.com\/wp-content\/uploads\/2023\/01\/RIVET-Z_4N_front-e1677498416166.jpg\",\"datePublished\":\"2023-01-04T13:13:52+00:00\",\"dateModified\":\"2023-06-15T13:51:11+00:00\",\"description\":\"Professionelles Schwerlastregal mit schneller und einfacher schraubenloser Montage.\",\"breadcrumb\":{\"@id\":\"https:\/\/www.ar-shelving.com\/metal-shelves\/rivet-z\/#breadcrumb\"},\"inLanguage\":\"de-DE\",\"potentialAction\":[{\"@type\":\"ReadAction\",\"target\":[\"https:\/\/www.ar-shelving.com\/metal-shelves\/rivet-z\/\"]}]},{\"@type\":\"ImageObject\",\"inLanguage\":\"de-DE\",\"@id\":\"https:\/\/www.ar-shelving.com\/metal-shelves\/rivet-z\/#primaryimage\",\"url\":\"https:\/\/www.ar-shelving.com\/wp-content\/uploads\/2023\/01\/RIVET-Z_4N_front-e1677498416166.jpg\",\"contentUrl\":\"https:\/\/www.ar-shelving.com\/wp-content\/uploads\/2023\/01\/RIVET-Z_4N_front-e1677498416166.jpg\",\"width\":500,\"height\":667},{\"@type\":\"BreadcrumbList\",\"@id\":\"https:\/\/www.ar-shelving.com\/metal-shelves\/rivet-z\/#breadcrumb\",\"itemListElement\":[{\"@type\":\"ListItem\",\"position\":1,\"name\":\"Products\",\"item\":\"https:\/\/www.ar-shelving.com\/shop\/\"},{\"@type\":\"ListItem\",\"position\":2,\"name\":\"Rivet Z\"}]},{\"@type\":\"WebSite\",\"@id\":\"https:\/\/www.ar-shelving.com\/#website\",\"url\":\"https:\/\/www.ar-shelving.com\/\",\"name\":\"AR Shelving, metal shelving for DIY, trade and industries\",\"description\":\"metal shelving\",\"publisher\":{\"@id\":\"https:\/\/www.ar-shelving.com\/#organization\"},\"potentialAction\":[{\"@type\":\"SearchAction\",\"target\":{\"@type\":\"EntryPoint\",\"urlTemplate\":\"https:\/\/www.ar-shelving.com\/?s={search_term_string}\"},\"query-input\":{\"@type\":\"PropertyValueSpecification\",\"valueRequired\":true,\"valueName\":\"search_term_string\"}}],\"inLanguage\":\"de-DE\"},{\"@type\":\"Organization\",\"@id\":\"https:\/\/www.ar-shelving.com\/#organization\",\"name\":\"AR Shelving S.A.\",\"url\":\"https:\/\/www.ar-shelving.com\/\",\"logo\":{\"@type\":\"ImageObject\",\"inLanguage\":\"de-DE\",\"@id\":\"https:\/\/www.ar-shelving.com\/#\/schema\/logo\/image\/\",\"url\":\"https:\/\/www.ar-shelving.com\/wp-content\/uploads\/2022\/06\/Grupo-389.png\",\"contentUrl\":\"https:\/\/www.ar-shelving.com\/wp-content\/uploads\/2022\/06\/Grupo-389.png\",\"width\":251,\"height\":43,\"caption\":\"AR Shelving S.A.\"},\"image\":{\"@id\":\"https:\/\/www.ar-shelving.com\/#\/schema\/logo\/image\/\"},\"sameAs\":[\"https:\/\/www.facebook.com\/MetallicShelving\",\"https:\/\/www.linkedin.com\/company\/arshelving\/\",\"https:\/\/www.instagram.com\/ar_shelving\/\",\"https:\/\/www.youtube.com\/user\/ARstorage\",\"https:\/\/www.pinterest.es\/arshelving\/\"]}]}<\/script>\n<!-- \/ Yoast SEO plugin. -->","yoast_head_json":{"title":"Rivet Z - AR Shelving, metal shelving for DIY and trade","description":"Professionelles Schwerlastregal mit schneller und einfacher schraubenloser Montage.","robots":{"index":"index","follow":"follow","max-snippet":"max-snippet:-1","max-image-preview":"max-image-preview:large","max-video-preview":"max-video-preview:-1"},"canonical":"https:\/\/www.ar-shelving.com\/metal-shelves\/rivet-z\/","og_locale":"de_DE","og_type":"article","og_title":"Rivet Z - AR Shelving, metal shelving for DIY and trade","og_description":"Professionelles Schwerlastregal mit schneller und einfacher schraubenloser Montage.","og_url":"https:\/\/www.ar-shelving.com\/metal-shelves\/rivet-z\/","og_site_name":"AR Shelving, metal shelving for DIY and trade","article_publisher":"https:\/\/www.facebook.com\/MetallicShelving","article_modified_time":"2023-06-15T13:51:11+00:00","og_image":[{"width":500,"height":667,"url":"https:\/\/www.ar-shelving.com\/wp-content\/uploads\/2023\/01\/RIVET-Z_4N_front-e1677498416166.jpg","type":"image\/jpeg"}],"twitter_card":"summary_large_image","twitter_misc":{"Gesch\u00e4tzte Lesezeit":"1 Minute"},"schema":{"@context":"https:\/\/schema.org","@graph":[{"@type":"WebPage","@id":"https:\/\/www.ar-shelving.com\/metal-shelves\/rivet-z\/","url":"https:\/\/www.ar-shelving.com\/metal-shelves\/rivet-z\/","name":"Rivet Z - AR Shelving, metal shelving for DIY and trade","isPartOf":{"@id":"https:\/\/www.ar-shelving.com\/#website"},"primaryImageOfPage":{"@id":"https:\/\/www.ar-shelving.com\/metal-shelves\/rivet-z\/#primaryimage"},"image":{"@id":"https:\/\/www.ar-shelving.com\/metal-shelves\/rivet-z\/#primaryimage"},"thumbnailUrl":"https:\/\/www.ar-shelving.com\/wp-content\/uploads\/2023\/01\/RIVET-Z_4N_front-e1677498416166.jpg","datePublished":"2023-01-04T13:13:52+00:00","dateModified":"2023-06-15T13:51:11+00:00","description":"Professionelles Schwerlastregal mit schneller und einfacher schraubenloser Montage.","breadcrumb":{"@id":"https:\/\/www.ar-shelving.com\/metal-shelves\/rivet-z\/#breadcrumb"},"inLanguage":"de-DE","potentialAction":[{"@type":"ReadAction","target":["https:\/\/www.ar-shelving.com\/metal-shelves\/rivet-z\/"]}]},{"@type":"ImageObject","inLanguage":"de-DE","@id":"https:\/\/www.ar-shelving.com\/metal-shelves\/rivet-z\/#primaryimage","url":"https:\/\/www.ar-shelving.com\/wp-content\/uploads\/2023\/01\/RIVET-Z_4N_front-e1677498416166.jpg","contentUrl":"https:\/\/www.ar-shelving.com\/wp-content\/uploads\/2023\/01\/RIVET-Z_4N_front-e1677498416166.jpg","width":500,"height":667},{"@type":"BreadcrumbList","@id":"https:\/\/www.ar-shelving.com\/metal-shelves\/rivet-z\/#breadcrumb","itemListElement":[{"@type":"ListItem","position":1,"name":"Products","item":"https:\/\/www.ar-shelving.com\/shop\/"},{"@type":"ListItem","position":2,"name":"Rivet Z"}]},{"@type":"WebSite","@id":"https:\/\/www.ar-shelving.com\/#website","url":"https:\/\/www.ar-shelving.com\/","name":"AR Shelving, metal shelving for DIY, trade and industries","description":"metal shelving","publisher":{"@id":"https:\/\/www.ar-shelving.com\/#organization"},"potentialAction":[{"@type":"SearchAction","target":{"@type":"EntryPoint","urlTemplate":"https:\/\/www.ar-shelving.com\/?s={search_term_string}"},"query-input":{"@type":"PropertyValueSpecification","valueRequired":true,"valueName":"search_term_string"}}],"inLanguage":"de-DE"},{"@type":"Organization","@id":"https:\/\/www.ar-shelving.com\/#organization","name":"AR Shelving S.A.","url":"https:\/\/www.ar-shelving.com\/","logo":{"@type":"ImageObject","inLanguage":"de-DE","@id":"https:\/\/www.ar-shelving.com\/#\/schema\/logo\/image\/","url":"https:\/\/www.ar-shelving.com\/wp-content\/uploads\/2022\/06\/Grupo-389.png","contentUrl":"https:\/\/www.ar-shelving.com\/wp-content\/uploads\/2022\/06\/Grupo-389.png","width":251,"height":43,"caption":"AR Shelving S.A."},"image":{"@id":"https:\/\/www.ar-shelving.com\/#\/schema\/logo\/image\/"},"sameAs":["https:\/\/www.facebook.com\/MetallicShelving","https:\/\/www.linkedin.com\/company\/arshelving\/","https:\/\/www.instagram.com\/ar_shelving\/","https:\/\/www.youtube.com\/user\/ARstorage","https:\/\/www.pinterest.es\/arshelving\/"]}]}},"_links":{"self":[{"href":"https:\/\/www.ar-shelving.com\/de\/wp-json\/wp\/v2\/product\/22785","targetHints":{"allow":["GET"]}}],"collection":[{"href":"https:\/\/www.ar-shelving.com\/de\/wp-json\/wp\/v2\/product"}],"about":[{"href":"https:\/\/www.ar-shelving.com\/de\/wp-json\/wp\/v2\/types\/product"}],"replies":[{"embeddable":true,"href":"https:\/\/www.ar-shelving.com\/de\/wp-json\/wp\/v2\/comments?post=22785"}],"wp:featuredmedia":[{"embeddable":true,"href":"https:\/\/www.ar-shelving.com\/de\/wp-json\/wp\/v2\/media\/17904"}],"wp:attachment":[{"href":"https:\/\/www.ar-shelving.com\/de\/wp-json\/wp\/v2\/media?parent=22785"}],"wp:term":[{"taxonomy":"product_brand","embeddable":true,"href":"https:\/\/www.ar-shelving.com\/de\/wp-json\/wp\/v2\/product_brand?post=22785"},{"taxonomy":"product_cat","embeddable":true,"href":"https:\/\/www.ar-shelving.com\/de\/wp-json\/wp\/v2\/product_cat?post=22785"},{"taxonomy":"product_tag","embeddable":true,"href":"https:\/\/www.ar-shelving.com\/de\/wp-json\/wp\/v2\/product_tag?post=22785"}],"curies":[{"name":"wp","href":"https:\/\/api.w.org\/{rel}","templated":true}]}}