{"id":22786,"date":"2023-02-09T18:42:31","date_gmt":"2023-02-09T17:42:31","guid":{"rendered":"https:\/\/www.ar-shelving.com\/metal-shelves\/bullrack-rivet-wire\/"},"modified":"2023-06-15T13:44:22","modified_gmt":"2023-06-15T11:44:22","slug":"bullrack-rivet-wire","status":"publish","type":"product","link":"https:\/\/www.ar-shelving.com\/de\/metal-shelves\/bullrack-rivet-wire\/","title":{"rendered":"Bullrack Rivet Wire"},"content":{"rendered":"<p>Ar Shelving Metall-Schwerlastregal mit Stahlgitterb\u00f6den und Rivet Steckverbindung.<\/p>\n","protected":false},"excerpt":{"rendered":"<p>Robustes Schwerlastregal f\u00fcr den professionellen Einsatz, ideal f\u00fcr die Lagerung von Gegenst\u00e4nden aller Art in der Garage, Werkstatt, Industrie, im Lager oder in anderen Gesch\u00e4ften. Das Metallgitter ist ideal f\u00fcr die Aufbewahrung \u00f6lhaltiger Produkte und zudem sehr feuchtigkeitsbest\u00e4ndig. Es ist f\u00fcr schwere Lasten konzipiert und kann bei gleichm\u00e4\u00dfig verteilter Last bis zu 600\u00a0kg pro Regalboden tragen. Schnelle und einfache schraubenlose Montage.<\/p>\n","protected":false},"featured_media":19547,"comment_status":"open","ping_status":"closed","template":"","meta":{"_acf_changed":false,"_monsterinsights_skip_tracking":false,"_monsterinsights_sitenote_active":false,"_monsterinsights_sitenote_note":"","_monsterinsights_sitenote_category":0,"_uf_show_specific_survey":0,"_uf_disable_surveys":false,"title_news":""},"product_brand":[],"product_cat":[701],"product_tag":[],"class_list":{"0":"post-22786","1":"product","2":"type-product","3":"status-publish","4":"has-post-thumbnail","6":"product_cat-werkstatt","8":"first","9":"instock","10":"taxable","11":"shipping-taxable","12":"product-type-simple"},"acf":[],"yoast_head":"<!-- This site is optimized with the Yoast SEO plugin v27.5 - https:\/\/yoast.com\/product\/yoast-seo-wordpress\/ -->\n<title>Ar Shelving Metall-Schwerlastregal mit Stahlgitterb\u00f6den und Rivet Steckverbindung.<\/title>\n<meta name=\"description\" content=\"Es ist f\u00fcr schwere Lasten konzipiert und kann bei gleichm\u00e4\u00dfig verteilter Last bis zu 600 kg pro Regalboden tragen.\" \/>\n<meta name=\"robots\" content=\"index, follow, max-snippet:-1, max-image-preview:large, max-video-preview:-1\" \/>\n<link rel=\"canonical\" href=\"https:\/\/www.ar-shelving.com\/de\/metal-shelves\/bullrack-rivet-wire\/\" \/>\n<meta property=\"og:locale\" content=\"de_DE\" \/>\n<meta property=\"og:type\" content=\"article\" \/>\n<meta property=\"og:title\" content=\"Ar Shelving Metall-Schwerlastregal mit Stahlgitterb\u00f6den und Rivet Steckverbindung.\" \/>\n<meta property=\"og:description\" content=\"Es ist f\u00fcr schwere Lasten konzipiert und kann bei gleichm\u00e4\u00dfig verteilter Last bis zu 600 kg pro Regalboden tragen.\" \/>\n<meta property=\"og:url\" content=\"https:\/\/www.ar-shelving.com\/de\/metal-shelves\/bullrack-rivet-wire\/\" \/>\n<meta property=\"og:site_name\" content=\"AR Shelving, metal shelving for DIY and trade\" \/>\n<meta property=\"article:publisher\" content=\"https:\/\/www.facebook.com\/MetallicShelving\" \/>\n<meta property=\"article:modified_time\" content=\"2023-06-15T11:44:22+00:00\" \/>\n<meta property=\"og:image\" content=\"https:\/\/www.ar-shelving.com\/wp-content\/uploads\/2023\/02\/BULLRACKRIVET_WIRE_4N_rightside-1.jpg\" \/>\n\t<meta property=\"og:image:width\" content=\"500\" \/>\n\t<meta property=\"og:image:height\" content=\"667\" \/>\n\t<meta property=\"og:image:type\" content=\"image\/jpeg\" \/>\n<meta name=\"twitter:card\" content=\"summary_large_image\" \/>\n<meta name=\"twitter:label1\" content=\"Gesch\u00e4tzte Lesezeit\" \/>\n\t<meta name=\"twitter:data1\" content=\"1 Minute\" \/>\n<script type=\"application\/ld+json\" class=\"yoast-schema-graph\">{\"@context\":\"https:\\\/\\\/schema.org\",\"@graph\":[{\"@type\":\"WebPage\",\"@id\":\"https:\\\/\\\/www.ar-shelving.com\\\/de\\\/metal-shelves\\\/bullrack-rivet-wire\\\/\",\"url\":\"https:\\\/\\\/www.ar-shelving.com\\\/de\\\/metal-shelves\\\/bullrack-rivet-wire\\\/\",\"name\":\"Ar Shelving Metall-Schwerlastregal mit Stahlgitterb\u00f6den und Rivet Steckverbindung.\",\"isPartOf\":{\"@id\":\"https:\\\/\\\/www.ar-shelving.com\\\/de\\\/#website\"},\"primaryImageOfPage\":{\"@id\":\"https:\\\/\\\/www.ar-shelving.com\\\/de\\\/metal-shelves\\\/bullrack-rivet-wire\\\/#primaryimage\"},\"image\":{\"@id\":\"https:\\\/\\\/www.ar-shelving.com\\\/de\\\/metal-shelves\\\/bullrack-rivet-wire\\\/#primaryimage\"},\"thumbnailUrl\":\"https:\\\/\\\/www.ar-shelving.com\\\/wp-content\\\/uploads\\\/2023\\\/02\\\/BULLRACKRIVET_WIRE_4N_rightside-1.jpg\",\"datePublished\":\"2023-02-09T17:42:31+00:00\",\"dateModified\":\"2023-06-15T11:44:22+00:00\",\"description\":\"Es ist f\u00fcr schwere Lasten konzipiert und kann bei gleichm\u00e4\u00dfig verteilter Last bis zu 600 kg pro Regalboden tragen.\",\"breadcrumb\":{\"@id\":\"https:\\\/\\\/www.ar-shelving.com\\\/de\\\/metal-shelves\\\/bullrack-rivet-wire\\\/#breadcrumb\"},\"inLanguage\":\"de-DE\",\"potentialAction\":[{\"@type\":\"ReadAction\",\"target\":[\"https:\\\/\\\/www.ar-shelving.com\\\/de\\\/metal-shelves\\\/bullrack-rivet-wire\\\/\"]}]},{\"@type\":\"ImageObject\",\"inLanguage\":\"de-DE\",\"@id\":\"https:\\\/\\\/www.ar-shelving.com\\\/de\\\/metal-shelves\\\/bullrack-rivet-wire\\\/#primaryimage\",\"url\":\"https:\\\/\\\/www.ar-shelving.com\\\/wp-content\\\/uploads\\\/2023\\\/02\\\/BULLRACKRIVET_WIRE_4N_rightside-1.jpg\",\"contentUrl\":\"https:\\\/\\\/www.ar-shelving.com\\\/wp-content\\\/uploads\\\/2023\\\/02\\\/BULLRACKRIVET_WIRE_4N_rightside-1.jpg\",\"width\":500,\"height\":667,\"caption\":\"BullRack Rivet Wire Shelving\"},{\"@type\":\"BreadcrumbList\",\"@id\":\"https:\\\/\\\/www.ar-shelving.com\\\/de\\\/metal-shelves\\\/bullrack-rivet-wire\\\/#breadcrumb\",\"itemListElement\":[{\"@type\":\"ListItem\",\"position\":1,\"name\":\"Produkte\",\"item\":\"https:\\\/\\\/www.ar-shelving.com\\\/de\\\/shop\\\/\"},{\"@type\":\"ListItem\",\"position\":2,\"name\":\"Bullrack Rivet Wire\"}]},{\"@type\":\"WebSite\",\"@id\":\"https:\\\/\\\/www.ar-shelving.com\\\/de\\\/#website\",\"url\":\"https:\\\/\\\/www.ar-shelving.com\\\/de\\\/\",\"name\":\"AR Shelving, metal shelving for DIY, trade and industries\",\"description\":\"metal shelving\",\"publisher\":{\"@id\":\"https:\\\/\\\/www.ar-shelving.com\\\/de\\\/#organization\"},\"potentialAction\":[{\"@type\":\"SearchAction\",\"target\":{\"@type\":\"EntryPoint\",\"urlTemplate\":\"https:\\\/\\\/www.ar-shelving.com\\\/de\\\/?s={search_term_string}\"},\"query-input\":{\"@type\":\"PropertyValueSpecification\",\"valueRequired\":true,\"valueName\":\"search_term_string\"}}],\"inLanguage\":\"de-DE\"},{\"@type\":\"Organization\",\"@id\":\"https:\\\/\\\/www.ar-shelving.com\\\/de\\\/#organization\",\"name\":\"AR Shelving S.A.\",\"url\":\"https:\\\/\\\/www.ar-shelving.com\\\/de\\\/\",\"logo\":{\"@type\":\"ImageObject\",\"inLanguage\":\"de-DE\",\"@id\":\"https:\\\/\\\/www.ar-shelving.com\\\/de\\\/#\\\/schema\\\/logo\\\/image\\\/\",\"url\":\"https:\\\/\\\/www.ar-shelving.com\\\/wp-content\\\/uploads\\\/2022\\\/06\\\/Grupo-389.png\",\"contentUrl\":\"https:\\\/\\\/www.ar-shelving.com\\\/wp-content\\\/uploads\\\/2022\\\/06\\\/Grupo-389.png\",\"width\":251,\"height\":43,\"caption\":\"AR Shelving S.A.\"},\"image\":{\"@id\":\"https:\\\/\\\/www.ar-shelving.com\\\/de\\\/#\\\/schema\\\/logo\\\/image\\\/\"},\"sameAs\":[\"https:\\\/\\\/www.facebook.com\\\/MetallicShelving\",\"https:\\\/\\\/www.linkedin.com\\\/company\\\/arshelving\\\/\",\"https:\\\/\\\/www.instagram.com\\\/ar_shelving\\\/\",\"https:\\\/\\\/www.youtube.com\\\/user\\\/ARstorage\",\"https:\\\/\\\/www.pinterest.es\\\/arshelving\\\/\"]}]}<\/script>\n<!-- \/ Yoast SEO plugin. -->","yoast_head_json":{"title":"Ar Shelving Metall-Schwerlastregal mit Stahlgitterb\u00f6den und Rivet Steckverbindung.","description":"Es ist f\u00fcr schwere Lasten konzipiert und kann bei gleichm\u00e4\u00dfig verteilter Last bis zu 600 kg pro Regalboden tragen.","robots":{"index":"index","follow":"follow","max-snippet":"max-snippet:-1","max-image-preview":"max-image-preview:large","max-video-preview":"max-video-preview:-1"},"canonical":"https:\/\/www.ar-shelving.com\/de\/metal-shelves\/bullrack-rivet-wire\/","og_locale":"de_DE","og_type":"article","og_title":"Ar Shelving Metall-Schwerlastregal mit Stahlgitterb\u00f6den und Rivet Steckverbindung.","og_description":"Es ist f\u00fcr schwere Lasten konzipiert und kann bei gleichm\u00e4\u00dfig verteilter Last bis zu 600 kg pro Regalboden tragen.","og_url":"https:\/\/www.ar-shelving.com\/de\/metal-shelves\/bullrack-rivet-wire\/","og_site_name":"AR Shelving, metal shelving for DIY and trade","article_publisher":"https:\/\/www.facebook.com\/MetallicShelving","article_modified_time":"2023-06-15T11:44:22+00:00","og_image":[{"width":500,"height":667,"url":"https:\/\/www.ar-shelving.com\/wp-content\/uploads\/2023\/02\/BULLRACKRIVET_WIRE_4N_rightside-1.jpg","type":"image\/jpeg"}],"twitter_card":"summary_large_image","twitter_misc":{"Gesch\u00e4tzte Lesezeit":"1 Minute"},"schema":{"@context":"https:\/\/schema.org","@graph":[{"@type":"WebPage","@id":"https:\/\/www.ar-shelving.com\/de\/metal-shelves\/bullrack-rivet-wire\/","url":"https:\/\/www.ar-shelving.com\/de\/metal-shelves\/bullrack-rivet-wire\/","name":"Ar Shelving Metall-Schwerlastregal mit Stahlgitterb\u00f6den und Rivet Steckverbindung.","isPartOf":{"@id":"https:\/\/www.ar-shelving.com\/de\/#website"},"primaryImageOfPage":{"@id":"https:\/\/www.ar-shelving.com\/de\/metal-shelves\/bullrack-rivet-wire\/#primaryimage"},"image":{"@id":"https:\/\/www.ar-shelving.com\/de\/metal-shelves\/bullrack-rivet-wire\/#primaryimage"},"thumbnailUrl":"https:\/\/www.ar-shelving.com\/wp-content\/uploads\/2023\/02\/BULLRACKRIVET_WIRE_4N_rightside-1.jpg","datePublished":"2023-02-09T17:42:31+00:00","dateModified":"2023-06-15T11:44:22+00:00","description":"Es ist f\u00fcr schwere Lasten konzipiert und kann bei gleichm\u00e4\u00dfig verteilter Last bis zu 600 kg pro Regalboden tragen.","breadcrumb":{"@id":"https:\/\/www.ar-shelving.com\/de\/metal-shelves\/bullrack-rivet-wire\/#breadcrumb"},"inLanguage":"de-DE","potentialAction":[{"@type":"ReadAction","target":["https:\/\/www.ar-shelving.com\/de\/metal-shelves\/bullrack-rivet-wire\/"]}]},{"@type":"ImageObject","inLanguage":"de-DE","@id":"https:\/\/www.ar-shelving.com\/de\/metal-shelves\/bullrack-rivet-wire\/#primaryimage","url":"https:\/\/www.ar-shelving.com\/wp-content\/uploads\/2023\/02\/BULLRACKRIVET_WIRE_4N_rightside-1.jpg","contentUrl":"https:\/\/www.ar-shelving.com\/wp-content\/uploads\/2023\/02\/BULLRACKRIVET_WIRE_4N_rightside-1.jpg","width":500,"height":667,"caption":"BullRack Rivet Wire Shelving"},{"@type":"BreadcrumbList","@id":"https:\/\/www.ar-shelving.com\/de\/metal-shelves\/bullrack-rivet-wire\/#breadcrumb","itemListElement":[{"@type":"ListItem","position":1,"name":"Produkte","item":"https:\/\/www.ar-shelving.com\/de\/shop\/"},{"@type":"ListItem","position":2,"name":"Bullrack Rivet Wire"}]},{"@type":"WebSite","@id":"https:\/\/www.ar-shelving.com\/de\/#website","url":"https:\/\/www.ar-shelving.com\/de\/","name":"AR Shelving, metal shelving for DIY, trade and industries","description":"metal shelving","publisher":{"@id":"https:\/\/www.ar-shelving.com\/de\/#organization"},"potentialAction":[{"@type":"SearchAction","target":{"@type":"EntryPoint","urlTemplate":"https:\/\/www.ar-shelving.com\/de\/?s={search_term_string}"},"query-input":{"@type":"PropertyValueSpecification","valueRequired":true,"valueName":"search_term_string"}}],"inLanguage":"de-DE"},{"@type":"Organization","@id":"https:\/\/www.ar-shelving.com\/de\/#organization","name":"AR Shelving S.A.","url":"https:\/\/www.ar-shelving.com\/de\/","logo":{"@type":"ImageObject","inLanguage":"de-DE","@id":"https:\/\/www.ar-shelving.com\/de\/#\/schema\/logo\/image\/","url":"https:\/\/www.ar-shelving.com\/wp-content\/uploads\/2022\/06\/Grupo-389.png","contentUrl":"https:\/\/www.ar-shelving.com\/wp-content\/uploads\/2022\/06\/Grupo-389.png","width":251,"height":43,"caption":"AR Shelving S.A."},"image":{"@id":"https:\/\/www.ar-shelving.com\/de\/#\/schema\/logo\/image\/"},"sameAs":["https:\/\/www.facebook.com\/MetallicShelving","https:\/\/www.linkedin.com\/company\/arshelving\/","https:\/\/www.instagram.com\/ar_shelving\/","https:\/\/www.youtube.com\/user\/ARstorage","https:\/\/www.pinterest.es\/arshelving\/"]}]}},"_links":{"self":[{"href":"https:\/\/www.ar-shelving.com\/de\/wp-json\/wp\/v2\/product\/22786","targetHints":{"allow":["GET"]}}],"collection":[{"href":"https:\/\/www.ar-shelving.com\/de\/wp-json\/wp\/v2\/product"}],"about":[{"href":"https:\/\/www.ar-shelving.com\/de\/wp-json\/wp\/v2\/types\/product"}],"replies":[{"embeddable":true,"href":"https:\/\/www.ar-shelving.com\/de\/wp-json\/wp\/v2\/comments?post=22786"}],"wp:featuredmedia":[{"embeddable":true,"href":"https:\/\/www.ar-shelving.com\/de\/wp-json\/wp\/v2\/media\/19547"}],"wp:attachment":[{"href":"https:\/\/www.ar-shelving.com\/de\/wp-json\/wp\/v2\/media?parent=22786"}],"wp:term":[{"taxonomy":"product_brand","embeddable":true,"href":"https:\/\/www.ar-shelving.com\/de\/wp-json\/wp\/v2\/product_brand?post=22786"},{"taxonomy":"product_cat","embeddable":true,"href":"https:\/\/www.ar-shelving.com\/de\/wp-json\/wp\/v2\/product_cat?post=22786"},{"taxonomy":"product_tag","embeddable":true,"href":"https:\/\/www.ar-shelving.com\/de\/wp-json\/wp\/v2\/product_tag?post=22786"}],"curies":[{"name":"wp","href":"https:\/\/api.w.org\/{rel}","templated":true}]}}