{"id":22787,"date":"2023-01-16T11:52:44","date_gmt":"2023-01-16T10:52:44","guid":{"rendered":"https:\/\/www.ar-shelving.com\/metal-shelves\/bullrack\/"},"modified":"2023-06-15T15:40:52","modified_gmt":"2023-06-15T13:40:52","slug":"bullrack","status":"publish","type":"product","link":"https:\/\/www.ar-shelving.com\/de\/metal-shelves\/bullrack\/","title":{"rendered":"Bullrack"},"content":{"rendered":"<p>Ar Shelving Metall-Schwerlastregal mit Stahlgitterb\u00f6den und Rivet Steckverbindung.<\/p>\n","protected":false},"excerpt":{"rendered":"<p>Professionelles Schwerlastregal, mit h\u00f6henverstellbaren, elektrogeschwei\u00dften Metallgitterb\u00f6den, ideal f\u00fcr die Lagerung von Fl\u00fcssigkeiten, \u00e4tzenden Produkten sowie f\u00fcr umgebungen mit hoher Luftfeuchtigkeit. Perfekt f\u00fcr die Lagerung in Werkst\u00e4tten, Industriebetrieben und professionellen Lagerr\u00e4umen dank seiner gro\u00dfen Abmessungen. \u00c4u\u00dferst widerstandsf\u00e4higes Metallregal mit einer Tragf\u00e4higkeit von bis zu 800\u00a0kg pro Ebene (gleichm\u00e4\u00dfig verteilte Last). Einfache und schnelle Montage dank des innovativen Stecksystems.<\/p>\n","protected":false},"featured_media":19338,"comment_status":"open","ping_status":"closed","template":"","meta":{"_acf_changed":false,"_monsterinsights_skip_tracking":false,"_monsterinsights_sitenote_active":false,"_monsterinsights_sitenote_note":"","_monsterinsights_sitenote_category":0,"_uf_show_specific_survey":0,"_uf_disable_surveys":false,"title_news":""},"product_brand":[],"product_cat":[701],"product_tag":[],"class_list":{"0":"post-22787","1":"product","2":"type-product","3":"status-publish","4":"has-post-thumbnail","6":"product_cat-werkstatt","8":"first","9":"instock","10":"taxable","11":"shipping-taxable","12":"product-type-simple"},"acf":[],"yoast_head":"<!-- This site is optimized with the Yoast SEO plugin v27.5 - https:\/\/yoast.com\/product\/yoast-seo-wordpress\/ -->\n<title>Bullrack - AR Shelving, metal shelving for DIY and trade<\/title>\n<meta name=\"description\" content=\"Perfekt f\u00fcr die Lagerung in Werkst\u00e4tten, Industriebetrieben und professionellen Lagerr\u00e4umen dank seiner gro\u00dfen Abmessungen.\" \/>\n<meta name=\"robots\" content=\"index, follow, max-snippet:-1, max-image-preview:large, max-video-preview:-1\" \/>\n<link rel=\"canonical\" href=\"https:\/\/www.ar-shelving.com\/de\/metal-shelves\/bullrack\/\" \/>\n<meta property=\"og:locale\" content=\"de_DE\" \/>\n<meta property=\"og:type\" content=\"article\" \/>\n<meta property=\"og:title\" content=\"Bullrack - AR Shelving, metal shelving for DIY and trade\" \/>\n<meta property=\"og:description\" content=\"Perfekt f\u00fcr die Lagerung in Werkst\u00e4tten, Industriebetrieben und professionellen Lagerr\u00e4umen dank seiner gro\u00dfen Abmessungen.\" \/>\n<meta property=\"og:url\" content=\"https:\/\/www.ar-shelving.com\/de\/metal-shelves\/bullrack\/\" \/>\n<meta property=\"og:site_name\" content=\"AR Shelving, metal shelving for DIY and trade\" \/>\n<meta property=\"article:publisher\" content=\"https:\/\/www.facebook.com\/MetallicShelving\" \/>\n<meta property=\"article:modified_time\" content=\"2023-06-15T13:40:52+00:00\" \/>\n<meta property=\"og:image\" content=\"https:\/\/www.ar-shelving.com\/wp-content\/uploads\/2023\/01\/BULLRACK_4N-2.jpg\" \/>\n\t<meta property=\"og:image:width\" content=\"500\" \/>\n\t<meta property=\"og:image:height\" content=\"667\" \/>\n\t<meta property=\"og:image:type\" content=\"image\/jpeg\" \/>\n<meta name=\"twitter:card\" content=\"summary_large_image\" \/>\n<meta name=\"twitter:label1\" content=\"Gesch\u00e4tzte Lesezeit\" \/>\n\t<meta name=\"twitter:data1\" content=\"1 Minute\" \/>\n<script type=\"application\/ld+json\" class=\"yoast-schema-graph\">{\"@context\":\"https:\\\/\\\/schema.org\",\"@graph\":[{\"@type\":\"WebPage\",\"@id\":\"https:\\\/\\\/www.ar-shelving.com\\\/de\\\/metal-shelves\\\/bullrack\\\/\",\"url\":\"https:\\\/\\\/www.ar-shelving.com\\\/de\\\/metal-shelves\\\/bullrack\\\/\",\"name\":\"Bullrack - AR Shelving, metal shelving for DIY and trade\",\"isPartOf\":{\"@id\":\"https:\\\/\\\/www.ar-shelving.com\\\/de\\\/#website\"},\"primaryImageOfPage\":{\"@id\":\"https:\\\/\\\/www.ar-shelving.com\\\/de\\\/metal-shelves\\\/bullrack\\\/#primaryimage\"},\"image\":{\"@id\":\"https:\\\/\\\/www.ar-shelving.com\\\/de\\\/metal-shelves\\\/bullrack\\\/#primaryimage\"},\"thumbnailUrl\":\"https:\\\/\\\/www.ar-shelving.com\\\/wp-content\\\/uploads\\\/2023\\\/01\\\/BULLRACK_4N-2.jpg\",\"datePublished\":\"2023-01-16T10:52:44+00:00\",\"dateModified\":\"2023-06-15T13:40:52+00:00\",\"description\":\"Perfekt f\u00fcr die Lagerung in Werkst\u00e4tten, Industriebetrieben und professionellen Lagerr\u00e4umen dank seiner gro\u00dfen Abmessungen.\",\"breadcrumb\":{\"@id\":\"https:\\\/\\\/www.ar-shelving.com\\\/de\\\/metal-shelves\\\/bullrack\\\/#breadcrumb\"},\"inLanguage\":\"de-DE\",\"potentialAction\":[{\"@type\":\"ReadAction\",\"target\":[\"https:\\\/\\\/www.ar-shelving.com\\\/de\\\/metal-shelves\\\/bullrack\\\/\"]}]},{\"@type\":\"ImageObject\",\"inLanguage\":\"de-DE\",\"@id\":\"https:\\\/\\\/www.ar-shelving.com\\\/de\\\/metal-shelves\\\/bullrack\\\/#primaryimage\",\"url\":\"https:\\\/\\\/www.ar-shelving.com\\\/wp-content\\\/uploads\\\/2023\\\/01\\\/BULLRACK_4N-2.jpg\",\"contentUrl\":\"https:\\\/\\\/www.ar-shelving.com\\\/wp-content\\\/uploads\\\/2023\\\/01\\\/BULLRACK_4N-2.jpg\",\"width\":500,\"height\":667},{\"@type\":\"BreadcrumbList\",\"@id\":\"https:\\\/\\\/www.ar-shelving.com\\\/de\\\/metal-shelves\\\/bullrack\\\/#breadcrumb\",\"itemListElement\":[{\"@type\":\"ListItem\",\"position\":1,\"name\":\"Produkte\",\"item\":\"https:\\\/\\\/www.ar-shelving.com\\\/de\\\/shop\\\/\"},{\"@type\":\"ListItem\",\"position\":2,\"name\":\"Bullrack\"}]},{\"@type\":\"WebSite\",\"@id\":\"https:\\\/\\\/www.ar-shelving.com\\\/de\\\/#website\",\"url\":\"https:\\\/\\\/www.ar-shelving.com\\\/de\\\/\",\"name\":\"AR Shelving, metal shelving for DIY, trade and industries\",\"description\":\"metal shelving\",\"publisher\":{\"@id\":\"https:\\\/\\\/www.ar-shelving.com\\\/de\\\/#organization\"},\"potentialAction\":[{\"@type\":\"SearchAction\",\"target\":{\"@type\":\"EntryPoint\",\"urlTemplate\":\"https:\\\/\\\/www.ar-shelving.com\\\/de\\\/?s={search_term_string}\"},\"query-input\":{\"@type\":\"PropertyValueSpecification\",\"valueRequired\":true,\"valueName\":\"search_term_string\"}}],\"inLanguage\":\"de-DE\"},{\"@type\":\"Organization\",\"@id\":\"https:\\\/\\\/www.ar-shelving.com\\\/de\\\/#organization\",\"name\":\"AR Shelving S.A.\",\"url\":\"https:\\\/\\\/www.ar-shelving.com\\\/de\\\/\",\"logo\":{\"@type\":\"ImageObject\",\"inLanguage\":\"de-DE\",\"@id\":\"https:\\\/\\\/www.ar-shelving.com\\\/de\\\/#\\\/schema\\\/logo\\\/image\\\/\",\"url\":\"https:\\\/\\\/www.ar-shelving.com\\\/wp-content\\\/uploads\\\/2022\\\/06\\\/Grupo-389.png\",\"contentUrl\":\"https:\\\/\\\/www.ar-shelving.com\\\/wp-content\\\/uploads\\\/2022\\\/06\\\/Grupo-389.png\",\"width\":251,\"height\":43,\"caption\":\"AR Shelving S.A.\"},\"image\":{\"@id\":\"https:\\\/\\\/www.ar-shelving.com\\\/de\\\/#\\\/schema\\\/logo\\\/image\\\/\"},\"sameAs\":[\"https:\\\/\\\/www.facebook.com\\\/MetallicShelving\",\"https:\\\/\\\/www.linkedin.com\\\/company\\\/arshelving\\\/\",\"https:\\\/\\\/www.instagram.com\\\/ar_shelving\\\/\",\"https:\\\/\\\/www.youtube.com\\\/user\\\/ARstorage\",\"https:\\\/\\\/www.pinterest.es\\\/arshelving\\\/\"]}]}<\/script>\n<!-- \/ Yoast SEO plugin. -->","yoast_head_json":{"title":"Bullrack - AR Shelving, metal shelving for DIY and trade","description":"Perfekt f\u00fcr die Lagerung in Werkst\u00e4tten, Industriebetrieben und professionellen Lagerr\u00e4umen dank seiner gro\u00dfen Abmessungen.","robots":{"index":"index","follow":"follow","max-snippet":"max-snippet:-1","max-image-preview":"max-image-preview:large","max-video-preview":"max-video-preview:-1"},"canonical":"https:\/\/www.ar-shelving.com\/de\/metal-shelves\/bullrack\/","og_locale":"de_DE","og_type":"article","og_title":"Bullrack - AR Shelving, metal shelving for DIY and trade","og_description":"Perfekt f\u00fcr die Lagerung in Werkst\u00e4tten, Industriebetrieben und professionellen Lagerr\u00e4umen dank seiner gro\u00dfen Abmessungen.","og_url":"https:\/\/www.ar-shelving.com\/de\/metal-shelves\/bullrack\/","og_site_name":"AR Shelving, metal shelving for DIY and trade","article_publisher":"https:\/\/www.facebook.com\/MetallicShelving","article_modified_time":"2023-06-15T13:40:52+00:00","og_image":[{"width":500,"height":667,"url":"https:\/\/www.ar-shelving.com\/wp-content\/uploads\/2023\/01\/BULLRACK_4N-2.jpg","type":"image\/jpeg"}],"twitter_card":"summary_large_image","twitter_misc":{"Gesch\u00e4tzte Lesezeit":"1 Minute"},"schema":{"@context":"https:\/\/schema.org","@graph":[{"@type":"WebPage","@id":"https:\/\/www.ar-shelving.com\/de\/metal-shelves\/bullrack\/","url":"https:\/\/www.ar-shelving.com\/de\/metal-shelves\/bullrack\/","name":"Bullrack - AR Shelving, metal shelving for DIY and trade","isPartOf":{"@id":"https:\/\/www.ar-shelving.com\/de\/#website"},"primaryImageOfPage":{"@id":"https:\/\/www.ar-shelving.com\/de\/metal-shelves\/bullrack\/#primaryimage"},"image":{"@id":"https:\/\/www.ar-shelving.com\/de\/metal-shelves\/bullrack\/#primaryimage"},"thumbnailUrl":"https:\/\/www.ar-shelving.com\/wp-content\/uploads\/2023\/01\/BULLRACK_4N-2.jpg","datePublished":"2023-01-16T10:52:44+00:00","dateModified":"2023-06-15T13:40:52+00:00","description":"Perfekt f\u00fcr die Lagerung in Werkst\u00e4tten, Industriebetrieben und professionellen Lagerr\u00e4umen dank seiner gro\u00dfen Abmessungen.","breadcrumb":{"@id":"https:\/\/www.ar-shelving.com\/de\/metal-shelves\/bullrack\/#breadcrumb"},"inLanguage":"de-DE","potentialAction":[{"@type":"ReadAction","target":["https:\/\/www.ar-shelving.com\/de\/metal-shelves\/bullrack\/"]}]},{"@type":"ImageObject","inLanguage":"de-DE","@id":"https:\/\/www.ar-shelving.com\/de\/metal-shelves\/bullrack\/#primaryimage","url":"https:\/\/www.ar-shelving.com\/wp-content\/uploads\/2023\/01\/BULLRACK_4N-2.jpg","contentUrl":"https:\/\/www.ar-shelving.com\/wp-content\/uploads\/2023\/01\/BULLRACK_4N-2.jpg","width":500,"height":667},{"@type":"BreadcrumbList","@id":"https:\/\/www.ar-shelving.com\/de\/metal-shelves\/bullrack\/#breadcrumb","itemListElement":[{"@type":"ListItem","position":1,"name":"Produkte","item":"https:\/\/www.ar-shelving.com\/de\/shop\/"},{"@type":"ListItem","position":2,"name":"Bullrack"}]},{"@type":"WebSite","@id":"https:\/\/www.ar-shelving.com\/de\/#website","url":"https:\/\/www.ar-shelving.com\/de\/","name":"AR Shelving, metal shelving for DIY, trade and industries","description":"metal shelving","publisher":{"@id":"https:\/\/www.ar-shelving.com\/de\/#organization"},"potentialAction":[{"@type":"SearchAction","target":{"@type":"EntryPoint","urlTemplate":"https:\/\/www.ar-shelving.com\/de\/?s={search_term_string}"},"query-input":{"@type":"PropertyValueSpecification","valueRequired":true,"valueName":"search_term_string"}}],"inLanguage":"de-DE"},{"@type":"Organization","@id":"https:\/\/www.ar-shelving.com\/de\/#organization","name":"AR Shelving S.A.","url":"https:\/\/www.ar-shelving.com\/de\/","logo":{"@type":"ImageObject","inLanguage":"de-DE","@id":"https:\/\/www.ar-shelving.com\/de\/#\/schema\/logo\/image\/","url":"https:\/\/www.ar-shelving.com\/wp-content\/uploads\/2022\/06\/Grupo-389.png","contentUrl":"https:\/\/www.ar-shelving.com\/wp-content\/uploads\/2022\/06\/Grupo-389.png","width":251,"height":43,"caption":"AR Shelving S.A."},"image":{"@id":"https:\/\/www.ar-shelving.com\/de\/#\/schema\/logo\/image\/"},"sameAs":["https:\/\/www.facebook.com\/MetallicShelving","https:\/\/www.linkedin.com\/company\/arshelving\/","https:\/\/www.instagram.com\/ar_shelving\/","https:\/\/www.youtube.com\/user\/ARstorage","https:\/\/www.pinterest.es\/arshelving\/"]}]}},"_links":{"self":[{"href":"https:\/\/www.ar-shelving.com\/de\/wp-json\/wp\/v2\/product\/22787","targetHints":{"allow":["GET"]}}],"collection":[{"href":"https:\/\/www.ar-shelving.com\/de\/wp-json\/wp\/v2\/product"}],"about":[{"href":"https:\/\/www.ar-shelving.com\/de\/wp-json\/wp\/v2\/types\/product"}],"replies":[{"embeddable":true,"href":"https:\/\/www.ar-shelving.com\/de\/wp-json\/wp\/v2\/comments?post=22787"}],"wp:featuredmedia":[{"embeddable":true,"href":"https:\/\/www.ar-shelving.com\/de\/wp-json\/wp\/v2\/media\/19338"}],"wp:attachment":[{"href":"https:\/\/www.ar-shelving.com\/de\/wp-json\/wp\/v2\/media?parent=22787"}],"wp:term":[{"taxonomy":"product_brand","embeddable":true,"href":"https:\/\/www.ar-shelving.com\/de\/wp-json\/wp\/v2\/product_brand?post=22787"},{"taxonomy":"product_cat","embeddable":true,"href":"https:\/\/www.ar-shelving.com\/de\/wp-json\/wp\/v2\/product_cat?post=22787"},{"taxonomy":"product_tag","embeddable":true,"href":"https:\/\/www.ar-shelving.com\/de\/wp-json\/wp\/v2\/product_tag?post=22787"}],"curies":[{"name":"wp","href":"https:\/\/api.w.org\/{rel}","templated":true}]}}