{"id":23720,"date":"2023-04-28T09:41:57","date_gmt":"2023-04-28T07:41:57","guid":{"rendered":"https:\/\/www.ar-shelving.com\/metal-shelves\/deco-standard\/"},"modified":"2023-07-19T11:00:09","modified_gmt":"2023-07-19T09:00:09","slug":"deco-standard","status":"publish","type":"product","link":"https:\/\/www.ar-shelving.com\/de\/metal-shelves\/deco-standard\/","title":{"rendered":"D\u00ebco Standard-Regal"},"content":{"rendered":"<p>Vielseitiges schraubenloses Regal f\u00fcr. Dekoration und Aufbewahrung im Haus.<\/p>\n","protected":false},"excerpt":{"rendered":"<p>Dekoratives und funktionelles Regal, einfach und ohne Schrauben aufzubauen. Es bietet zwei Montagem\u00f6glichkeiten, um sich an alle Aufbewahrungsbed\u00fcrfnisse anzupassen. Hergestellt aus Metall und Holz, mit einer sehr \u00e4sthetischen Oberfl\u00e4che. Perfekt zum Organisieren und Dekorieren aller R\u00e4ume im Haus. Kombinierbar mit dem Rest der Serie D\u00ebco.<\/p>\n","protected":false},"featured_media":21173,"comment_status":"open","ping_status":"closed","template":"","meta":{"_acf_changed":false,"_monsterinsights_skip_tracking":false,"_monsterinsights_sitenote_active":false,"_monsterinsights_sitenote_note":"","_monsterinsights_sitenote_category":0,"_uf_show_specific_survey":0,"_uf_disable_surveys":false,"title_news":""},"product_brand":[],"product_cat":[699],"product_tag":[],"class_list":{"0":"post-23720","1":"product","2":"type-product","3":"status-publish","4":"has-post-thumbnail","6":"product_cat-haushalt","8":"first","9":"instock","10":"taxable","11":"shipping-taxable","12":"product-type-simple"},"acf":[],"yoast_head":"<!-- This site is optimized with the Yoast SEO plugin v27.4 - https:\/\/yoast.com\/product\/yoast-seo-wordpress\/ -->\n<title>D\u00ebco Standard-Regal - AR Shelving, metal shelving for DIY and trade<\/title>\n<meta name=\"description\" content=\"Easy assembly decorative shelving. It can be combined with the rest of the \u201cD\u00ebco Series\u201d range. Two assembly possibilities.\" \/>\n<meta name=\"robots\" content=\"index, follow, max-snippet:-1, max-image-preview:large, max-video-preview:-1\" \/>\n<link rel=\"canonical\" href=\"https:\/\/www.ar-shelving.com\/metal-shelves\/deco-standard\/\" \/>\n<meta property=\"og:locale\" content=\"de_DE\" \/>\n<meta property=\"og:type\" content=\"article\" \/>\n<meta property=\"og:title\" content=\"D\u00ebco Standard-Regal - AR Shelving, metal shelving for DIY and trade\" \/>\n<meta property=\"og:description\" content=\"Easy assembly decorative shelving. It can be combined with the rest of the \u201cD\u00ebco Series\u201d range. Two assembly possibilities.\" \/>\n<meta property=\"og:url\" content=\"https:\/\/www.ar-shelving.com\/metal-shelves\/deco-standard\/\" \/>\n<meta property=\"og:site_name\" content=\"AR Shelving, metal shelving for DIY and trade\" \/>\n<meta property=\"article:publisher\" content=\"https:\/\/www.facebook.com\/MetallicShelving\" \/>\n<meta property=\"article:modified_time\" content=\"2023-07-19T09:00:09+00:00\" \/>\n<meta property=\"og:image\" content=\"https:\/\/www.ar-shelving.com\/wp-content\/uploads\/2023\/04\/Deco-standardL.jpg\" \/>\n\t<meta property=\"og:image:width\" content=\"500\" \/>\n\t<meta property=\"og:image:height\" content=\"667\" \/>\n\t<meta property=\"og:image:type\" content=\"image\/jpeg\" \/>\n<meta name=\"twitter:card\" content=\"summary_large_image\" \/>\n<meta name=\"twitter:label1\" content=\"Gesch\u00e4tzte Lesezeit\" \/>\n\t<meta name=\"twitter:data1\" content=\"1 Minute\" \/>\n<script type=\"application\/ld+json\" class=\"yoast-schema-graph\">{\"@context\":\"https:\\\/\\\/schema.org\",\"@graph\":[{\"@type\":\"WebPage\",\"@id\":\"https:\\\/\\\/www.ar-shelving.com\\\/metal-shelves\\\/deco-standard\\\/\",\"url\":\"https:\\\/\\\/www.ar-shelving.com\\\/metal-shelves\\\/deco-standard\\\/\",\"name\":\"D\u00ebco Standard-Regal - AR Shelving, metal shelving for DIY and trade\",\"isPartOf\":{\"@id\":\"https:\\\/\\\/www.ar-shelving.com\\\/#website\"},\"primaryImageOfPage\":{\"@id\":\"https:\\\/\\\/www.ar-shelving.com\\\/metal-shelves\\\/deco-standard\\\/#primaryimage\"},\"image\":{\"@id\":\"https:\\\/\\\/www.ar-shelving.com\\\/metal-shelves\\\/deco-standard\\\/#primaryimage\"},\"thumbnailUrl\":\"https:\\\/\\\/www.ar-shelving.com\\\/wp-content\\\/uploads\\\/2023\\\/04\\\/Deco-standardL.jpg\",\"datePublished\":\"2023-04-28T07:41:57+00:00\",\"dateModified\":\"2023-07-19T09:00:09+00:00\",\"description\":\"Easy assembly decorative shelving. It can be combined with the rest of the \u201cD\u00ebco Series\u201d range. Two assembly possibilities.\",\"breadcrumb\":{\"@id\":\"https:\\\/\\\/www.ar-shelving.com\\\/metal-shelves\\\/deco-standard\\\/#breadcrumb\"},\"inLanguage\":\"de-DE\",\"potentialAction\":[{\"@type\":\"ReadAction\",\"target\":[\"https:\\\/\\\/www.ar-shelving.com\\\/metal-shelves\\\/deco-standard\\\/\"]}]},{\"@type\":\"ImageObject\",\"inLanguage\":\"de-DE\",\"@id\":\"https:\\\/\\\/www.ar-shelving.com\\\/metal-shelves\\\/deco-standard\\\/#primaryimage\",\"url\":\"https:\\\/\\\/www.ar-shelving.com\\\/wp-content\\\/uploads\\\/2023\\\/04\\\/Deco-standardL.jpg\",\"contentUrl\":\"https:\\\/\\\/www.ar-shelving.com\\\/wp-content\\\/uploads\\\/2023\\\/04\\\/Deco-standardL.jpg\",\"width\":500,\"height\":667,\"caption\":\"Deco Series standard L\"},{\"@type\":\"BreadcrumbList\",\"@id\":\"https:\\\/\\\/www.ar-shelving.com\\\/metal-shelves\\\/deco-standard\\\/#breadcrumb\",\"itemListElement\":[{\"@type\":\"ListItem\",\"position\":1,\"name\":\"Products\",\"item\":\"https:\\\/\\\/www.ar-shelving.com\\\/shop\\\/\"},{\"@type\":\"ListItem\",\"position\":2,\"name\":\"D\u00ebco Standard-Regal\"}]},{\"@type\":\"WebSite\",\"@id\":\"https:\\\/\\\/www.ar-shelving.com\\\/#website\",\"url\":\"https:\\\/\\\/www.ar-shelving.com\\\/\",\"name\":\"AR Shelving, metal shelving for DIY, trade and industries\",\"description\":\"metal shelving\",\"publisher\":{\"@id\":\"https:\\\/\\\/www.ar-shelving.com\\\/#organization\"},\"potentialAction\":[{\"@type\":\"SearchAction\",\"target\":{\"@type\":\"EntryPoint\",\"urlTemplate\":\"https:\\\/\\\/www.ar-shelving.com\\\/?s={search_term_string}\"},\"query-input\":{\"@type\":\"PropertyValueSpecification\",\"valueRequired\":true,\"valueName\":\"search_term_string\"}}],\"inLanguage\":\"de-DE\"},{\"@type\":\"Organization\",\"@id\":\"https:\\\/\\\/www.ar-shelving.com\\\/#organization\",\"name\":\"AR Shelving S.A.\",\"url\":\"https:\\\/\\\/www.ar-shelving.com\\\/\",\"logo\":{\"@type\":\"ImageObject\",\"inLanguage\":\"de-DE\",\"@id\":\"https:\\\/\\\/www.ar-shelving.com\\\/#\\\/schema\\\/logo\\\/image\\\/\",\"url\":\"https:\\\/\\\/www.ar-shelving.com\\\/wp-content\\\/uploads\\\/2022\\\/06\\\/Grupo-389.png\",\"contentUrl\":\"https:\\\/\\\/www.ar-shelving.com\\\/wp-content\\\/uploads\\\/2022\\\/06\\\/Grupo-389.png\",\"width\":251,\"height\":43,\"caption\":\"AR Shelving S.A.\"},\"image\":{\"@id\":\"https:\\\/\\\/www.ar-shelving.com\\\/#\\\/schema\\\/logo\\\/image\\\/\"},\"sameAs\":[\"https:\\\/\\\/www.facebook.com\\\/MetallicShelving\",\"https:\\\/\\\/www.linkedin.com\\\/company\\\/arshelving\\\/\",\"https:\\\/\\\/www.instagram.com\\\/ar_shelving\\\/\",\"https:\\\/\\\/www.youtube.com\\\/user\\\/ARstorage\",\"https:\\\/\\\/www.pinterest.es\\\/arshelving\\\/\"]}]}<\/script>\n<!-- \/ Yoast SEO plugin. -->","yoast_head_json":{"title":"D\u00ebco Standard-Regal - AR Shelving, metal shelving for DIY and trade","description":"Easy assembly decorative shelving. It can be combined with the rest of the \u201cD\u00ebco Series\u201d range. Two assembly possibilities.","robots":{"index":"index","follow":"follow","max-snippet":"max-snippet:-1","max-image-preview":"max-image-preview:large","max-video-preview":"max-video-preview:-1"},"canonical":"https:\/\/www.ar-shelving.com\/metal-shelves\/deco-standard\/","og_locale":"de_DE","og_type":"article","og_title":"D\u00ebco Standard-Regal - AR Shelving, metal shelving for DIY and trade","og_description":"Easy assembly decorative shelving. It can be combined with the rest of the \u201cD\u00ebco Series\u201d range. Two assembly possibilities.","og_url":"https:\/\/www.ar-shelving.com\/metal-shelves\/deco-standard\/","og_site_name":"AR Shelving, metal shelving for DIY and trade","article_publisher":"https:\/\/www.facebook.com\/MetallicShelving","article_modified_time":"2023-07-19T09:00:09+00:00","og_image":[{"width":500,"height":667,"url":"https:\/\/www.ar-shelving.com\/wp-content\/uploads\/2023\/04\/Deco-standardL.jpg","type":"image\/jpeg"}],"twitter_card":"summary_large_image","twitter_misc":{"Gesch\u00e4tzte Lesezeit":"1 Minute"},"schema":{"@context":"https:\/\/schema.org","@graph":[{"@type":"WebPage","@id":"https:\/\/www.ar-shelving.com\/metal-shelves\/deco-standard\/","url":"https:\/\/www.ar-shelving.com\/metal-shelves\/deco-standard\/","name":"D\u00ebco Standard-Regal - AR Shelving, metal shelving for DIY and trade","isPartOf":{"@id":"https:\/\/www.ar-shelving.com\/#website"},"primaryImageOfPage":{"@id":"https:\/\/www.ar-shelving.com\/metal-shelves\/deco-standard\/#primaryimage"},"image":{"@id":"https:\/\/www.ar-shelving.com\/metal-shelves\/deco-standard\/#primaryimage"},"thumbnailUrl":"https:\/\/www.ar-shelving.com\/wp-content\/uploads\/2023\/04\/Deco-standardL.jpg","datePublished":"2023-04-28T07:41:57+00:00","dateModified":"2023-07-19T09:00:09+00:00","description":"Easy assembly decorative shelving. It can be combined with the rest of the \u201cD\u00ebco Series\u201d range. Two assembly possibilities.","breadcrumb":{"@id":"https:\/\/www.ar-shelving.com\/metal-shelves\/deco-standard\/#breadcrumb"},"inLanguage":"de-DE","potentialAction":[{"@type":"ReadAction","target":["https:\/\/www.ar-shelving.com\/metal-shelves\/deco-standard\/"]}]},{"@type":"ImageObject","inLanguage":"de-DE","@id":"https:\/\/www.ar-shelving.com\/metal-shelves\/deco-standard\/#primaryimage","url":"https:\/\/www.ar-shelving.com\/wp-content\/uploads\/2023\/04\/Deco-standardL.jpg","contentUrl":"https:\/\/www.ar-shelving.com\/wp-content\/uploads\/2023\/04\/Deco-standardL.jpg","width":500,"height":667,"caption":"Deco Series standard L"},{"@type":"BreadcrumbList","@id":"https:\/\/www.ar-shelving.com\/metal-shelves\/deco-standard\/#breadcrumb","itemListElement":[{"@type":"ListItem","position":1,"name":"Products","item":"https:\/\/www.ar-shelving.com\/shop\/"},{"@type":"ListItem","position":2,"name":"D\u00ebco Standard-Regal"}]},{"@type":"WebSite","@id":"https:\/\/www.ar-shelving.com\/#website","url":"https:\/\/www.ar-shelving.com\/","name":"AR Shelving, metal shelving for DIY, trade and industries","description":"metal shelving","publisher":{"@id":"https:\/\/www.ar-shelving.com\/#organization"},"potentialAction":[{"@type":"SearchAction","target":{"@type":"EntryPoint","urlTemplate":"https:\/\/www.ar-shelving.com\/?s={search_term_string}"},"query-input":{"@type":"PropertyValueSpecification","valueRequired":true,"valueName":"search_term_string"}}],"inLanguage":"de-DE"},{"@type":"Organization","@id":"https:\/\/www.ar-shelving.com\/#organization","name":"AR Shelving S.A.","url":"https:\/\/www.ar-shelving.com\/","logo":{"@type":"ImageObject","inLanguage":"de-DE","@id":"https:\/\/www.ar-shelving.com\/#\/schema\/logo\/image\/","url":"https:\/\/www.ar-shelving.com\/wp-content\/uploads\/2022\/06\/Grupo-389.png","contentUrl":"https:\/\/www.ar-shelving.com\/wp-content\/uploads\/2022\/06\/Grupo-389.png","width":251,"height":43,"caption":"AR Shelving S.A."},"image":{"@id":"https:\/\/www.ar-shelving.com\/#\/schema\/logo\/image\/"},"sameAs":["https:\/\/www.facebook.com\/MetallicShelving","https:\/\/www.linkedin.com\/company\/arshelving\/","https:\/\/www.instagram.com\/ar_shelving\/","https:\/\/www.youtube.com\/user\/ARstorage","https:\/\/www.pinterest.es\/arshelving\/"]}]}},"_links":{"self":[{"href":"https:\/\/www.ar-shelving.com\/de\/wp-json\/wp\/v2\/product\/23720","targetHints":{"allow":["GET"]}}],"collection":[{"href":"https:\/\/www.ar-shelving.com\/de\/wp-json\/wp\/v2\/product"}],"about":[{"href":"https:\/\/www.ar-shelving.com\/de\/wp-json\/wp\/v2\/types\/product"}],"replies":[{"embeddable":true,"href":"https:\/\/www.ar-shelving.com\/de\/wp-json\/wp\/v2\/comments?post=23720"}],"wp:featuredmedia":[{"embeddable":true,"href":"https:\/\/www.ar-shelving.com\/de\/wp-json\/wp\/v2\/media\/21173"}],"wp:attachment":[{"href":"https:\/\/www.ar-shelving.com\/de\/wp-json\/wp\/v2\/media?parent=23720"}],"wp:term":[{"taxonomy":"product_brand","embeddable":true,"href":"https:\/\/www.ar-shelving.com\/de\/wp-json\/wp\/v2\/product_brand?post=23720"},{"taxonomy":"product_cat","embeddable":true,"href":"https:\/\/www.ar-shelving.com\/de\/wp-json\/wp\/v2\/product_cat?post=23720"},{"taxonomy":"product_tag","embeddable":true,"href":"https:\/\/www.ar-shelving.com\/de\/wp-json\/wp\/v2\/product_tag?post=23720"}],"curies":[{"name":"wp","href":"https:\/\/api.w.org\/{rel}","templated":true}]}}