{"id":3,"date":"2022-05-11T07:19:53","date_gmt":"2022-05-11T07:19:53","guid":{"rendered":"http:\/\/www.ar-shelving.com\/?page_id=3"},"modified":"2024-10-02T17:41:03","modified_gmt":"2024-10-02T15:41:03","slug":"privacy-policy","status":"publish","type":"page","link":"https:\/\/www.ar-shelving.com\/es\/privacy-policy\/","title":{"rendered":"Aviso Legal y Pol\u00edtica de Privacidad"},"content":{"rendered":"\t\t<div data-elementor-type=\"wp-page\" data-elementor-id=\"3\" class=\"elementor elementor-3\">\n\t\t\t\t\t\t<section class=\"elementor-section elementor-top-section elementor-element elementor-element-1a2ca325 elementor-section-boxed elementor-section-height-default elementor-section-height-default\" data-id=\"1a2ca325\" data-element_type=\"section\" data-e-type=\"section\">\n\t\t\t\t\t\t<div class=\"elementor-container elementor-column-gap-default\">\n\t\t\t\t\t<div class=\"elementor-column elementor-col-100 elementor-top-column elementor-element elementor-element-2d10c2e1\" data-id=\"2d10c2e1\" data-element_type=\"column\" data-e-type=\"column\">\n\t\t\t<div class=\"elementor-widget-wrap elementor-element-populated\">\n\t\t\t\t\t\t<div class=\"elementor-element elementor-element-6bee9850 elementor-widget elementor-widget-text-editor\" data-id=\"6bee9850\" data-element_type=\"widget\" data-e-type=\"widget\" data-widget_type=\"text-editor.default\">\n\t\t\t\t\t\t\t\t\t<h4 class=\"wp-block-heading\">AVISO LEGAL<\/h4>\n<p>Los derechos de propiedad intelectual de la web de AR Shelving y de los distintos elementos en \u00e9l contenidos son titularidad de AR Shelving.<\/p>\n<p><strong>1.- Esta p\u00e1gina Web es titularidad de AR SHELVING S.A.U.<\/strong><\/p>\n<ul>\n<li>CIF: A48488670<\/li>\n<li>Inscripci\u00f3n Registro Mercantil de Bizkaia: Hoja BI-1550 Tomo 250 Folio 128<\/li>\n<li>Domicilio social: C\/ Aperribai 8, 48960 Galdakao, Bizkaia<\/li>\n<li>Direcci\u00f3n de correo electr\u00f3nico: info@ar-shelving.com<\/li>\n<li>Tel\u00e9fono: (+34) 944 491 500<\/li>\n<li>Delegado de Protecci\u00f3n de Datos: Datcon Norte S.L.U.<\/li>\n<li>Mail:&nbsp;<a href=\"mailto:DPO@DATCON-NORTE.COM\">dpo@datcon-norte.com<\/a><\/li>\n<\/ul>\n<p><strong>2.- La utilizaci\u00f3n de esta p\u00e1gina Web atribuye la condici\u00f3n de Usuario a quien lo haga e implica la aceptaci\u00f3n de todas las condiciones incluidas en este Aviso Legal<\/strong>. El Usuario deber\u00e1 leer estas condiciones cada vez que acceda a esta Web, ya que pueden ser modificadas en lo sucesivo. Algunos aspectos de esta p\u00e1gina Web, por su especialidad, pueden estar sujetos a condiciones o reglas particulares que pueden sustituir, completar o modificar este Aviso Legal, por lo que tambi\u00e9n deben ser aceptadas por el Usuario que los utilice o acceda a ellos.<\/p>\n<p><strong>3.- Todos los contenidos de esta Web<\/strong>&nbsp;(textos, fotograf\u00edas, gr\u00e1ficos, im\u00e1genes, tecnolog\u00eda, software, links, contenidos audiovisuales o sonoros, dise\u00f1o gr\u00e1fico, c\u00f3digo fuente, etc.), as\u00ed como las marcas y dem\u00e1s signos distintivos&nbsp;<strong>son propiedad de AR SHELVING S.A.U. o de terceros<\/strong>, no adquiriendo el Usuario ning\u00fan derecho sobre ellos por el mero uso de esta Web.<\/p>\n<p>El Usuario, deber\u00e1 abstenerse de: a) reproducir, copiar, distribuir, poner a disposici\u00f3n de terceros, comunicar p\u00fablicamente, transformar o modificar los contenidos de esta Web, salvo en los casos contemplados en la ley o expresamente autorizados por AR SHELVING S.A. o por el titular de dichos derechos; b) reproducir o copiar para uso privado el software, las im\u00e1genes, los v\u00eddeos o las bases de datos existentes en esta Web, as\u00ed como comunicarlos p\u00fablicamente o ponerlos a disposici\u00f3n de terceros cuando ello conlleve su reproducci\u00f3n; c) extraer o reutilizar los contenidos integrantes de esta Web.<\/p>\n<p><strong>4.- El Usuario que quiera introducir enlaces a esta Web<\/strong>&nbsp;desde sus propias p\u00e1ginas Web estar\u00e1&nbsp;<strong>obligado a cumplir las condiciones siguientes<\/strong>: a) el enlace \u00fanicamente vincular\u00e1 con la home page, no pudiendo reproducirla de ninguna forma; b) no podr\u00e1n establecerse frames o marcos de cualquier tipo que rodeen la Web o permitan visualizarla a trav\u00e9s de direcciones de Internet distintas o conjuntamente con contenidos ajenos a esta Web, de forma que produzca, o pueda producir, error o confusi\u00f3n en los Usuarios sobre la procedencia del servicio o su contenido, implique un acto de comparaci\u00f3n o imitaci\u00f3n desleal, sirva para aprovechar la reputaci\u00f3n, marca y prestigio de AR SHELVING S.A.U. o se haga de cualquier otro modo que est\u00e9 prohibido por la Ley; c)&nbsp; desde la p\u00e1gina que realice el enlace no podr\u00e1 efectuarse ning\u00fan tipo de manifestaci\u00f3n falsa o inexacta sobre AR SHELVING S.A.U. o sobre la calidad de sus productos y servicios; d) El remitente no podr\u00e1 utilizar la marca o cualquier otro signo distintivo de AR SHELVING S.A.U.&nbsp; dentro de su p\u00e1gina Web, salvo en los casos autorizados por la ley o permitidos expresamente por AR SHELVING S.A.U.; e)&nbsp; la p\u00e1gina que establezca el enlace deber\u00e1 observar la legalidad vigente y no podr\u00e1 disponer de o enlazar con contenidos il\u00edcitos, nocivos, contrarios a la moral y a las buenas costumbres, que produzcan o puedan producir la falsa idea de qu\u00e9 AR SHELVING S.A.U. respalda o apoya, las ideas, manifestaciones o actuaciones del remitente o que resulten inadecuados en relaci\u00f3n con la actividad desarrollada por AR SHELVING S.A.U., teniendo en cuenta los contenidos y la tem\u00e1tica general de la p\u00e1gina Web donde se establezca el enlace.<\/p>\n<p><strong>5.- AR SHELVING S.A. no es responsable de controlar que en esta Web no existan programas maliciosos o cualquier otro elemento inform\u00e1tico da\u00f1ino<\/strong>. Corresponde al Usuario, en todo caso, disponer de herramientas adecuadas para la detecci\u00f3n y desinfecci\u00f3n de estos elementos. De acuerdo con ello, AR SHELVING S.A.U. no se responsabiliza de los da\u00f1os producidos a equipos inform\u00e1ticos durante el acceso a la presente Web. Igualmente, AR SHELVING S.A.U. no ser\u00e1 responsable de los da\u00f1os producidos a los Usuarios cuando dichos da\u00f1os tengan su origen en fallos o desconexiones en las redes de telecomunicaciones que interrumpan el servicio de esta Web.<\/p>\n<p><strong>6.- Esta Web puede incluir enlaces que permiten al Usuario acceder a otras p\u00e1ginas de Internet<\/strong>. En estos casos, AR SHELVING S.A.U. s\u00f3lo ser\u00e1 responsable de los contenidos y servicios suministrados a trav\u00e9s de los enlaces en cuanto conozca su ilicitud y no los haya desactivado diligentemente. Si un Usuario considerase que existe un enlace con contenidos il\u00edcitos o inadecuados, podr\u00e1 indic\u00e1rselo a AR SHELVING S.A., sin que ello suponga que este quede obligado por ello a retirar el correspondiente enlace. AR SHELVING S.A.U. no siempre conoce los contenidos y servicios de los enlaces y por tanto no se hace responsable por los da\u00f1os derivados de su falta de calidad, desactualizaci\u00f3n, indisponibilidad, error, inutilidad o ilegalidad y no responde de las manifestaciones realizadas o de los contenidos o servicios proporcionados a trav\u00e9s de ellos, salvo que sea directamente responsable de la prestaci\u00f3n de dichos servicios.<\/p>\n<p><strong>7.- El Usuario se compromete a hacer un uso correcto de esta Web de conformidad con la Ley<\/strong>, con el presente Aviso Legal y con las dem\u00e1s condiciones, reglamentos e instrucciones que, en su caso, pudieran ser de aplicaci\u00f3n. El Usuario responder\u00e1 frente a AR SHELVING S.A.U. y frente a terceros de cualesquiera da\u00f1os o perjuicios que pudieran causarse por incumplimiento de estas obligaciones.<\/p>\n<p><strong>8.- El presente Aviso Legal se rige \u00edntegramente por la legislaci\u00f3n espa\u00f1ola<\/strong>. Para la resoluci\u00f3n de cualquier conflicto relativo a la interpretaci\u00f3n o aplicaci\u00f3n de este Aviso Legal, el Usuario se somete expresamente a la jurisdicci\u00f3n de los tribunales en donde est\u00e9 domiciliada AR SHELVING S.A.U.<a><\/a><\/p>\n<hr class=\"wp-block-separator has-alpha-channel-opacity\">\n<h4 class=\"wp-block-heading\">POL\u00cdTICA DE PRIVACIDAD<\/h4>\n<figure class=\"wp-block-table\">\n<table>\n<tbody>\n<tr>\n<td><strong>EP\u00cdGRAFE<\/strong><\/td>\n<td><strong>INFORMACI\u00d3N B\u00c1SICA ENTIDAD<\/strong><\/td>\n<\/tr>\n<tr>\n<td>Responsable<\/td>\n<td>AR SHELVING S.A.<\/td>\n<\/tr>\n<tr>\n<td>Finalidad<\/td>\n<td>Descripci\u00f3n sencilla de los fines del tratamiento<\/td>\n<\/tr>\n<tr>\n<td>Legitimaci\u00f3n<\/td>\n<td>Consentimiento por parte del usuario<\/td>\n<\/tr>\n<tr>\n<td>Destinatarios<\/td>\n<td>No se ceder\u00e1n datos a terceros salvo obligaci\u00f3n legal<\/td>\n<\/tr>\n<tr>\n<td>Derechos<\/td>\n<td>Ejercicio de derechos en protecci\u00f3n de datos<\/td>\n<\/tr>\n<\/tbody>\n<\/table>\n<\/figure>\n<p><strong>DESARROLLO DE LA INFORMACI\u00d3N B\u00c1SICA<\/strong><\/p>\n<p>En nuestra Entidad, hemos adaptado nuestros protocolos y pol\u00edticas de privacidad al Reglamento Europeo de Protecci\u00f3n de Datos 679\/2016 (RGPD) y a la LO 3\/2018, de 5 de diciembre, de Protecci\u00f3n de Datos personales y garant\u00eda de los derechos digitales, dado que nos preocupa la seguridad y la protecci\u00f3n de los datos que tratamos.<br>La presente pol\u00edtica de privacidad (en adelante, la \u201cpol\u00edtica de privacidad\u201d) aplica a todos los datos de car\u00e1cter personal que el usuario aporte a nuestra entidad. A los efectos de la presente pol\u00edtica de privacidad, debe entenderse como \u201cusuario\u201d a toda persona f\u00edsica interesada en los productos y servicios que AR Shelving S.A. ofrece a trav\u00e9s de su p\u00e1gina web. Nuestra entidad, como responsable del tratamiento, solicitar\u00e1, con car\u00e1cter previo a la aportaci\u00f3n de sus datos de car\u00e1cter personal, el consentimiento expreso del usuario a la presente pol\u00edtica de privacidad, cuando as\u00ed sea necesario y a cualquier otro aspecto que requiera la previa autorizaci\u00f3n del mismo.<br>La web de AR Shelving S.A. no se dirige a menores de 18 a\u00f1os. Al aceptar la presente pol\u00edtica de privacidad el Usuario declara y garantiza que es mayor de 18 a\u00f1os.<\/p>\n<p><strong>1.- QUI\u00c9N ES EL RESPONSABLE DEL TRATAMIENTO DE DATOS<\/strong><\/p>\n<p>AR SHELVING S.A., con domicilio en APERRIBAI 8, 48960 GALDAKAO-BIZKAIA-ESPA\u00d1A es el responsable del correcto tratamiento de sus datos. Puede Vd. consultar sobre este tratamiento a trav\u00e9s del siguiente mail: dpo@grupoarania.com<\/p>\n<p><strong>2.- PARA QU\u00c9 UTILIZAMOS SUS DATOS<\/strong><\/p>\n<p>En AR SHELVING S.A. tratamos la informaci\u00f3n que nos facilitan las personas interesadas con el fin de:<\/p>\n<ul>\n<li>Cumplir con las prestaciones y servicios que suscribamos con el usuario.<\/li>\n<li>Tramitar y gestionar las solicitudes realizadas en relaci\u00f3n a nuestros productos.<\/li>\n<li>Remitir informaci\u00f3n publicitaria o promocional de productos y servicios.<\/li>\n<li>Remitir informaci\u00f3n a trav\u00e9s de nuestro newsletter o bolet\u00edn de noticias.<\/li>\n<\/ul>\n<p><strong>3.- CU\u00c1L ES LA BASE LEGAL PARA EL TRATAMIENTO DE LOS DATOS<\/strong><\/p>\n<p>La utilizaci\u00f3n de los datos que nos ha facilitado a trav\u00e9s del consentimiento, es necesaria para la correcta gesti\u00f3n de las relaciones con los usuarios y, adem\u00e1s, poder cumplir con las obligaciones legales.<br>En cualquier momento puede manifestar su oposici\u00f3n al uso de sus datos y, por lo tanto, dejar sin efecto cualquier tipo de gesti\u00f3n con los mismos, quedando \u00fanicamente sus datos bloqueados durante el tiempo legalmente previsto. Comunicarle que el no consentimiento puede conllevar que los servicios sean imposibles de prestar.<\/p>\n<p><strong>4.- VAN A CEDER MIS DATOS.<\/strong><\/p>\n<p>En principio no se ceder\u00e1n datos salvo obligaci\u00f3n legal.<br>Ahora bien, sus datos podr\u00e1n ser cedidos a profesionales y\/o proveedores de esta entidad a los solos efectos del cumplimiento contractual o bien, a proveedores de servicios de esta entidad como son las asesor\u00edas, servicios inform\u00e1ticos, servicios de almacenamiento en la nube, etc., con los cuales se tiene firmado un contrato de encargado de tratamiento para el correcto uso de los datos personales.<\/p>\n<p><strong>5.- DURANTE CU\u00c1NTO CONSERVAREMOS SUS DATOS PERSONALES<\/strong><\/p>\n<p>Solamente podremos conservar sus datos personales mientras que mantengamos una relaci\u00f3n contractual, mientras que exista un requisito legal que lo obligue, mientras que Vd. no ejerza ninguno de los derechos que hagan que no podamos tratar sus datos.<\/p>\n<p><strong>6.- C\u00d3MO PUEDO EJERCER MIS DERECHOS<\/strong><\/p>\n<p>Como titular de derechos, Vd. tiene el control de sus datos y, por lo tanto, en cualquier momento puede ejercitar sus derechos, envi\u00e1ndonos un mail:dpo@grupoarania.com<\/p>\n<p>Los derechos que puede ejercitar son:<\/p>\n<ul>\n<li>Acceso \u2013 Podr\u00e1 consultar sus datos personales tratados por esta entidad.<\/li>\n<li>Rectificaci\u00f3n \u2013 Podr\u00e1 modificar sus datos personales cuando sean inexactos.<\/li>\n<li>Supresi\u00f3n \u2013 Podr\u00e1 solicitar la eliminaci\u00f3n de sus datos personales.<\/li>\n<li>Oposici\u00f3n \u2013 Podr\u00e1 solicitar que no se trate alguno de sus datos personales.<\/li>\n<li>Limitaci\u00f3n del Tratamiento \u2013 Podr\u00e1 solicitar la limitaci\u00f3n al tratamiento de sus datos personales en determinadas circunstancias.<\/li>\n<li>Portabilidad \u2013 Podr\u00e1 recibir los datos personales que nos haya facilitado o que hayamos obtenido en nuestra relaci\u00f3n contractual, as\u00ed como trasmitirlos a otra Entidad.<\/li>\n<\/ul>\n<p>Se informa a los usuarios, que tiene derecho a revocar el consentimiento en cualquier momento, sin que ello afecte a la licitud del tratamiento basado en el consentimiento previo a su retirada.<br>As\u00ed mismo se informa a los interesados de que pueden presentar una reclamaci\u00f3n ante la Autoridad de Control en materia de Protecci\u00f3n de Datos competente, especialmente cuando no haya obtenido satisfacci\u00f3n en el ejercicio de sus derechos.<br>Todos sus derechos puede solicitarlos a trav\u00e9s de los medios de contacto que aparecen en esta pol\u00edtica de privacidad.<\/p>\n<p><strong>Baja en el servicio del env\u00edo de comunicaciones comerciales<\/strong><br>El usuario tiene derecho a revocar en cualquier momento el consentimiento prestado para el env\u00edo de comunicaciones comerciales, incluidos newsletters, con la simple notificaci\u00f3n a AR SHELVING S.A. por la cual informa que no desea seguir recibiendo comunicaciones comerciales. Para ello, el usuario podr\u00e1 o bien revocar su consentimiento en la forma descrita o cancelando por tanto, el env\u00edo de comunicaciones comerciales electr\u00f3nicas.<\/p>\n<p>Muchas gracias.<br>AR Shelving S.A.<\/p>\t\t\t\t\t\t\t\t<\/div>\n\t\t\t\t\t<\/div>\n\t\t<\/div>\n\t\t\t\t\t<\/div>\n\t\t<\/section>\n\t\t\t\t<\/div>\n\t\t","protected":false},"excerpt":{"rendered":"<p>AVISO LEGAL Los derechos de propiedad intelectual de la web de AR Shelving y de los distintos elementos en \u00e9l contenidos son titularidad de AR Shelving. 1.- Esta p\u00e1gina Web es titularidad de AR SHELVING S.A.U. CIF: A48488670 Inscripci\u00f3n Registro Mercantil de Bizkaia: Hoja BI-1550 Tomo 250 Folio 128 Domicilio social: C\/ Aperribai 8, 48960 [&hellip;]<\/p>\n","protected":false},"author":1,"featured_media":0,"parent":0,"menu_order":0,"comment_status":"closed","ping_status":"closed","template":"","meta":{"_acf_changed":false,"_monsterinsights_skip_tracking":false,"_monsterinsights_sitenote_active":false,"_monsterinsights_sitenote_note":"","_monsterinsights_sitenote_category":0,"_uf_show_specific_survey":0,"_uf_disable_surveys":false,"title_news":"","footnotes":""},"class_list":["post-3","page","type-page","status-publish","hentry"],"acf":[],"yoast_head":"<!-- This site is optimized with the Yoast SEO plugin v27.4 - https:\/\/yoast.com\/product\/yoast-seo-wordpress\/ -->\n<title>Aviso Legal y Pol\u00edtica de Privacidad - AR Shelving, metal shelving for DIY and trade<\/title>\n<meta name=\"robots\" content=\"index, follow, max-snippet:-1, max-image-preview:large, max-video-preview:-1\" \/>\n<link rel=\"canonical\" href=\"https:\/\/www.ar-shelving.com\/es\/privacy-policy\/\" \/>\n<meta property=\"og:locale\" content=\"es_ES\" \/>\n<meta property=\"og:type\" content=\"article\" \/>\n<meta property=\"og:title\" content=\"Aviso Legal y Pol\u00edtica de Privacidad - AR Shelving, metal shelving for DIY and trade\" \/>\n<meta property=\"og:description\" content=\"AVISO LEGAL Los derechos de propiedad intelectual de la web de AR Shelving y de los distintos elementos en \u00e9l contenidos son titularidad de AR Shelving. 1.- Esta p\u00e1gina Web es titularidad de AR SHELVING S.A.U. CIF: A48488670 Inscripci\u00f3n Registro Mercantil de Bizkaia: Hoja BI-1550 Tomo 250 Folio 128 Domicilio social: C\/ Aperribai 8, 48960 [&hellip;]\" \/>\n<meta property=\"og:url\" content=\"https:\/\/www.ar-shelving.com\/es\/privacy-policy\/\" \/>\n<meta property=\"og:site_name\" content=\"AR Shelving, metal shelving for DIY and trade\" \/>\n<meta property=\"article:publisher\" content=\"https:\/\/www.facebook.com\/MetallicShelving\" \/>\n<meta property=\"article:modified_time\" content=\"2024-10-02T15:41:03+00:00\" \/>\n<meta name=\"twitter:card\" content=\"summary_large_image\" \/>\n<meta name=\"twitter:label1\" content=\"Tiempo de lectura\" \/>\n\t<meta name=\"twitter:data1\" content=\"9 minutos\" \/>\n<script type=\"application\/ld+json\" class=\"yoast-schema-graph\">{\"@context\":\"https:\\\/\\\/schema.org\",\"@graph\":[{\"@type\":\"WebPage\",\"@id\":\"https:\\\/\\\/www.ar-shelving.com\\\/es\\\/privacy-policy\\\/\",\"url\":\"https:\\\/\\\/www.ar-shelving.com\\\/es\\\/privacy-policy\\\/\",\"name\":\"Aviso Legal y Pol\u00edtica de Privacidad - AR Shelving, metal shelving for DIY and trade\",\"isPartOf\":{\"@id\":\"https:\\\/\\\/www.ar-shelving.com\\\/#website\"},\"datePublished\":\"2022-05-11T07:19:53+00:00\",\"dateModified\":\"2024-10-02T15:41:03+00:00\",\"inLanguage\":\"es\",\"potentialAction\":[{\"@type\":\"ReadAction\",\"target\":[\"https:\\\/\\\/www.ar-shelving.com\\\/es\\\/privacy-policy\\\/\"]}]},{\"@type\":\"WebSite\",\"@id\":\"https:\\\/\\\/www.ar-shelving.com\\\/#website\",\"url\":\"https:\\\/\\\/www.ar-shelving.com\\\/\",\"name\":\"AR Shelving, metal shelving for DIY, trade and industries\",\"description\":\"metal shelving\",\"publisher\":{\"@id\":\"https:\\\/\\\/www.ar-shelving.com\\\/#organization\"},\"potentialAction\":[{\"@type\":\"SearchAction\",\"target\":{\"@type\":\"EntryPoint\",\"urlTemplate\":\"https:\\\/\\\/www.ar-shelving.com\\\/?s={search_term_string}\"},\"query-input\":{\"@type\":\"PropertyValueSpecification\",\"valueRequired\":true,\"valueName\":\"search_term_string\"}}],\"inLanguage\":\"es\"},{\"@type\":\"Organization\",\"@id\":\"https:\\\/\\\/www.ar-shelving.com\\\/#organization\",\"name\":\"AR Shelving S.A.\",\"url\":\"https:\\\/\\\/www.ar-shelving.com\\\/\",\"logo\":{\"@type\":\"ImageObject\",\"inLanguage\":\"es\",\"@id\":\"https:\\\/\\\/www.ar-shelving.com\\\/#\\\/schema\\\/logo\\\/image\\\/\",\"url\":\"https:\\\/\\\/www.ar-shelving.com\\\/wp-content\\\/uploads\\\/2022\\\/06\\\/Grupo-389.png\",\"contentUrl\":\"https:\\\/\\\/www.ar-shelving.com\\\/wp-content\\\/uploads\\\/2022\\\/06\\\/Grupo-389.png\",\"width\":251,\"height\":43,\"caption\":\"AR Shelving S.A.\"},\"image\":{\"@id\":\"https:\\\/\\\/www.ar-shelving.com\\\/#\\\/schema\\\/logo\\\/image\\\/\"},\"sameAs\":[\"https:\\\/\\\/www.facebook.com\\\/MetallicShelving\",\"https:\\\/\\\/www.linkedin.com\\\/company\\\/arshelving\\\/\",\"https:\\\/\\\/www.instagram.com\\\/ar_shelving\\\/\",\"https:\\\/\\\/www.youtube.com\\\/user\\\/ARstorage\",\"https:\\\/\\\/www.pinterest.es\\\/arshelving\\\/\"]}]}<\/script>\n<!-- \/ Yoast SEO plugin. -->","yoast_head_json":{"title":"Aviso Legal y Pol\u00edtica de Privacidad - AR Shelving, metal shelving for DIY and trade","robots":{"index":"index","follow":"follow","max-snippet":"max-snippet:-1","max-image-preview":"max-image-preview:large","max-video-preview":"max-video-preview:-1"},"canonical":"https:\/\/www.ar-shelving.com\/es\/privacy-policy\/","og_locale":"es_ES","og_type":"article","og_title":"Aviso Legal y Pol\u00edtica de Privacidad - AR Shelving, metal shelving for DIY and trade","og_description":"AVISO LEGAL Los derechos de propiedad intelectual de la web de AR Shelving y de los distintos elementos en \u00e9l contenidos son titularidad de AR Shelving. 1.- Esta p\u00e1gina Web es titularidad de AR SHELVING S.A.U. CIF: A48488670 Inscripci\u00f3n Registro Mercantil de Bizkaia: Hoja BI-1550 Tomo 250 Folio 128 Domicilio social: C\/ Aperribai 8, 48960 [&hellip;]","og_url":"https:\/\/www.ar-shelving.com\/es\/privacy-policy\/","og_site_name":"AR Shelving, metal shelving for DIY and trade","article_publisher":"https:\/\/www.facebook.com\/MetallicShelving","article_modified_time":"2024-10-02T15:41:03+00:00","twitter_card":"summary_large_image","twitter_misc":{"Tiempo de lectura":"9 minutos"},"schema":{"@context":"https:\/\/schema.org","@graph":[{"@type":"WebPage","@id":"https:\/\/www.ar-shelving.com\/es\/privacy-policy\/","url":"https:\/\/www.ar-shelving.com\/es\/privacy-policy\/","name":"Aviso Legal y Pol\u00edtica de Privacidad - AR Shelving, metal shelving for DIY and trade","isPartOf":{"@id":"https:\/\/www.ar-shelving.com\/#website"},"datePublished":"2022-05-11T07:19:53+00:00","dateModified":"2024-10-02T15:41:03+00:00","inLanguage":"es","potentialAction":[{"@type":"ReadAction","target":["https:\/\/www.ar-shelving.com\/es\/privacy-policy\/"]}]},{"@type":"WebSite","@id":"https:\/\/www.ar-shelving.com\/#website","url":"https:\/\/www.ar-shelving.com\/","name":"AR Shelving, metal shelving for DIY, trade and industries","description":"metal shelving","publisher":{"@id":"https:\/\/www.ar-shelving.com\/#organization"},"potentialAction":[{"@type":"SearchAction","target":{"@type":"EntryPoint","urlTemplate":"https:\/\/www.ar-shelving.com\/?s={search_term_string}"},"query-input":{"@type":"PropertyValueSpecification","valueRequired":true,"valueName":"search_term_string"}}],"inLanguage":"es"},{"@type":"Organization","@id":"https:\/\/www.ar-shelving.com\/#organization","name":"AR Shelving S.A.","url":"https:\/\/www.ar-shelving.com\/","logo":{"@type":"ImageObject","inLanguage":"es","@id":"https:\/\/www.ar-shelving.com\/#\/schema\/logo\/image\/","url":"https:\/\/www.ar-shelving.com\/wp-content\/uploads\/2022\/06\/Grupo-389.png","contentUrl":"https:\/\/www.ar-shelving.com\/wp-content\/uploads\/2022\/06\/Grupo-389.png","width":251,"height":43,"caption":"AR Shelving S.A."},"image":{"@id":"https:\/\/www.ar-shelving.com\/#\/schema\/logo\/image\/"},"sameAs":["https:\/\/www.facebook.com\/MetallicShelving","https:\/\/www.linkedin.com\/company\/arshelving\/","https:\/\/www.instagram.com\/ar_shelving\/","https:\/\/www.youtube.com\/user\/ARstorage","https:\/\/www.pinterest.es\/arshelving\/"]}]}},"_links":{"self":[{"href":"https:\/\/www.ar-shelving.com\/es\/wp-json\/wp\/v2\/pages\/3","targetHints":{"allow":["GET"]}}],"collection":[{"href":"https:\/\/www.ar-shelving.com\/es\/wp-json\/wp\/v2\/pages"}],"about":[{"href":"https:\/\/www.ar-shelving.com\/es\/wp-json\/wp\/v2\/types\/page"}],"author":[{"embeddable":true,"href":"https:\/\/www.ar-shelving.com\/es\/wp-json\/wp\/v2\/users\/1"}],"replies":[{"embeddable":true,"href":"https:\/\/www.ar-shelving.com\/es\/wp-json\/wp\/v2\/comments?post=3"}],"version-history":[{"count":0,"href":"https:\/\/www.ar-shelving.com\/es\/wp-json\/wp\/v2\/pages\/3\/revisions"}],"wp:attachment":[{"href":"https:\/\/www.ar-shelving.com\/es\/wp-json\/wp\/v2\/media?parent=3"}],"curies":[{"name":"wp","href":"https:\/\/api.w.org\/{rel}","templated":true}]}}