{"id":17609,"date":"2022-07-28T19:39:12","date_gmt":"2022-07-28T17:39:12","guid":{"rendered":"https:\/\/www.ar-shelving.com\/metal-shelves\/hommy\/"},"modified":"2024-08-05T18:26:07","modified_gmt":"2024-08-05T16:26:07","slug":"hommy","status":"publish","type":"product","link":"https:\/\/www.ar-shelving.com\/es\/metal-shelves\/hommy\/","title":{"rendered":"Hommy"},"content":{"rendered":"<div data-canvas-width=\"136.50717599999996\">Estanter\u00eda galvanizada decorativa con tornillos AR Shelving<\/div>\n","protected":false},"excerpt":{"rendered":"<div data-canvas-width=\"221.86632000000003\">Estanter\u00eda 100% met\u00e1lica de tama\u00f1o reducido, perfecta para el almacenamiento en espacios limitados. Ofrece un montaje est\u00e9tico y sencillo con tornillos de cabeza plana. Perfecta para la organizaci\u00f3n de la despensa, ba\u00f1o, cocina, trastero o buhardilla con la estanter\u00eda galvanizada m\u00e1s decorativa.<\/div>\n","protected":false},"featured_media":18393,"comment_status":"open","ping_status":"closed","template":"","meta":{"_acf_changed":false,"_monsterinsights_skip_tracking":false,"_monsterinsights_sitenote_active":false,"_monsterinsights_sitenote_note":"","_monsterinsights_sitenote_category":0,"_uf_show_specific_survey":0,"_uf_disable_surveys":false,"title_news":""},"product_brand":[],"product_cat":[257],"product_tag":[],"class_list":{"0":"post-17609","1":"product","2":"type-product","3":"status-publish","4":"has-post-thumbnail","6":"product_cat-hogar","8":"first","9":"instock","10":"taxable","11":"shipping-taxable","12":"product-type-simple"},"acf":[],"yoast_head":"<!-- This site is optimized with the Yoast SEO plugin v27.1.1 - https:\/\/yoast.com\/product\/yoast-seo-wordpress\/ -->\n<title>Estanter\u00eda galvanizada decorativa con tornillos AR Shelving<\/title>\n<meta name=\"description\" content=\"Perfecta para la organizaci\u00f3n de la despensa, ba\u00f1o, cocina, trastero o buhardilla con la estanter\u00eda galvanizada m\u00e1s decorativa.\" \/>\n<meta name=\"robots\" content=\"index, follow, max-snippet:-1, max-image-preview:large, max-video-preview:-1\" \/>\n<link rel=\"canonical\" href=\"https:\/\/www.ar-shelving.com\/metal-shelves\/hommy-shelving\/\" \/>\n<meta property=\"og:locale\" content=\"es_ES\" \/>\n<meta property=\"og:type\" content=\"article\" \/>\n<meta property=\"og:title\" content=\"Estanter\u00eda galvanizada decorativa con tornillos AR Shelving\" \/>\n<meta property=\"og:description\" content=\"Perfecta para la organizaci\u00f3n de la despensa, ba\u00f1o, cocina, trastero o buhardilla con la estanter\u00eda galvanizada m\u00e1s decorativa.\" \/>\n<meta property=\"og:url\" content=\"https:\/\/www.ar-shelving.com\/metal-shelves\/hommy-shelving\/\" \/>\n<meta property=\"og:site_name\" content=\"AR Shelving, metal shelving for DIY and trade\" \/>\n<meta property=\"article:publisher\" content=\"https:\/\/www.facebook.com\/MetallicShelving\" \/>\n<meta property=\"article:modified_time\" content=\"2024-08-05T16:26:07+00:00\" \/>\n<meta property=\"og:image\" content=\"https:\/\/www.ar-shelving.com\/wp-content\/uploads\/2022\/07\/HOMMY_SIDE.jpg\" \/>\n\t<meta property=\"og:image:width\" content=\"500\" \/>\n\t<meta property=\"og:image:height\" content=\"667\" \/>\n\t<meta property=\"og:image:type\" content=\"image\/jpeg\" \/>\n<meta name=\"twitter:card\" content=\"summary_large_image\" \/>\n<script type=\"application\/ld+json\" class=\"yoast-schema-graph\">{\"@context\":\"https:\/\/schema.org\",\"@graph\":[{\"@type\":\"WebPage\",\"@id\":\"https:\/\/www.ar-shelving.com\/metal-shelves\/hommy-shelving\/\",\"url\":\"https:\/\/www.ar-shelving.com\/metal-shelves\/hommy-shelving\/\",\"name\":\"Estanter\u00eda galvanizada decorativa con tornillos AR Shelving\",\"isPartOf\":{\"@id\":\"https:\/\/www.ar-shelving.com\/#website\"},\"primaryImageOfPage\":{\"@id\":\"https:\/\/www.ar-shelving.com\/metal-shelves\/hommy-shelving\/#primaryimage\"},\"image\":{\"@id\":\"https:\/\/www.ar-shelving.com\/metal-shelves\/hommy-shelving\/#primaryimage\"},\"thumbnailUrl\":\"https:\/\/www.ar-shelving.com\/wp-content\/uploads\/2022\/07\/HOMMY_SIDE.jpg\",\"datePublished\":\"2022-07-28T17:39:12+00:00\",\"dateModified\":\"2024-08-05T16:26:07+00:00\",\"description\":\"Perfecta para la organizaci\u00f3n de la despensa, ba\u00f1o, cocina, trastero o buhardilla con la estanter\u00eda galvanizada m\u00e1s decorativa.\",\"breadcrumb\":{\"@id\":\"https:\/\/www.ar-shelving.com\/metal-shelves\/hommy-shelving\/#breadcrumb\"},\"inLanguage\":\"es\",\"potentialAction\":[{\"@type\":\"ReadAction\",\"target\":[\"https:\/\/www.ar-shelving.com\/metal-shelves\/hommy-shelving\/\"]}]},{\"@type\":\"ImageObject\",\"inLanguage\":\"es\",\"@id\":\"https:\/\/www.ar-shelving.com\/metal-shelves\/hommy-shelving\/#primaryimage\",\"url\":\"https:\/\/www.ar-shelving.com\/wp-content\/uploads\/2022\/07\/HOMMY_SIDE.jpg\",\"contentUrl\":\"https:\/\/www.ar-shelving.com\/wp-content\/uploads\/2022\/07\/HOMMY_SIDE.jpg\",\"width\":500,\"height\":667},{\"@type\":\"BreadcrumbList\",\"@id\":\"https:\/\/www.ar-shelving.com\/metal-shelves\/hommy-shelving\/#breadcrumb\",\"itemListElement\":[{\"@type\":\"ListItem\",\"position\":1,\"name\":\"Products\",\"item\":\"https:\/\/www.ar-shelving.com\/shop\/\"},{\"@type\":\"ListItem\",\"position\":2,\"name\":\"Hommy\"}]},{\"@type\":\"WebSite\",\"@id\":\"https:\/\/www.ar-shelving.com\/#website\",\"url\":\"https:\/\/www.ar-shelving.com\/\",\"name\":\"AR Shelving, metal shelving for DIY, trade and industries\",\"description\":\"metal shelving\",\"publisher\":{\"@id\":\"https:\/\/www.ar-shelving.com\/#organization\"},\"potentialAction\":[{\"@type\":\"SearchAction\",\"target\":{\"@type\":\"EntryPoint\",\"urlTemplate\":\"https:\/\/www.ar-shelving.com\/?s={search_term_string}\"},\"query-input\":{\"@type\":\"PropertyValueSpecification\",\"valueRequired\":true,\"valueName\":\"search_term_string\"}}],\"inLanguage\":\"es\"},{\"@type\":\"Organization\",\"@id\":\"https:\/\/www.ar-shelving.com\/#organization\",\"name\":\"AR Shelving S.A.\",\"url\":\"https:\/\/www.ar-shelving.com\/\",\"logo\":{\"@type\":\"ImageObject\",\"inLanguage\":\"es\",\"@id\":\"https:\/\/www.ar-shelving.com\/#\/schema\/logo\/image\/\",\"url\":\"https:\/\/www.ar-shelving.com\/wp-content\/uploads\/2022\/06\/Grupo-389.png\",\"contentUrl\":\"https:\/\/www.ar-shelving.com\/wp-content\/uploads\/2022\/06\/Grupo-389.png\",\"width\":251,\"height\":43,\"caption\":\"AR Shelving S.A.\"},\"image\":{\"@id\":\"https:\/\/www.ar-shelving.com\/#\/schema\/logo\/image\/\"},\"sameAs\":[\"https:\/\/www.facebook.com\/MetallicShelving\",\"https:\/\/www.linkedin.com\/company\/arshelving\/\",\"https:\/\/www.instagram.com\/ar_shelving\/\",\"https:\/\/www.youtube.com\/user\/ARstorage\",\"https:\/\/www.pinterest.es\/arshelving\/\"]}]}<\/script>\n<!-- \/ Yoast SEO plugin. -->","yoast_head_json":{"title":"Estanter\u00eda galvanizada decorativa con tornillos AR Shelving","description":"Perfecta para la organizaci\u00f3n de la despensa, ba\u00f1o, cocina, trastero o buhardilla con la estanter\u00eda galvanizada m\u00e1s decorativa.","robots":{"index":"index","follow":"follow","max-snippet":"max-snippet:-1","max-image-preview":"max-image-preview:large","max-video-preview":"max-video-preview:-1"},"canonical":"https:\/\/www.ar-shelving.com\/metal-shelves\/hommy-shelving\/","og_locale":"es_ES","og_type":"article","og_title":"Estanter\u00eda galvanizada decorativa con tornillos AR Shelving","og_description":"Perfecta para la organizaci\u00f3n de la despensa, ba\u00f1o, cocina, trastero o buhardilla con la estanter\u00eda galvanizada m\u00e1s decorativa.","og_url":"https:\/\/www.ar-shelving.com\/metal-shelves\/hommy-shelving\/","og_site_name":"AR Shelving, metal shelving for DIY and trade","article_publisher":"https:\/\/www.facebook.com\/MetallicShelving","article_modified_time":"2024-08-05T16:26:07+00:00","og_image":[{"width":500,"height":667,"url":"https:\/\/www.ar-shelving.com\/wp-content\/uploads\/2022\/07\/HOMMY_SIDE.jpg","type":"image\/jpeg"}],"twitter_card":"summary_large_image","schema":{"@context":"https:\/\/schema.org","@graph":[{"@type":"WebPage","@id":"https:\/\/www.ar-shelving.com\/metal-shelves\/hommy-shelving\/","url":"https:\/\/www.ar-shelving.com\/metal-shelves\/hommy-shelving\/","name":"Estanter\u00eda galvanizada decorativa con tornillos AR Shelving","isPartOf":{"@id":"https:\/\/www.ar-shelving.com\/#website"},"primaryImageOfPage":{"@id":"https:\/\/www.ar-shelving.com\/metal-shelves\/hommy-shelving\/#primaryimage"},"image":{"@id":"https:\/\/www.ar-shelving.com\/metal-shelves\/hommy-shelving\/#primaryimage"},"thumbnailUrl":"https:\/\/www.ar-shelving.com\/wp-content\/uploads\/2022\/07\/HOMMY_SIDE.jpg","datePublished":"2022-07-28T17:39:12+00:00","dateModified":"2024-08-05T16:26:07+00:00","description":"Perfecta para la organizaci\u00f3n de la despensa, ba\u00f1o, cocina, trastero o buhardilla con la estanter\u00eda galvanizada m\u00e1s decorativa.","breadcrumb":{"@id":"https:\/\/www.ar-shelving.com\/metal-shelves\/hommy-shelving\/#breadcrumb"},"inLanguage":"es","potentialAction":[{"@type":"ReadAction","target":["https:\/\/www.ar-shelving.com\/metal-shelves\/hommy-shelving\/"]}]},{"@type":"ImageObject","inLanguage":"es","@id":"https:\/\/www.ar-shelving.com\/metal-shelves\/hommy-shelving\/#primaryimage","url":"https:\/\/www.ar-shelving.com\/wp-content\/uploads\/2022\/07\/HOMMY_SIDE.jpg","contentUrl":"https:\/\/www.ar-shelving.com\/wp-content\/uploads\/2022\/07\/HOMMY_SIDE.jpg","width":500,"height":667},{"@type":"BreadcrumbList","@id":"https:\/\/www.ar-shelving.com\/metal-shelves\/hommy-shelving\/#breadcrumb","itemListElement":[{"@type":"ListItem","position":1,"name":"Products","item":"https:\/\/www.ar-shelving.com\/shop\/"},{"@type":"ListItem","position":2,"name":"Hommy"}]},{"@type":"WebSite","@id":"https:\/\/www.ar-shelving.com\/#website","url":"https:\/\/www.ar-shelving.com\/","name":"AR Shelving, metal shelving for DIY, trade and industries","description":"metal shelving","publisher":{"@id":"https:\/\/www.ar-shelving.com\/#organization"},"potentialAction":[{"@type":"SearchAction","target":{"@type":"EntryPoint","urlTemplate":"https:\/\/www.ar-shelving.com\/?s={search_term_string}"},"query-input":{"@type":"PropertyValueSpecification","valueRequired":true,"valueName":"search_term_string"}}],"inLanguage":"es"},{"@type":"Organization","@id":"https:\/\/www.ar-shelving.com\/#organization","name":"AR Shelving S.A.","url":"https:\/\/www.ar-shelving.com\/","logo":{"@type":"ImageObject","inLanguage":"es","@id":"https:\/\/www.ar-shelving.com\/#\/schema\/logo\/image\/","url":"https:\/\/www.ar-shelving.com\/wp-content\/uploads\/2022\/06\/Grupo-389.png","contentUrl":"https:\/\/www.ar-shelving.com\/wp-content\/uploads\/2022\/06\/Grupo-389.png","width":251,"height":43,"caption":"AR Shelving S.A."},"image":{"@id":"https:\/\/www.ar-shelving.com\/#\/schema\/logo\/image\/"},"sameAs":["https:\/\/www.facebook.com\/MetallicShelving","https:\/\/www.linkedin.com\/company\/arshelving\/","https:\/\/www.instagram.com\/ar_shelving\/","https:\/\/www.youtube.com\/user\/ARstorage","https:\/\/www.pinterest.es\/arshelving\/"]}]}},"_links":{"self":[{"href":"https:\/\/www.ar-shelving.com\/es\/wp-json\/wp\/v2\/product\/17609","targetHints":{"allow":["GET"]}}],"collection":[{"href":"https:\/\/www.ar-shelving.com\/es\/wp-json\/wp\/v2\/product"}],"about":[{"href":"https:\/\/www.ar-shelving.com\/es\/wp-json\/wp\/v2\/types\/product"}],"replies":[{"embeddable":true,"href":"https:\/\/www.ar-shelving.com\/es\/wp-json\/wp\/v2\/comments?post=17609"}],"wp:featuredmedia":[{"embeddable":true,"href":"https:\/\/www.ar-shelving.com\/es\/wp-json\/wp\/v2\/media\/18393"}],"wp:attachment":[{"href":"https:\/\/www.ar-shelving.com\/es\/wp-json\/wp\/v2\/media?parent=17609"}],"wp:term":[{"taxonomy":"product_brand","embeddable":true,"href":"https:\/\/www.ar-shelving.com\/es\/wp-json\/wp\/v2\/product_brand?post=17609"},{"taxonomy":"product_cat","embeddable":true,"href":"https:\/\/www.ar-shelving.com\/es\/wp-json\/wp\/v2\/product_cat?post=17609"},{"taxonomy":"product_tag","embeddable":true,"href":"https:\/\/www.ar-shelving.com\/es\/wp-json\/wp\/v2\/product_tag?post=17609"}],"curies":[{"name":"wp","href":"https:\/\/api.w.org\/{rel}","templated":true}]}}