{"id":24717,"date":"2023-02-09T18:36:55","date_gmt":"2023-02-09T17:36:55","guid":{"rendered":"https:\/\/www.ar-shelving.com\/metal-shelves\/horeca\/"},"modified":"2024-08-26T11:08:46","modified_gmt":"2024-08-26T09:08:46","slug":"gastronorm","status":"publish","type":"product","link":"https:\/\/www.ar-shelving.com\/es\/metal-shelves\/gastronorm\/","title":{"rendered":"Gastronorm series"},"content":{"rendered":"<div data-canvas-width=\"150.203352\"><span data-sheets-value=\"{&quot;1&quot;:2,&quot;2&quot;:&quot;Estanter\u00eda de aluminio con bandejas de propileno AR Shelving&quot;}\" data-sheets-userformat=\"{&quot;2&quot;:12735,&quot;3&quot;:{&quot;1&quot;:0,&quot;3&quot;:1},&quot;4&quot;:{&quot;1&quot;:2,&quot;2&quot;:14609142},&quot;5&quot;:{&quot;1&quot;:[{&quot;1&quot;:2,&quot;2&quot;:0,&quot;5&quot;:{&quot;1&quot;:2,&quot;2&quot;:0}},{&quot;1&quot;:0,&quot;2&quot;:0,&quot;3&quot;:3},{&quot;1&quot;:1,&quot;2&quot;:0,&quot;4&quot;:1}]},&quot;6&quot;:{&quot;1&quot;:[{&quot;1&quot;:2,&quot;2&quot;:0,&quot;5&quot;:{&quot;1&quot;:2,&quot;2&quot;:0}},{&quot;1&quot;:0,&quot;2&quot;:0,&quot;3&quot;:3},{&quot;1&quot;:1,&quot;2&quot;:0,&quot;4&quot;:1}]},&quot;7&quot;:{&quot;1&quot;:[{&quot;1&quot;:2,&quot;2&quot;:0,&quot;5&quot;:{&quot;1&quot;:2,&quot;2&quot;:0}},{&quot;1&quot;:0,&quot;2&quot;:0,&quot;3&quot;:3},{&quot;1&quot;:1,&quot;2&quot;:0,&quot;4&quot;:1}]},&quot;8&quot;:{&quot;1&quot;:[{&quot;1&quot;:2,&quot;2&quot;:0,&quot;5&quot;:{&quot;1&quot;:2,&quot;2&quot;:0}},{&quot;1&quot;:0,&quot;2&quot;:0,&quot;3&quot;:3},{&quot;1&quot;:1,&quot;2&quot;:0,&quot;4&quot;:1}]},&quot;10&quot;:1,&quot;11&quot;:4,&quot;15&quot;:&quot;Calibri&quot;,&quot;16&quot;:11}\">Estanter\u00eda de aluminio con bandejas de propileno sector Horeca.<\/span><\/div>\n","protected":false},"excerpt":{"rendered":"<div data-canvas-width=\"284.144328\">Eestanter\u00eda para almacenamiento de alimentos. Es perfecta para cualquier comercio del sector hostelero: restaurantes, cocinas, hoteles y c\u00e1maras de refrigeraci\u00f3n. Su estrucutura es 100% de aluminio con bandejas de polipropileno, especialmente dise\u00f1adas para poder lavarse en lavavajillas. Capacidad de carga de hasta 175kg por balda (carga uniformemente repartida). Certificado NSF.<\/div>\n","protected":false},"featured_media":27336,"comment_status":"open","ping_status":"closed","template":"","meta":{"_acf_changed":false,"_monsterinsights_skip_tracking":false,"_monsterinsights_sitenote_active":false,"_monsterinsights_sitenote_note":"","_monsterinsights_sitenote_category":0,"_uf_show_specific_survey":0,"_uf_disable_surveys":false,"title_news":""},"product_brand":[],"product_cat":[264],"product_tag":[],"class_list":{"0":"post-24717","1":"product","2":"type-product","3":"status-publish","4":"has-post-thumbnail","6":"product_cat-comercio","8":"first","9":"instock","10":"taxable","11":"shipping-taxable","12":"product-type-simple"},"acf":[],"yoast_head":"<!-- This site is optimized with the Yoast SEO plugin v27.4 - https:\/\/yoast.com\/product\/yoast-seo-wordpress\/ -->\n<title>gastronorm - Estanter\u00eda de aluminio con bandejas de propileno<\/title>\n<meta name=\"description\" content=\"Estanter\u00eda para almacenamiento de alimentos. Bandejas segun normativa gastronorm. Sector Horeca: restaurantes, cocinas, hoteles y c\u00e1maras de refrigeraci\u00f3n.\" \/>\n<meta name=\"robots\" content=\"index, follow, max-snippet:-1, max-image-preview:large, max-video-preview:-1\" \/>\n<link rel=\"canonical\" href=\"https:\/\/www.ar-shelving.com\/es\/metal-shelves\/gastronorm\/\" \/>\n<meta property=\"og:locale\" content=\"es_ES\" \/>\n<meta property=\"og:type\" content=\"article\" \/>\n<meta property=\"og:title\" content=\"gastronorm - Estanter\u00eda de aluminio con bandejas de propileno\" \/>\n<meta property=\"og:description\" content=\"Estanter\u00eda para almacenamiento de alimentos. Bandejas segun normativa gastronorm. Sector Horeca: restaurantes, cocinas, hoteles y c\u00e1maras de refrigeraci\u00f3n.\" \/>\n<meta property=\"og:url\" content=\"https:\/\/www.ar-shelving.com\/es\/metal-shelves\/gastronorm\/\" \/>\n<meta property=\"og:site_name\" content=\"AR Shelving, metal shelving for DIY and trade\" \/>\n<meta property=\"article:publisher\" content=\"https:\/\/www.facebook.com\/MetallicShelving\" \/>\n<meta property=\"article:modified_time\" content=\"2024-08-26T09:08:46+00:00\" \/>\n<meta property=\"og:image\" content=\"https:\/\/www.ar-shelving.com\/wp-content\/uploads\/2024\/03\/GASTRONORM_180x111x50_M.jpg\" \/>\n\t<meta property=\"og:image:width\" content=\"500\" \/>\n\t<meta property=\"og:image:height\" content=\"667\" \/>\n\t<meta property=\"og:image:type\" content=\"image\/jpeg\" \/>\n<meta name=\"twitter:card\" content=\"summary_large_image\" \/>\n<meta name=\"twitter:label1\" content=\"Tiempo de lectura\" \/>\n\t<meta name=\"twitter:data1\" content=\"1 minuto\" \/>\n<script type=\"application\/ld+json\" class=\"yoast-schema-graph\">{\"@context\":\"https:\\\/\\\/schema.org\",\"@graph\":[{\"@type\":\"WebPage\",\"@id\":\"https:\\\/\\\/www.ar-shelving.com\\\/es\\\/metal-shelves\\\/gastronorm\\\/\",\"url\":\"https:\\\/\\\/www.ar-shelving.com\\\/es\\\/metal-shelves\\\/gastronorm\\\/\",\"name\":\"gastronorm - Estanter\u00eda de aluminio con bandejas de propileno\",\"isPartOf\":{\"@id\":\"https:\\\/\\\/www.ar-shelving.com\\\/#website\"},\"primaryImageOfPage\":{\"@id\":\"https:\\\/\\\/www.ar-shelving.com\\\/es\\\/metal-shelves\\\/gastronorm\\\/#primaryimage\"},\"image\":{\"@id\":\"https:\\\/\\\/www.ar-shelving.com\\\/es\\\/metal-shelves\\\/gastronorm\\\/#primaryimage\"},\"thumbnailUrl\":\"https:\\\/\\\/www.ar-shelving.com\\\/wp-content\\\/uploads\\\/2024\\\/03\\\/GASTRONORM_180x111x50_M.jpg\",\"datePublished\":\"2023-02-09T17:36:55+00:00\",\"dateModified\":\"2024-08-26T09:08:46+00:00\",\"description\":\"Estanter\u00eda para almacenamiento de alimentos. Bandejas segun normativa gastronorm. Sector Horeca: restaurantes, cocinas, hoteles y c\u00e1maras de refrigeraci\u00f3n.\",\"breadcrumb\":{\"@id\":\"https:\\\/\\\/www.ar-shelving.com\\\/es\\\/metal-shelves\\\/gastronorm\\\/#breadcrumb\"},\"inLanguage\":\"es\",\"potentialAction\":[{\"@type\":\"ReadAction\",\"target\":[\"https:\\\/\\\/www.ar-shelving.com\\\/es\\\/metal-shelves\\\/gastronorm\\\/\"]}]},{\"@type\":\"ImageObject\",\"inLanguage\":\"es\",\"@id\":\"https:\\\/\\\/www.ar-shelving.com\\\/es\\\/metal-shelves\\\/gastronorm\\\/#primaryimage\",\"url\":\"https:\\\/\\\/www.ar-shelving.com\\\/wp-content\\\/uploads\\\/2024\\\/03\\\/GASTRONORM_180x111x50_M.jpg\",\"contentUrl\":\"https:\\\/\\\/www.ar-shelving.com\\\/wp-content\\\/uploads\\\/2024\\\/03\\\/GASTRONORM_180x111x50_M.jpg\",\"width\":500,\"height\":667,\"caption\":\"Gastronorm shelving180x111x\"},{\"@type\":\"BreadcrumbList\",\"@id\":\"https:\\\/\\\/www.ar-shelving.com\\\/es\\\/metal-shelves\\\/gastronorm\\\/#breadcrumb\",\"itemListElement\":[{\"@type\":\"ListItem\",\"position\":1,\"name\":\"Products\",\"item\":\"https:\\\/\\\/www.ar-shelving.com\\\/shop\\\/\"},{\"@type\":\"ListItem\",\"position\":2,\"name\":\"Gastronorm series\"}]},{\"@type\":\"WebSite\",\"@id\":\"https:\\\/\\\/www.ar-shelving.com\\\/#website\",\"url\":\"https:\\\/\\\/www.ar-shelving.com\\\/\",\"name\":\"AR Shelving, metal shelving for DIY, trade and industries\",\"description\":\"metal shelving\",\"publisher\":{\"@id\":\"https:\\\/\\\/www.ar-shelving.com\\\/#organization\"},\"potentialAction\":[{\"@type\":\"SearchAction\",\"target\":{\"@type\":\"EntryPoint\",\"urlTemplate\":\"https:\\\/\\\/www.ar-shelving.com\\\/?s={search_term_string}\"},\"query-input\":{\"@type\":\"PropertyValueSpecification\",\"valueRequired\":true,\"valueName\":\"search_term_string\"}}],\"inLanguage\":\"es\"},{\"@type\":\"Organization\",\"@id\":\"https:\\\/\\\/www.ar-shelving.com\\\/#organization\",\"name\":\"AR Shelving S.A.\",\"url\":\"https:\\\/\\\/www.ar-shelving.com\\\/\",\"logo\":{\"@type\":\"ImageObject\",\"inLanguage\":\"es\",\"@id\":\"https:\\\/\\\/www.ar-shelving.com\\\/#\\\/schema\\\/logo\\\/image\\\/\",\"url\":\"https:\\\/\\\/www.ar-shelving.com\\\/wp-content\\\/uploads\\\/2022\\\/06\\\/Grupo-389.png\",\"contentUrl\":\"https:\\\/\\\/www.ar-shelving.com\\\/wp-content\\\/uploads\\\/2022\\\/06\\\/Grupo-389.png\",\"width\":251,\"height\":43,\"caption\":\"AR Shelving S.A.\"},\"image\":{\"@id\":\"https:\\\/\\\/www.ar-shelving.com\\\/#\\\/schema\\\/logo\\\/image\\\/\"},\"sameAs\":[\"https:\\\/\\\/www.facebook.com\\\/MetallicShelving\",\"https:\\\/\\\/www.linkedin.com\\\/company\\\/arshelving\\\/\",\"https:\\\/\\\/www.instagram.com\\\/ar_shelving\\\/\",\"https:\\\/\\\/www.youtube.com\\\/user\\\/ARstorage\",\"https:\\\/\\\/www.pinterest.es\\\/arshelving\\\/\"]}]}<\/script>\n<!-- \/ Yoast SEO plugin. -->","yoast_head_json":{"title":"gastronorm - Estanter\u00eda de aluminio con bandejas de propileno","description":"Estanter\u00eda para almacenamiento de alimentos. Bandejas segun normativa gastronorm. Sector Horeca: restaurantes, cocinas, hoteles y c\u00e1maras de refrigeraci\u00f3n.","robots":{"index":"index","follow":"follow","max-snippet":"max-snippet:-1","max-image-preview":"max-image-preview:large","max-video-preview":"max-video-preview:-1"},"canonical":"https:\/\/www.ar-shelving.com\/es\/metal-shelves\/gastronorm\/","og_locale":"es_ES","og_type":"article","og_title":"gastronorm - Estanter\u00eda de aluminio con bandejas de propileno","og_description":"Estanter\u00eda para almacenamiento de alimentos. Bandejas segun normativa gastronorm. Sector Horeca: restaurantes, cocinas, hoteles y c\u00e1maras de refrigeraci\u00f3n.","og_url":"https:\/\/www.ar-shelving.com\/es\/metal-shelves\/gastronorm\/","og_site_name":"AR Shelving, metal shelving for DIY and trade","article_publisher":"https:\/\/www.facebook.com\/MetallicShelving","article_modified_time":"2024-08-26T09:08:46+00:00","og_image":[{"width":500,"height":667,"url":"https:\/\/www.ar-shelving.com\/wp-content\/uploads\/2024\/03\/GASTRONORM_180x111x50_M.jpg","type":"image\/jpeg"}],"twitter_card":"summary_large_image","twitter_misc":{"Tiempo de lectura":"1 minuto"},"schema":{"@context":"https:\/\/schema.org","@graph":[{"@type":"WebPage","@id":"https:\/\/www.ar-shelving.com\/es\/metal-shelves\/gastronorm\/","url":"https:\/\/www.ar-shelving.com\/es\/metal-shelves\/gastronorm\/","name":"gastronorm - Estanter\u00eda de aluminio con bandejas de propileno","isPartOf":{"@id":"https:\/\/www.ar-shelving.com\/#website"},"primaryImageOfPage":{"@id":"https:\/\/www.ar-shelving.com\/es\/metal-shelves\/gastronorm\/#primaryimage"},"image":{"@id":"https:\/\/www.ar-shelving.com\/es\/metal-shelves\/gastronorm\/#primaryimage"},"thumbnailUrl":"https:\/\/www.ar-shelving.com\/wp-content\/uploads\/2024\/03\/GASTRONORM_180x111x50_M.jpg","datePublished":"2023-02-09T17:36:55+00:00","dateModified":"2024-08-26T09:08:46+00:00","description":"Estanter\u00eda para almacenamiento de alimentos. Bandejas segun normativa gastronorm. Sector Horeca: restaurantes, cocinas, hoteles y c\u00e1maras de refrigeraci\u00f3n.","breadcrumb":{"@id":"https:\/\/www.ar-shelving.com\/es\/metal-shelves\/gastronorm\/#breadcrumb"},"inLanguage":"es","potentialAction":[{"@type":"ReadAction","target":["https:\/\/www.ar-shelving.com\/es\/metal-shelves\/gastronorm\/"]}]},{"@type":"ImageObject","inLanguage":"es","@id":"https:\/\/www.ar-shelving.com\/es\/metal-shelves\/gastronorm\/#primaryimage","url":"https:\/\/www.ar-shelving.com\/wp-content\/uploads\/2024\/03\/GASTRONORM_180x111x50_M.jpg","contentUrl":"https:\/\/www.ar-shelving.com\/wp-content\/uploads\/2024\/03\/GASTRONORM_180x111x50_M.jpg","width":500,"height":667,"caption":"Gastronorm shelving180x111x"},{"@type":"BreadcrumbList","@id":"https:\/\/www.ar-shelving.com\/es\/metal-shelves\/gastronorm\/#breadcrumb","itemListElement":[{"@type":"ListItem","position":1,"name":"Products","item":"https:\/\/www.ar-shelving.com\/shop\/"},{"@type":"ListItem","position":2,"name":"Gastronorm series"}]},{"@type":"WebSite","@id":"https:\/\/www.ar-shelving.com\/#website","url":"https:\/\/www.ar-shelving.com\/","name":"AR Shelving, metal shelving for DIY, trade and industries","description":"metal shelving","publisher":{"@id":"https:\/\/www.ar-shelving.com\/#organization"},"potentialAction":[{"@type":"SearchAction","target":{"@type":"EntryPoint","urlTemplate":"https:\/\/www.ar-shelving.com\/?s={search_term_string}"},"query-input":{"@type":"PropertyValueSpecification","valueRequired":true,"valueName":"search_term_string"}}],"inLanguage":"es"},{"@type":"Organization","@id":"https:\/\/www.ar-shelving.com\/#organization","name":"AR Shelving S.A.","url":"https:\/\/www.ar-shelving.com\/","logo":{"@type":"ImageObject","inLanguage":"es","@id":"https:\/\/www.ar-shelving.com\/#\/schema\/logo\/image\/","url":"https:\/\/www.ar-shelving.com\/wp-content\/uploads\/2022\/06\/Grupo-389.png","contentUrl":"https:\/\/www.ar-shelving.com\/wp-content\/uploads\/2022\/06\/Grupo-389.png","width":251,"height":43,"caption":"AR Shelving S.A."},"image":{"@id":"https:\/\/www.ar-shelving.com\/#\/schema\/logo\/image\/"},"sameAs":["https:\/\/www.facebook.com\/MetallicShelving","https:\/\/www.linkedin.com\/company\/arshelving\/","https:\/\/www.instagram.com\/ar_shelving\/","https:\/\/www.youtube.com\/user\/ARstorage","https:\/\/www.pinterest.es\/arshelving\/"]}]}},"_links":{"self":[{"href":"https:\/\/www.ar-shelving.com\/es\/wp-json\/wp\/v2\/product\/24717","targetHints":{"allow":["GET"]}}],"collection":[{"href":"https:\/\/www.ar-shelving.com\/es\/wp-json\/wp\/v2\/product"}],"about":[{"href":"https:\/\/www.ar-shelving.com\/es\/wp-json\/wp\/v2\/types\/product"}],"replies":[{"embeddable":true,"href":"https:\/\/www.ar-shelving.com\/es\/wp-json\/wp\/v2\/comments?post=24717"}],"wp:featuredmedia":[{"embeddable":true,"href":"https:\/\/www.ar-shelving.com\/es\/wp-json\/wp\/v2\/media\/27336"}],"wp:attachment":[{"href":"https:\/\/www.ar-shelving.com\/es\/wp-json\/wp\/v2\/media?parent=24717"}],"wp:term":[{"taxonomy":"product_brand","embeddable":true,"href":"https:\/\/www.ar-shelving.com\/es\/wp-json\/wp\/v2\/product_brand?post=24717"},{"taxonomy":"product_cat","embeddable":true,"href":"https:\/\/www.ar-shelving.com\/es\/wp-json\/wp\/v2\/product_cat?post=24717"},{"taxonomy":"product_tag","embeddable":true,"href":"https:\/\/www.ar-shelving.com\/es\/wp-json\/wp\/v2\/product_tag?post=24717"}],"curies":[{"name":"wp","href":"https:\/\/api.w.org\/{rel}","templated":true}]}}