{"id":20836,"date":"2023-04-20T10:49:20","date_gmt":"2023-04-20T10:49:20","guid":{"rendered":"https:\/\/www.ar-shelving.com\/politique-de-cookies\/"},"modified":"2023-04-20T11:15:39","modified_gmt":"2023-04-20T11:15:39","slug":"politique-de-cookies","status":"publish","type":"page","link":"https:\/\/www.ar-shelving.com\/fr\/politique-de-cookies\/","title":{"rendered":"Politique de Cookies"},"content":{"rendered":"\t\t<div data-elementor-type=\"wp-page\" data-elementor-id=\"20836\" class=\"elementor elementor-20836 elementor-20816\">\n\t\t\t\t\t\t<section class=\"elementor-section elementor-top-section elementor-element elementor-element-15702ad9 elementor-section-boxed elementor-section-height-default elementor-section-height-default\" data-id=\"15702ad9\" data-element_type=\"section\" data-e-type=\"section\">\n\t\t\t\t\t\t<div class=\"elementor-container elementor-column-gap-default\">\n\t\t\t\t\t<div class=\"elementor-column elementor-col-100 elementor-top-column elementor-element elementor-element-580b5974\" data-id=\"580b5974\" data-element_type=\"column\" data-e-type=\"column\">\n\t\t\t<div class=\"elementor-widget-wrap elementor-element-populated\">\n\t\t\t\t\t\t<div class=\"elementor-element elementor-element-6ba883c1 elementor-widget elementor-widget-text-editor\" data-id=\"6ba883c1\" data-element_type=\"widget\" data-e-type=\"widget\" data-widget_type=\"text-editor.default\">\n\t\t\t\t\t\t\t\t\t<strong>Nous utilisons des cookies propres et des cookies de tiers pour am\u00e9liorer l\u2019exp\u00e9rience de navigation de l\u2019utilisateur et pour effectuer des analyses statistiques sur son utilisation. Si vous continuez \u00e0 naviguer, nous consid\u00e9rons que vous acceptez leur utilisation. Vous pouvez changer la configuration ou obtenir plus d\u2019informations \u2018ici\u2019.<\/strong>\r\n\r\n<strong>Concept de Cookies<\/strong>\r\n\r\nLes cookies constituent un outil employ\u00e9 par les serveurs Web pour stocker et r\u00e9cup\u00e9rer des informations concernant leurs visiteurs ou utilisateurs. Ce n\u2019est rien d\u2019autre qu\u2019un fichier texte que certains serveurs installent pendant la navigation et qui permettent de conna\u00eetre des informations telles que : l\u2019endroit depuis lequel on acc\u00e8de, le temps de connexion, le dispositif depuis lequel on acc\u00e8de (fixe ou mobile), le syst\u00e8me d\u2019exploitation et le navigateur utilis\u00e9s, les pages les plus visit\u00e9es, le nombre de clicks effectu\u00e9s et de donn\u00e9es par rapport au comportement de l\u2019utilisateur sur Internet. Ils ne fournissent pas de r\u00e9f\u00e9rences qui permettent de d\u00e9duire le nom et le pr\u00e9nom de l\u2019utilisateur et ne peuvent pas lire les donn\u00e9es de son disque dur ni inclure de virus dans ses \u00e9quipements. Il ne peut pas lire les cookies implant\u00e9s dans le disque dur de l\u2019utilisateur depuis d\u2019autres serveurs.\r\n\r\n<strong>Pourquoi sont-ils importants ?<\/strong>\r\n\r\nLe site Web est accessible sans qu\u2019il soit n\u00e9cessaire que les cookies soient activ\u00e9s, mais leur d\u00e9sactivation peut emp\u00eacher son bon fonctionnement.\r\n\r\nD\u2019un point de vue technique, les cookies permettent que les sites Web fonctionnent de fa\u00e7on plus souple et mieux adapt\u00e9e aux pr\u00e9f\u00e9rences des utilisateurs, comme par exemple pour stocker la langue, la monnaie du pays ou d\u00e9tecter le dispositif d\u2019acc\u00e8s.\r\n\r\nIls \u00e9tablissent des niveaux de protection et de s\u00e9curit\u00e9 qui emp\u00eachent ou font obstacle aux cyberattaques contre le site Web ou contre ses utilisateurs.\r\n\r\nIls permettent que les gestionnaires des m\u00e9dias puissent conna\u00eetre les donn\u00e9es statistiques collect\u00e9es pour am\u00e9liorer la qualit\u00e9 et l\u2019exp\u00e9rience de leurs services.\r\n\r\nIls servent \u00e0 optimiser la publicit\u00e9 qui est montr\u00e9e aux utilisateurs et \u00e0 leur proposer celle qui s\u2019ajuste le mieux\u00a0 \u00e0 leurs int\u00e9r\u00eats.\r\n\r\n<strong>Autorisation pour l\u2019utilisation de cookies<\/strong>\r\n\r\nSur le site Web appara\u00eet un\u00a0<strong>Avis de Cookies<\/strong>\u00a0que l\u2019utilisateur ou le visiteur peut accepter, en consentant de fa\u00e7on expresse \u00e0 l\u2019utilisation des cookies tel qu\u2019il est indiqu\u00e9 ci-dessous.\r\n\r\nL\u2019utilisateur peut configurer son navigateur pour refuser par d\u00e9faut tous les cookies ou pour recevoir un avis \u00e0 l\u2019\u00e9cran de la r\u00e9ception de chacun des cookies et accepter ou refuser leur installation sur son disque dur.\r\n\r\nConfiguration du navigateur\r\n\r\n<strong>AR SHELVING S.A.<\/strong>\u00a0rappelle \u00e0 ses utilisateurs que l\u2019utilisation de cookies pourra \u00eatre sujette \u00e0 acceptation pendant l\u2019installation ou l\u2019actualisation du navigateur que ceux-ci utilisent.\r\n\r\nVous pourrez annuler cette acceptation moyennant les options de configuration de contenus et de confidentialit\u00e9 disponibles. Le Titulaire recommande \u00e0 ses utilisateurs de consulter le module Aide de leur navigateur ou d\u2019acc\u00e9der aux pages Web d\u2019aide des principaux navigateurs : Firefox, Internet Explorer, Safari, Chrome.\r\n\r\nSi vous souhaitez plus d\u2019informations sur le moyen d\u2019annuler le consentement accord\u00e9 ou sur la proc\u00e9dure pour d\u00e9shabiliter les cookies, ou poser une question sur la Politique de Cookies, vous pouvez contacter le titulaire \u00e0 l\u2019adresse suivante de courrier \u00e9lectronique info@ar-shelving.com en indiquant dans l\u2019Objet \u201cPolitique de Cookies\u201d.\r\n\r\n<strong>Types de Cookies utilis\u00e9s sur le Web<\/strong>\r\n\r\nL\u2019utilisateur qui navigue sur le Web peut trouver des cookies ins\u00e9r\u00e9s directement par le titulaire, ou bien des cookies ins\u00e9r\u00e9s par des entit\u00e9s diff\u00e9rentes de celle du titulaire, tel qu\u2019il est d\u00e9taill\u00e9 dans les sections suivantes :\r\n<ul>\r\n \t<li><strong>Cookies de session :<\/strong>\u00a0ils expirent lorsque l\u2019utilisateur quitte la page ou ferme le navigateur, c\u2019est-\u00e0-dire qu\u2019ils sont activ\u00e9s tant que dure la visite du site Web et par cons\u00e9quent, ils sont effac\u00e9s de notre ordinateur lorsqu\u2019on le quitte.<\/li>\r\n \t<li><strong>Cookies permanents :<\/strong>\u00a0ils expirent lorsque l\u2019objectif qu\u2019ils servent est atteint ou bien lorsqu\u2019ils sont effac\u00e9s manuellement. Ils ont une date de suppression et ils s\u2019utilisent normalement dans les processus d\u2019achat en ligne, dans les personnalisations ou dans le registre, pour ne pas avoir \u00e0 saisir constamment un mot de passe.<\/li>\r\n<\/ul>\r\nSelon l\u2019entit\u00e9 qui g\u00e8re l\u2019\u00e9quipement ou le domaine d\u2019o\u00f9 les cookies sont envoy\u00e9s et o\u00f9 les donn\u00e9es obtenues sont trait\u00e9es, nous pouvons distinguer entre Cookies propres et Cookies de tiers.\r\n<ul>\r\n \t<li><strong>Cookies propres\u00a0<\/strong>: ce sont les cookies qui sont envoy\u00e9s sur l\u2019ordinateur de l\u2019utilisateur et qui sont g\u00e9r\u00e9s exclusivement par nous pour le meilleur fonctionnement du site Web. Les informations que nous collectons sont employ\u00e9es pour am\u00e9liorer la qualit\u00e9 de notre service et de votre exp\u00e9rience comme utilisateur.<\/li>\r\n \t<li><strong>Cookies de tiers\u00a0:\u00a0<\/strong>lorsque l\u2019utilisateur interagit avec le contenu de notre site Web, des cookies de tiers peuvent \u00e9galement \u00eatre install\u00e9s (par exemple, en cliquant sur les boutons de r\u00e9seaux sociaux ou en visionnant des vid\u00e9os h\u00e9berg\u00e9es dans un autre site Web), qui sont \u00e9tablis par un domaine diff\u00e9rent de notre site Web. Nous ne pouvons pas avoir acc\u00e8s aux donn\u00e9es stock\u00e9es dans les cookies d\u2019autres sites Web lors de\u00a0 la navigation dans les sites Web cit\u00e9s.<\/li>\r\n<\/ul>\r\nNaviguer dans ce portail Web suppose les types de Cookies suivants puissent \u00eatre install\u00e9s\u00a0:\r\n<figure class=\"wp-block-table\">\r\n<table>\r\n<tbody>\r\n<tr>\r\n<td>TYPE DE COOKIE<\/td>\r\n<td class=\"has-text-align-left\" data-align=\"left\">DESCRIPTION<\/td>\r\n<td class=\"has-text-align-left\" data-align=\"left\">EXEMPLE D\u2019UTILISATION<\/td>\r\n<\/tr>\r\n<tr>\r\n<td>DE RENDEMENT<\/td>\r\n<td class=\"has-text-align-left\" data-align=\"left\">Ces cookies s\u2019utilisent pour am\u00e9liorer votre exp\u00e9rience de navigation et optimiser le fonctionnement de nos sites Web.\r\nIls emmagasinent des configurations de services pour que vous ne soyez pas oblig\u00e9 de les reconfigurer \u00e0 chaque fois que vous nous rendrez visite.<\/td>\r\n<td class=\"has-text-align-left\" data-align=\"left\">\u2022 Ajustement du volume de reproduction de la vid\u00e9o et du son.\r\n\u2022 Vitesses de transmission de vid\u00e9os optimales.\r\n\u2022 Emmagasine l\u2019achat effectu\u00e9 dans un \u201cpanier\u201d dans le cadre des services d\u2019E-commerce.<\/td>\r\n<\/tr>\r\n<tr>\r\n<td>DE G\u00c9OLOCALISATION<\/td>\r\n<td class=\"has-text-align-left\" data-align=\"left\">Ces cookies s\u2019utilisent pour stocker des donn\u00e9es de g\u00e9olocalisation de l\u2019ordinateur ou des dispositifs pour vous proposer des contenus et des services mieux adapt\u00e9s.<\/td>\r\n<td class=\"has-text-align-left\" data-align=\"left\">Contenus ajust\u00e9s au pays, \u00e0 la ville, \u00e0 la langue, etc.<\/td>\r\n<\/tr>\r\n<tr>\r\n<td>DE REGISTRE<\/td>\r\n<td class=\"has-text-align-left\" data-align=\"left\">Les cookies de registre sont cr\u00e9\u00e9s lors de l\u2019enregistrement ou de la connexion sur l\u2019un de nos portails Web.<\/td>\r\n<td class=\"has-text-align-left\" data-align=\"left\">\u2022 Vous pouvez rester identifi\u00e9 m\u00eame si vous fermez le navigateur. Vous resterez donc identifi\u00e9, \u00e0 moins que vous ne vous d\u00e9connectiez ou fermiez la session.\r\n\u2022 Pour acc\u00e9der \u00e0 certaines zones de nos portails Web, par exemple pour participer \u00e0 un concours.<\/td>\r\n<\/tr>\r\n<tr>\r\n<td>ANALYTIQUES<\/td>\r\n<td class=\"has-text-align-left\" data-align=\"left\">Ces cookies collectent des informations concernant votre exp\u00e9rience de navigation sur nos portails Web de fa\u00e7on totalement anonyme.<\/td>\r\n<td class=\"has-text-align-left\" data-align=\"left\">\u2022 Nous pouvons comptabiliser le nombre de visiteurs\r\n\u2022 Nous pouvons savoir si l\u2019utilisateur renouvelle la visite\r\n\u2022 Ces informations peuvent nous aider \u00e0 am\u00e9liorer la navigation et le service<\/td>\r\n<\/tr>\r\n<tr>\r\n<td>DE PUBLICIT\u00c9<\/td>\r\n<td class=\"has-text-align-left\" data-align=\"left\">Ces cookies collectent des informations sur les publicit\u00e9s montr\u00e9es \u00e0 chacun des utilisateurs anonymes dans les portails Web<\/td>\r\n<td class=\"has-text-align-left\" data-align=\"left\">\u2022 Adapter la publicit\u00e9 au type de dispositif depuis lequel l\u2019utilisateur est connect\u00e9.\r\n\u2022 Proposer des publicit\u00e9s g\u00e9r\u00e9es \u00e0 travers des tiers qui sont montr\u00e9s sur la page en temps r\u00e9el<\/td>\r\n<\/tr>\r\n<\/tbody>\r\n<\/table>\r\n<\/figure>\t\t\t\t\t\t\t\t<\/div>\n\t\t\t\t\t<\/div>\n\t\t<\/div>\n\t\t\t\t\t<\/div>\n\t\t<\/section>\n\t\t\t\t<\/div>\n\t\t","protected":false},"excerpt":{"rendered":"<p>Nous utilisons des cookies propres et des cookies de tiers pour am\u00e9liorer l\u2019exp\u00e9rience de navigation de l\u2019utilisateur et pour effectuer des analyses statistiques sur son utilisation. Si vous continuez \u00e0 naviguer, nous consid\u00e9rons que vous acceptez leur utilisation. Vous pouvez changer la configuration ou obtenir plus d\u2019informations \u2018ici\u2019. Concept de Cookies Les cookies constituent un [&hellip;]<\/p>\n","protected":false},"author":1,"featured_media":0,"parent":0,"menu_order":0,"comment_status":"closed","ping_status":"closed","template":"","meta":{"_acf_changed":false,"_monsterinsights_skip_tracking":false,"_monsterinsights_sitenote_active":false,"_monsterinsights_sitenote_note":"","_monsterinsights_sitenote_category":0,"_uf_show_specific_survey":0,"_uf_disable_surveys":false,"title_news":"","footnotes":""},"class_list":["post-20836","page","type-page","status-publish","hentry"],"acf":[],"yoast_head":"<!-- This site is optimized with the Yoast SEO plugin v27.5 - https:\/\/yoast.com\/product\/yoast-seo-wordpress\/ -->\n<title>Politique de Cookies - AR Shelving, metal shelving for DIY and trade<\/title>\n<meta name=\"robots\" content=\"index, follow, max-snippet:-1, max-image-preview:large, max-video-preview:-1\" \/>\n<link rel=\"canonical\" href=\"https:\/\/www.ar-shelving.com\/fr\/politique-de-cookies\/\" \/>\n<meta property=\"og:locale\" content=\"fr_FR\" \/>\n<meta property=\"og:type\" content=\"article\" \/>\n<meta property=\"og:title\" content=\"Politique de Cookies - AR Shelving, metal shelving for DIY and trade\" \/>\n<meta property=\"og:description\" content=\"Nous utilisons des cookies propres et des cookies de tiers pour am\u00e9liorer l\u2019exp\u00e9rience de navigation de l\u2019utilisateur et pour effectuer des analyses statistiques sur son utilisation. Si vous continuez \u00e0 naviguer, nous consid\u00e9rons que vous acceptez leur utilisation. Vous pouvez changer la configuration ou obtenir plus d\u2019informations \u2018ici\u2019. Concept de Cookies Les cookies constituent un [&hellip;]\" \/>\n<meta property=\"og:url\" content=\"https:\/\/www.ar-shelving.com\/fr\/politique-de-cookies\/\" \/>\n<meta property=\"og:site_name\" content=\"AR Shelving, metal shelving for DIY and trade\" \/>\n<meta property=\"article:publisher\" content=\"https:\/\/www.facebook.com\/MetallicShelving\" \/>\n<meta property=\"article:modified_time\" content=\"2023-04-20T11:15:39+00:00\" \/>\n<meta name=\"twitter:card\" content=\"summary_large_image\" \/>\n<meta name=\"twitter:label1\" content=\"Dur\u00e9e de lecture estim\u00e9e\" \/>\n\t<meta name=\"twitter:data1\" content=\"6 minutes\" \/>\n<script type=\"application\/ld+json\" class=\"yoast-schema-graph\">{\"@context\":\"https:\\\/\\\/schema.org\",\"@graph\":[{\"@type\":\"WebPage\",\"@id\":\"https:\\\/\\\/www.ar-shelving.com\\\/fr\\\/politique-de-cookies\\\/\",\"url\":\"https:\\\/\\\/www.ar-shelving.com\\\/fr\\\/politique-de-cookies\\\/\",\"name\":\"Politique de Cookies - AR Shelving, metal shelving for DIY and trade\",\"isPartOf\":{\"@id\":\"https:\\\/\\\/www.ar-shelving.com\\\/fr\\\/#website\"},\"datePublished\":\"2023-04-20T10:49:20+00:00\",\"dateModified\":\"2023-04-20T11:15:39+00:00\",\"inLanguage\":\"fr-FR\",\"potentialAction\":[{\"@type\":\"ReadAction\",\"target\":[\"https:\\\/\\\/www.ar-shelving.com\\\/fr\\\/politique-de-cookies\\\/\"]}]},{\"@type\":\"WebSite\",\"@id\":\"https:\\\/\\\/www.ar-shelving.com\\\/fr\\\/#website\",\"url\":\"https:\\\/\\\/www.ar-shelving.com\\\/fr\\\/\",\"name\":\"AR Shelving, metal shelving for DIY, trade and industries\",\"description\":\"metal shelving\",\"publisher\":{\"@id\":\"https:\\\/\\\/www.ar-shelving.com\\\/fr\\\/#organization\"},\"potentialAction\":[{\"@type\":\"SearchAction\",\"target\":{\"@type\":\"EntryPoint\",\"urlTemplate\":\"https:\\\/\\\/www.ar-shelving.com\\\/fr\\\/?s={search_term_string}\"},\"query-input\":{\"@type\":\"PropertyValueSpecification\",\"valueRequired\":true,\"valueName\":\"search_term_string\"}}],\"inLanguage\":\"fr-FR\"},{\"@type\":\"Organization\",\"@id\":\"https:\\\/\\\/www.ar-shelving.com\\\/fr\\\/#organization\",\"name\":\"AR Shelving S.A.\",\"url\":\"https:\\\/\\\/www.ar-shelving.com\\\/fr\\\/\",\"logo\":{\"@type\":\"ImageObject\",\"inLanguage\":\"fr-FR\",\"@id\":\"https:\\\/\\\/www.ar-shelving.com\\\/fr\\\/#\\\/schema\\\/logo\\\/image\\\/\",\"url\":\"https:\\\/\\\/www.ar-shelving.com\\\/wp-content\\\/uploads\\\/2022\\\/06\\\/Grupo-389.png\",\"contentUrl\":\"https:\\\/\\\/www.ar-shelving.com\\\/wp-content\\\/uploads\\\/2022\\\/06\\\/Grupo-389.png\",\"width\":251,\"height\":43,\"caption\":\"AR Shelving S.A.\"},\"image\":{\"@id\":\"https:\\\/\\\/www.ar-shelving.com\\\/fr\\\/#\\\/schema\\\/logo\\\/image\\\/\"},\"sameAs\":[\"https:\\\/\\\/www.facebook.com\\\/MetallicShelving\",\"https:\\\/\\\/www.linkedin.com\\\/company\\\/arshelving\\\/\",\"https:\\\/\\\/www.instagram.com\\\/ar_shelving\\\/\",\"https:\\\/\\\/www.youtube.com\\\/user\\\/ARstorage\",\"https:\\\/\\\/www.pinterest.es\\\/arshelving\\\/\"]}]}<\/script>\n<!-- \/ Yoast SEO plugin. -->","yoast_head_json":{"title":"Politique de Cookies - AR Shelving, metal shelving for DIY and trade","robots":{"index":"index","follow":"follow","max-snippet":"max-snippet:-1","max-image-preview":"max-image-preview:large","max-video-preview":"max-video-preview:-1"},"canonical":"https:\/\/www.ar-shelving.com\/fr\/politique-de-cookies\/","og_locale":"fr_FR","og_type":"article","og_title":"Politique de Cookies - AR Shelving, metal shelving for DIY and trade","og_description":"Nous utilisons des cookies propres et des cookies de tiers pour am\u00e9liorer l\u2019exp\u00e9rience de navigation de l\u2019utilisateur et pour effectuer des analyses statistiques sur son utilisation. Si vous continuez \u00e0 naviguer, nous consid\u00e9rons que vous acceptez leur utilisation. Vous pouvez changer la configuration ou obtenir plus d\u2019informations \u2018ici\u2019. Concept de Cookies Les cookies constituent un [&hellip;]","og_url":"https:\/\/www.ar-shelving.com\/fr\/politique-de-cookies\/","og_site_name":"AR Shelving, metal shelving for DIY and trade","article_publisher":"https:\/\/www.facebook.com\/MetallicShelving","article_modified_time":"2023-04-20T11:15:39+00:00","twitter_card":"summary_large_image","twitter_misc":{"Dur\u00e9e de lecture estim\u00e9e":"6 minutes"},"schema":{"@context":"https:\/\/schema.org","@graph":[{"@type":"WebPage","@id":"https:\/\/www.ar-shelving.com\/fr\/politique-de-cookies\/","url":"https:\/\/www.ar-shelving.com\/fr\/politique-de-cookies\/","name":"Politique de Cookies - AR Shelving, metal shelving for DIY and trade","isPartOf":{"@id":"https:\/\/www.ar-shelving.com\/fr\/#website"},"datePublished":"2023-04-20T10:49:20+00:00","dateModified":"2023-04-20T11:15:39+00:00","inLanguage":"fr-FR","potentialAction":[{"@type":"ReadAction","target":["https:\/\/www.ar-shelving.com\/fr\/politique-de-cookies\/"]}]},{"@type":"WebSite","@id":"https:\/\/www.ar-shelving.com\/fr\/#website","url":"https:\/\/www.ar-shelving.com\/fr\/","name":"AR Shelving, metal shelving for DIY, trade and industries","description":"metal shelving","publisher":{"@id":"https:\/\/www.ar-shelving.com\/fr\/#organization"},"potentialAction":[{"@type":"SearchAction","target":{"@type":"EntryPoint","urlTemplate":"https:\/\/www.ar-shelving.com\/fr\/?s={search_term_string}"},"query-input":{"@type":"PropertyValueSpecification","valueRequired":true,"valueName":"search_term_string"}}],"inLanguage":"fr-FR"},{"@type":"Organization","@id":"https:\/\/www.ar-shelving.com\/fr\/#organization","name":"AR Shelving S.A.","url":"https:\/\/www.ar-shelving.com\/fr\/","logo":{"@type":"ImageObject","inLanguage":"fr-FR","@id":"https:\/\/www.ar-shelving.com\/fr\/#\/schema\/logo\/image\/","url":"https:\/\/www.ar-shelving.com\/wp-content\/uploads\/2022\/06\/Grupo-389.png","contentUrl":"https:\/\/www.ar-shelving.com\/wp-content\/uploads\/2022\/06\/Grupo-389.png","width":251,"height":43,"caption":"AR Shelving S.A."},"image":{"@id":"https:\/\/www.ar-shelving.com\/fr\/#\/schema\/logo\/image\/"},"sameAs":["https:\/\/www.facebook.com\/MetallicShelving","https:\/\/www.linkedin.com\/company\/arshelving\/","https:\/\/www.instagram.com\/ar_shelving\/","https:\/\/www.youtube.com\/user\/ARstorage","https:\/\/www.pinterest.es\/arshelving\/"]}]}},"_links":{"self":[{"href":"https:\/\/www.ar-shelving.com\/fr\/wp-json\/wp\/v2\/pages\/20836","targetHints":{"allow":["GET"]}}],"collection":[{"href":"https:\/\/www.ar-shelving.com\/fr\/wp-json\/wp\/v2\/pages"}],"about":[{"href":"https:\/\/www.ar-shelving.com\/fr\/wp-json\/wp\/v2\/types\/page"}],"author":[{"embeddable":true,"href":"https:\/\/www.ar-shelving.com\/fr\/wp-json\/wp\/v2\/users\/1"}],"replies":[{"embeddable":true,"href":"https:\/\/www.ar-shelving.com\/fr\/wp-json\/wp\/v2\/comments?post=20836"}],"version-history":[{"count":0,"href":"https:\/\/www.ar-shelving.com\/fr\/wp-json\/wp\/v2\/pages\/20836\/revisions"}],"wp:attachment":[{"href":"https:\/\/www.ar-shelving.com\/fr\/wp-json\/wp\/v2\/media?parent=20836"}],"curies":[{"name":"wp","href":"https:\/\/api.w.org\/{rel}","templated":true}]}}