{"id":22760,"date":"2022-06-20T12:07:55","date_gmt":"2022-06-20T10:07:55","guid":{"rendered":"https:\/\/www.ar-shelving.com\/metal-shelves\/wire-rivet\/"},"modified":"2025-07-07T12:08:10","modified_gmt":"2025-07-07T10:08:10","slug":"wire-rivet","status":"publish","type":"product","link":"https:\/\/www.ar-shelving.com\/fr\/metal-shelves\/wire-rivet\/","title":{"rendered":"Wire Rivet"},"content":{"rendered":"<p>Rayonnage m\u00e9tallique galvanis\u00e9 avec caillebotis AR Shelving<\/p>\n","protected":false},"excerpt":{"rendered":"<p>L&#8217;\u00e9tag\u00e8re m\u00e9tallique galvanis\u00e9e avec caillebotis est extr\u00eamement solide, facile \u00e0 nettoyer et r\u00e9sistante \u00e0 la rouille. C&#8217;est la solution parfaite pour stocker des liquides et organiser des outils, des machines et d&#8217;autres accessoires dans le garage, le sous-sol, le cellier, le d\u00e9barras, l&#8217;entrep\u00f4t, l&#8217;atelier ou tout autre type d&#8217;entreprise.<\/p>\n","protected":false},"featured_media":19158,"comment_status":"open","ping_status":"closed","template":"","meta":{"_acf_changed":false,"_monsterinsights_skip_tracking":false,"_monsterinsights_sitenote_active":false,"_monsterinsights_sitenote_note":"","_monsterinsights_sitenote_category":0,"_uf_show_specific_survey":0,"_uf_disable_surveys":false,"title_news":""},"product_brand":[],"product_cat":[1444,632],"product_tag":[],"class_list":{"0":"post-22760","1":"product","2":"type-product","3":"status-publish","4":"has-post-thumbnail","6":"product_cat-exterieur","7":"product_cat-garage","9":"first","10":"instock","11":"taxable","12":"shipping-taxable","13":"product-type-simple"},"acf":[],"yoast_head":"<!-- This site is optimized with the Yoast SEO plugin v27.4 - https:\/\/yoast.com\/product\/yoast-seo-wordpress\/ -->\n<title>Wire Rivet - Rayonnage m\u00e9tallique galvanis\u00e9 avec caillebotis<\/title>\n<meta name=\"description\" content=\"Fabriqu\u00e9 en acier lamin\u00e9 \u00e0 froid avec des niveaux en treillis m\u00e9tallique \u00e9lectrosoud\u00e9, qui offrent une plus grande r\u00e9sistance.\" \/>\n<meta name=\"robots\" content=\"index, follow, max-snippet:-1, max-image-preview:large, max-video-preview:-1\" \/>\n<link rel=\"canonical\" href=\"https:\/\/www.ar-shelving.com\/fr\/metal-shelves\/wire-rivet\/\" \/>\n<meta property=\"og:locale\" content=\"fr_FR\" \/>\n<meta property=\"og:type\" content=\"article\" \/>\n<meta property=\"og:title\" content=\"Wire Rivet - Rayonnage m\u00e9tallique galvanis\u00e9 avec caillebotis\" \/>\n<meta property=\"og:description\" content=\"Fabriqu\u00e9 en acier lamin\u00e9 \u00e0 froid avec des niveaux en treillis m\u00e9tallique \u00e9lectrosoud\u00e9, qui offrent une plus grande r\u00e9sistance.\" \/>\n<meta property=\"og:url\" content=\"https:\/\/www.ar-shelving.com\/fr\/metal-shelves\/wire-rivet\/\" \/>\n<meta property=\"og:site_name\" content=\"AR Shelving, metal shelving for DIY and trade\" \/>\n<meta property=\"article:publisher\" content=\"https:\/\/www.facebook.com\/MetallicShelving\" \/>\n<meta property=\"article:modified_time\" content=\"2025-07-07T10:08:10+00:00\" \/>\n<meta property=\"og:image\" content=\"https:\/\/www.ar-shelving.com\/wp-content\/uploads\/2022\/06\/WIRE_M_GALVA_4L-3-e1677696714936.jpg\" \/>\n\t<meta property=\"og:image:width\" content=\"500\" \/>\n\t<meta property=\"og:image:height\" content=\"667\" \/>\n\t<meta property=\"og:image:type\" content=\"image\/jpeg\" \/>\n<meta name=\"twitter:card\" content=\"summary_large_image\" \/>\n<meta name=\"twitter:label1\" content=\"Dur\u00e9e de lecture estim\u00e9e\" \/>\n\t<meta name=\"twitter:data1\" content=\"1 minute\" \/>\n<script type=\"application\/ld+json\" class=\"yoast-schema-graph\">{\"@context\":\"https:\\\/\\\/schema.org\",\"@graph\":[{\"@type\":\"WebPage\",\"@id\":\"https:\\\/\\\/www.ar-shelving.com\\\/fr\\\/metal-shelves\\\/wire-rivet\\\/\",\"url\":\"https:\\\/\\\/www.ar-shelving.com\\\/fr\\\/metal-shelves\\\/wire-rivet\\\/\",\"name\":\"Wire Rivet - Rayonnage m\u00e9tallique galvanis\u00e9 avec caillebotis\",\"isPartOf\":{\"@id\":\"https:\\\/\\\/www.ar-shelving.com\\\/#website\"},\"primaryImageOfPage\":{\"@id\":\"https:\\\/\\\/www.ar-shelving.com\\\/fr\\\/metal-shelves\\\/wire-rivet\\\/#primaryimage\"},\"image\":{\"@id\":\"https:\\\/\\\/www.ar-shelving.com\\\/fr\\\/metal-shelves\\\/wire-rivet\\\/#primaryimage\"},\"thumbnailUrl\":\"https:\\\/\\\/www.ar-shelving.com\\\/wp-content\\\/uploads\\\/2022\\\/06\\\/WIRE_M_GALVA_4L-3-e1677696714936.jpg\",\"datePublished\":\"2022-06-20T10:07:55+00:00\",\"dateModified\":\"2025-07-07T10:08:10+00:00\",\"description\":\"Fabriqu\u00e9 en acier lamin\u00e9 \u00e0 froid avec des niveaux en treillis m\u00e9tallique \u00e9lectrosoud\u00e9, qui offrent une plus grande r\u00e9sistance.\",\"breadcrumb\":{\"@id\":\"https:\\\/\\\/www.ar-shelving.com\\\/fr\\\/metal-shelves\\\/wire-rivet\\\/#breadcrumb\"},\"inLanguage\":\"fr-FR\",\"potentialAction\":[{\"@type\":\"ReadAction\",\"target\":[\"https:\\\/\\\/www.ar-shelving.com\\\/fr\\\/metal-shelves\\\/wire-rivet\\\/\"]}]},{\"@type\":\"ImageObject\",\"inLanguage\":\"fr-FR\",\"@id\":\"https:\\\/\\\/www.ar-shelving.com\\\/fr\\\/metal-shelves\\\/wire-rivet\\\/#primaryimage\",\"url\":\"https:\\\/\\\/www.ar-shelving.com\\\/wp-content\\\/uploads\\\/2022\\\/06\\\/WIRE_M_GALVA_4L-3-e1677696714936.jpg\",\"contentUrl\":\"https:\\\/\\\/www.ar-shelving.com\\\/wp-content\\\/uploads\\\/2022\\\/06\\\/WIRE_M_GALVA_4L-3-e1677696714936.jpg\",\"width\":500,\"height\":667},{\"@type\":\"BreadcrumbList\",\"@id\":\"https:\\\/\\\/www.ar-shelving.com\\\/fr\\\/metal-shelves\\\/wire-rivet\\\/#breadcrumb\",\"itemListElement\":[{\"@type\":\"ListItem\",\"position\":1,\"name\":\"Products\",\"item\":\"https:\\\/\\\/www.ar-shelving.com\\\/shop\\\/\"},{\"@type\":\"ListItem\",\"position\":2,\"name\":\"Wire Rivet\"}]},{\"@type\":\"WebSite\",\"@id\":\"https:\\\/\\\/www.ar-shelving.com\\\/#website\",\"url\":\"https:\\\/\\\/www.ar-shelving.com\\\/\",\"name\":\"AR Shelving, metal shelving for DIY, trade and industries\",\"description\":\"metal shelving\",\"publisher\":{\"@id\":\"https:\\\/\\\/www.ar-shelving.com\\\/#organization\"},\"potentialAction\":[{\"@type\":\"SearchAction\",\"target\":{\"@type\":\"EntryPoint\",\"urlTemplate\":\"https:\\\/\\\/www.ar-shelving.com\\\/?s={search_term_string}\"},\"query-input\":{\"@type\":\"PropertyValueSpecification\",\"valueRequired\":true,\"valueName\":\"search_term_string\"}}],\"inLanguage\":\"fr-FR\"},{\"@type\":\"Organization\",\"@id\":\"https:\\\/\\\/www.ar-shelving.com\\\/#organization\",\"name\":\"AR Shelving S.A.\",\"url\":\"https:\\\/\\\/www.ar-shelving.com\\\/\",\"logo\":{\"@type\":\"ImageObject\",\"inLanguage\":\"fr-FR\",\"@id\":\"https:\\\/\\\/www.ar-shelving.com\\\/#\\\/schema\\\/logo\\\/image\\\/\",\"url\":\"https:\\\/\\\/www.ar-shelving.com\\\/wp-content\\\/uploads\\\/2022\\\/06\\\/Grupo-389.png\",\"contentUrl\":\"https:\\\/\\\/www.ar-shelving.com\\\/wp-content\\\/uploads\\\/2022\\\/06\\\/Grupo-389.png\",\"width\":251,\"height\":43,\"caption\":\"AR Shelving S.A.\"},\"image\":{\"@id\":\"https:\\\/\\\/www.ar-shelving.com\\\/#\\\/schema\\\/logo\\\/image\\\/\"},\"sameAs\":[\"https:\\\/\\\/www.facebook.com\\\/MetallicShelving\",\"https:\\\/\\\/www.linkedin.com\\\/company\\\/arshelving\\\/\",\"https:\\\/\\\/www.instagram.com\\\/ar_shelving\\\/\",\"https:\\\/\\\/www.youtube.com\\\/user\\\/ARstorage\",\"https:\\\/\\\/www.pinterest.es\\\/arshelving\\\/\"]}]}<\/script>\n<!-- \/ Yoast SEO plugin. -->","yoast_head_json":{"title":"Wire Rivet - Rayonnage m\u00e9tallique galvanis\u00e9 avec caillebotis","description":"Fabriqu\u00e9 en acier lamin\u00e9 \u00e0 froid avec des niveaux en treillis m\u00e9tallique \u00e9lectrosoud\u00e9, qui offrent une plus grande r\u00e9sistance.","robots":{"index":"index","follow":"follow","max-snippet":"max-snippet:-1","max-image-preview":"max-image-preview:large","max-video-preview":"max-video-preview:-1"},"canonical":"https:\/\/www.ar-shelving.com\/fr\/metal-shelves\/wire-rivet\/","og_locale":"fr_FR","og_type":"article","og_title":"Wire Rivet - Rayonnage m\u00e9tallique galvanis\u00e9 avec caillebotis","og_description":"Fabriqu\u00e9 en acier lamin\u00e9 \u00e0 froid avec des niveaux en treillis m\u00e9tallique \u00e9lectrosoud\u00e9, qui offrent une plus grande r\u00e9sistance.","og_url":"https:\/\/www.ar-shelving.com\/fr\/metal-shelves\/wire-rivet\/","og_site_name":"AR Shelving, metal shelving for DIY and trade","article_publisher":"https:\/\/www.facebook.com\/MetallicShelving","article_modified_time":"2025-07-07T10:08:10+00:00","og_image":[{"width":500,"height":667,"url":"https:\/\/www.ar-shelving.com\/wp-content\/uploads\/2022\/06\/WIRE_M_GALVA_4L-3-e1677696714936.jpg","type":"image\/jpeg"}],"twitter_card":"summary_large_image","twitter_misc":{"Dur\u00e9e de lecture estim\u00e9e":"1 minute"},"schema":{"@context":"https:\/\/schema.org","@graph":[{"@type":"WebPage","@id":"https:\/\/www.ar-shelving.com\/fr\/metal-shelves\/wire-rivet\/","url":"https:\/\/www.ar-shelving.com\/fr\/metal-shelves\/wire-rivet\/","name":"Wire Rivet - Rayonnage m\u00e9tallique galvanis\u00e9 avec caillebotis","isPartOf":{"@id":"https:\/\/www.ar-shelving.com\/#website"},"primaryImageOfPage":{"@id":"https:\/\/www.ar-shelving.com\/fr\/metal-shelves\/wire-rivet\/#primaryimage"},"image":{"@id":"https:\/\/www.ar-shelving.com\/fr\/metal-shelves\/wire-rivet\/#primaryimage"},"thumbnailUrl":"https:\/\/www.ar-shelving.com\/wp-content\/uploads\/2022\/06\/WIRE_M_GALVA_4L-3-e1677696714936.jpg","datePublished":"2022-06-20T10:07:55+00:00","dateModified":"2025-07-07T10:08:10+00:00","description":"Fabriqu\u00e9 en acier lamin\u00e9 \u00e0 froid avec des niveaux en treillis m\u00e9tallique \u00e9lectrosoud\u00e9, qui offrent une plus grande r\u00e9sistance.","breadcrumb":{"@id":"https:\/\/www.ar-shelving.com\/fr\/metal-shelves\/wire-rivet\/#breadcrumb"},"inLanguage":"fr-FR","potentialAction":[{"@type":"ReadAction","target":["https:\/\/www.ar-shelving.com\/fr\/metal-shelves\/wire-rivet\/"]}]},{"@type":"ImageObject","inLanguage":"fr-FR","@id":"https:\/\/www.ar-shelving.com\/fr\/metal-shelves\/wire-rivet\/#primaryimage","url":"https:\/\/www.ar-shelving.com\/wp-content\/uploads\/2022\/06\/WIRE_M_GALVA_4L-3-e1677696714936.jpg","contentUrl":"https:\/\/www.ar-shelving.com\/wp-content\/uploads\/2022\/06\/WIRE_M_GALVA_4L-3-e1677696714936.jpg","width":500,"height":667},{"@type":"BreadcrumbList","@id":"https:\/\/www.ar-shelving.com\/fr\/metal-shelves\/wire-rivet\/#breadcrumb","itemListElement":[{"@type":"ListItem","position":1,"name":"Products","item":"https:\/\/www.ar-shelving.com\/shop\/"},{"@type":"ListItem","position":2,"name":"Wire Rivet"}]},{"@type":"WebSite","@id":"https:\/\/www.ar-shelving.com\/#website","url":"https:\/\/www.ar-shelving.com\/","name":"AR Shelving, metal shelving for DIY, trade and industries","description":"metal shelving","publisher":{"@id":"https:\/\/www.ar-shelving.com\/#organization"},"potentialAction":[{"@type":"SearchAction","target":{"@type":"EntryPoint","urlTemplate":"https:\/\/www.ar-shelving.com\/?s={search_term_string}"},"query-input":{"@type":"PropertyValueSpecification","valueRequired":true,"valueName":"search_term_string"}}],"inLanguage":"fr-FR"},{"@type":"Organization","@id":"https:\/\/www.ar-shelving.com\/#organization","name":"AR Shelving S.A.","url":"https:\/\/www.ar-shelving.com\/","logo":{"@type":"ImageObject","inLanguage":"fr-FR","@id":"https:\/\/www.ar-shelving.com\/#\/schema\/logo\/image\/","url":"https:\/\/www.ar-shelving.com\/wp-content\/uploads\/2022\/06\/Grupo-389.png","contentUrl":"https:\/\/www.ar-shelving.com\/wp-content\/uploads\/2022\/06\/Grupo-389.png","width":251,"height":43,"caption":"AR Shelving S.A."},"image":{"@id":"https:\/\/www.ar-shelving.com\/#\/schema\/logo\/image\/"},"sameAs":["https:\/\/www.facebook.com\/MetallicShelving","https:\/\/www.linkedin.com\/company\/arshelving\/","https:\/\/www.instagram.com\/ar_shelving\/","https:\/\/www.youtube.com\/user\/ARstorage","https:\/\/www.pinterest.es\/arshelving\/"]}]}},"_links":{"self":[{"href":"https:\/\/www.ar-shelving.com\/fr\/wp-json\/wp\/v2\/product\/22760","targetHints":{"allow":["GET"]}}],"collection":[{"href":"https:\/\/www.ar-shelving.com\/fr\/wp-json\/wp\/v2\/product"}],"about":[{"href":"https:\/\/www.ar-shelving.com\/fr\/wp-json\/wp\/v2\/types\/product"}],"replies":[{"embeddable":true,"href":"https:\/\/www.ar-shelving.com\/fr\/wp-json\/wp\/v2\/comments?post=22760"}],"wp:featuredmedia":[{"embeddable":true,"href":"https:\/\/www.ar-shelving.com\/fr\/wp-json\/wp\/v2\/media\/19158"}],"wp:attachment":[{"href":"https:\/\/www.ar-shelving.com\/fr\/wp-json\/wp\/v2\/media?parent=22760"}],"wp:term":[{"taxonomy":"product_brand","embeddable":true,"href":"https:\/\/www.ar-shelving.com\/fr\/wp-json\/wp\/v2\/product_brand?post=22760"},{"taxonomy":"product_cat","embeddable":true,"href":"https:\/\/www.ar-shelving.com\/fr\/wp-json\/wp\/v2\/product_cat?post=22760"},{"taxonomy":"product_tag","embeddable":true,"href":"https:\/\/www.ar-shelving.com\/fr\/wp-json\/wp\/v2\/product_tag?post=22760"}],"curies":[{"name":"wp","href":"https:\/\/api.w.org\/{rel}","templated":true}]}}