{"id":22772,"date":"2023-01-16T11:52:44","date_gmt":"2023-01-16T10:52:44","guid":{"rendered":"https:\/\/www.ar-shelving.com\/metal-shelves\/bullrack\/"},"modified":"2023-09-22T13:09:53","modified_gmt":"2023-09-22T11:09:53","slug":"bullrack","status":"publish","type":"product","link":"https:\/\/www.ar-shelving.com\/fr\/metal-shelves\/bullrack\/","title":{"rendered":"Bullrack"},"content":{"rendered":"<p>AR Shelving \u00e9tag\u00e8re m\u00e9tallique industrielle charges lourdes avec treillis m\u00e9tallique, sans boulons<\/p>\n","protected":false},"excerpt":{"rendered":"<p>\u00c9tag\u00e8res m\u00e9talliques professionnelles en kit avec grilles m\u00e9talliques \u00e9lectrosoud\u00e9es r\u00e9glables en hauteur, id\u00e9ales pour le stockage de liquides, de produits corrosifs et pour les zones humides. Convient pour le stockage dans les ateliers, les industries et les entrep\u00f4ts professionnels gr\u00e2ce \u00e0 ses grandes dimensions. \u00c9tag\u00e8res robustes avec une capacit\u00e9 de charge allant jusqu&#8217;\u00e0 800 kg\/1763 lb par niveau (charge uniform\u00e9ment r\u00e9partie). Montage simple et rapide sans vis.<\/p>\n","protected":false},"featured_media":19337,"comment_status":"open","ping_status":"closed","template":"","meta":{"_acf_changed":false,"_monsterinsights_skip_tracking":false,"_monsterinsights_sitenote_active":false,"_monsterinsights_sitenote_note":"","_monsterinsights_sitenote_category":0,"_uf_show_specific_survey":0,"_uf_disable_surveys":false,"title_news":""},"product_brand":[],"product_cat":[690],"product_tag":[],"class_list":{"0":"post-22772","1":"product","2":"type-product","3":"status-publish","4":"has-post-thumbnail","6":"product_cat-atelier","8":"first","9":"instock","10":"taxable","11":"shipping-taxable","12":"product-type-simple"},"acf":[],"yoast_head":"<!-- This site is optimized with the Yoast SEO plugin v27.4 - https:\/\/yoast.com\/product\/yoast-seo-wordpress\/ -->\n<title>Bullrack - Decouvrir les plus produits<\/title>\n<meta name=\"description\" content=\"Convient pour le stockage dans les ateliers, les industries et les entrep\u00f4ts professionnels gr\u00e2ce \u00e0 ses grandes dimensions.\" \/>\n<meta name=\"robots\" content=\"index, follow, max-snippet:-1, max-image-preview:large, max-video-preview:-1\" \/>\n<link rel=\"canonical\" href=\"https:\/\/www.ar-shelving.com\/metal-shelves\/welded-rack\/\" \/>\n<meta property=\"og:locale\" content=\"fr_FR\" \/>\n<meta property=\"og:type\" content=\"article\" \/>\n<meta property=\"og:title\" content=\"Bullrack - Decouvrir les plus produits\" \/>\n<meta property=\"og:description\" content=\"Convient pour le stockage dans les ateliers, les industries et les entrep\u00f4ts professionnels gr\u00e2ce \u00e0 ses grandes dimensions.\" \/>\n<meta property=\"og:url\" content=\"https:\/\/www.ar-shelving.com\/metal-shelves\/welded-rack\/\" \/>\n<meta property=\"og:site_name\" content=\"AR Shelving, metal shelving for DIY and trade\" \/>\n<meta property=\"article:publisher\" content=\"https:\/\/www.facebook.com\/MetallicShelving\" \/>\n<meta property=\"article:modified_time\" content=\"2023-09-22T11:09:53+00:00\" \/>\n<meta property=\"og:image\" content=\"https:\/\/www.ar-shelving.com\/wp-content\/uploads\/2023\/01\/BULLRACK_4N-2.jpg\" \/>\n\t<meta property=\"og:image:width\" content=\"500\" \/>\n\t<meta property=\"og:image:height\" content=\"667\" \/>\n\t<meta property=\"og:image:type\" content=\"image\/jpeg\" \/>\n<meta name=\"twitter:card\" content=\"summary_large_image\" \/>\n<meta name=\"twitter:label1\" content=\"Dur\u00e9e de lecture estim\u00e9e\" \/>\n\t<meta name=\"twitter:data1\" content=\"1 minute\" \/>\n<script type=\"application\/ld+json\" class=\"yoast-schema-graph\">{\"@context\":\"https:\\\/\\\/schema.org\",\"@graph\":[{\"@type\":\"WebPage\",\"@id\":\"https:\\\/\\\/www.ar-shelving.com\\\/metal-shelves\\\/welded-rack\\\/\",\"url\":\"https:\\\/\\\/www.ar-shelving.com\\\/metal-shelves\\\/welded-rack\\\/\",\"name\":\"Bullrack - Decouvrir les plus produits\",\"isPartOf\":{\"@id\":\"https:\\\/\\\/www.ar-shelving.com\\\/#website\"},\"primaryImageOfPage\":{\"@id\":\"https:\\\/\\\/www.ar-shelving.com\\\/metal-shelves\\\/welded-rack\\\/#primaryimage\"},\"image\":{\"@id\":\"https:\\\/\\\/www.ar-shelving.com\\\/metal-shelves\\\/welded-rack\\\/#primaryimage\"},\"thumbnailUrl\":\"https:\\\/\\\/www.ar-shelving.com\\\/wp-content\\\/uploads\\\/2023\\\/01\\\/BULLRACK_4N-2.jpg\",\"datePublished\":\"2023-01-16T10:52:44+00:00\",\"dateModified\":\"2023-09-22T11:09:53+00:00\",\"description\":\"Convient pour le stockage dans les ateliers, les industries et les entrep\u00f4ts professionnels gr\u00e2ce \u00e0 ses grandes dimensions.\",\"breadcrumb\":{\"@id\":\"https:\\\/\\\/www.ar-shelving.com\\\/metal-shelves\\\/welded-rack\\\/#breadcrumb\"},\"inLanguage\":\"fr-FR\",\"potentialAction\":[{\"@type\":\"ReadAction\",\"target\":[\"https:\\\/\\\/www.ar-shelving.com\\\/metal-shelves\\\/welded-rack\\\/\"]}]},{\"@type\":\"ImageObject\",\"inLanguage\":\"fr-FR\",\"@id\":\"https:\\\/\\\/www.ar-shelving.com\\\/metal-shelves\\\/welded-rack\\\/#primaryimage\",\"url\":\"https:\\\/\\\/www.ar-shelving.com\\\/wp-content\\\/uploads\\\/2023\\\/01\\\/BULLRACK_4N-2.jpg\",\"contentUrl\":\"https:\\\/\\\/www.ar-shelving.com\\\/wp-content\\\/uploads\\\/2023\\\/01\\\/BULLRACK_4N-2.jpg\",\"width\":500,\"height\":667},{\"@type\":\"BreadcrumbList\",\"@id\":\"https:\\\/\\\/www.ar-shelving.com\\\/metal-shelves\\\/welded-rack\\\/#breadcrumb\",\"itemListElement\":[{\"@type\":\"ListItem\",\"position\":1,\"name\":\"Products\",\"item\":\"https:\\\/\\\/www.ar-shelving.com\\\/shop\\\/\"},{\"@type\":\"ListItem\",\"position\":2,\"name\":\"Bullrack\"}]},{\"@type\":\"WebSite\",\"@id\":\"https:\\\/\\\/www.ar-shelving.com\\\/#website\",\"url\":\"https:\\\/\\\/www.ar-shelving.com\\\/\",\"name\":\"AR Shelving, metal shelving for DIY, trade and industries\",\"description\":\"metal shelving\",\"publisher\":{\"@id\":\"https:\\\/\\\/www.ar-shelving.com\\\/#organization\"},\"potentialAction\":[{\"@type\":\"SearchAction\",\"target\":{\"@type\":\"EntryPoint\",\"urlTemplate\":\"https:\\\/\\\/www.ar-shelving.com\\\/?s={search_term_string}\"},\"query-input\":{\"@type\":\"PropertyValueSpecification\",\"valueRequired\":true,\"valueName\":\"search_term_string\"}}],\"inLanguage\":\"fr-FR\"},{\"@type\":\"Organization\",\"@id\":\"https:\\\/\\\/www.ar-shelving.com\\\/#organization\",\"name\":\"AR Shelving S.A.\",\"url\":\"https:\\\/\\\/www.ar-shelving.com\\\/\",\"logo\":{\"@type\":\"ImageObject\",\"inLanguage\":\"fr-FR\",\"@id\":\"https:\\\/\\\/www.ar-shelving.com\\\/#\\\/schema\\\/logo\\\/image\\\/\",\"url\":\"https:\\\/\\\/www.ar-shelving.com\\\/wp-content\\\/uploads\\\/2022\\\/06\\\/Grupo-389.png\",\"contentUrl\":\"https:\\\/\\\/www.ar-shelving.com\\\/wp-content\\\/uploads\\\/2022\\\/06\\\/Grupo-389.png\",\"width\":251,\"height\":43,\"caption\":\"AR Shelving S.A.\"},\"image\":{\"@id\":\"https:\\\/\\\/www.ar-shelving.com\\\/#\\\/schema\\\/logo\\\/image\\\/\"},\"sameAs\":[\"https:\\\/\\\/www.facebook.com\\\/MetallicShelving\",\"https:\\\/\\\/www.linkedin.com\\\/company\\\/arshelving\\\/\",\"https:\\\/\\\/www.instagram.com\\\/ar_shelving\\\/\",\"https:\\\/\\\/www.youtube.com\\\/user\\\/ARstorage\",\"https:\\\/\\\/www.pinterest.es\\\/arshelving\\\/\"]}]}<\/script>\n<!-- \/ Yoast SEO plugin. -->","yoast_head_json":{"title":"Bullrack - Decouvrir les plus produits","description":"Convient pour le stockage dans les ateliers, les industries et les entrep\u00f4ts professionnels gr\u00e2ce \u00e0 ses grandes dimensions.","robots":{"index":"index","follow":"follow","max-snippet":"max-snippet:-1","max-image-preview":"max-image-preview:large","max-video-preview":"max-video-preview:-1"},"canonical":"https:\/\/www.ar-shelving.com\/metal-shelves\/welded-rack\/","og_locale":"fr_FR","og_type":"article","og_title":"Bullrack - Decouvrir les plus produits","og_description":"Convient pour le stockage dans les ateliers, les industries et les entrep\u00f4ts professionnels gr\u00e2ce \u00e0 ses grandes dimensions.","og_url":"https:\/\/www.ar-shelving.com\/metal-shelves\/welded-rack\/","og_site_name":"AR Shelving, metal shelving for DIY and trade","article_publisher":"https:\/\/www.facebook.com\/MetallicShelving","article_modified_time":"2023-09-22T11:09:53+00:00","og_image":[{"width":500,"height":667,"url":"https:\/\/www.ar-shelving.com\/wp-content\/uploads\/2023\/01\/BULLRACK_4N-2.jpg","type":"image\/jpeg"}],"twitter_card":"summary_large_image","twitter_misc":{"Dur\u00e9e de lecture estim\u00e9e":"1 minute"},"schema":{"@context":"https:\/\/schema.org","@graph":[{"@type":"WebPage","@id":"https:\/\/www.ar-shelving.com\/metal-shelves\/welded-rack\/","url":"https:\/\/www.ar-shelving.com\/metal-shelves\/welded-rack\/","name":"Bullrack - Decouvrir les plus produits","isPartOf":{"@id":"https:\/\/www.ar-shelving.com\/#website"},"primaryImageOfPage":{"@id":"https:\/\/www.ar-shelving.com\/metal-shelves\/welded-rack\/#primaryimage"},"image":{"@id":"https:\/\/www.ar-shelving.com\/metal-shelves\/welded-rack\/#primaryimage"},"thumbnailUrl":"https:\/\/www.ar-shelving.com\/wp-content\/uploads\/2023\/01\/BULLRACK_4N-2.jpg","datePublished":"2023-01-16T10:52:44+00:00","dateModified":"2023-09-22T11:09:53+00:00","description":"Convient pour le stockage dans les ateliers, les industries et les entrep\u00f4ts professionnels gr\u00e2ce \u00e0 ses grandes dimensions.","breadcrumb":{"@id":"https:\/\/www.ar-shelving.com\/metal-shelves\/welded-rack\/#breadcrumb"},"inLanguage":"fr-FR","potentialAction":[{"@type":"ReadAction","target":["https:\/\/www.ar-shelving.com\/metal-shelves\/welded-rack\/"]}]},{"@type":"ImageObject","inLanguage":"fr-FR","@id":"https:\/\/www.ar-shelving.com\/metal-shelves\/welded-rack\/#primaryimage","url":"https:\/\/www.ar-shelving.com\/wp-content\/uploads\/2023\/01\/BULLRACK_4N-2.jpg","contentUrl":"https:\/\/www.ar-shelving.com\/wp-content\/uploads\/2023\/01\/BULLRACK_4N-2.jpg","width":500,"height":667},{"@type":"BreadcrumbList","@id":"https:\/\/www.ar-shelving.com\/metal-shelves\/welded-rack\/#breadcrumb","itemListElement":[{"@type":"ListItem","position":1,"name":"Products","item":"https:\/\/www.ar-shelving.com\/shop\/"},{"@type":"ListItem","position":2,"name":"Bullrack"}]},{"@type":"WebSite","@id":"https:\/\/www.ar-shelving.com\/#website","url":"https:\/\/www.ar-shelving.com\/","name":"AR Shelving, metal shelving for DIY, trade and industries","description":"metal shelving","publisher":{"@id":"https:\/\/www.ar-shelving.com\/#organization"},"potentialAction":[{"@type":"SearchAction","target":{"@type":"EntryPoint","urlTemplate":"https:\/\/www.ar-shelving.com\/?s={search_term_string}"},"query-input":{"@type":"PropertyValueSpecification","valueRequired":true,"valueName":"search_term_string"}}],"inLanguage":"fr-FR"},{"@type":"Organization","@id":"https:\/\/www.ar-shelving.com\/#organization","name":"AR Shelving S.A.","url":"https:\/\/www.ar-shelving.com\/","logo":{"@type":"ImageObject","inLanguage":"fr-FR","@id":"https:\/\/www.ar-shelving.com\/#\/schema\/logo\/image\/","url":"https:\/\/www.ar-shelving.com\/wp-content\/uploads\/2022\/06\/Grupo-389.png","contentUrl":"https:\/\/www.ar-shelving.com\/wp-content\/uploads\/2022\/06\/Grupo-389.png","width":251,"height":43,"caption":"AR Shelving S.A."},"image":{"@id":"https:\/\/www.ar-shelving.com\/#\/schema\/logo\/image\/"},"sameAs":["https:\/\/www.facebook.com\/MetallicShelving","https:\/\/www.linkedin.com\/company\/arshelving\/","https:\/\/www.instagram.com\/ar_shelving\/","https:\/\/www.youtube.com\/user\/ARstorage","https:\/\/www.pinterest.es\/arshelving\/"]}]}},"_links":{"self":[{"href":"https:\/\/www.ar-shelving.com\/fr\/wp-json\/wp\/v2\/product\/22772","targetHints":{"allow":["GET"]}}],"collection":[{"href":"https:\/\/www.ar-shelving.com\/fr\/wp-json\/wp\/v2\/product"}],"about":[{"href":"https:\/\/www.ar-shelving.com\/fr\/wp-json\/wp\/v2\/types\/product"}],"replies":[{"embeddable":true,"href":"https:\/\/www.ar-shelving.com\/fr\/wp-json\/wp\/v2\/comments?post=22772"}],"wp:featuredmedia":[{"embeddable":true,"href":"https:\/\/www.ar-shelving.com\/fr\/wp-json\/wp\/v2\/media\/19337"}],"wp:attachment":[{"href":"https:\/\/www.ar-shelving.com\/fr\/wp-json\/wp\/v2\/media?parent=22772"}],"wp:term":[{"taxonomy":"product_brand","embeddable":true,"href":"https:\/\/www.ar-shelving.com\/fr\/wp-json\/wp\/v2\/product_brand?post=22772"},{"taxonomy":"product_cat","embeddable":true,"href":"https:\/\/www.ar-shelving.com\/fr\/wp-json\/wp\/v2\/product_cat?post=22772"},{"taxonomy":"product_tag","embeddable":true,"href":"https:\/\/www.ar-shelving.com\/fr\/wp-json\/wp\/v2\/product_tag?post=22772"}],"curies":[{"name":"wp","href":"https:\/\/api.w.org\/{rel}","templated":true}]}}