{"id":22784,"date":"2023-01-13T14:55:15","date_gmt":"2023-01-13T13:55:15","guid":{"rendered":"https:\/\/www.ar-shelving.com\/metal-shelves\/office-easy\/"},"modified":"2023-06-15T15:44:16","modified_gmt":"2023-06-15T13:44:16","slug":"office-easy","status":"publish","type":"product","link":"https:\/\/www.ar-shelving.com\/fr\/metal-shelves\/office-easy\/","title":{"rendered":"Office Easy"},"content":{"rendered":"<p>AR Shelving \u00e9tag\u00e8re d\u00e9corative pour le bureau, 100% m\u00e9tal<\/p>\n","protected":false},"excerpt":{"rendered":"<p>Optimisation de l&#8217;espace de travail. Organisation et rangement du bureau avec une \u00e9tag\u00e8re d\u00e9corative 100% m\u00e9tal. Avec une capacit\u00e9 de charge allant jusqu&#8217;\u00e0 70 kg\/154 lb par niveau (charge uniform\u00e9ment r\u00e9partie). Parfait pour le stockage de classeurs.<\/p>\n","protected":false},"featured_media":17855,"comment_status":"open","ping_status":"closed","template":"","meta":{"_acf_changed":false,"_monsterinsights_skip_tracking":false,"_monsterinsights_sitenote_active":false,"_monsterinsights_sitenote_note":"","_monsterinsights_sitenote_category":0,"_uf_show_specific_survey":0,"_uf_disable_surveys":false,"title_news":""},"product_brand":[],"product_cat":[655],"product_tag":[],"class_list":{"0":"post-22784","1":"product","2":"type-product","3":"status-publish","4":"has-post-thumbnail","6":"product_cat-commerce","8":"first","9":"instock","10":"taxable","11":"shipping-taxable","12":"product-type-simple"},"acf":[],"yoast_head":"<!-- This site is optimized with the Yoast SEO plugin v27.4 - https:\/\/yoast.com\/product\/yoast-seo-wordpress\/ -->\n<title>AR Shelving \u00e9tag\u00e8re d\u00e9corative pour le bureau, 100% m\u00e9tal<\/title>\n<meta name=\"description\" content=\"Optimisation de l&#039;espace de travail. Organisation et rangement du bureau avec une \u00e9tag\u00e8re d\u00e9corative 100% m\u00e9tal.\" \/>\n<meta name=\"robots\" content=\"index, follow, max-snippet:-1, max-image-preview:large, max-video-preview:-1\" \/>\n<link rel=\"canonical\" href=\"https:\/\/www.ar-shelving.com\/metal-shelves\/office-easy\/\" \/>\n<meta property=\"og:locale\" content=\"fr_FR\" \/>\n<meta property=\"og:type\" content=\"article\" \/>\n<meta property=\"og:title\" content=\"AR Shelving \u00e9tag\u00e8re d\u00e9corative pour le bureau, 100% m\u00e9tal\" \/>\n<meta property=\"og:description\" content=\"Optimisation de l&#039;espace de travail. Organisation et rangement du bureau avec une \u00e9tag\u00e8re d\u00e9corative 100% m\u00e9tal.\" \/>\n<meta property=\"og:url\" content=\"https:\/\/www.ar-shelving.com\/metal-shelves\/office-easy\/\" \/>\n<meta property=\"og:site_name\" content=\"AR Shelving, metal shelving for DIY and trade\" \/>\n<meta property=\"article:publisher\" content=\"https:\/\/www.facebook.com\/MetallicShelving\" \/>\n<meta property=\"article:modified_time\" content=\"2023-06-15T13:44:16+00:00\" \/>\n<meta property=\"og:image\" content=\"https:\/\/www.ar-shelving.com\/wp-content\/uploads\/2023\/01\/OFFICE-EASY_-6N_SIDE-e1677498260345.jpg\" \/>\n\t<meta property=\"og:image:width\" content=\"500\" \/>\n\t<meta property=\"og:image:height\" content=\"667\" \/>\n\t<meta property=\"og:image:type\" content=\"image\/jpeg\" \/>\n<meta name=\"twitter:card\" content=\"summary_large_image\" \/>\n<meta name=\"twitter:label1\" content=\"Dur\u00e9e de lecture estim\u00e9e\" \/>\n\t<meta name=\"twitter:data1\" content=\"1 minute\" \/>\n<script type=\"application\/ld+json\" class=\"yoast-schema-graph\">{\"@context\":\"https:\\\/\\\/schema.org\",\"@graph\":[{\"@type\":\"WebPage\",\"@id\":\"https:\\\/\\\/www.ar-shelving.com\\\/metal-shelves\\\/office-easy\\\/\",\"url\":\"https:\\\/\\\/www.ar-shelving.com\\\/metal-shelves\\\/office-easy\\\/\",\"name\":\"AR Shelving \u00e9tag\u00e8re d\u00e9corative pour le bureau, 100% m\u00e9tal\",\"isPartOf\":{\"@id\":\"https:\\\/\\\/www.ar-shelving.com\\\/#website\"},\"primaryImageOfPage\":{\"@id\":\"https:\\\/\\\/www.ar-shelving.com\\\/metal-shelves\\\/office-easy\\\/#primaryimage\"},\"image\":{\"@id\":\"https:\\\/\\\/www.ar-shelving.com\\\/metal-shelves\\\/office-easy\\\/#primaryimage\"},\"thumbnailUrl\":\"https:\\\/\\\/www.ar-shelving.com\\\/wp-content\\\/uploads\\\/2023\\\/01\\\/OFFICE-EASY_-6N_SIDE-e1677498260345.jpg\",\"datePublished\":\"2023-01-13T13:55:15+00:00\",\"dateModified\":\"2023-06-15T13:44:16+00:00\",\"description\":\"Optimisation de l'espace de travail. Organisation et rangement du bureau avec une \u00e9tag\u00e8re d\u00e9corative 100% m\u00e9tal.\",\"breadcrumb\":{\"@id\":\"https:\\\/\\\/www.ar-shelving.com\\\/metal-shelves\\\/office-easy\\\/#breadcrumb\"},\"inLanguage\":\"fr-FR\",\"potentialAction\":[{\"@type\":\"ReadAction\",\"target\":[\"https:\\\/\\\/www.ar-shelving.com\\\/metal-shelves\\\/office-easy\\\/\"]}]},{\"@type\":\"ImageObject\",\"inLanguage\":\"fr-FR\",\"@id\":\"https:\\\/\\\/www.ar-shelving.com\\\/metal-shelves\\\/office-easy\\\/#primaryimage\",\"url\":\"https:\\\/\\\/www.ar-shelving.com\\\/wp-content\\\/uploads\\\/2023\\\/01\\\/OFFICE-EASY_-6N_SIDE-e1677498260345.jpg\",\"contentUrl\":\"https:\\\/\\\/www.ar-shelving.com\\\/wp-content\\\/uploads\\\/2023\\\/01\\\/OFFICE-EASY_-6N_SIDE-e1677498260345.jpg\",\"width\":500,\"height\":667},{\"@type\":\"BreadcrumbList\",\"@id\":\"https:\\\/\\\/www.ar-shelving.com\\\/metal-shelves\\\/office-easy\\\/#breadcrumb\",\"itemListElement\":[{\"@type\":\"ListItem\",\"position\":1,\"name\":\"Products\",\"item\":\"https:\\\/\\\/www.ar-shelving.com\\\/shop\\\/\"},{\"@type\":\"ListItem\",\"position\":2,\"name\":\"Office Easy\"}]},{\"@type\":\"WebSite\",\"@id\":\"https:\\\/\\\/www.ar-shelving.com\\\/#website\",\"url\":\"https:\\\/\\\/www.ar-shelving.com\\\/\",\"name\":\"AR Shelving, metal shelving for DIY, trade and industries\",\"description\":\"metal shelving\",\"publisher\":{\"@id\":\"https:\\\/\\\/www.ar-shelving.com\\\/#organization\"},\"potentialAction\":[{\"@type\":\"SearchAction\",\"target\":{\"@type\":\"EntryPoint\",\"urlTemplate\":\"https:\\\/\\\/www.ar-shelving.com\\\/?s={search_term_string}\"},\"query-input\":{\"@type\":\"PropertyValueSpecification\",\"valueRequired\":true,\"valueName\":\"search_term_string\"}}],\"inLanguage\":\"fr-FR\"},{\"@type\":\"Organization\",\"@id\":\"https:\\\/\\\/www.ar-shelving.com\\\/#organization\",\"name\":\"AR Shelving S.A.\",\"url\":\"https:\\\/\\\/www.ar-shelving.com\\\/\",\"logo\":{\"@type\":\"ImageObject\",\"inLanguage\":\"fr-FR\",\"@id\":\"https:\\\/\\\/www.ar-shelving.com\\\/#\\\/schema\\\/logo\\\/image\\\/\",\"url\":\"https:\\\/\\\/www.ar-shelving.com\\\/wp-content\\\/uploads\\\/2022\\\/06\\\/Grupo-389.png\",\"contentUrl\":\"https:\\\/\\\/www.ar-shelving.com\\\/wp-content\\\/uploads\\\/2022\\\/06\\\/Grupo-389.png\",\"width\":251,\"height\":43,\"caption\":\"AR Shelving S.A.\"},\"image\":{\"@id\":\"https:\\\/\\\/www.ar-shelving.com\\\/#\\\/schema\\\/logo\\\/image\\\/\"},\"sameAs\":[\"https:\\\/\\\/www.facebook.com\\\/MetallicShelving\",\"https:\\\/\\\/www.linkedin.com\\\/company\\\/arshelving\\\/\",\"https:\\\/\\\/www.instagram.com\\\/ar_shelving\\\/\",\"https:\\\/\\\/www.youtube.com\\\/user\\\/ARstorage\",\"https:\\\/\\\/www.pinterest.es\\\/arshelving\\\/\"]}]}<\/script>\n<!-- \/ Yoast SEO plugin. -->","yoast_head_json":{"title":"AR Shelving \u00e9tag\u00e8re d\u00e9corative pour le bureau, 100% m\u00e9tal","description":"Optimisation de l'espace de travail. Organisation et rangement du bureau avec une \u00e9tag\u00e8re d\u00e9corative 100% m\u00e9tal.","robots":{"index":"index","follow":"follow","max-snippet":"max-snippet:-1","max-image-preview":"max-image-preview:large","max-video-preview":"max-video-preview:-1"},"canonical":"https:\/\/www.ar-shelving.com\/metal-shelves\/office-easy\/","og_locale":"fr_FR","og_type":"article","og_title":"AR Shelving \u00e9tag\u00e8re d\u00e9corative pour le bureau, 100% m\u00e9tal","og_description":"Optimisation de l'espace de travail. Organisation et rangement du bureau avec une \u00e9tag\u00e8re d\u00e9corative 100% m\u00e9tal.","og_url":"https:\/\/www.ar-shelving.com\/metal-shelves\/office-easy\/","og_site_name":"AR Shelving, metal shelving for DIY and trade","article_publisher":"https:\/\/www.facebook.com\/MetallicShelving","article_modified_time":"2023-06-15T13:44:16+00:00","og_image":[{"width":500,"height":667,"url":"https:\/\/www.ar-shelving.com\/wp-content\/uploads\/2023\/01\/OFFICE-EASY_-6N_SIDE-e1677498260345.jpg","type":"image\/jpeg"}],"twitter_card":"summary_large_image","twitter_misc":{"Dur\u00e9e de lecture estim\u00e9e":"1 minute"},"schema":{"@context":"https:\/\/schema.org","@graph":[{"@type":"WebPage","@id":"https:\/\/www.ar-shelving.com\/metal-shelves\/office-easy\/","url":"https:\/\/www.ar-shelving.com\/metal-shelves\/office-easy\/","name":"AR Shelving \u00e9tag\u00e8re d\u00e9corative pour le bureau, 100% m\u00e9tal","isPartOf":{"@id":"https:\/\/www.ar-shelving.com\/#website"},"primaryImageOfPage":{"@id":"https:\/\/www.ar-shelving.com\/metal-shelves\/office-easy\/#primaryimage"},"image":{"@id":"https:\/\/www.ar-shelving.com\/metal-shelves\/office-easy\/#primaryimage"},"thumbnailUrl":"https:\/\/www.ar-shelving.com\/wp-content\/uploads\/2023\/01\/OFFICE-EASY_-6N_SIDE-e1677498260345.jpg","datePublished":"2023-01-13T13:55:15+00:00","dateModified":"2023-06-15T13:44:16+00:00","description":"Optimisation de l'espace de travail. Organisation et rangement du bureau avec une \u00e9tag\u00e8re d\u00e9corative 100% m\u00e9tal.","breadcrumb":{"@id":"https:\/\/www.ar-shelving.com\/metal-shelves\/office-easy\/#breadcrumb"},"inLanguage":"fr-FR","potentialAction":[{"@type":"ReadAction","target":["https:\/\/www.ar-shelving.com\/metal-shelves\/office-easy\/"]}]},{"@type":"ImageObject","inLanguage":"fr-FR","@id":"https:\/\/www.ar-shelving.com\/metal-shelves\/office-easy\/#primaryimage","url":"https:\/\/www.ar-shelving.com\/wp-content\/uploads\/2023\/01\/OFFICE-EASY_-6N_SIDE-e1677498260345.jpg","contentUrl":"https:\/\/www.ar-shelving.com\/wp-content\/uploads\/2023\/01\/OFFICE-EASY_-6N_SIDE-e1677498260345.jpg","width":500,"height":667},{"@type":"BreadcrumbList","@id":"https:\/\/www.ar-shelving.com\/metal-shelves\/office-easy\/#breadcrumb","itemListElement":[{"@type":"ListItem","position":1,"name":"Products","item":"https:\/\/www.ar-shelving.com\/shop\/"},{"@type":"ListItem","position":2,"name":"Office Easy"}]},{"@type":"WebSite","@id":"https:\/\/www.ar-shelving.com\/#website","url":"https:\/\/www.ar-shelving.com\/","name":"AR Shelving, metal shelving for DIY, trade and industries","description":"metal shelving","publisher":{"@id":"https:\/\/www.ar-shelving.com\/#organization"},"potentialAction":[{"@type":"SearchAction","target":{"@type":"EntryPoint","urlTemplate":"https:\/\/www.ar-shelving.com\/?s={search_term_string}"},"query-input":{"@type":"PropertyValueSpecification","valueRequired":true,"valueName":"search_term_string"}}],"inLanguage":"fr-FR"},{"@type":"Organization","@id":"https:\/\/www.ar-shelving.com\/#organization","name":"AR Shelving S.A.","url":"https:\/\/www.ar-shelving.com\/","logo":{"@type":"ImageObject","inLanguage":"fr-FR","@id":"https:\/\/www.ar-shelving.com\/#\/schema\/logo\/image\/","url":"https:\/\/www.ar-shelving.com\/wp-content\/uploads\/2022\/06\/Grupo-389.png","contentUrl":"https:\/\/www.ar-shelving.com\/wp-content\/uploads\/2022\/06\/Grupo-389.png","width":251,"height":43,"caption":"AR Shelving S.A."},"image":{"@id":"https:\/\/www.ar-shelving.com\/#\/schema\/logo\/image\/"},"sameAs":["https:\/\/www.facebook.com\/MetallicShelving","https:\/\/www.linkedin.com\/company\/arshelving\/","https:\/\/www.instagram.com\/ar_shelving\/","https:\/\/www.youtube.com\/user\/ARstorage","https:\/\/www.pinterest.es\/arshelving\/"]}]}},"_links":{"self":[{"href":"https:\/\/www.ar-shelving.com\/fr\/wp-json\/wp\/v2\/product\/22784","targetHints":{"allow":["GET"]}}],"collection":[{"href":"https:\/\/www.ar-shelving.com\/fr\/wp-json\/wp\/v2\/product"}],"about":[{"href":"https:\/\/www.ar-shelving.com\/fr\/wp-json\/wp\/v2\/types\/product"}],"replies":[{"embeddable":true,"href":"https:\/\/www.ar-shelving.com\/fr\/wp-json\/wp\/v2\/comments?post=22784"}],"wp:featuredmedia":[{"embeddable":true,"href":"https:\/\/www.ar-shelving.com\/fr\/wp-json\/wp\/v2\/media\/17855"}],"wp:attachment":[{"href":"https:\/\/www.ar-shelving.com\/fr\/wp-json\/wp\/v2\/media?parent=22784"}],"wp:term":[{"taxonomy":"product_brand","embeddable":true,"href":"https:\/\/www.ar-shelving.com\/fr\/wp-json\/wp\/v2\/product_brand?post=22784"},{"taxonomy":"product_cat","embeddable":true,"href":"https:\/\/www.ar-shelving.com\/fr\/wp-json\/wp\/v2\/product_cat?post=22784"},{"taxonomy":"product_tag","embeddable":true,"href":"https:\/\/www.ar-shelving.com\/fr\/wp-json\/wp\/v2\/product_tag?post=22784"}],"curies":[{"name":"wp","href":"https:\/\/api.w.org\/{rel}","templated":true}]}}