{"id":23712,"date":"2023-05-09T10:04:49","date_gmt":"2023-05-09T08:04:49","guid":{"rendered":"https:\/\/www.ar-shelving.com\/metal-shelves\/deco-desk\/"},"modified":"2023-06-30T13:55:12","modified_gmt":"2023-06-30T11:55:12","slug":"deco-desk","status":"publish","type":"product","link":"https:\/\/www.ar-shelving.com\/fr\/metal-shelves\/deco-desk\/","title":{"rendered":"Bureau D\u00ebco"},"content":{"rendered":"<p><span class=\"NormalTextRun SCXW204016788 BCX0\">Ensemble bureau et <\/span><span class=\"NormalTextRun SCXW204016788 BCX0\">\u00e9tag\u00e8res<\/span><span class=\"NormalTextRun SCXW204016788 BCX0\"> d\u00e9coratif et fonctionnel.<\/span><\/p>\n","protected":false},"excerpt":{"rendered":"<p><span class=\"TextRun SCXW234987322 BCX0\" lang=\"FR-FR\" xml:lang=\"FR-FR\" data-contrast=\"auto\"><span class=\"NormalTextRun SCXW234987322 BCX0\">Organisez votre bureau <\/span><span class=\"NormalTextRun SCXW234987322 BCX0\">\u00e0 la maison<\/span><span class=\"NormalTextRun SCXW234987322 BCX0\"> avec le bureau <\/span><span class=\"NormalTextRun SpellingErrorV2Themed SCXW234987322 BCX0\">D\u00ebco<\/span><span class=\"NormalTextRun SCXW234987322 BCX0\">. Combinez l&#8217;utilit\u00e9 des \u00e9tag\u00e8res avec la fonctionnalit\u00e9 du bureau pour cr\u00e9er un espace de travail confortable et esth\u00e9tique \u00e0 la maison. Il peut \u00eatre combin\u00e9 avec le reste de la gamme <\/span><span class=\"NormalTextRun SpellingErrorV2Themed SCXW234987322 BCX0\">D\u00ebco<\/span> <span class=\"NormalTextRun SpellingErrorV2Themed SCXW234987322 BCX0\">Series<\/span><span class=\"NormalTextRun SCXW234987322 BCX0\">.<\/span><\/span><span class=\"EOP SCXW234987322 BCX0\" data-ccp-props=\"{&quot;201341983&quot;:0,&quot;335559739&quot;:160,&quot;335559740&quot;:259}\">\u00a0<\/span><\/p>\n","protected":false},"featured_media":21374,"comment_status":"open","ping_status":"closed","template":"","meta":{"_acf_changed":false,"_monsterinsights_skip_tracking":false,"_monsterinsights_sitenote_active":false,"_monsterinsights_sitenote_note":"","_monsterinsights_sitenote_category":0,"_uf_show_specific_survey":0,"_uf_disable_surveys":false,"title_news":""},"product_brand":[],"product_cat":[654],"product_tag":[],"class_list":{"0":"post-23712","1":"product","2":"type-product","3":"status-publish","4":"has-post-thumbnail","6":"product_cat-maison","8":"first","9":"instock","10":"taxable","11":"shipping-taxable","12":"product-type-simple"},"acf":[],"yoast_head":"<!-- This site is optimized with the Yoast SEO plugin v27.4 - https:\/\/yoast.com\/product\/yoast-seo-wordpress\/ -->\n<title>Bureau D\u00ebco - Decouvrir les plus produits<\/title>\n<meta name=\"description\" content=\"Simple but decorative desk shelving to make a cute home office. It can be combined with the rest of the \u201cD\u00ebco Series\u201d range.\" \/>\n<meta name=\"robots\" content=\"index, follow, max-snippet:-1, max-image-preview:large, max-video-preview:-1\" \/>\n<link rel=\"canonical\" href=\"https:\/\/www.ar-shelving.com\/metal-shelves\/deco-desk\/\" \/>\n<meta property=\"og:locale\" content=\"fr_FR\" \/>\n<meta property=\"og:type\" content=\"article\" \/>\n<meta property=\"og:title\" content=\"Bureau D\u00ebco - Decouvrir les plus produits\" \/>\n<meta property=\"og:description\" content=\"Simple but decorative desk shelving to make a cute home office. It can be combined with the rest of the \u201cD\u00ebco Series\u201d range.\" \/>\n<meta property=\"og:url\" content=\"https:\/\/www.ar-shelving.com\/metal-shelves\/deco-desk\/\" \/>\n<meta property=\"og:site_name\" content=\"AR Shelving, metal shelving for DIY and trade\" \/>\n<meta property=\"article:publisher\" content=\"https:\/\/www.facebook.com\/MetallicShelving\" \/>\n<meta property=\"article:modified_time\" content=\"2023-06-30T11:55:12+00:00\" \/>\n<meta property=\"og:image\" content=\"https:\/\/www.ar-shelving.com\/wp-content\/uploads\/2023\/05\/Deco-desk-l.jpg\" \/>\n\t<meta property=\"og:image:width\" content=\"500\" \/>\n\t<meta property=\"og:image:height\" content=\"667\" \/>\n\t<meta property=\"og:image:type\" content=\"image\/jpeg\" \/>\n<meta name=\"twitter:card\" content=\"summary_large_image\" \/>\n<meta name=\"twitter:label1\" content=\"Dur\u00e9e de lecture estim\u00e9e\" \/>\n\t<meta name=\"twitter:data1\" content=\"1 minute\" \/>\n<script type=\"application\/ld+json\" class=\"yoast-schema-graph\">{\"@context\":\"https:\\\/\\\/schema.org\",\"@graph\":[{\"@type\":\"WebPage\",\"@id\":\"https:\\\/\\\/www.ar-shelving.com\\\/metal-shelves\\\/deco-desk\\\/\",\"url\":\"https:\\\/\\\/www.ar-shelving.com\\\/metal-shelves\\\/deco-desk\\\/\",\"name\":\"Bureau D\u00ebco - Decouvrir les plus produits\",\"isPartOf\":{\"@id\":\"https:\\\/\\\/www.ar-shelving.com\\\/#website\"},\"primaryImageOfPage\":{\"@id\":\"https:\\\/\\\/www.ar-shelving.com\\\/metal-shelves\\\/deco-desk\\\/#primaryimage\"},\"image\":{\"@id\":\"https:\\\/\\\/www.ar-shelving.com\\\/metal-shelves\\\/deco-desk\\\/#primaryimage\"},\"thumbnailUrl\":\"https:\\\/\\\/www.ar-shelving.com\\\/wp-content\\\/uploads\\\/2023\\\/05\\\/Deco-desk-l.jpg\",\"datePublished\":\"2023-05-09T08:04:49+00:00\",\"dateModified\":\"2023-06-30T11:55:12+00:00\",\"description\":\"Simple but decorative desk shelving to make a cute home office. It can be combined with the rest of the \u201cD\u00ebco Series\u201d range.\",\"breadcrumb\":{\"@id\":\"https:\\\/\\\/www.ar-shelving.com\\\/metal-shelves\\\/deco-desk\\\/#breadcrumb\"},\"inLanguage\":\"fr-FR\",\"potentialAction\":[{\"@type\":\"ReadAction\",\"target\":[\"https:\\\/\\\/www.ar-shelving.com\\\/metal-shelves\\\/deco-desk\\\/\"]}]},{\"@type\":\"ImageObject\",\"inLanguage\":\"fr-FR\",\"@id\":\"https:\\\/\\\/www.ar-shelving.com\\\/metal-shelves\\\/deco-desk\\\/#primaryimage\",\"url\":\"https:\\\/\\\/www.ar-shelving.com\\\/wp-content\\\/uploads\\\/2023\\\/05\\\/Deco-desk-l.jpg\",\"contentUrl\":\"https:\\\/\\\/www.ar-shelving.com\\\/wp-content\\\/uploads\\\/2023\\\/05\\\/Deco-desk-l.jpg\",\"width\":500,\"height\":667},{\"@type\":\"BreadcrumbList\",\"@id\":\"https:\\\/\\\/www.ar-shelving.com\\\/metal-shelves\\\/deco-desk\\\/#breadcrumb\",\"itemListElement\":[{\"@type\":\"ListItem\",\"position\":1,\"name\":\"Products\",\"item\":\"https:\\\/\\\/www.ar-shelving.com\\\/shop\\\/\"},{\"@type\":\"ListItem\",\"position\":2,\"name\":\"Bureau D\u00ebco\"}]},{\"@type\":\"WebSite\",\"@id\":\"https:\\\/\\\/www.ar-shelving.com\\\/#website\",\"url\":\"https:\\\/\\\/www.ar-shelving.com\\\/\",\"name\":\"AR Shelving, metal shelving for DIY, trade and industries\",\"description\":\"metal shelving\",\"publisher\":{\"@id\":\"https:\\\/\\\/www.ar-shelving.com\\\/#organization\"},\"potentialAction\":[{\"@type\":\"SearchAction\",\"target\":{\"@type\":\"EntryPoint\",\"urlTemplate\":\"https:\\\/\\\/www.ar-shelving.com\\\/?s={search_term_string}\"},\"query-input\":{\"@type\":\"PropertyValueSpecification\",\"valueRequired\":true,\"valueName\":\"search_term_string\"}}],\"inLanguage\":\"fr-FR\"},{\"@type\":\"Organization\",\"@id\":\"https:\\\/\\\/www.ar-shelving.com\\\/#organization\",\"name\":\"AR Shelving S.A.\",\"url\":\"https:\\\/\\\/www.ar-shelving.com\\\/\",\"logo\":{\"@type\":\"ImageObject\",\"inLanguage\":\"fr-FR\",\"@id\":\"https:\\\/\\\/www.ar-shelving.com\\\/#\\\/schema\\\/logo\\\/image\\\/\",\"url\":\"https:\\\/\\\/www.ar-shelving.com\\\/wp-content\\\/uploads\\\/2022\\\/06\\\/Grupo-389.png\",\"contentUrl\":\"https:\\\/\\\/www.ar-shelving.com\\\/wp-content\\\/uploads\\\/2022\\\/06\\\/Grupo-389.png\",\"width\":251,\"height\":43,\"caption\":\"AR Shelving S.A.\"},\"image\":{\"@id\":\"https:\\\/\\\/www.ar-shelving.com\\\/#\\\/schema\\\/logo\\\/image\\\/\"},\"sameAs\":[\"https:\\\/\\\/www.facebook.com\\\/MetallicShelving\",\"https:\\\/\\\/www.linkedin.com\\\/company\\\/arshelving\\\/\",\"https:\\\/\\\/www.instagram.com\\\/ar_shelving\\\/\",\"https:\\\/\\\/www.youtube.com\\\/user\\\/ARstorage\",\"https:\\\/\\\/www.pinterest.es\\\/arshelving\\\/\"]}]}<\/script>\n<!-- \/ Yoast SEO plugin. -->","yoast_head_json":{"title":"Bureau D\u00ebco - Decouvrir les plus produits","description":"Simple but decorative desk shelving to make a cute home office. It can be combined with the rest of the \u201cD\u00ebco Series\u201d range.","robots":{"index":"index","follow":"follow","max-snippet":"max-snippet:-1","max-image-preview":"max-image-preview:large","max-video-preview":"max-video-preview:-1"},"canonical":"https:\/\/www.ar-shelving.com\/metal-shelves\/deco-desk\/","og_locale":"fr_FR","og_type":"article","og_title":"Bureau D\u00ebco - Decouvrir les plus produits","og_description":"Simple but decorative desk shelving to make a cute home office. It can be combined with the rest of the \u201cD\u00ebco Series\u201d range.","og_url":"https:\/\/www.ar-shelving.com\/metal-shelves\/deco-desk\/","og_site_name":"AR Shelving, metal shelving for DIY and trade","article_publisher":"https:\/\/www.facebook.com\/MetallicShelving","article_modified_time":"2023-06-30T11:55:12+00:00","og_image":[{"width":500,"height":667,"url":"https:\/\/www.ar-shelving.com\/wp-content\/uploads\/2023\/05\/Deco-desk-l.jpg","type":"image\/jpeg"}],"twitter_card":"summary_large_image","twitter_misc":{"Dur\u00e9e de lecture estim\u00e9e":"1 minute"},"schema":{"@context":"https:\/\/schema.org","@graph":[{"@type":"WebPage","@id":"https:\/\/www.ar-shelving.com\/metal-shelves\/deco-desk\/","url":"https:\/\/www.ar-shelving.com\/metal-shelves\/deco-desk\/","name":"Bureau D\u00ebco - Decouvrir les plus produits","isPartOf":{"@id":"https:\/\/www.ar-shelving.com\/#website"},"primaryImageOfPage":{"@id":"https:\/\/www.ar-shelving.com\/metal-shelves\/deco-desk\/#primaryimage"},"image":{"@id":"https:\/\/www.ar-shelving.com\/metal-shelves\/deco-desk\/#primaryimage"},"thumbnailUrl":"https:\/\/www.ar-shelving.com\/wp-content\/uploads\/2023\/05\/Deco-desk-l.jpg","datePublished":"2023-05-09T08:04:49+00:00","dateModified":"2023-06-30T11:55:12+00:00","description":"Simple but decorative desk shelving to make a cute home office. It can be combined with the rest of the \u201cD\u00ebco Series\u201d range.","breadcrumb":{"@id":"https:\/\/www.ar-shelving.com\/metal-shelves\/deco-desk\/#breadcrumb"},"inLanguage":"fr-FR","potentialAction":[{"@type":"ReadAction","target":["https:\/\/www.ar-shelving.com\/metal-shelves\/deco-desk\/"]}]},{"@type":"ImageObject","inLanguage":"fr-FR","@id":"https:\/\/www.ar-shelving.com\/metal-shelves\/deco-desk\/#primaryimage","url":"https:\/\/www.ar-shelving.com\/wp-content\/uploads\/2023\/05\/Deco-desk-l.jpg","contentUrl":"https:\/\/www.ar-shelving.com\/wp-content\/uploads\/2023\/05\/Deco-desk-l.jpg","width":500,"height":667},{"@type":"BreadcrumbList","@id":"https:\/\/www.ar-shelving.com\/metal-shelves\/deco-desk\/#breadcrumb","itemListElement":[{"@type":"ListItem","position":1,"name":"Products","item":"https:\/\/www.ar-shelving.com\/shop\/"},{"@type":"ListItem","position":2,"name":"Bureau D\u00ebco"}]},{"@type":"WebSite","@id":"https:\/\/www.ar-shelving.com\/#website","url":"https:\/\/www.ar-shelving.com\/","name":"AR Shelving, metal shelving for DIY, trade and industries","description":"metal shelving","publisher":{"@id":"https:\/\/www.ar-shelving.com\/#organization"},"potentialAction":[{"@type":"SearchAction","target":{"@type":"EntryPoint","urlTemplate":"https:\/\/www.ar-shelving.com\/?s={search_term_string}"},"query-input":{"@type":"PropertyValueSpecification","valueRequired":true,"valueName":"search_term_string"}}],"inLanguage":"fr-FR"},{"@type":"Organization","@id":"https:\/\/www.ar-shelving.com\/#organization","name":"AR Shelving S.A.","url":"https:\/\/www.ar-shelving.com\/","logo":{"@type":"ImageObject","inLanguage":"fr-FR","@id":"https:\/\/www.ar-shelving.com\/#\/schema\/logo\/image\/","url":"https:\/\/www.ar-shelving.com\/wp-content\/uploads\/2022\/06\/Grupo-389.png","contentUrl":"https:\/\/www.ar-shelving.com\/wp-content\/uploads\/2022\/06\/Grupo-389.png","width":251,"height":43,"caption":"AR Shelving S.A."},"image":{"@id":"https:\/\/www.ar-shelving.com\/#\/schema\/logo\/image\/"},"sameAs":["https:\/\/www.facebook.com\/MetallicShelving","https:\/\/www.linkedin.com\/company\/arshelving\/","https:\/\/www.instagram.com\/ar_shelving\/","https:\/\/www.youtube.com\/user\/ARstorage","https:\/\/www.pinterest.es\/arshelving\/"]}]}},"_links":{"self":[{"href":"https:\/\/www.ar-shelving.com\/fr\/wp-json\/wp\/v2\/product\/23712","targetHints":{"allow":["GET"]}}],"collection":[{"href":"https:\/\/www.ar-shelving.com\/fr\/wp-json\/wp\/v2\/product"}],"about":[{"href":"https:\/\/www.ar-shelving.com\/fr\/wp-json\/wp\/v2\/types\/product"}],"replies":[{"embeddable":true,"href":"https:\/\/www.ar-shelving.com\/fr\/wp-json\/wp\/v2\/comments?post=23712"}],"wp:featuredmedia":[{"embeddable":true,"href":"https:\/\/www.ar-shelving.com\/fr\/wp-json\/wp\/v2\/media\/21374"}],"wp:attachment":[{"href":"https:\/\/www.ar-shelving.com\/fr\/wp-json\/wp\/v2\/media?parent=23712"}],"wp:term":[{"taxonomy":"product_brand","embeddable":true,"href":"https:\/\/www.ar-shelving.com\/fr\/wp-json\/wp\/v2\/product_brand?post=23712"},{"taxonomy":"product_cat","embeddable":true,"href":"https:\/\/www.ar-shelving.com\/fr\/wp-json\/wp\/v2\/product_cat?post=23712"},{"taxonomy":"product_tag","embeddable":true,"href":"https:\/\/www.ar-shelving.com\/fr\/wp-json\/wp\/v2\/product_tag?post=23712"}],"curies":[{"name":"wp","href":"https:\/\/api.w.org\/{rel}","templated":true}]}}