{"id":23723,"date":"2022-06-20T12:20:56","date_gmt":"2022-06-20T10:20:56","guid":{"rendered":"https:\/\/www.ar-shelving.com\/metal-shelves\/deco-wall-shelving\/"},"modified":"2023-06-30T12:59:16","modified_gmt":"2023-06-30T10:59:16","slug":"deco-wall-shelving","status":"publish","type":"product","link":"https:\/\/www.ar-shelving.com\/fr\/metal-shelves\/deco-wall-shelving\/","title":{"rendered":"\u00c9tag\u00e8re murale D\u00ebco"},"content":{"rendered":"<p><span class=\"TextRun SCXW104658762 BCX0\" lang=\"FR-FR\" xml:lang=\"FR-FR\" data-contrast=\"none\"><span class=\"NormalTextRun SCXW104658762 BCX0\">Profitez et d\u00e9corez l&#8217;espace sur vos murs avec l&#8217;\u00e9tag\u00e8re <\/span><span class=\"NormalTextRun SpellingErrorV2Themed SCXW104658762 BCX0\">D\u00ebco<\/span><span class=\"NormalTextRun SCXW104658762 BCX0\">.<\/span><\/span><span class=\"EOP SCXW104658762 BCX0\" data-ccp-props=\"{&quot;201341983&quot;:0,&quot;335559739&quot;:160,&quot;335559740&quot;:259}\">\u00a0<\/span><\/p>\n","protected":false},"excerpt":{"rendered":"<div class=\"elementor-element elementor-element-19914a0e elementor-widget__width-initial elementor-widget elementor-widget-hub_fancy_heading\" data-id=\"19914a0e\" data-element_type=\"widget\" data-widget_type=\"hub_fancy_heading.default\">\n<div class=\"elementor-widget-container\">\n<div id=\"ld-fancy-heading-6437bfe72635c\" class=\"ld-fancy-heading pos-rel\">\n<p class=\"ld-fh-element d-inline-block pos-rel lqd-highlight-classic lqd-highlight-grow-left p\"><span class=\"TextRun SCXW1635634 BCX0\" lang=\"FR-FR\" xml:lang=\"FR-FR\" data-contrast=\"none\"><span class=\"NormalTextRun SCXW1635634 BCX0\">Meuble \u00e9l\u00e9gant et fonctionnel. Ces \u00e9tag\u00e8res murales sont parfaites pour le <\/span><span class=\"NormalTextRun SCXW1635634 BCX0\">rangement<\/span><span class=\"NormalTextRun SCXW1635634 BCX0\"> de livres ou la d\u00e9coration int\u00e9rieure. Con\u00e7u en m\u00e9tal plus bois avec une finition tr\u00e8s esth\u00e9tique, en harmonie avec le reste de la gamme <\/span><span class=\"NormalTextRun SpellingErrorV2Themed SCXW1635634 BCX0\">D\u00ebco<\/span> <span class=\"NormalTextRun SpellingErrorV2Themed SCXW1635634 BCX0\">Series<\/span><span class=\"NormalTextRun SCXW1635634 BCX0\">.<\/span><\/span><span class=\"EOP SCXW1635634 BCX0\" data-ccp-props=\"{&quot;201341983&quot;:0,&quot;335559739&quot;:160,&quot;335559740&quot;:259}\">\u00a0<\/span><\/p>\n<\/div>\n<\/div>\n<\/div>\n","protected":false},"featured_media":20135,"comment_status":"open","ping_status":"closed","template":"","meta":{"_acf_changed":false,"_monsterinsights_skip_tracking":false,"_monsterinsights_sitenote_active":false,"_monsterinsights_sitenote_note":"","_monsterinsights_sitenote_category":0,"_uf_show_specific_survey":0,"_uf_disable_surveys":false,"title_news":""},"product_brand":[],"product_cat":[654],"product_tag":[],"class_list":{"0":"post-23723","1":"product","2":"type-product","3":"status-publish","4":"has-post-thumbnail","6":"product_cat-maison","8":"first","9":"instock","10":"taxable","11":"shipping-taxable","12":"product-type-simple"},"acf":[],"yoast_head":"<!-- This site is optimized with the Yoast SEO plugin v27.4 - https:\/\/yoast.com\/product\/yoast-seo-wordpress\/ -->\n<title>D\u00ebco Wall - Meuble \u00e9l\u00e9gant et fonctionnel<\/title>\n<meta name=\"description\" content=\"Meuble \u00e9l\u00e9gant et fonctionnel. Ces \u00e9tag\u00e8res murales sont parfaites pour le rangement de livres ou la d\u00e9coration int\u00e9rieure.\" \/>\n<meta name=\"robots\" content=\"index, follow, max-snippet:-1, max-image-preview:large, max-video-preview:-1\" \/>\n<link rel=\"canonical\" href=\"https:\/\/www.ar-shelving.com\/metal-shelves\/deco-wall-shelving\/\" \/>\n<meta property=\"og:locale\" content=\"fr_FR\" \/>\n<meta property=\"og:type\" content=\"article\" \/>\n<meta property=\"og:title\" content=\"D\u00ebco Wall - Meuble \u00e9l\u00e9gant et fonctionnel\" \/>\n<meta property=\"og:description\" content=\"Meuble \u00e9l\u00e9gant et fonctionnel. Ces \u00e9tag\u00e8res murales sont parfaites pour le rangement de livres ou la d\u00e9coration int\u00e9rieure.\" \/>\n<meta property=\"og:url\" content=\"https:\/\/www.ar-shelving.com\/metal-shelves\/deco-wall-shelving\/\" \/>\n<meta property=\"og:site_name\" content=\"AR Shelving, metal shelving for DIY and trade\" \/>\n<meta property=\"article:publisher\" content=\"https:\/\/www.facebook.com\/MetallicShelving\" \/>\n<meta property=\"article:modified_time\" content=\"2023-06-30T10:59:16+00:00\" \/>\n<meta property=\"og:image\" content=\"https:\/\/www.ar-shelving.com\/wp-content\/uploads\/2022\/06\/wall-unit-3-shelves-1.jpg\" \/>\n\t<meta property=\"og:image:width\" content=\"500\" \/>\n\t<meta property=\"og:image:height\" content=\"667\" \/>\n\t<meta property=\"og:image:type\" content=\"image\/jpeg\" \/>\n<meta name=\"twitter:card\" content=\"summary_large_image\" \/>\n<meta name=\"twitter:label1\" content=\"Dur\u00e9e de lecture estim\u00e9e\" \/>\n\t<meta name=\"twitter:data1\" content=\"1 minute\" \/>\n<script type=\"application\/ld+json\" class=\"yoast-schema-graph\">{\"@context\":\"https:\\\/\\\/schema.org\",\"@graph\":[{\"@type\":\"WebPage\",\"@id\":\"https:\\\/\\\/www.ar-shelving.com\\\/metal-shelves\\\/deco-wall-shelving\\\/\",\"url\":\"https:\\\/\\\/www.ar-shelving.com\\\/metal-shelves\\\/deco-wall-shelving\\\/\",\"name\":\"D\u00ebco Wall - Meuble \u00e9l\u00e9gant et fonctionnel\",\"isPartOf\":{\"@id\":\"https:\\\/\\\/www.ar-shelving.com\\\/#website\"},\"primaryImageOfPage\":{\"@id\":\"https:\\\/\\\/www.ar-shelving.com\\\/metal-shelves\\\/deco-wall-shelving\\\/#primaryimage\"},\"image\":{\"@id\":\"https:\\\/\\\/www.ar-shelving.com\\\/metal-shelves\\\/deco-wall-shelving\\\/#primaryimage\"},\"thumbnailUrl\":\"https:\\\/\\\/www.ar-shelving.com\\\/wp-content\\\/uploads\\\/2022\\\/06\\\/wall-unit-3-shelves-1.jpg\",\"datePublished\":\"2022-06-20T10:20:56+00:00\",\"dateModified\":\"2023-06-30T10:59:16+00:00\",\"description\":\"Meuble \u00e9l\u00e9gant et fonctionnel. Ces \u00e9tag\u00e8res murales sont parfaites pour le rangement de livres ou la d\u00e9coration int\u00e9rieure.\",\"breadcrumb\":{\"@id\":\"https:\\\/\\\/www.ar-shelving.com\\\/metal-shelves\\\/deco-wall-shelving\\\/#breadcrumb\"},\"inLanguage\":\"fr-FR\",\"potentialAction\":[{\"@type\":\"ReadAction\",\"target\":[\"https:\\\/\\\/www.ar-shelving.com\\\/metal-shelves\\\/deco-wall-shelving\\\/\"]}]},{\"@type\":\"ImageObject\",\"inLanguage\":\"fr-FR\",\"@id\":\"https:\\\/\\\/www.ar-shelving.com\\\/metal-shelves\\\/deco-wall-shelving\\\/#primaryimage\",\"url\":\"https:\\\/\\\/www.ar-shelving.com\\\/wp-content\\\/uploads\\\/2022\\\/06\\\/wall-unit-3-shelves-1.jpg\",\"contentUrl\":\"https:\\\/\\\/www.ar-shelving.com\\\/wp-content\\\/uploads\\\/2022\\\/06\\\/wall-unit-3-shelves-1.jpg\",\"width\":500,\"height\":667},{\"@type\":\"BreadcrumbList\",\"@id\":\"https:\\\/\\\/www.ar-shelving.com\\\/metal-shelves\\\/deco-wall-shelving\\\/#breadcrumb\",\"itemListElement\":[{\"@type\":\"ListItem\",\"position\":1,\"name\":\"Products\",\"item\":\"https:\\\/\\\/www.ar-shelving.com\\\/shop\\\/\"},{\"@type\":\"ListItem\",\"position\":2,\"name\":\"\u00c9tag\u00e8re murale D\u00ebco\"}]},{\"@type\":\"WebSite\",\"@id\":\"https:\\\/\\\/www.ar-shelving.com\\\/#website\",\"url\":\"https:\\\/\\\/www.ar-shelving.com\\\/\",\"name\":\"AR Shelving, metal shelving for DIY, trade and industries\",\"description\":\"metal shelving\",\"publisher\":{\"@id\":\"https:\\\/\\\/www.ar-shelving.com\\\/#organization\"},\"potentialAction\":[{\"@type\":\"SearchAction\",\"target\":{\"@type\":\"EntryPoint\",\"urlTemplate\":\"https:\\\/\\\/www.ar-shelving.com\\\/?s={search_term_string}\"},\"query-input\":{\"@type\":\"PropertyValueSpecification\",\"valueRequired\":true,\"valueName\":\"search_term_string\"}}],\"inLanguage\":\"fr-FR\"},{\"@type\":\"Organization\",\"@id\":\"https:\\\/\\\/www.ar-shelving.com\\\/#organization\",\"name\":\"AR Shelving S.A.\",\"url\":\"https:\\\/\\\/www.ar-shelving.com\\\/\",\"logo\":{\"@type\":\"ImageObject\",\"inLanguage\":\"fr-FR\",\"@id\":\"https:\\\/\\\/www.ar-shelving.com\\\/#\\\/schema\\\/logo\\\/image\\\/\",\"url\":\"https:\\\/\\\/www.ar-shelving.com\\\/wp-content\\\/uploads\\\/2022\\\/06\\\/Grupo-389.png\",\"contentUrl\":\"https:\\\/\\\/www.ar-shelving.com\\\/wp-content\\\/uploads\\\/2022\\\/06\\\/Grupo-389.png\",\"width\":251,\"height\":43,\"caption\":\"AR Shelving S.A.\"},\"image\":{\"@id\":\"https:\\\/\\\/www.ar-shelving.com\\\/#\\\/schema\\\/logo\\\/image\\\/\"},\"sameAs\":[\"https:\\\/\\\/www.facebook.com\\\/MetallicShelving\",\"https:\\\/\\\/www.linkedin.com\\\/company\\\/arshelving\\\/\",\"https:\\\/\\\/www.instagram.com\\\/ar_shelving\\\/\",\"https:\\\/\\\/www.youtube.com\\\/user\\\/ARstorage\",\"https:\\\/\\\/www.pinterest.es\\\/arshelving\\\/\"]}]}<\/script>\n<!-- \/ Yoast SEO plugin. -->","yoast_head_json":{"title":"D\u00ebco Wall - Meuble \u00e9l\u00e9gant et fonctionnel","description":"Meuble \u00e9l\u00e9gant et fonctionnel. Ces \u00e9tag\u00e8res murales sont parfaites pour le rangement de livres ou la d\u00e9coration int\u00e9rieure.","robots":{"index":"index","follow":"follow","max-snippet":"max-snippet:-1","max-image-preview":"max-image-preview:large","max-video-preview":"max-video-preview:-1"},"canonical":"https:\/\/www.ar-shelving.com\/metal-shelves\/deco-wall-shelving\/","og_locale":"fr_FR","og_type":"article","og_title":"D\u00ebco Wall - Meuble \u00e9l\u00e9gant et fonctionnel","og_description":"Meuble \u00e9l\u00e9gant et fonctionnel. Ces \u00e9tag\u00e8res murales sont parfaites pour le rangement de livres ou la d\u00e9coration int\u00e9rieure.","og_url":"https:\/\/www.ar-shelving.com\/metal-shelves\/deco-wall-shelving\/","og_site_name":"AR Shelving, metal shelving for DIY and trade","article_publisher":"https:\/\/www.facebook.com\/MetallicShelving","article_modified_time":"2023-06-30T10:59:16+00:00","og_image":[{"width":500,"height":667,"url":"https:\/\/www.ar-shelving.com\/wp-content\/uploads\/2022\/06\/wall-unit-3-shelves-1.jpg","type":"image\/jpeg"}],"twitter_card":"summary_large_image","twitter_misc":{"Dur\u00e9e de lecture estim\u00e9e":"1 minute"},"schema":{"@context":"https:\/\/schema.org","@graph":[{"@type":"WebPage","@id":"https:\/\/www.ar-shelving.com\/metal-shelves\/deco-wall-shelving\/","url":"https:\/\/www.ar-shelving.com\/metal-shelves\/deco-wall-shelving\/","name":"D\u00ebco Wall - Meuble \u00e9l\u00e9gant et fonctionnel","isPartOf":{"@id":"https:\/\/www.ar-shelving.com\/#website"},"primaryImageOfPage":{"@id":"https:\/\/www.ar-shelving.com\/metal-shelves\/deco-wall-shelving\/#primaryimage"},"image":{"@id":"https:\/\/www.ar-shelving.com\/metal-shelves\/deco-wall-shelving\/#primaryimage"},"thumbnailUrl":"https:\/\/www.ar-shelving.com\/wp-content\/uploads\/2022\/06\/wall-unit-3-shelves-1.jpg","datePublished":"2022-06-20T10:20:56+00:00","dateModified":"2023-06-30T10:59:16+00:00","description":"Meuble \u00e9l\u00e9gant et fonctionnel. Ces \u00e9tag\u00e8res murales sont parfaites pour le rangement de livres ou la d\u00e9coration int\u00e9rieure.","breadcrumb":{"@id":"https:\/\/www.ar-shelving.com\/metal-shelves\/deco-wall-shelving\/#breadcrumb"},"inLanguage":"fr-FR","potentialAction":[{"@type":"ReadAction","target":["https:\/\/www.ar-shelving.com\/metal-shelves\/deco-wall-shelving\/"]}]},{"@type":"ImageObject","inLanguage":"fr-FR","@id":"https:\/\/www.ar-shelving.com\/metal-shelves\/deco-wall-shelving\/#primaryimage","url":"https:\/\/www.ar-shelving.com\/wp-content\/uploads\/2022\/06\/wall-unit-3-shelves-1.jpg","contentUrl":"https:\/\/www.ar-shelving.com\/wp-content\/uploads\/2022\/06\/wall-unit-3-shelves-1.jpg","width":500,"height":667},{"@type":"BreadcrumbList","@id":"https:\/\/www.ar-shelving.com\/metal-shelves\/deco-wall-shelving\/#breadcrumb","itemListElement":[{"@type":"ListItem","position":1,"name":"Products","item":"https:\/\/www.ar-shelving.com\/shop\/"},{"@type":"ListItem","position":2,"name":"\u00c9tag\u00e8re murale D\u00ebco"}]},{"@type":"WebSite","@id":"https:\/\/www.ar-shelving.com\/#website","url":"https:\/\/www.ar-shelving.com\/","name":"AR Shelving, metal shelving for DIY, trade and industries","description":"metal shelving","publisher":{"@id":"https:\/\/www.ar-shelving.com\/#organization"},"potentialAction":[{"@type":"SearchAction","target":{"@type":"EntryPoint","urlTemplate":"https:\/\/www.ar-shelving.com\/?s={search_term_string}"},"query-input":{"@type":"PropertyValueSpecification","valueRequired":true,"valueName":"search_term_string"}}],"inLanguage":"fr-FR"},{"@type":"Organization","@id":"https:\/\/www.ar-shelving.com\/#organization","name":"AR Shelving S.A.","url":"https:\/\/www.ar-shelving.com\/","logo":{"@type":"ImageObject","inLanguage":"fr-FR","@id":"https:\/\/www.ar-shelving.com\/#\/schema\/logo\/image\/","url":"https:\/\/www.ar-shelving.com\/wp-content\/uploads\/2022\/06\/Grupo-389.png","contentUrl":"https:\/\/www.ar-shelving.com\/wp-content\/uploads\/2022\/06\/Grupo-389.png","width":251,"height":43,"caption":"AR Shelving S.A."},"image":{"@id":"https:\/\/www.ar-shelving.com\/#\/schema\/logo\/image\/"},"sameAs":["https:\/\/www.facebook.com\/MetallicShelving","https:\/\/www.linkedin.com\/company\/arshelving\/","https:\/\/www.instagram.com\/ar_shelving\/","https:\/\/www.youtube.com\/user\/ARstorage","https:\/\/www.pinterest.es\/arshelving\/"]}]}},"_links":{"self":[{"href":"https:\/\/www.ar-shelving.com\/fr\/wp-json\/wp\/v2\/product\/23723","targetHints":{"allow":["GET"]}}],"collection":[{"href":"https:\/\/www.ar-shelving.com\/fr\/wp-json\/wp\/v2\/product"}],"about":[{"href":"https:\/\/www.ar-shelving.com\/fr\/wp-json\/wp\/v2\/types\/product"}],"replies":[{"embeddable":true,"href":"https:\/\/www.ar-shelving.com\/fr\/wp-json\/wp\/v2\/comments?post=23723"}],"wp:featuredmedia":[{"embeddable":true,"href":"https:\/\/www.ar-shelving.com\/fr\/wp-json\/wp\/v2\/media\/20135"}],"wp:attachment":[{"href":"https:\/\/www.ar-shelving.com\/fr\/wp-json\/wp\/v2\/media?parent=23723"}],"wp:term":[{"taxonomy":"product_brand","embeddable":true,"href":"https:\/\/www.ar-shelving.com\/fr\/wp-json\/wp\/v2\/product_brand?post=23723"},{"taxonomy":"product_cat","embeddable":true,"href":"https:\/\/www.ar-shelving.com\/fr\/wp-json\/wp\/v2\/product_cat?post=23723"},{"taxonomy":"product_tag","embeddable":true,"href":"https:\/\/www.ar-shelving.com\/fr\/wp-json\/wp\/v2\/product_tag?post=23723"}],"curies":[{"name":"wp","href":"https:\/\/api.w.org\/{rel}","templated":true}]}}