{"id":33038,"date":"2026-02-16T15:29:06","date_gmt":"2026-02-16T14:29:06","guid":{"rendered":"https:\/\/www.ar-shelving.com\/?post_type=product&#038;p=33038"},"modified":"2026-02-16T16:05:55","modified_gmt":"2026-02-16T15:05:55","slug":"style-series","status":"publish","type":"product","link":"https:\/\/www.ar-shelving.com\/fr\/metal-shelves\/style-series\/","title":{"rendered":"Style Series"},"content":{"rendered":"<p>Red\u00e9finissez votre rangement avec style. La premi\u00e8re \u00e9tag\u00e8re fabriqu\u00e9e \u00e0 partir d&#8217;acier \u00e0 faibles \u00e9missions.<\/p>\n","protected":false},"excerpt":{"rendered":"<p>Red\u00e9finissez votre rangement avec style. Nous vous pr\u00e9sentons un syst\u00e8me d\u2019\u00e9tag\u00e8res intelligent et raffin\u00e9, con\u00e7u pour offrir un \u00e9quilibre parfait entre esth\u00e9tique et fonctionnalit\u00e9. Id\u00e9al pour les bureaux, les petites entreprises, les garde-manger, les buanderies ou comme s\u00e9parateurs d\u2019espace, la \u201cStyle Series\u201d apporte une touche moderne \u00e0 tout environnement.Cr\u00e9ez un espace organis\u00e9, sophistiqu\u00e9 et polyvalent avec \u201cStyle Series\u201d.<\/p>\n","protected":false},"featured_media":32751,"comment_status":"open","ping_status":"closed","template":"","meta":{"_acf_changed":false,"_monsterinsights_skip_tracking":false,"_monsterinsights_sitenote_active":false,"_monsterinsights_sitenote_note":"","_monsterinsights_sitenote_category":0,"_uf_show_specific_survey":0,"_uf_disable_surveys":false,"title_news":""},"product_brand":[],"product_cat":[655,654],"product_tag":[1018],"class_list":{"0":"post-33038","1":"product","2":"type-product","3":"status-publish","4":"has-post-thumbnail","6":"product_cat-commerce","7":"product_cat-maison","8":"product_tag-page-fr","10":"first","11":"instock","12":"taxable","13":"shipping-taxable","14":"product-type-simple"},"acf":[],"yoast_head":"<!-- This site is optimized with the Yoast SEO plugin v27.1.1 - https:\/\/yoast.com\/product\/yoast-seo-wordpress\/ -->\n<title>Style series - fabriqu\u00e9e \u00e0 partir d&#039;acier \u00e0 faibles \u00e9missions.<\/title>\n<meta name=\"description\" content=\"Id\u00e9al pour les bureaux, les petites entreprises, les garde-manger, les buanderies ou comme s\u00e9parateurs d\u2019espace. La premi\u00e8re \u00e9tag\u00e8re fabriqu\u00e9e \u00e0 partir d&#039;acier \u00e0 faibles \u00e9missions.\" \/>\n<meta name=\"robots\" content=\"index, follow, max-snippet:-1, max-image-preview:large, max-video-preview:-1\" \/>\n<link rel=\"canonical\" href=\"https:\/\/www.ar-shelving.com\/fr\/metal-shelves\/style-series\/\" \/>\n<meta property=\"og:locale\" content=\"fr_FR\" \/>\n<meta property=\"og:type\" content=\"article\" \/>\n<meta property=\"og:title\" content=\"Style series - fabriqu\u00e9e \u00e0 partir d&#039;acier \u00e0 faibles \u00e9missions.\" \/>\n<meta property=\"og:description\" content=\"Id\u00e9al pour les bureaux, les petites entreprises, les garde-manger, les buanderies ou comme s\u00e9parateurs d\u2019espace. La premi\u00e8re \u00e9tag\u00e8re fabriqu\u00e9e \u00e0 partir d&#039;acier \u00e0 faibles \u00e9missions.\" \/>\n<meta property=\"og:url\" content=\"https:\/\/www.ar-shelving.com\/fr\/metal-shelves\/style-series\/\" \/>\n<meta property=\"og:site_name\" content=\"AR Shelving, metal shelving for DIY and trade\" \/>\n<meta property=\"article:publisher\" content=\"https:\/\/www.facebook.com\/MetallicShelving\" \/>\n<meta property=\"article:modified_time\" content=\"2026-02-16T15:05:55+00:00\" \/>\n<meta property=\"og:image\" content=\"https:\/\/www.ar-shelving.com\/wp-content\/uploads\/2026\/01\/Style-M_extension-use.jpg\" \/>\n\t<meta property=\"og:image:width\" content=\"405\" \/>\n\t<meta property=\"og:image:height\" content=\"357\" \/>\n\t<meta property=\"og:image:type\" content=\"image\/jpeg\" \/>\n<meta name=\"twitter:card\" content=\"summary_large_image\" \/>\n<meta name=\"twitter:label1\" content=\"Dur\u00e9e de lecture estim\u00e9e\" \/>\n\t<meta name=\"twitter:data1\" content=\"1 minute\" \/>\n<script type=\"application\/ld+json\" class=\"yoast-schema-graph\">{\"@context\":\"https:\/\/schema.org\",\"@graph\":[{\"@type\":\"WebPage\",\"@id\":\"https:\/\/www.ar-shelving.com\/fr\/metal-shelves\/style-series\/\",\"url\":\"https:\/\/www.ar-shelving.com\/fr\/metal-shelves\/style-series\/\",\"name\":\"Style series - fabriqu\u00e9e \u00e0 partir d'acier \u00e0 faibles \u00e9missions.\",\"isPartOf\":{\"@id\":\"https:\/\/www.ar-shelving.com\/#website\"},\"primaryImageOfPage\":{\"@id\":\"https:\/\/www.ar-shelving.com\/fr\/metal-shelves\/style-series\/#primaryimage\"},\"image\":{\"@id\":\"https:\/\/www.ar-shelving.com\/fr\/metal-shelves\/style-series\/#primaryimage\"},\"thumbnailUrl\":\"https:\/\/www.ar-shelving.com\/wp-content\/uploads\/2026\/01\/Style-M_extension-use.jpg\",\"datePublished\":\"2026-02-16T14:29:06+00:00\",\"dateModified\":\"2026-02-16T15:05:55+00:00\",\"description\":\"Id\u00e9al pour les bureaux, les petites entreprises, les garde-manger, les buanderies ou comme s\u00e9parateurs d\u2019espace. La premi\u00e8re \u00e9tag\u00e8re fabriqu\u00e9e \u00e0 partir d'acier \u00e0 faibles \u00e9missions.\",\"breadcrumb\":{\"@id\":\"https:\/\/www.ar-shelving.com\/fr\/metal-shelves\/style-series\/#breadcrumb\"},\"inLanguage\":\"fr-FR\",\"potentialAction\":[{\"@type\":\"ReadAction\",\"target\":[\"https:\/\/www.ar-shelving.com\/fr\/metal-shelves\/style-series\/\"]}]},{\"@type\":\"ImageObject\",\"inLanguage\":\"fr-FR\",\"@id\":\"https:\/\/www.ar-shelving.com\/fr\/metal-shelves\/style-series\/#primaryimage\",\"url\":\"https:\/\/www.ar-shelving.com\/wp-content\/uploads\/2026\/01\/Style-M_extension-use.jpg\",\"contentUrl\":\"https:\/\/www.ar-shelving.com\/wp-content\/uploads\/2026\/01\/Style-M_extension-use.jpg\",\"width\":405,\"height\":357},{\"@type\":\"BreadcrumbList\",\"@id\":\"https:\/\/www.ar-shelving.com\/fr\/metal-shelves\/style-series\/#breadcrumb\",\"itemListElement\":[{\"@type\":\"ListItem\",\"position\":1,\"name\":\"Products\",\"item\":\"https:\/\/www.ar-shelving.com\/shop\/\"},{\"@type\":\"ListItem\",\"position\":2,\"name\":\"Style Series\"}]},{\"@type\":\"WebSite\",\"@id\":\"https:\/\/www.ar-shelving.com\/#website\",\"url\":\"https:\/\/www.ar-shelving.com\/\",\"name\":\"AR Shelving, metal shelving for DIY, trade and industries\",\"description\":\"metal shelving\",\"publisher\":{\"@id\":\"https:\/\/www.ar-shelving.com\/#organization\"},\"potentialAction\":[{\"@type\":\"SearchAction\",\"target\":{\"@type\":\"EntryPoint\",\"urlTemplate\":\"https:\/\/www.ar-shelving.com\/?s={search_term_string}\"},\"query-input\":{\"@type\":\"PropertyValueSpecification\",\"valueRequired\":true,\"valueName\":\"search_term_string\"}}],\"inLanguage\":\"fr-FR\"},{\"@type\":\"Organization\",\"@id\":\"https:\/\/www.ar-shelving.com\/#organization\",\"name\":\"AR Shelving S.A.\",\"url\":\"https:\/\/www.ar-shelving.com\/\",\"logo\":{\"@type\":\"ImageObject\",\"inLanguage\":\"fr-FR\",\"@id\":\"https:\/\/www.ar-shelving.com\/#\/schema\/logo\/image\/\",\"url\":\"https:\/\/www.ar-shelving.com\/wp-content\/uploads\/2022\/06\/Grupo-389.png\",\"contentUrl\":\"https:\/\/www.ar-shelving.com\/wp-content\/uploads\/2022\/06\/Grupo-389.png\",\"width\":251,\"height\":43,\"caption\":\"AR Shelving S.A.\"},\"image\":{\"@id\":\"https:\/\/www.ar-shelving.com\/#\/schema\/logo\/image\/\"},\"sameAs\":[\"https:\/\/www.facebook.com\/MetallicShelving\",\"https:\/\/www.linkedin.com\/company\/arshelving\/\",\"https:\/\/www.instagram.com\/ar_shelving\/\",\"https:\/\/www.youtube.com\/user\/ARstorage\",\"https:\/\/www.pinterest.es\/arshelving\/\"]}]}<\/script>\n<!-- \/ Yoast SEO plugin. -->","yoast_head_json":{"title":"Style series - fabriqu\u00e9e \u00e0 partir d'acier \u00e0 faibles \u00e9missions.","description":"Id\u00e9al pour les bureaux, les petites entreprises, les garde-manger, les buanderies ou comme s\u00e9parateurs d\u2019espace. La premi\u00e8re \u00e9tag\u00e8re fabriqu\u00e9e \u00e0 partir d'acier \u00e0 faibles \u00e9missions.","robots":{"index":"index","follow":"follow","max-snippet":"max-snippet:-1","max-image-preview":"max-image-preview:large","max-video-preview":"max-video-preview:-1"},"canonical":"https:\/\/www.ar-shelving.com\/fr\/metal-shelves\/style-series\/","og_locale":"fr_FR","og_type":"article","og_title":"Style series - fabriqu\u00e9e \u00e0 partir d'acier \u00e0 faibles \u00e9missions.","og_description":"Id\u00e9al pour les bureaux, les petites entreprises, les garde-manger, les buanderies ou comme s\u00e9parateurs d\u2019espace. La premi\u00e8re \u00e9tag\u00e8re fabriqu\u00e9e \u00e0 partir d'acier \u00e0 faibles \u00e9missions.","og_url":"https:\/\/www.ar-shelving.com\/fr\/metal-shelves\/style-series\/","og_site_name":"AR Shelving, metal shelving for DIY and trade","article_publisher":"https:\/\/www.facebook.com\/MetallicShelving","article_modified_time":"2026-02-16T15:05:55+00:00","og_image":[{"width":405,"height":357,"url":"https:\/\/www.ar-shelving.com\/wp-content\/uploads\/2026\/01\/Style-M_extension-use.jpg","type":"image\/jpeg"}],"twitter_card":"summary_large_image","twitter_misc":{"Dur\u00e9e de lecture estim\u00e9e":"1 minute"},"schema":{"@context":"https:\/\/schema.org","@graph":[{"@type":"WebPage","@id":"https:\/\/www.ar-shelving.com\/fr\/metal-shelves\/style-series\/","url":"https:\/\/www.ar-shelving.com\/fr\/metal-shelves\/style-series\/","name":"Style series - fabriqu\u00e9e \u00e0 partir d'acier \u00e0 faibles \u00e9missions.","isPartOf":{"@id":"https:\/\/www.ar-shelving.com\/#website"},"primaryImageOfPage":{"@id":"https:\/\/www.ar-shelving.com\/fr\/metal-shelves\/style-series\/#primaryimage"},"image":{"@id":"https:\/\/www.ar-shelving.com\/fr\/metal-shelves\/style-series\/#primaryimage"},"thumbnailUrl":"https:\/\/www.ar-shelving.com\/wp-content\/uploads\/2026\/01\/Style-M_extension-use.jpg","datePublished":"2026-02-16T14:29:06+00:00","dateModified":"2026-02-16T15:05:55+00:00","description":"Id\u00e9al pour les bureaux, les petites entreprises, les garde-manger, les buanderies ou comme s\u00e9parateurs d\u2019espace. La premi\u00e8re \u00e9tag\u00e8re fabriqu\u00e9e \u00e0 partir d'acier \u00e0 faibles \u00e9missions.","breadcrumb":{"@id":"https:\/\/www.ar-shelving.com\/fr\/metal-shelves\/style-series\/#breadcrumb"},"inLanguage":"fr-FR","potentialAction":[{"@type":"ReadAction","target":["https:\/\/www.ar-shelving.com\/fr\/metal-shelves\/style-series\/"]}]},{"@type":"ImageObject","inLanguage":"fr-FR","@id":"https:\/\/www.ar-shelving.com\/fr\/metal-shelves\/style-series\/#primaryimage","url":"https:\/\/www.ar-shelving.com\/wp-content\/uploads\/2026\/01\/Style-M_extension-use.jpg","contentUrl":"https:\/\/www.ar-shelving.com\/wp-content\/uploads\/2026\/01\/Style-M_extension-use.jpg","width":405,"height":357},{"@type":"BreadcrumbList","@id":"https:\/\/www.ar-shelving.com\/fr\/metal-shelves\/style-series\/#breadcrumb","itemListElement":[{"@type":"ListItem","position":1,"name":"Products","item":"https:\/\/www.ar-shelving.com\/shop\/"},{"@type":"ListItem","position":2,"name":"Style Series"}]},{"@type":"WebSite","@id":"https:\/\/www.ar-shelving.com\/#website","url":"https:\/\/www.ar-shelving.com\/","name":"AR Shelving, metal shelving for DIY, trade and industries","description":"metal shelving","publisher":{"@id":"https:\/\/www.ar-shelving.com\/#organization"},"potentialAction":[{"@type":"SearchAction","target":{"@type":"EntryPoint","urlTemplate":"https:\/\/www.ar-shelving.com\/?s={search_term_string}"},"query-input":{"@type":"PropertyValueSpecification","valueRequired":true,"valueName":"search_term_string"}}],"inLanguage":"fr-FR"},{"@type":"Organization","@id":"https:\/\/www.ar-shelving.com\/#organization","name":"AR Shelving S.A.","url":"https:\/\/www.ar-shelving.com\/","logo":{"@type":"ImageObject","inLanguage":"fr-FR","@id":"https:\/\/www.ar-shelving.com\/#\/schema\/logo\/image\/","url":"https:\/\/www.ar-shelving.com\/wp-content\/uploads\/2022\/06\/Grupo-389.png","contentUrl":"https:\/\/www.ar-shelving.com\/wp-content\/uploads\/2022\/06\/Grupo-389.png","width":251,"height":43,"caption":"AR Shelving S.A."},"image":{"@id":"https:\/\/www.ar-shelving.com\/#\/schema\/logo\/image\/"},"sameAs":["https:\/\/www.facebook.com\/MetallicShelving","https:\/\/www.linkedin.com\/company\/arshelving\/","https:\/\/www.instagram.com\/ar_shelving\/","https:\/\/www.youtube.com\/user\/ARstorage","https:\/\/www.pinterest.es\/arshelving\/"]}]}},"_links":{"self":[{"href":"https:\/\/www.ar-shelving.com\/fr\/wp-json\/wp\/v2\/product\/33038","targetHints":{"allow":["GET"]}}],"collection":[{"href":"https:\/\/www.ar-shelving.com\/fr\/wp-json\/wp\/v2\/product"}],"about":[{"href":"https:\/\/www.ar-shelving.com\/fr\/wp-json\/wp\/v2\/types\/product"}],"replies":[{"embeddable":true,"href":"https:\/\/www.ar-shelving.com\/fr\/wp-json\/wp\/v2\/comments?post=33038"}],"wp:featuredmedia":[{"embeddable":true,"href":"https:\/\/www.ar-shelving.com\/fr\/wp-json\/wp\/v2\/media\/32751"}],"wp:attachment":[{"href":"https:\/\/www.ar-shelving.com\/fr\/wp-json\/wp\/v2\/media?parent=33038"}],"wp:term":[{"taxonomy":"product_brand","embeddable":true,"href":"https:\/\/www.ar-shelving.com\/fr\/wp-json\/wp\/v2\/product_brand?post=33038"},{"taxonomy":"product_cat","embeddable":true,"href":"https:\/\/www.ar-shelving.com\/fr\/wp-json\/wp\/v2\/product_cat?post=33038"},{"taxonomy":"product_tag","embeddable":true,"href":"https:\/\/www.ar-shelving.com\/fr\/wp-json\/wp\/v2\/product_tag?post=33038"}],"curies":[{"name":"wp","href":"https:\/\/api.w.org\/{rel}","templated":true}]}}