{"id":12433,"date":"2022-05-17T19:05:43","date_gmt":"2022-05-17T17:05:43","guid":{"rendered":"https:\/\/www.ar-shelving.com\/index.php\/kde-kupit\/"},"modified":"2026-02-16T15:20:53","modified_gmt":"2026-02-16T14:20:53","slug":"kde-kupit","status":"publish","type":"page","link":"https:\/\/www.ar-shelving.com\/sk\/kde-kupit\/","title":{"rendered":"Kde Nak\u00fapi\u0165"},"content":{"rendered":"\t\t<div data-elementor-type=\"wp-page\" data-elementor-id=\"12433\" class=\"elementor elementor-12433 elementor-6065\">\n\t\t\t\t\t\t<section class=\"elementor-section elementor-top-section elementor-element elementor-element-f224d15 elementor-section-full_width elementor-section-height-default elementor-section-height-default\" data-id=\"f224d15\" data-element_type=\"section\" data-e-type=\"section\" data-settings=\"{&quot;background_background&quot;:&quot;classic&quot;}\">\n\t\t\t\t\t\t<div class=\"elementor-container elementor-column-gap-default\">\n\t\t\t\t\t<div class=\"elementor-column elementor-col-100 elementor-top-column elementor-element elementor-element-ecb47a0\" data-id=\"ecb47a0\" data-element_type=\"column\" data-e-type=\"column\">\n\t\t\t<div class=\"elementor-widget-wrap elementor-element-populated\">\n\t\t\t\t\t\t<section class=\"elementor-section elementor-inner-section elementor-element elementor-element-b8b87e5 elementor-section-boxed elementor-section-height-default elementor-section-height-default\" data-id=\"b8b87e5\" data-element_type=\"section\" data-e-type=\"section\">\n\t\t\t\t\t\t<div class=\"elementor-container elementor-column-gap-default\">\n\t\t\t\t\t<div class=\"elementor-column elementor-col-50 elementor-inner-column elementor-element elementor-element-657e1885\" data-id=\"657e1885\" data-element_type=\"column\" data-e-type=\"column\">\n\t\t\t<div class=\"elementor-widget-wrap elementor-element-populated\">\n\t\t\t\t\t\t<div class=\"elementor-element elementor-element-71423f7 elementor-widget elementor-widget-heading\" data-id=\"71423f7\" data-element_type=\"widget\" data-e-type=\"widget\" data-widget_type=\"heading.default\">\n\t\t\t\t\t<h2 class=\"elementor-heading-title elementor-size-default\">Kde<\/h2>\t\t\t\t<\/div>\n\t\t\t\t<div class=\"elementor-element elementor-element-51185d63 elementor-widget__width-initial elementor-widget elementor-widget-heading\" data-id=\"51185d63\" data-element_type=\"widget\" data-e-type=\"widget\" data-widget_type=\"heading.default\">\n\t\t\t\t\t<h2 class=\"elementor-heading-title elementor-size-default\">nak\u00fapi\u0165<\/h2>\t\t\t\t<\/div>\n\t\t\t\t\t<\/div>\n\t\t<\/div>\n\t\t\t\t<div class=\"elementor-column elementor-col-50 elementor-inner-column elementor-element elementor-element-ef80b56\" data-id=\"ef80b56\" data-element_type=\"column\" data-e-type=\"column\">\n\t\t\t<div class=\"elementor-widget-wrap elementor-element-populated\">\n\t\t\t\t\t\t<div class=\"elementor-element elementor-element-eaf0beb elementor-widget__width-initial elementor-widget elementor-widget-heading\" data-id=\"eaf0beb\" data-element_type=\"widget\" data-e-type=\"widget\" data-widget_type=\"heading.default\">\n\t\t\t\t\t<p class=\"elementor-heading-title elementor-size-default\">Zadajte svoju polohu a n\u00e1jdite najbli\u017e\u0161\u00ed obchod.<\/p>\t\t\t\t<\/div>\n\t\t\t\t\t<\/div>\n\t\t<\/div>\n\t\t\t\t\t<\/div>\n\t\t<\/section>\n\t\t\t\t\t<\/div>\n\t\t<\/div>\n\t\t\t\t\t<\/div>\n\t\t<\/section>\n\t\t\t\t<section class=\"elementor-section elementor-top-section elementor-element elementor-element-65ce1133 elementor-section-boxed elementor-section-height-default elementor-section-height-default\" data-id=\"65ce1133\" data-element_type=\"section\" data-e-type=\"section\" data-settings=\"{&quot;background_background&quot;:&quot;classic&quot;}\">\n\t\t\t\t\t\t<div class=\"elementor-container elementor-column-gap-default\">\n\t\t\t\t\t<div class=\"elementor-column elementor-col-100 elementor-top-column elementor-element elementor-element-61c4cd7d\" data-id=\"61c4cd7d\" data-element_type=\"column\" data-e-type=\"column\">\n\t\t\t<div class=\"elementor-widget-wrap elementor-element-populated\">\n\t\t\t\t\t\t<div class=\"elementor-element elementor-element-6f74f5aa elementor-widget elementor-widget-ld_newsletter\" data-id=\"6f74f5aa\" data-element_type=\"widget\" data-e-type=\"widget\" data-widget_type=\"ld_newsletter.default\">\n\t\t\t\t<div class=\"elementor-widget-container\">\n\t\t\t\t\t\n\t\t<div id=\"lqd-newsletter-6f74f5aa\" class=\"ld-sf pos-rel ld-sf--input-underlined ld-sf--button-naked   ld-sf--size-md ld-sf--sharp ld-sf--inputs-has-border ld-sf--border-thick  ld-sf--button-show ld-sf--button-inside  \">\n\t\t\t<form class=\"ld_subscribe_form ld_sf_form pos-rel\" method=\"post\" action=\"https:\/\/www.ar-shelving.com\/sk\/kde-kupit\/\">\n\t\t\t\t<p class=\"ld_sf_paragraph pos-rel\">\n\t\t\t\t\t\t\t\t\t\t<input type=\"email\" class=\"ld_sf_text ld_sf_email d-block w-100 border-radius-2\" name=\"email\" placeholder=\"N\u00e1jdete vo va\u0161ej bl\u00edzkosti\" \/>\n\t\t\t\t<\/p>\n\t\t\t\t\t\t\t\t<button type=\"submit\" class=\"ld_sf_submit d-inline-flex align-items-center justify-content-center m-0 border-radius-2 pos-rel\"><span class=\"submit-icon\"><i class=\"lqd-icn-ess icon-md-arrow-forward\"><\/i><\/span> <span class=\"ld-sf-spinner border-radius-circle pos-abs overflow-hidden\"><span class=\"d-block lqd-overlay border-radius-circle\">Sending <\/span><\/span><\/button>\t\t\t\t<input type=\"hidden\" name=\"use_opt_in\" class=\"ld_sf_use_opt_in\" value=\"yes\">\n\t\t\t\t<input type=\"hidden\" class=\"ld_sf_list_id\" name=\"list_id\" value=\"0\">\n\t\t\t\t\n\t\t\t\t<input type=\"hidden\" id=\"_wpnonce\" name=\"_wpnonce\" value=\"085e090340\" \/><input type=\"hidden\" name=\"_wp_http_referer\" value=\"\/sk\/wp-json\/wp\/v2\/pages\/12433\" \/>\t\t\t<\/form>\n\t\t\t<div class=\"ld_sf_response\"><\/div>\n\t\t<\/div>\t\n\n\t\t\t\t\t\t<\/div>\n\t\t\t\t<\/div>\n\t\t\t\t\t<\/div>\n\t\t<\/div>\n\t\t\t\t\t<\/div>\n\t\t<\/section>\n\t\t\t\t<section class=\"elementor-section elementor-top-section elementor-element elementor-element-a32c7ea elementor-section-content-middle results elementor-section-boxed elementor-section-height-default elementor-section-height-default\" data-id=\"a32c7ea\" data-element_type=\"section\" data-e-type=\"section\" data-settings=\"{&quot;background_background&quot;:&quot;classic&quot;}\">\n\t\t\t\t\t\t<div class=\"elementor-container elementor-column-gap-no\">\n\t\t\t\t\t<div class=\"elementor-column elementor-col-100 elementor-top-column elementor-element elementor-element-aacf53e\" data-id=\"aacf53e\" data-element_type=\"column\" data-e-type=\"column\">\n\t\t\t<div class=\"elementor-widget-wrap\">\n\t\t\t\t\t\t\t<\/div>\n\t\t<\/div>\n\t\t\t\t\t<\/div>\n\t\t<\/section>\n\t\t\t\t<section class=\"elementor-section elementor-top-section elementor-element elementor-element-3292ffe elementor-section-boxed elementor-section-height-default elementor-section-height-default\" data-id=\"3292ffe\" data-element_type=\"section\" data-e-type=\"section\" data-settings=\"{&quot;background_background&quot;:&quot;classic&quot;}\">\n\t\t\t\t\t\t\t<div class=\"elementor-background-overlay\"><\/div>\n\t\t\t\t\t\t\t<div class=\"elementor-container elementor-column-gap-extended\">\n\t\t\t\t\t<div class=\"elementor-column elementor-col-100 elementor-top-column elementor-element elementor-element-3bf120f7\" data-id=\"3bf120f7\" data-element_type=\"column\" data-e-type=\"column\">\n\t\t\t<div class=\"elementor-widget-wrap elementor-element-populated\">\n\t\t\t\t\t\t<div class=\"elementor-element elementor-element-17c8398 elementor-absolute elementor-view-default elementor-widget elementor-widget-icon\" data-id=\"17c8398\" data-element_type=\"widget\" data-e-type=\"widget\" data-settings=\"{&quot;_position&quot;:&quot;absolute&quot;}\" data-widget_type=\"icon.default\">\n\t\t\t\t\t\t\t<div class=\"elementor-icon-wrapper\">\n\t\t\t<div class=\"elementor-icon\">\n\t\t\t<svg xmlns=\"http:\/\/www.w3.org\/2000\/svg\" width=\"57.121\" height=\"67.506\" viewBox=\"0 0 57.121 67.506\"><g id=\"Iconly_Light-Outline_Location\" data-name=\"Iconly\/Light-Outline\/Location\" transform=\"translate(-4 -2)\"><g id=\"Location\" transform=\"translate(3.999 2)\"><path id=\"Combined-Shape\" d=\"M28.56,1A28.7,28.7,0,0,1,57.12,29.778c0,19.508-22.35,38.728-28.56,38.728S0,49.286,0,29.778A28.7,28.7,0,0,1,28.56,1Zm0,5.193A23.505,23.505,0,0,0,5.192,29.778c0,16.544,19.469,32.663,23.368,33.521,3.9-.862,23.368-16.98,23.368-33.521A23.505,23.505,0,0,0,28.56,6.193Zm0,12.116A11.251,11.251,0,1,1,17.312,29.564,11.265,11.265,0,0,1,28.563,18.309Zm0,5.193a6.058,6.058,0,1,0,6.058,6.062A6.066,6.066,0,0,0,28.563,23.5Z\" transform=\"translate(0.001 -1)\" fill=\"#fff\" fill-rule=\"evenodd\"><\/path><\/g><\/g><\/svg>\t\t\t<\/div>\n\t\t<\/div>\n\t\t\t\t\t\t<\/div>\n\t\t\t\t<div class=\"elementor-element elementor-element-b9dadd2 elementor-absolute elementor-view-default elementor-widget elementor-widget-icon\" data-id=\"b9dadd2\" data-element_type=\"widget\" data-e-type=\"widget\" data-settings=\"{&quot;_position&quot;:&quot;absolute&quot;}\" data-widget_type=\"icon.default\">\n\t\t\t\t\t\t\t<div class=\"elementor-icon-wrapper\">\n\t\t\t<div class=\"elementor-icon\">\n\t\t\t<svg xmlns=\"http:\/\/www.w3.org\/2000\/svg\" width=\"57.121\" height=\"67.506\" viewBox=\"0 0 57.121 67.506\"><g id=\"Iconly_Light-Outline_Location\" data-name=\"Iconly\/Light-Outline\/Location\" transform=\"translate(-4 -2)\"><g id=\"Location\" transform=\"translate(3.999 2)\"><path id=\"Combined-Shape\" d=\"M28.56,1A28.7,28.7,0,0,1,57.12,29.778c0,19.508-22.35,38.728-28.56,38.728S0,49.286,0,29.778A28.7,28.7,0,0,1,28.56,1Zm0,5.193A23.505,23.505,0,0,0,5.192,29.778c0,16.544,19.469,32.663,23.368,33.521,3.9-.862,23.368-16.98,23.368-33.521A23.505,23.505,0,0,0,28.56,6.193Zm0,12.116A11.251,11.251,0,1,1,17.312,29.564,11.265,11.265,0,0,1,28.563,18.309Zm0,5.193a6.058,6.058,0,1,0,6.058,6.062A6.066,6.066,0,0,0,28.563,23.5Z\" transform=\"translate(0.001 -1)\" fill=\"#fff\" fill-rule=\"evenodd\"><\/path><\/g><\/g><\/svg>\t\t\t<\/div>\n\t\t<\/div>\n\t\t\t\t\t\t<\/div>\n\t\t\t\t<div class=\"elementor-element elementor-element-8cfef31 elementor-absolute elementor-view-default elementor-widget elementor-widget-icon\" data-id=\"8cfef31\" data-element_type=\"widget\" data-e-type=\"widget\" data-settings=\"{&quot;_position&quot;:&quot;absolute&quot;}\" data-widget_type=\"icon.default\">\n\t\t\t\t\t\t\t<div class=\"elementor-icon-wrapper\">\n\t\t\t<div class=\"elementor-icon\">\n\t\t\t<svg xmlns=\"http:\/\/www.w3.org\/2000\/svg\" width=\"57.121\" height=\"67.506\" viewBox=\"0 0 57.121 67.506\"><g id=\"Iconly_Light-Outline_Location\" data-name=\"Iconly\/Light-Outline\/Location\" transform=\"translate(-4 -2)\"><g id=\"Location\" transform=\"translate(3.999 2)\"><path id=\"Combined-Shape\" d=\"M28.56,1A28.7,28.7,0,0,1,57.12,29.778c0,19.508-22.35,38.728-28.56,38.728S0,49.286,0,29.778A28.7,28.7,0,0,1,28.56,1Zm0,5.193A23.505,23.505,0,0,0,5.192,29.778c0,16.544,19.469,32.663,23.368,33.521,3.9-.862,23.368-16.98,23.368-33.521A23.505,23.505,0,0,0,28.56,6.193Zm0,12.116A11.251,11.251,0,1,1,17.312,29.564,11.265,11.265,0,0,1,28.563,18.309Zm0,5.193a6.058,6.058,0,1,0,6.058,6.062A6.066,6.066,0,0,0,28.563,23.5Z\" transform=\"translate(0.001 -1)\" fill=\"#fff\" fill-rule=\"evenodd\"><\/path><\/g><\/g><\/svg>\t\t\t<\/div>\n\t\t<\/div>\n\t\t\t\t\t\t<\/div>\n\t\t\t\t\t<\/div>\n\t\t<\/div>\n\t\t\t\t\t<\/div>\n\t\t<\/section>\n\t\t\t\t<\/div>\n\t\t","protected":false},"excerpt":{"rendered":"<p>Kde nak\u00fapi\u0165 Zadajte svoju polohu a n\u00e1jdite najbli\u017e\u0161\u00ed obchod. Sending<\/p>\n","protected":false},"author":1,"featured_media":0,"parent":0,"menu_order":0,"comment_status":"closed","ping_status":"closed","template":"","meta":{"_acf_changed":false,"_monsterinsights_skip_tracking":false,"_monsterinsights_sitenote_active":false,"_monsterinsights_sitenote_note":"","_monsterinsights_sitenote_category":0,"_uf_show_specific_survey":0,"_uf_disable_surveys":false,"title_news":"","footnotes":""},"class_list":["post-12433","page","type-page","status-publish","hentry"],"acf":[],"yoast_head":"<!-- This site is optimized with the Yoast SEO plugin v27.1.1 - https:\/\/yoast.com\/product\/yoast-seo-wordpress\/ -->\n<title>Kde Nak\u00fapi\u0165 - AR Shelving, metal shelving for DIY and trade<\/title>\n<meta name=\"robots\" content=\"index, follow, max-snippet:-1, max-image-preview:large, max-video-preview:-1\" \/>\n<link rel=\"canonical\" href=\"https:\/\/www.ar-shelving.com\/sk\/kde-kupit\/\" \/>\n<meta property=\"og:locale\" content=\"sk_SK\" \/>\n<meta property=\"og:type\" content=\"article\" \/>\n<meta property=\"og:title\" content=\"Kde Nak\u00fapi\u0165 - AR Shelving, metal shelving for DIY and trade\" \/>\n<meta property=\"og:description\" content=\"Kde nak\u00fapi\u0165 Zadajte svoju polohu a n\u00e1jdite najbli\u017e\u0161\u00ed obchod. Sending\" \/>\n<meta property=\"og:url\" content=\"https:\/\/www.ar-shelving.com\/sk\/kde-kupit\/\" \/>\n<meta property=\"og:site_name\" content=\"AR Shelving, metal shelving for DIY and trade\" \/>\n<meta property=\"article:publisher\" content=\"https:\/\/www.facebook.com\/MetallicShelving\" \/>\n<meta property=\"article:modified_time\" content=\"2026-02-16T14:20:53+00:00\" \/>\n<meta name=\"twitter:card\" content=\"summary_large_image\" \/>\n<meta name=\"twitter:label1\" content=\"Predpokladan\u00fd \u010das \u010d\u00edtania\" \/>\n\t<meta name=\"twitter:data1\" content=\"1 min\u00fata\" \/>\n<script type=\"application\/ld+json\" class=\"yoast-schema-graph\">{\"@context\":\"https:\/\/schema.org\",\"@graph\":[{\"@type\":\"WebPage\",\"@id\":\"https:\/\/www.ar-shelving.com\/sk\/kde-kupit\/\",\"url\":\"https:\/\/www.ar-shelving.com\/sk\/kde-kupit\/\",\"name\":\"Kde Nak\u00fapi\u0165 - AR Shelving, metal shelving for DIY and trade\",\"isPartOf\":{\"@id\":\"https:\/\/www.ar-shelving.com\/#website\"},\"datePublished\":\"2022-05-17T17:05:43+00:00\",\"dateModified\":\"2026-02-16T14:20:53+00:00\",\"inLanguage\":\"sk-SK\",\"potentialAction\":[{\"@type\":\"ReadAction\",\"target\":[\"https:\/\/www.ar-shelving.com\/sk\/kde-kupit\/\"]}]},{\"@type\":\"WebSite\",\"@id\":\"https:\/\/www.ar-shelving.com\/#website\",\"url\":\"https:\/\/www.ar-shelving.com\/\",\"name\":\"AR Shelving, metal shelving for DIY, trade and industries\",\"description\":\"metal shelving\",\"publisher\":{\"@id\":\"https:\/\/www.ar-shelving.com\/#organization\"},\"potentialAction\":[{\"@type\":\"SearchAction\",\"target\":{\"@type\":\"EntryPoint\",\"urlTemplate\":\"https:\/\/www.ar-shelving.com\/?s={search_term_string}\"},\"query-input\":{\"@type\":\"PropertyValueSpecification\",\"valueRequired\":true,\"valueName\":\"search_term_string\"}}],\"inLanguage\":\"sk-SK\"},{\"@type\":\"Organization\",\"@id\":\"https:\/\/www.ar-shelving.com\/#organization\",\"name\":\"AR Shelving S.A.\",\"url\":\"https:\/\/www.ar-shelving.com\/\",\"logo\":{\"@type\":\"ImageObject\",\"inLanguage\":\"sk-SK\",\"@id\":\"https:\/\/www.ar-shelving.com\/#\/schema\/logo\/image\/\",\"url\":\"https:\/\/www.ar-shelving.com\/wp-content\/uploads\/2022\/06\/Grupo-389.png\",\"contentUrl\":\"https:\/\/www.ar-shelving.com\/wp-content\/uploads\/2022\/06\/Grupo-389.png\",\"width\":251,\"height\":43,\"caption\":\"AR Shelving S.A.\"},\"image\":{\"@id\":\"https:\/\/www.ar-shelving.com\/#\/schema\/logo\/image\/\"},\"sameAs\":[\"https:\/\/www.facebook.com\/MetallicShelving\",\"https:\/\/www.linkedin.com\/company\/arshelving\/\",\"https:\/\/www.instagram.com\/ar_shelving\/\",\"https:\/\/www.youtube.com\/user\/ARstorage\",\"https:\/\/www.pinterest.es\/arshelving\/\"]}]}<\/script>\n<!-- \/ Yoast SEO plugin. -->","yoast_head_json":{"title":"Kde Nak\u00fapi\u0165 - AR Shelving, metal shelving for DIY and trade","robots":{"index":"index","follow":"follow","max-snippet":"max-snippet:-1","max-image-preview":"max-image-preview:large","max-video-preview":"max-video-preview:-1"},"canonical":"https:\/\/www.ar-shelving.com\/sk\/kde-kupit\/","og_locale":"sk_SK","og_type":"article","og_title":"Kde Nak\u00fapi\u0165 - AR Shelving, metal shelving for DIY and trade","og_description":"Kde nak\u00fapi\u0165 Zadajte svoju polohu a n\u00e1jdite najbli\u017e\u0161\u00ed obchod. Sending","og_url":"https:\/\/www.ar-shelving.com\/sk\/kde-kupit\/","og_site_name":"AR Shelving, metal shelving for DIY and trade","article_publisher":"https:\/\/www.facebook.com\/MetallicShelving","article_modified_time":"2026-02-16T14:20:53+00:00","twitter_card":"summary_large_image","twitter_misc":{"Predpokladan\u00fd \u010das \u010d\u00edtania":"1 min\u00fata"},"schema":{"@context":"https:\/\/schema.org","@graph":[{"@type":"WebPage","@id":"https:\/\/www.ar-shelving.com\/sk\/kde-kupit\/","url":"https:\/\/www.ar-shelving.com\/sk\/kde-kupit\/","name":"Kde Nak\u00fapi\u0165 - AR Shelving, metal shelving for DIY and trade","isPartOf":{"@id":"https:\/\/www.ar-shelving.com\/#website"},"datePublished":"2022-05-17T17:05:43+00:00","dateModified":"2026-02-16T14:20:53+00:00","inLanguage":"sk-SK","potentialAction":[{"@type":"ReadAction","target":["https:\/\/www.ar-shelving.com\/sk\/kde-kupit\/"]}]},{"@type":"WebSite","@id":"https:\/\/www.ar-shelving.com\/#website","url":"https:\/\/www.ar-shelving.com\/","name":"AR Shelving, metal shelving for DIY, trade and industries","description":"metal shelving","publisher":{"@id":"https:\/\/www.ar-shelving.com\/#organization"},"potentialAction":[{"@type":"SearchAction","target":{"@type":"EntryPoint","urlTemplate":"https:\/\/www.ar-shelving.com\/?s={search_term_string}"},"query-input":{"@type":"PropertyValueSpecification","valueRequired":true,"valueName":"search_term_string"}}],"inLanguage":"sk-SK"},{"@type":"Organization","@id":"https:\/\/www.ar-shelving.com\/#organization","name":"AR Shelving S.A.","url":"https:\/\/www.ar-shelving.com\/","logo":{"@type":"ImageObject","inLanguage":"sk-SK","@id":"https:\/\/www.ar-shelving.com\/#\/schema\/logo\/image\/","url":"https:\/\/www.ar-shelving.com\/wp-content\/uploads\/2022\/06\/Grupo-389.png","contentUrl":"https:\/\/www.ar-shelving.com\/wp-content\/uploads\/2022\/06\/Grupo-389.png","width":251,"height":43,"caption":"AR Shelving S.A."},"image":{"@id":"https:\/\/www.ar-shelving.com\/#\/schema\/logo\/image\/"},"sameAs":["https:\/\/www.facebook.com\/MetallicShelving","https:\/\/www.linkedin.com\/company\/arshelving\/","https:\/\/www.instagram.com\/ar_shelving\/","https:\/\/www.youtube.com\/user\/ARstorage","https:\/\/www.pinterest.es\/arshelving\/"]}]}},"_links":{"self":[{"href":"https:\/\/www.ar-shelving.com\/sk\/wp-json\/wp\/v2\/pages\/12433","targetHints":{"allow":["GET"]}}],"collection":[{"href":"https:\/\/www.ar-shelving.com\/sk\/wp-json\/wp\/v2\/pages"}],"about":[{"href":"https:\/\/www.ar-shelving.com\/sk\/wp-json\/wp\/v2\/types\/page"}],"author":[{"embeddable":true,"href":"https:\/\/www.ar-shelving.com\/sk\/wp-json\/wp\/v2\/users\/1"}],"replies":[{"embeddable":true,"href":"https:\/\/www.ar-shelving.com\/sk\/wp-json\/wp\/v2\/comments?post=12433"}],"version-history":[{"count":2,"href":"https:\/\/www.ar-shelving.com\/sk\/wp-json\/wp\/v2\/pages\/12433\/revisions"}],"predecessor-version":[{"id":33030,"href":"https:\/\/www.ar-shelving.com\/sk\/wp-json\/wp\/v2\/pages\/12433\/revisions\/33030"}],"wp:attachment":[{"href":"https:\/\/www.ar-shelving.com\/sk\/wp-json\/wp\/v2\/media?parent=12433"}],"curies":[{"name":"wp","href":"https:\/\/api.w.org\/{rel}","templated":true}]}}