{"id":20840,"date":"2023-04-20T10:49:20","date_gmt":"2023-04-20T10:49:20","guid":{"rendered":"https:\/\/www.ar-shelving.com\/cookies\/"},"modified":"2023-05-12T10:15:03","modified_gmt":"2023-05-12T08:15:03","slug":"cookies","status":"publish","type":"page","link":"https:\/\/www.ar-shelving.com\/sk\/cookies\/","title":{"rendered":"Cookies"},"content":{"rendered":"\t\t<div data-elementor-type=\"wp-page\" data-elementor-id=\"20840\" class=\"elementor elementor-20840 elementor-20816\">\n\t\t\t\t\t\t<section class=\"elementor-section elementor-top-section elementor-element elementor-element-15702ad9 elementor-section-boxed elementor-section-height-default elementor-section-height-default\" data-id=\"15702ad9\" data-element_type=\"section\" data-e-type=\"section\">\n\t\t\t\t\t\t<div class=\"elementor-container elementor-column-gap-default\">\n\t\t\t\t\t<div class=\"elementor-column elementor-col-100 elementor-top-column elementor-element elementor-element-580b5974\" data-id=\"580b5974\" data-element_type=\"column\" data-e-type=\"column\">\n\t\t\t<div class=\"elementor-widget-wrap elementor-element-populated\">\n\t\t\t\t\t\t<div class=\"elementor-element elementor-element-6ba883c1 elementor-widget elementor-widget-text-editor\" data-id=\"6ba883c1\" data-element_type=\"widget\" data-e-type=\"widget\" data-widget_type=\"text-editor.default\">\n\t\t\t\t\t\t\t\t\tCookies s\u00fa n\u00e1stroje, ktor\u00e9 sie\u0165ov\u00e9 servery pou\u017e\u00edvaj\u00fa na ukladanie a z\u00edskavanie inform\u00e1ci\u00ed o svojich n\u00e1v\u0161tevn\u00edkoch alebo u\u017e\u00edvate\u013eoch. Je textov\u00fd s\u00fabor, ktor\u00fd niektor\u00e9 servery in\u0161taluj\u00fa po\u010das surfovania a ktor\u00fd im umo\u017e\u0148uje pozna\u0165 inform\u00e1cie, ako napr\u00edklad: miesto, z ktor\u00e9ho sa prihlasujete, \u010das pripojenia, zariadenie, z ktor\u00e9ho sa prihlasujete (po\u010d\u00edta\u010d alebo mobil), opera\u010dn\u00fd syst\u00e9m a pou\u017eit\u00fd prehliada\u010d, naj nav\u0161tevovanej\u0161ie str\u00e1nky, po\u010det kliknut\u00ed a \u00fadaje o spr\u00e1van\u00ed u\u017e\u00edvate\u013eov na internete. Neposkytuj\u00fa inform\u00e1cie, ktor\u00e9 umo\u017e\u0148uj\u00fa zistenie mena a priezviska u\u017e\u00edvate\u013ea a nem\u00f4\u017eu z\u00edska\u0165 \u00fadaje z pevn\u00e9ho disku \u010di zavies\u0165 v\u00edrus do ich zariaden\u00ed. Taktie\u017e si nem\u00f4\u017eete pre\u010d\u00edta\u0165 cookies s\u00fabory prijat\u00e9 z in\u00fdch serverov na pevnom disku u\u017e\u00edvate\u013ea.\r\n\r\nPre\u010do s\u00fa d\u00f4le\u017eit\u00e9?\r\n\r\nWebov\u00e1 str\u00e1nka je pr\u00edstupn\u00e1 bez toho, aby ste si s\u00fabory cookies aktivovali, hoci ich odpojenie m\u00f4\u017ee br\u00e1ni\u0165 jej spr\u00e1vnemu fungovaniu.\r\n\r\nZ technick\u00e9ho h\u013eadiska cookies umo\u017e\u0148uj\u00fa, aby webov\u00e9 str\u00e1nky r\u00fdchlej\u0161ie fungovali a prisp\u00f4sobili sa potreb\u00e1m u\u017e\u00edvate\u013eov, ako je napr\u00edklad ukladanie jazyka, meny krajiny alebo zistenie pr\u00edstupov\u00e9ho zariadenia.\r\n\r\nStanovuj\u00fa \u00farovne ochrany a bezpe\u010dnosti, ktor\u00e9 br\u00e1nia po\u010d\u00edta\u010dov\u00fdm \u00fatokom na webov\u00fa str\u00e1nku alebo u\u017e\u00edvate\u013eov.\r\n\r\nUmo\u017e\u0148uj\u00fa spr\u00e1vcom m\u00e9di\u00ed pozna\u0165 \u0161tatistick\u00e9 \u00fadaje zhroma\u017eden\u00e9 s cie\u013eom zlep\u0161i\u0165 kvalitu a sk\u00fasenosti s ich slu\u017ebami.\r\n\r\nSl\u00fa\u017eia na optimaliz\u00e1ciu reklamy, ktor\u00fa zobrazujeme u\u017e\u00edvate\u013eom, pon\u00fakan\u00edm reklamy, ktor\u00e1 najlep\u0161ie vyhovuje ich z\u00e1ujmom.\r\n\r\nPovolenie na pou\u017e\u00edvanie cookies\r\nNa tejto webovej str\u00e1nke sa objav\u00ed ozn\u00e1menie o s\u00faboroch cookies, ktor\u00e9 m\u00f4\u017ee u\u017e\u00edvate\u013e alebo n\u00e1v\u0161tevn\u00edk prija\u0165, pri\u010dom v\u00fdslovne s\u00fahlas\u00ed s pou\u017e\u00edvan\u00edm s\u00faborov cookies tak, ako je uveden\u00e9 ni\u017e\u0161ie.\r\nU\u017e\u00edvate\u013e m\u00f4\u017ee nastavi\u0165 svoj prehliada\u010d tak, aby \u0161tandardne odmietal v\u0161etky cookies alebo, aby sa mu na obrazovke objavilo upozornenie o prijat\u00ed ka\u017ed\u00fdch cookies a mohol sa rozhodn\u00fa\u0165, \u010di si ich m\u00e1 alebo nem\u00e1 nain\u0161talova\u0165 na svoj pevn\u00fd disk.\r\n\r\nNastavenie prehliada\u010da\r\n\r\nSpolo\u010dnos\u0165\u00a0<strong>AR SHELVING S.A.<\/strong>\u00a0pripom\u00edna svoj\u00edm u\u017e\u00edvate\u013eom, \u017ee pou\u017e\u00edvanie cookies m\u00f4\u017ee by\u0165 predmetom schv\u00e1lenia po\u010das in\u0161tal\u00e1cie alebo aktualiz\u00e1cie prehliada\u010da, ktor\u00fd pou\u017e\u00edvaj\u00fa.\r\n\r\nToto schv\u00e1lenie m\u00f4\u017eete odvola\u0165 prostredn\u00edctvom mo\u017enosti nastavenia obsahu a s\u00fakromia, ktor\u00e9 n\u00e1jdete v mo\u017enostiach. Vlastn\u00edk odpor\u00fa\u010da, aby ich sa u\u017e\u00edvatelia poradili prostredn\u00edctvom pomoci na ich prehliada\u010di alebo, aby nav\u0161t\u00edvili pomoc na webov\u00fdch str\u00e1nkach hlavn\u00fdch prehliada\u010dov: Firefox, Internet Explorer, Safari, Chrome.\r\n\r\nPre \u010fal\u0161ie inform\u00e1cie ako odvola\u0165 poskytnut\u00fd s\u00fahlas alebo o postupe na znemo\u017enenie s\u00faborov cookies, ako aj v pr\u00edpade ak\u00fdchko\u013evek ot\u00e1zok t\u00fdkaj\u00facich sa politiky pou\u017e\u00edvania s\u00faborov cookies, sa m\u00f4\u017eete obr\u00e1ti\u0165 na vlastn\u00edka prostredn\u00edctvom tejto e-mailovej adresy info@ar-shelving.com a v predmete uvediete \u201ePolitika pou\u017e\u00edvania cookies\u201c.\r\n\r\nDruhy cookies, ktor\u00e9 sa pou\u017e\u00edvaj\u00fa na webov\u00fdch str\u00e1nkach\r\n\r\nU\u017e\u00edvate\u013e, ktor\u00fd surfuje na internete, m\u00f4\u017ee n\u00e1js\u0165 cookies vlo\u017een\u00e9 priamo vlastn\u00edkom alebo in\u00fdmi spolo\u010dnos\u0165ami, ako je to podrobne uveden\u00e9 v nasleduj\u00facich odsekoch:\r\n\r\n\u2022 Do\u010dasn\u00e9 cookies sa ukon\u010dia, ke\u010f u\u017e\u00edvate\u013e opust\u00ed str\u00e1nku alebo zatvor\u00ed prehliada\u010d, to znamen\u00e1, \u017ee s\u00fa akt\u00edvne po\u010das n\u00e1v\u0161tevy webovej str\u00e1nky, a preto sa po jej zatvoren\u00ed z po\u010d\u00edta\u010da odstr\u00e1nia.\r\n\u2022 Trval\u00e9 cookies sa ukon\u010dia, ke\u010f sa splnia ciele, na ktor\u00e9 sa pou\u017e\u00edvaj\u00fa, alebo ke\u010f sa ru\u010dne odstr\u00e1nia, maj\u00fa d\u00e1tum vymazania a zvy\u010dajne sa pou\u017e\u00edvaj\u00fa po\u010das online n\u00e1kupu, prisp\u00f4sobenia alebo online registr\u00e1cie, aby ste st\u00e1le nemuseli zad\u00e1va\u0165 heslo.\r\n\r\nV z\u00e1vislosti od spolo\u010dnosti, ktor\u00e1 zariadenie alebo dom\u00e9nu spravuje, odkia\u013e sa cookies odosielaj\u00fa a kde sa z\u00edskan\u00e9 \u00fadaje spracov\u00e1vaj\u00fa, m\u00f4\u017eeme rozli\u0161ova\u0165 medzi na\u0161imi vlastn\u00fdmi cookies a cookies tret\u00edch str\u00e1n.\r\n\r\n\u2022 Vlastn\u00e9 cookies s\u00fa tie, ktor\u00e9 sa posielaj\u00fa do po\u010d\u00edta\u010da u\u017e\u00edvate\u013ea a v\u00fdlu\u010dne s\u00fa riaden\u00e9 na na\u0161ej strane kv\u00f4li lep\u0161iemu fungovaniu tejto webovej str\u00e1nky. Inform\u00e1cie, ktor\u00e9 z\u00edskame, sa pou\u017e\u00edvaj\u00fa na zlep\u0161enie kvality na\u0161ich slu\u017eieb a va\u0161ich u\u017e\u00edvate\u013esk\u00fdch sk\u00fasenost\u00ed.\r\n\r\n\u2022 Cookies tret\u00edch str\u00e1n, ke\u010f u\u017e\u00edvate\u013e spolupracuje na obsahu na\u0161ej webovej str\u00e1nky, je mo\u017en\u00e9 nastavi\u0165 aj cookies tret\u00edch str\u00e1n (napr\u00edklad stla\u010den\u00edm tla\u010didiel soci\u00e1lnych sieti alebo sledovan\u00edm vide\u00ed ulo\u017een\u00fdch na inej webovej str\u00e1nke), s\u00fa to tie, ktor\u00e9 maj\u00fa in\u00fa dom\u00e9nu ako m\u00e1 na\u0161a webov\u00e1 str\u00e1nka. Pri surfovan\u00ed na vy\u0161\u0161ie uveden\u00fdch webov\u00fdch str\u00e1nkach nem\u00e1me pr\u00edstup k \u00fadajom ulo\u017een\u00fdm v s\u00faboroch cookies na in\u00fdch webov\u00fdch str\u00e1nkach.\r\n\r\nSurfovanie na tomto internetovom port\u00e1li znamen\u00e1, \u017ee si m\u00f4\u017eete nain\u0161talova\u0165 tieto druhy cookies:\r\n<figure class=\"wp-block-table alignright is-style-regular\">\r\n<table>\r\n<tbody>\r\n<tr>\r\n<td>DRUHY COOKIES<\/td>\r\n<td>OPIS<\/td>\r\n<td>PR\u00cdKLAD POU\u017d\u00cdVANIA<\/td>\r\n<\/tr>\r\n<tr>\r\n<td>VYKONN\u00c9 COOKIES<\/td>\r\n<td>Tieto cookies sa pou\u017e\u00edvaj\u00fa na zlep\u0161enie v\u00fdkonu surfovania a optimaliz\u00e1ciu fungovania na\u0161ich webov\u00fdch str\u00e1nok.\r\nUkladaj\u00fa nastavenia slu\u017eieb, tak\u017ee si ich nemus\u00edte nastavova\u0165 pri ka\u017edej n\u00e1v\u0161teve.<\/td>\r\n<td>\u2022\u00a0<code>Nastavenia hlasitosti prehr\u00e1va\u010dov videa a zvuku.<\/code>\r\n\u2022 Optim\u00e1lna r\u00fdchlos\u0165 prenosu videa.\r\n\u2022 Ulo\u017eia uskuto\u010dnen\u00fd n\u00e1kup v \u201en\u00e1kupnom ko\u0161\u00edku\u201c pri slu\u017eb\u00e1ch elektronick\u00e9ho obchodu.<\/td>\r\n<\/tr>\r\n<tr>\r\n<td>COOKIES NA GEOLOKALIZOVANIE<\/td>\r\n<td>Tieto cookies sa pou\u017e\u00edvaj\u00fa na ukladanie geolokaliza\u010dn\u00fdch \u00fadajov po\u010d\u00edta\u010da alebo zariaden\u00ed, aby v\u00e1m pon\u00fakli vhodnej\u0161\u00ed obsah a slu\u017eby.<\/td>\r\n<td>Obsah prisp\u00f4soben\u00fd na krajinu, mesto, jazyk at\u010f<\/td>\r\n<\/tr>\r\n<tr>\r\n<td>REGISTRA\u010cN\u00c9 COOKIES<\/td>\r\n<td>Registra\u010dn\u00e9 cookies sa vytv\u00e1raj\u00fa pri registrovan\u00ed alebo pri prihl\u00e1sen\u00ed sa na jednu z na\u0161ich webov\u00fdch str\u00e1nok.<\/td>\r\n<td>\u2022 Aj ke\u010f prehliada\u010d zatvor\u00edte pri n\u00e1vrate budete st\u00e1le prihl\u00e1sen\u00fd, pokia\u013e sa neodpoj\u00edte alebo neodhl\u00e1site.\r\n\u2022 Na pr\u00edstup ku niektor\u00fdm \u010dastiam na\u0161ich internetov\u00fdch port\u00e1lov, napr\u00edklad \u00fa\u010das\u0165 na s\u00fa\u0165a\u017ei.<\/td>\r\n<\/tr>\r\n<tr>\r\n<td>ANALYTICK\u00c9 COOKIES<\/td>\r\n<td>Tieto cookies zhroma\u017e\u010fuj\u00fa inform\u00e1cie o va\u0161om surfovan\u00ed na na\u0161ich internetov\u00fdch port\u00e1loch anonymne<\/td>\r\n<td>\u2022\u00a0<code>M\u00f4\u017eeme spo\u010d\u00edta\u0165 po\u010det n\u00e1v\u0161tevn\u00edkov<\/code>\r\n\u2022 Zist\u00edme, \u010di sa u\u017e\u00edvate\u013e opakovane na str\u00e1nku prihl\u00e1sil\r\n\u2022 Tieto inform\u00e1cie n\u00e1m m\u00f4\u017eu pom\u00f4c\u0165 zlep\u0161i\u0165 surfovanie a slu\u017eby<\/td>\r\n<\/tr>\r\n<tr>\r\n<td>REKLAMN\u00c9 COOKIES<\/td>\r\n<td>Tieto cookies zhroma\u017e\u010fuj\u00fa inform\u00e1cie o reklam\u00e1ch zobrazovan\u00fdch ka\u017ed\u00e9mu nezn\u00e1memu u\u017e\u00edvate\u013eovi na internetov\u00fdch port\u00e1loch<\/td>\r\n<td>\u2022 Reklamu prisp\u00f4sobuj\u00fa druhu zariadenia, z ktor\u00e9ho sa u\u017e\u00edvate\u013e prip\u00e1ja.\r\n\u2022 Poskytuj\u00fa reklamy riaden\u00e9 prostredn\u00edctvom tret\u00edch str\u00e1n, ktor\u00e9 sa na str\u00e1nke zobrazuj\u00fa v re\u00e1lnom \u010dase<\/td>\r\n<\/tr>\r\n<\/tbody>\r\n<\/table>\r\n<\/figure>\t\t\t\t\t\t\t\t<\/div>\n\t\t\t\t\t<\/div>\n\t\t<\/div>\n\t\t\t\t\t<\/div>\n\t\t<\/section>\n\t\t\t\t<\/div>\n\t\t","protected":false},"excerpt":{"rendered":"<p>Cookies s\u00fa n\u00e1stroje, ktor\u00e9 sie\u0165ov\u00e9 servery pou\u017e\u00edvaj\u00fa na ukladanie a z\u00edskavanie inform\u00e1ci\u00ed o svojich n\u00e1v\u0161tevn\u00edkoch alebo u\u017e\u00edvate\u013eoch. Je textov\u00fd s\u00fabor, ktor\u00fd niektor\u00e9 servery in\u0161taluj\u00fa po\u010das surfovania a ktor\u00fd im umo\u017e\u0148uje pozna\u0165 inform\u00e1cie, ako napr\u00edklad: miesto, z ktor\u00e9ho sa prihlasujete, \u010das pripojenia, zariadenie, z ktor\u00e9ho sa prihlasujete (po\u010d\u00edta\u010d alebo mobil), opera\u010dn\u00fd syst\u00e9m a pou\u017eit\u00fd prehliada\u010d, naj [&hellip;]<\/p>\n","protected":false},"author":1,"featured_media":0,"parent":0,"menu_order":0,"comment_status":"closed","ping_status":"closed","template":"","meta":{"_acf_changed":false,"_monsterinsights_skip_tracking":false,"_monsterinsights_sitenote_active":false,"_monsterinsights_sitenote_note":"","_monsterinsights_sitenote_category":0,"_uf_show_specific_survey":0,"_uf_disable_surveys":false,"title_news":"","footnotes":""},"class_list":["post-20840","page","type-page","status-publish","hentry"],"acf":[],"yoast_head":"<!-- This site is optimized with the Yoast SEO plugin v27.4 - https:\/\/yoast.com\/product\/yoast-seo-wordpress\/ -->\n<title>Cookies - AR Shelving, metal shelving for DIY and trade<\/title>\n<meta name=\"robots\" content=\"index, follow, max-snippet:-1, max-image-preview:large, max-video-preview:-1\" \/>\n<link rel=\"canonical\" href=\"https:\/\/www.ar-shelving.com\/cookies-policy\/\" \/>\n<meta property=\"og:locale\" content=\"sk_SK\" \/>\n<meta property=\"og:type\" content=\"article\" \/>\n<meta property=\"og:title\" content=\"Cookies - AR Shelving, metal shelving for DIY and trade\" \/>\n<meta property=\"og:description\" content=\"Cookies s\u00fa n\u00e1stroje, ktor\u00e9 sie\u0165ov\u00e9 servery pou\u017e\u00edvaj\u00fa na ukladanie a z\u00edskavanie inform\u00e1ci\u00ed o svojich n\u00e1v\u0161tevn\u00edkoch alebo u\u017e\u00edvate\u013eoch. Je textov\u00fd s\u00fabor, ktor\u00fd niektor\u00e9 servery in\u0161taluj\u00fa po\u010das surfovania a ktor\u00fd im umo\u017e\u0148uje pozna\u0165 inform\u00e1cie, ako napr\u00edklad: miesto, z ktor\u00e9ho sa prihlasujete, \u010das pripojenia, zariadenie, z ktor\u00e9ho sa prihlasujete (po\u010d\u00edta\u010d alebo mobil), opera\u010dn\u00fd syst\u00e9m a pou\u017eit\u00fd prehliada\u010d, naj [&hellip;]\" \/>\n<meta property=\"og:url\" content=\"https:\/\/www.ar-shelving.com\/cookies-policy\/\" \/>\n<meta property=\"og:site_name\" content=\"AR Shelving, metal shelving for DIY and trade\" \/>\n<meta property=\"article:publisher\" content=\"https:\/\/www.facebook.com\/MetallicShelving\" \/>\n<meta property=\"article:modified_time\" content=\"2023-05-12T08:15:03+00:00\" \/>\n<meta name=\"twitter:card\" content=\"summary_large_image\" \/>\n<meta name=\"twitter:label1\" content=\"Predpokladan\u00fd \u010das \u010d\u00edtania\" \/>\n\t<meta name=\"twitter:data1\" content=\"6 min\u00fat\" \/>\n<script type=\"application\/ld+json\" class=\"yoast-schema-graph\">{\"@context\":\"https:\\\/\\\/schema.org\",\"@graph\":[{\"@type\":\"WebPage\",\"@id\":\"https:\\\/\\\/www.ar-shelving.com\\\/cookies-policy\\\/\",\"url\":\"https:\\\/\\\/www.ar-shelving.com\\\/cookies-policy\\\/\",\"name\":\"Cookies - AR Shelving, metal shelving for DIY and trade\",\"isPartOf\":{\"@id\":\"https:\\\/\\\/www.ar-shelving.com\\\/#website\"},\"datePublished\":\"2023-04-20T10:49:20+00:00\",\"dateModified\":\"2023-05-12T08:15:03+00:00\",\"inLanguage\":\"sk-SK\",\"potentialAction\":[{\"@type\":\"ReadAction\",\"target\":[\"https:\\\/\\\/www.ar-shelving.com\\\/cookies-policy\\\/\"]}]},{\"@type\":\"WebSite\",\"@id\":\"https:\\\/\\\/www.ar-shelving.com\\\/#website\",\"url\":\"https:\\\/\\\/www.ar-shelving.com\\\/\",\"name\":\"AR Shelving, metal shelving for DIY, trade and industries\",\"description\":\"metal shelving\",\"publisher\":{\"@id\":\"https:\\\/\\\/www.ar-shelving.com\\\/#organization\"},\"potentialAction\":[{\"@type\":\"SearchAction\",\"target\":{\"@type\":\"EntryPoint\",\"urlTemplate\":\"https:\\\/\\\/www.ar-shelving.com\\\/?s={search_term_string}\"},\"query-input\":{\"@type\":\"PropertyValueSpecification\",\"valueRequired\":true,\"valueName\":\"search_term_string\"}}],\"inLanguage\":\"sk-SK\"},{\"@type\":\"Organization\",\"@id\":\"https:\\\/\\\/www.ar-shelving.com\\\/#organization\",\"name\":\"AR Shelving S.A.\",\"url\":\"https:\\\/\\\/www.ar-shelving.com\\\/\",\"logo\":{\"@type\":\"ImageObject\",\"inLanguage\":\"sk-SK\",\"@id\":\"https:\\\/\\\/www.ar-shelving.com\\\/#\\\/schema\\\/logo\\\/image\\\/\",\"url\":\"https:\\\/\\\/www.ar-shelving.com\\\/wp-content\\\/uploads\\\/2022\\\/06\\\/Grupo-389.png\",\"contentUrl\":\"https:\\\/\\\/www.ar-shelving.com\\\/wp-content\\\/uploads\\\/2022\\\/06\\\/Grupo-389.png\",\"width\":251,\"height\":43,\"caption\":\"AR Shelving S.A.\"},\"image\":{\"@id\":\"https:\\\/\\\/www.ar-shelving.com\\\/#\\\/schema\\\/logo\\\/image\\\/\"},\"sameAs\":[\"https:\\\/\\\/www.facebook.com\\\/MetallicShelving\",\"https:\\\/\\\/www.linkedin.com\\\/company\\\/arshelving\\\/\",\"https:\\\/\\\/www.instagram.com\\\/ar_shelving\\\/\",\"https:\\\/\\\/www.youtube.com\\\/user\\\/ARstorage\",\"https:\\\/\\\/www.pinterest.es\\\/arshelving\\\/\"]}]}<\/script>\n<!-- \/ Yoast SEO plugin. -->","yoast_head_json":{"title":"Cookies - AR Shelving, metal shelving for DIY and trade","robots":{"index":"index","follow":"follow","max-snippet":"max-snippet:-1","max-image-preview":"max-image-preview:large","max-video-preview":"max-video-preview:-1"},"canonical":"https:\/\/www.ar-shelving.com\/cookies-policy\/","og_locale":"sk_SK","og_type":"article","og_title":"Cookies - AR Shelving, metal shelving for DIY and trade","og_description":"Cookies s\u00fa n\u00e1stroje, ktor\u00e9 sie\u0165ov\u00e9 servery pou\u017e\u00edvaj\u00fa na ukladanie a z\u00edskavanie inform\u00e1ci\u00ed o svojich n\u00e1v\u0161tevn\u00edkoch alebo u\u017e\u00edvate\u013eoch. Je textov\u00fd s\u00fabor, ktor\u00fd niektor\u00e9 servery in\u0161taluj\u00fa po\u010das surfovania a ktor\u00fd im umo\u017e\u0148uje pozna\u0165 inform\u00e1cie, ako napr\u00edklad: miesto, z ktor\u00e9ho sa prihlasujete, \u010das pripojenia, zariadenie, z ktor\u00e9ho sa prihlasujete (po\u010d\u00edta\u010d alebo mobil), opera\u010dn\u00fd syst\u00e9m a pou\u017eit\u00fd prehliada\u010d, naj [&hellip;]","og_url":"https:\/\/www.ar-shelving.com\/cookies-policy\/","og_site_name":"AR Shelving, metal shelving for DIY and trade","article_publisher":"https:\/\/www.facebook.com\/MetallicShelving","article_modified_time":"2023-05-12T08:15:03+00:00","twitter_card":"summary_large_image","twitter_misc":{"Predpokladan\u00fd \u010das \u010d\u00edtania":"6 min\u00fat"},"schema":{"@context":"https:\/\/schema.org","@graph":[{"@type":"WebPage","@id":"https:\/\/www.ar-shelving.com\/cookies-policy\/","url":"https:\/\/www.ar-shelving.com\/cookies-policy\/","name":"Cookies - AR Shelving, metal shelving for DIY and trade","isPartOf":{"@id":"https:\/\/www.ar-shelving.com\/#website"},"datePublished":"2023-04-20T10:49:20+00:00","dateModified":"2023-05-12T08:15:03+00:00","inLanguage":"sk-SK","potentialAction":[{"@type":"ReadAction","target":["https:\/\/www.ar-shelving.com\/cookies-policy\/"]}]},{"@type":"WebSite","@id":"https:\/\/www.ar-shelving.com\/#website","url":"https:\/\/www.ar-shelving.com\/","name":"AR Shelving, metal shelving for DIY, trade and industries","description":"metal shelving","publisher":{"@id":"https:\/\/www.ar-shelving.com\/#organization"},"potentialAction":[{"@type":"SearchAction","target":{"@type":"EntryPoint","urlTemplate":"https:\/\/www.ar-shelving.com\/?s={search_term_string}"},"query-input":{"@type":"PropertyValueSpecification","valueRequired":true,"valueName":"search_term_string"}}],"inLanguage":"sk-SK"},{"@type":"Organization","@id":"https:\/\/www.ar-shelving.com\/#organization","name":"AR Shelving S.A.","url":"https:\/\/www.ar-shelving.com\/","logo":{"@type":"ImageObject","inLanguage":"sk-SK","@id":"https:\/\/www.ar-shelving.com\/#\/schema\/logo\/image\/","url":"https:\/\/www.ar-shelving.com\/wp-content\/uploads\/2022\/06\/Grupo-389.png","contentUrl":"https:\/\/www.ar-shelving.com\/wp-content\/uploads\/2022\/06\/Grupo-389.png","width":251,"height":43,"caption":"AR Shelving S.A."},"image":{"@id":"https:\/\/www.ar-shelving.com\/#\/schema\/logo\/image\/"},"sameAs":["https:\/\/www.facebook.com\/MetallicShelving","https:\/\/www.linkedin.com\/company\/arshelving\/","https:\/\/www.instagram.com\/ar_shelving\/","https:\/\/www.youtube.com\/user\/ARstorage","https:\/\/www.pinterest.es\/arshelving\/"]}]}},"_links":{"self":[{"href":"https:\/\/www.ar-shelving.com\/sk\/wp-json\/wp\/v2\/pages\/20840","targetHints":{"allow":["GET"]}}],"collection":[{"href":"https:\/\/www.ar-shelving.com\/sk\/wp-json\/wp\/v2\/pages"}],"about":[{"href":"https:\/\/www.ar-shelving.com\/sk\/wp-json\/wp\/v2\/types\/page"}],"author":[{"embeddable":true,"href":"https:\/\/www.ar-shelving.com\/sk\/wp-json\/wp\/v2\/users\/1"}],"replies":[{"embeddable":true,"href":"https:\/\/www.ar-shelving.com\/sk\/wp-json\/wp\/v2\/comments?post=20840"}],"version-history":[{"count":0,"href":"https:\/\/www.ar-shelving.com\/sk\/wp-json\/wp\/v2\/pages\/20840\/revisions"}],"wp:attachment":[{"href":"https:\/\/www.ar-shelving.com\/sk\/wp-json\/wp\/v2\/media?parent=20840"}],"curies":[{"name":"wp","href":"https:\/\/api.w.org\/{rel}","templated":true}]}}