{"id":22904,"date":"2022-06-20T12:07:55","date_gmt":"2022-06-20T10:07:55","guid":{"rendered":"https:\/\/www.ar-shelving.com\/metal-shelves\/wire-rivet\/"},"modified":"2025-07-07T12:08:10","modified_gmt":"2025-07-07T10:08:10","slug":"wire-rivet","status":"publish","type":"product","link":"https:\/\/www.ar-shelving.com\/sk\/metal-shelves\/wire-rivet\/","title":{"rendered":"Wire Rivet"},"content":{"rendered":"<p>AR Shelving zinkov\u00fd bezskrutkov\u00fd kovov\u00fd reg\u00e1l so sie\u0165ovou policou<\/p>\n","protected":false},"excerpt":{"rendered":"<p>Tento reg\u00e1lov\u00fd syst\u00e9m s pozinkovan\u00fdmi dr\u00f4ten\u00fdmi policami sa \u013eahko \u010dist\u00ed a je odoln\u00fd vo\u010di kor\u00f3zii. Perfektn\u00e9 rie\u0161enie pre skladovanie tekut\u00edn a organiz\u00e1ciu n\u00e1strojov, n\u00e1radia a in\u00e9ho pr\u00edslu\u0161enstva v gar\u00e1\u017ei, pivnici, sklade, arch\u00edve, ve\u013ekosklade, dielni alebo akomko\u013evek inom type podnikania.<\/p>\n","protected":false},"featured_media":19161,"comment_status":"open","ping_status":"closed","template":"","meta":{"_acf_changed":false,"_monsterinsights_skip_tracking":false,"_monsterinsights_sitenote_active":false,"_monsterinsights_sitenote_note":"","_monsterinsights_sitenote_category":0,"_uf_show_specific_survey":0,"_uf_disable_surveys":false,"title_news":""},"product_brand":[],"product_cat":[944],"product_tag":[],"class_list":{"0":"post-22904","1":"product","2":"type-product","3":"status-publish","4":"has-post-thumbnail","6":"product_cat-garaz","8":"first","9":"instock","10":"taxable","11":"shipping-taxable","12":"product-type-simple"},"acf":[],"yoast_head":"<!-- This site is optimized with the Yoast SEO plugin v27.5 - https:\/\/yoast.com\/product\/yoast-seo-wordpress\/ -->\n<title>Wire Rivet - Objavte jeho v\u00fdhody<\/title>\n<meta name=\"description\" content=\"Poskytuje patentovan\u00fa, exkluz\u00edvnu a inovat\u00edvnu technol\u00f3giu Rivet\u00ae, tzv. technol\u00f3gia kovov\u00fdch nitov, pre jednoduch\u0161iu mont\u00e1\u017e, zv\u00fd\u0161en\u00fa pevnos\u0165 a stabilitu.\" \/>\n<meta name=\"robots\" content=\"index, follow, max-snippet:-1, max-image-preview:large, max-video-preview:-1\" \/>\n<link rel=\"canonical\" href=\"https:\/\/www.ar-shelving.com\/sk\/metal-shelves\/wire-rivet\/\" \/>\n<meta property=\"og:locale\" content=\"sk_SK\" \/>\n<meta property=\"og:type\" content=\"article\" \/>\n<meta property=\"og:title\" content=\"Wire Rivet - Objavte jeho v\u00fdhody\" \/>\n<meta property=\"og:description\" content=\"Poskytuje patentovan\u00fa, exkluz\u00edvnu a inovat\u00edvnu technol\u00f3giu Rivet\u00ae, tzv. technol\u00f3gia kovov\u00fdch nitov, pre jednoduch\u0161iu mont\u00e1\u017e, zv\u00fd\u0161en\u00fa pevnos\u0165 a stabilitu.\" \/>\n<meta property=\"og:url\" content=\"https:\/\/www.ar-shelving.com\/sk\/metal-shelves\/wire-rivet\/\" \/>\n<meta property=\"og:site_name\" content=\"AR Shelving, metal shelving for DIY and trade\" \/>\n<meta property=\"article:publisher\" content=\"https:\/\/www.facebook.com\/MetallicShelving\" \/>\n<meta property=\"article:modified_time\" content=\"2025-07-07T10:08:10+00:00\" \/>\n<meta property=\"og:image\" content=\"https:\/\/www.ar-shelving.com\/wp-content\/uploads\/2022\/06\/WIRE_M_GALVA_4L-3-e1677696714936.jpg\" \/>\n\t<meta property=\"og:image:width\" content=\"500\" \/>\n\t<meta property=\"og:image:height\" content=\"667\" \/>\n\t<meta property=\"og:image:type\" content=\"image\/jpeg\" \/>\n<meta name=\"twitter:card\" content=\"summary_large_image\" \/>\n<meta name=\"twitter:label1\" content=\"Predpokladan\u00fd \u010das \u010d\u00edtania\" \/>\n\t<meta name=\"twitter:data1\" content=\"1 min\u00fata\" \/>\n<script type=\"application\/ld+json\" class=\"yoast-schema-graph\">{\"@context\":\"https:\\\/\\\/schema.org\",\"@graph\":[{\"@type\":\"WebPage\",\"@id\":\"https:\\\/\\\/www.ar-shelving.com\\\/sk\\\/metal-shelves\\\/wire-rivet\\\/\",\"url\":\"https:\\\/\\\/www.ar-shelving.com\\\/sk\\\/metal-shelves\\\/wire-rivet\\\/\",\"name\":\"Wire Rivet - Objavte jeho v\u00fdhody\",\"isPartOf\":{\"@id\":\"https:\\\/\\\/www.ar-shelving.com\\\/sk\\\/#website\"},\"primaryImageOfPage\":{\"@id\":\"https:\\\/\\\/www.ar-shelving.com\\\/sk\\\/metal-shelves\\\/wire-rivet\\\/#primaryimage\"},\"image\":{\"@id\":\"https:\\\/\\\/www.ar-shelving.com\\\/sk\\\/metal-shelves\\\/wire-rivet\\\/#primaryimage\"},\"thumbnailUrl\":\"https:\\\/\\\/www.ar-shelving.com\\\/wp-content\\\/uploads\\\/2022\\\/06\\\/WIRE_M_GALVA_4L-3-e1677696714936.jpg\",\"datePublished\":\"2022-06-20T10:07:55+00:00\",\"dateModified\":\"2025-07-07T10:08:10+00:00\",\"description\":\"Poskytuje patentovan\u00fa, exkluz\u00edvnu a inovat\u00edvnu technol\u00f3giu Rivet\u00ae, tzv. technol\u00f3gia kovov\u00fdch nitov, pre jednoduch\u0161iu mont\u00e1\u017e, zv\u00fd\u0161en\u00fa pevnos\u0165 a stabilitu.\",\"breadcrumb\":{\"@id\":\"https:\\\/\\\/www.ar-shelving.com\\\/sk\\\/metal-shelves\\\/wire-rivet\\\/#breadcrumb\"},\"inLanguage\":\"sk-SK\",\"potentialAction\":[{\"@type\":\"ReadAction\",\"target\":[\"https:\\\/\\\/www.ar-shelving.com\\\/sk\\\/metal-shelves\\\/wire-rivet\\\/\"]}]},{\"@type\":\"ImageObject\",\"inLanguage\":\"sk-SK\",\"@id\":\"https:\\\/\\\/www.ar-shelving.com\\\/sk\\\/metal-shelves\\\/wire-rivet\\\/#primaryimage\",\"url\":\"https:\\\/\\\/www.ar-shelving.com\\\/wp-content\\\/uploads\\\/2022\\\/06\\\/WIRE_M_GALVA_4L-3-e1677696714936.jpg\",\"contentUrl\":\"https:\\\/\\\/www.ar-shelving.com\\\/wp-content\\\/uploads\\\/2022\\\/06\\\/WIRE_M_GALVA_4L-3-e1677696714936.jpg\",\"width\":500,\"height\":667},{\"@type\":\"BreadcrumbList\",\"@id\":\"https:\\\/\\\/www.ar-shelving.com\\\/sk\\\/metal-shelves\\\/wire-rivet\\\/#breadcrumb\",\"itemListElement\":[{\"@type\":\"ListItem\",\"position\":1,\"name\":\"Produkty\",\"item\":\"https:\\\/\\\/www.ar-shelving.com\\\/sk\\\/shop\\\/\"},{\"@type\":\"ListItem\",\"position\":2,\"name\":\"Wire Rivet\"}]},{\"@type\":\"WebSite\",\"@id\":\"https:\\\/\\\/www.ar-shelving.com\\\/sk\\\/#website\",\"url\":\"https:\\\/\\\/www.ar-shelving.com\\\/sk\\\/\",\"name\":\"AR Shelving, metal shelving for DIY, trade and industries\",\"description\":\"metal shelving\",\"publisher\":{\"@id\":\"https:\\\/\\\/www.ar-shelving.com\\\/sk\\\/#organization\"},\"potentialAction\":[{\"@type\":\"SearchAction\",\"target\":{\"@type\":\"EntryPoint\",\"urlTemplate\":\"https:\\\/\\\/www.ar-shelving.com\\\/sk\\\/?s={search_term_string}\"},\"query-input\":{\"@type\":\"PropertyValueSpecification\",\"valueRequired\":true,\"valueName\":\"search_term_string\"}}],\"inLanguage\":\"sk-SK\"},{\"@type\":\"Organization\",\"@id\":\"https:\\\/\\\/www.ar-shelving.com\\\/sk\\\/#organization\",\"name\":\"AR Shelving S.A.\",\"url\":\"https:\\\/\\\/www.ar-shelving.com\\\/sk\\\/\",\"logo\":{\"@type\":\"ImageObject\",\"inLanguage\":\"sk-SK\",\"@id\":\"https:\\\/\\\/www.ar-shelving.com\\\/sk\\\/#\\\/schema\\\/logo\\\/image\\\/\",\"url\":\"https:\\\/\\\/www.ar-shelving.com\\\/wp-content\\\/uploads\\\/2022\\\/06\\\/Grupo-389.png\",\"contentUrl\":\"https:\\\/\\\/www.ar-shelving.com\\\/wp-content\\\/uploads\\\/2022\\\/06\\\/Grupo-389.png\",\"width\":251,\"height\":43,\"caption\":\"AR Shelving S.A.\"},\"image\":{\"@id\":\"https:\\\/\\\/www.ar-shelving.com\\\/sk\\\/#\\\/schema\\\/logo\\\/image\\\/\"},\"sameAs\":[\"https:\\\/\\\/www.facebook.com\\\/MetallicShelving\",\"https:\\\/\\\/www.linkedin.com\\\/company\\\/arshelving\\\/\",\"https:\\\/\\\/www.instagram.com\\\/ar_shelving\\\/\",\"https:\\\/\\\/www.youtube.com\\\/user\\\/ARstorage\",\"https:\\\/\\\/www.pinterest.es\\\/arshelving\\\/\"]}]}<\/script>\n<!-- \/ Yoast SEO plugin. -->","yoast_head_json":{"title":"Wire Rivet - Objavte jeho v\u00fdhody","description":"Poskytuje patentovan\u00fa, exkluz\u00edvnu a inovat\u00edvnu technol\u00f3giu Rivet\u00ae, tzv. technol\u00f3gia kovov\u00fdch nitov, pre jednoduch\u0161iu mont\u00e1\u017e, zv\u00fd\u0161en\u00fa pevnos\u0165 a stabilitu.","robots":{"index":"index","follow":"follow","max-snippet":"max-snippet:-1","max-image-preview":"max-image-preview:large","max-video-preview":"max-video-preview:-1"},"canonical":"https:\/\/www.ar-shelving.com\/sk\/metal-shelves\/wire-rivet\/","og_locale":"sk_SK","og_type":"article","og_title":"Wire Rivet - Objavte jeho v\u00fdhody","og_description":"Poskytuje patentovan\u00fa, exkluz\u00edvnu a inovat\u00edvnu technol\u00f3giu Rivet\u00ae, tzv. technol\u00f3gia kovov\u00fdch nitov, pre jednoduch\u0161iu mont\u00e1\u017e, zv\u00fd\u0161en\u00fa pevnos\u0165 a stabilitu.","og_url":"https:\/\/www.ar-shelving.com\/sk\/metal-shelves\/wire-rivet\/","og_site_name":"AR Shelving, metal shelving for DIY and trade","article_publisher":"https:\/\/www.facebook.com\/MetallicShelving","article_modified_time":"2025-07-07T10:08:10+00:00","og_image":[{"width":500,"height":667,"url":"https:\/\/www.ar-shelving.com\/wp-content\/uploads\/2022\/06\/WIRE_M_GALVA_4L-3-e1677696714936.jpg","type":"image\/jpeg"}],"twitter_card":"summary_large_image","twitter_misc":{"Predpokladan\u00fd \u010das \u010d\u00edtania":"1 min\u00fata"},"schema":{"@context":"https:\/\/schema.org","@graph":[{"@type":"WebPage","@id":"https:\/\/www.ar-shelving.com\/sk\/metal-shelves\/wire-rivet\/","url":"https:\/\/www.ar-shelving.com\/sk\/metal-shelves\/wire-rivet\/","name":"Wire Rivet - Objavte jeho v\u00fdhody","isPartOf":{"@id":"https:\/\/www.ar-shelving.com\/sk\/#website"},"primaryImageOfPage":{"@id":"https:\/\/www.ar-shelving.com\/sk\/metal-shelves\/wire-rivet\/#primaryimage"},"image":{"@id":"https:\/\/www.ar-shelving.com\/sk\/metal-shelves\/wire-rivet\/#primaryimage"},"thumbnailUrl":"https:\/\/www.ar-shelving.com\/wp-content\/uploads\/2022\/06\/WIRE_M_GALVA_4L-3-e1677696714936.jpg","datePublished":"2022-06-20T10:07:55+00:00","dateModified":"2025-07-07T10:08:10+00:00","description":"Poskytuje patentovan\u00fa, exkluz\u00edvnu a inovat\u00edvnu technol\u00f3giu Rivet\u00ae, tzv. technol\u00f3gia kovov\u00fdch nitov, pre jednoduch\u0161iu mont\u00e1\u017e, zv\u00fd\u0161en\u00fa pevnos\u0165 a stabilitu.","breadcrumb":{"@id":"https:\/\/www.ar-shelving.com\/sk\/metal-shelves\/wire-rivet\/#breadcrumb"},"inLanguage":"sk-SK","potentialAction":[{"@type":"ReadAction","target":["https:\/\/www.ar-shelving.com\/sk\/metal-shelves\/wire-rivet\/"]}]},{"@type":"ImageObject","inLanguage":"sk-SK","@id":"https:\/\/www.ar-shelving.com\/sk\/metal-shelves\/wire-rivet\/#primaryimage","url":"https:\/\/www.ar-shelving.com\/wp-content\/uploads\/2022\/06\/WIRE_M_GALVA_4L-3-e1677696714936.jpg","contentUrl":"https:\/\/www.ar-shelving.com\/wp-content\/uploads\/2022\/06\/WIRE_M_GALVA_4L-3-e1677696714936.jpg","width":500,"height":667},{"@type":"BreadcrumbList","@id":"https:\/\/www.ar-shelving.com\/sk\/metal-shelves\/wire-rivet\/#breadcrumb","itemListElement":[{"@type":"ListItem","position":1,"name":"Produkty","item":"https:\/\/www.ar-shelving.com\/sk\/shop\/"},{"@type":"ListItem","position":2,"name":"Wire Rivet"}]},{"@type":"WebSite","@id":"https:\/\/www.ar-shelving.com\/sk\/#website","url":"https:\/\/www.ar-shelving.com\/sk\/","name":"AR Shelving, metal shelving for DIY, trade and industries","description":"metal shelving","publisher":{"@id":"https:\/\/www.ar-shelving.com\/sk\/#organization"},"potentialAction":[{"@type":"SearchAction","target":{"@type":"EntryPoint","urlTemplate":"https:\/\/www.ar-shelving.com\/sk\/?s={search_term_string}"},"query-input":{"@type":"PropertyValueSpecification","valueRequired":true,"valueName":"search_term_string"}}],"inLanguage":"sk-SK"},{"@type":"Organization","@id":"https:\/\/www.ar-shelving.com\/sk\/#organization","name":"AR Shelving S.A.","url":"https:\/\/www.ar-shelving.com\/sk\/","logo":{"@type":"ImageObject","inLanguage":"sk-SK","@id":"https:\/\/www.ar-shelving.com\/sk\/#\/schema\/logo\/image\/","url":"https:\/\/www.ar-shelving.com\/wp-content\/uploads\/2022\/06\/Grupo-389.png","contentUrl":"https:\/\/www.ar-shelving.com\/wp-content\/uploads\/2022\/06\/Grupo-389.png","width":251,"height":43,"caption":"AR Shelving S.A."},"image":{"@id":"https:\/\/www.ar-shelving.com\/sk\/#\/schema\/logo\/image\/"},"sameAs":["https:\/\/www.facebook.com\/MetallicShelving","https:\/\/www.linkedin.com\/company\/arshelving\/","https:\/\/www.instagram.com\/ar_shelving\/","https:\/\/www.youtube.com\/user\/ARstorage","https:\/\/www.pinterest.es\/arshelving\/"]}]}},"_links":{"self":[{"href":"https:\/\/www.ar-shelving.com\/sk\/wp-json\/wp\/v2\/product\/22904","targetHints":{"allow":["GET"]}}],"collection":[{"href":"https:\/\/www.ar-shelving.com\/sk\/wp-json\/wp\/v2\/product"}],"about":[{"href":"https:\/\/www.ar-shelving.com\/sk\/wp-json\/wp\/v2\/types\/product"}],"replies":[{"embeddable":true,"href":"https:\/\/www.ar-shelving.com\/sk\/wp-json\/wp\/v2\/comments?post=22904"}],"wp:featuredmedia":[{"embeddable":true,"href":"https:\/\/www.ar-shelving.com\/sk\/wp-json\/wp\/v2\/media\/19161"}],"wp:attachment":[{"href":"https:\/\/www.ar-shelving.com\/sk\/wp-json\/wp\/v2\/media?parent=22904"}],"wp:term":[{"taxonomy":"product_brand","embeddable":true,"href":"https:\/\/www.ar-shelving.com\/sk\/wp-json\/wp\/v2\/product_brand?post=22904"},{"taxonomy":"product_cat","embeddable":true,"href":"https:\/\/www.ar-shelving.com\/sk\/wp-json\/wp\/v2\/product_cat?post=22904"},{"taxonomy":"product_tag","embeddable":true,"href":"https:\/\/www.ar-shelving.com\/sk\/wp-json\/wp\/v2\/product_tag?post=22904"}],"curies":[{"name":"wp","href":"https:\/\/api.w.org\/{rel}","templated":true}]}}