{"id":22905,"date":"2022-08-02T15:29:07","date_gmt":"2022-08-02T13:29:07","guid":{"rendered":"https:\/\/www.ar-shelving.com\/metal-shelves\/rivet-hdf\/"},"modified":"2023-06-15T12:08:02","modified_gmt":"2023-06-15T10:08:02","slug":"rivet-hdf","status":"publish","type":"product","link":"https:\/\/www.ar-shelving.com\/sk\/metal-shelves\/rivet-hdf\/","title":{"rendered":"Rivet HDF"},"content":{"rendered":"<p>AR Shelving bezskrutkov\u00fd kovov\u00fd reg\u00e1l Rivet<\/p>\n","protected":false},"excerpt":{"rendered":"<p>Vysoko z\u00e1\u0165a\u017eov\u00e9 gar\u00e1\u017eov\u00e9 reg\u00e1ly s exkluz\u00edvnou technol\u00f3giou Rivet pre jednoduch\u00fa a r\u00fdchlu mont\u00e1\u017e bez vyu\u017eitia skrutiek. Je to dokonal\u00fd kovov\u00fd reg\u00e1l na ulo\u017eenie v\u0161etk\u00fdch predmetov organizovan\u00fdch v pivnici, gar\u00e1\u017ei, sklade, arch\u00edve, dielni, priemysle a pod.<\/p>\n","protected":false},"featured_media":18014,"comment_status":"open","ping_status":"closed","template":"","meta":{"_acf_changed":false,"_monsterinsights_skip_tracking":false,"_monsterinsights_sitenote_active":false,"_monsterinsights_sitenote_note":"","_monsterinsights_sitenote_category":0,"_uf_show_specific_survey":0,"_uf_disable_surveys":false,"title_news":""},"product_brand":[],"product_cat":[944],"product_tag":[],"class_list":{"0":"post-22905","1":"product","2":"type-product","3":"status-publish","4":"has-post-thumbnail","6":"product_cat-garaz","8":"first","9":"instock","10":"taxable","11":"shipping-taxable","12":"product-type-simple"},"acf":[],"yoast_head":"<!-- This site is optimized with the Yoast SEO plugin v27.4 - https:\/\/yoast.com\/product\/yoast-seo-wordpress\/ -->\n<title>AR Shelving bezskrutkov\u00fd kovov\u00fd reg\u00e1l Rivet<\/title>\n<meta name=\"description\" content=\"Je to dokonal\u00fd kovov\u00fd reg\u00e1l na ulo\u017eenie v\u0161etk\u00fdch predmetov organizovan\u00fdch v pivnici, gar\u00e1\u017ei, sklade, arch\u00edve, dielni, priemysle a pod.\" \/>\n<meta name=\"robots\" content=\"index, follow, max-snippet:-1, max-image-preview:large, max-video-preview:-1\" \/>\n<link rel=\"canonical\" href=\"https:\/\/www.ar-shelving.com\/metal-shelves\/rivet-hdf\/\" \/>\n<meta property=\"og:locale\" content=\"sk_SK\" \/>\n<meta property=\"og:type\" content=\"article\" \/>\n<meta property=\"og:title\" content=\"AR Shelving bezskrutkov\u00fd kovov\u00fd reg\u00e1l Rivet\" \/>\n<meta property=\"og:description\" content=\"Je to dokonal\u00fd kovov\u00fd reg\u00e1l na ulo\u017eenie v\u0161etk\u00fdch predmetov organizovan\u00fdch v pivnici, gar\u00e1\u017ei, sklade, arch\u00edve, dielni, priemysle a pod.\" \/>\n<meta property=\"og:url\" content=\"https:\/\/www.ar-shelving.com\/metal-shelves\/rivet-hdf\/\" \/>\n<meta property=\"og:site_name\" content=\"AR Shelving, metal shelving for DIY and trade\" \/>\n<meta property=\"article:publisher\" content=\"https:\/\/www.facebook.com\/MetallicShelving\" \/>\n<meta property=\"article:modified_time\" content=\"2023-06-15T10:08:02+00:00\" \/>\n<meta property=\"og:image\" content=\"https:\/\/www.ar-shelving.com\/wp-content\/uploads\/2022\/08\/RIVET-L_galva_4N_1reinforcements_leftside-1.jpg\" \/>\n\t<meta property=\"og:image:width\" content=\"500\" \/>\n\t<meta property=\"og:image:height\" content=\"667\" \/>\n\t<meta property=\"og:image:type\" content=\"image\/jpeg\" \/>\n<meta name=\"twitter:card\" content=\"summary_large_image\" \/>\n<meta name=\"twitter:label1\" content=\"Predpokladan\u00fd \u010das \u010d\u00edtania\" \/>\n\t<meta name=\"twitter:data1\" content=\"1 min\u00fata\" \/>\n<script type=\"application\/ld+json\" class=\"yoast-schema-graph\">{\"@context\":\"https:\\\/\\\/schema.org\",\"@graph\":[{\"@type\":\"WebPage\",\"@id\":\"https:\\\/\\\/www.ar-shelving.com\\\/metal-shelves\\\/rivet-hdf\\\/\",\"url\":\"https:\\\/\\\/www.ar-shelving.com\\\/metal-shelves\\\/rivet-hdf\\\/\",\"name\":\"AR Shelving bezskrutkov\u00fd kovov\u00fd reg\u00e1l Rivet\",\"isPartOf\":{\"@id\":\"https:\\\/\\\/www.ar-shelving.com\\\/#website\"},\"primaryImageOfPage\":{\"@id\":\"https:\\\/\\\/www.ar-shelving.com\\\/metal-shelves\\\/rivet-hdf\\\/#primaryimage\"},\"image\":{\"@id\":\"https:\\\/\\\/www.ar-shelving.com\\\/metal-shelves\\\/rivet-hdf\\\/#primaryimage\"},\"thumbnailUrl\":\"https:\\\/\\\/www.ar-shelving.com\\\/wp-content\\\/uploads\\\/2022\\\/08\\\/RIVET-L_galva_4N_1reinforcements_leftside-1.jpg\",\"datePublished\":\"2022-08-02T13:29:07+00:00\",\"dateModified\":\"2023-06-15T10:08:02+00:00\",\"description\":\"Je to dokonal\u00fd kovov\u00fd reg\u00e1l na ulo\u017eenie v\u0161etk\u00fdch predmetov organizovan\u00fdch v pivnici, gar\u00e1\u017ei, sklade, arch\u00edve, dielni, priemysle a pod.\",\"breadcrumb\":{\"@id\":\"https:\\\/\\\/www.ar-shelving.com\\\/metal-shelves\\\/rivet-hdf\\\/#breadcrumb\"},\"inLanguage\":\"sk-SK\",\"potentialAction\":[{\"@type\":\"ReadAction\",\"target\":[\"https:\\\/\\\/www.ar-shelving.com\\\/metal-shelves\\\/rivet-hdf\\\/\"]}]},{\"@type\":\"ImageObject\",\"inLanguage\":\"sk-SK\",\"@id\":\"https:\\\/\\\/www.ar-shelving.com\\\/metal-shelves\\\/rivet-hdf\\\/#primaryimage\",\"url\":\"https:\\\/\\\/www.ar-shelving.com\\\/wp-content\\\/uploads\\\/2022\\\/08\\\/RIVET-L_galva_4N_1reinforcements_leftside-1.jpg\",\"contentUrl\":\"https:\\\/\\\/www.ar-shelving.com\\\/wp-content\\\/uploads\\\/2022\\\/08\\\/RIVET-L_galva_4N_1reinforcements_leftside-1.jpg\",\"width\":500,\"height\":667,\"caption\":\"RIVET HDF shelving\"},{\"@type\":\"BreadcrumbList\",\"@id\":\"https:\\\/\\\/www.ar-shelving.com\\\/metal-shelves\\\/rivet-hdf\\\/#breadcrumb\",\"itemListElement\":[{\"@type\":\"ListItem\",\"position\":1,\"name\":\"Products\",\"item\":\"https:\\\/\\\/www.ar-shelving.com\\\/shop\\\/\"},{\"@type\":\"ListItem\",\"position\":2,\"name\":\"Rivet HDF\"}]},{\"@type\":\"WebSite\",\"@id\":\"https:\\\/\\\/www.ar-shelving.com\\\/#website\",\"url\":\"https:\\\/\\\/www.ar-shelving.com\\\/\",\"name\":\"AR Shelving, metal shelving for DIY, trade and industries\",\"description\":\"metal shelving\",\"publisher\":{\"@id\":\"https:\\\/\\\/www.ar-shelving.com\\\/#organization\"},\"potentialAction\":[{\"@type\":\"SearchAction\",\"target\":{\"@type\":\"EntryPoint\",\"urlTemplate\":\"https:\\\/\\\/www.ar-shelving.com\\\/?s={search_term_string}\"},\"query-input\":{\"@type\":\"PropertyValueSpecification\",\"valueRequired\":true,\"valueName\":\"search_term_string\"}}],\"inLanguage\":\"sk-SK\"},{\"@type\":\"Organization\",\"@id\":\"https:\\\/\\\/www.ar-shelving.com\\\/#organization\",\"name\":\"AR Shelving S.A.\",\"url\":\"https:\\\/\\\/www.ar-shelving.com\\\/\",\"logo\":{\"@type\":\"ImageObject\",\"inLanguage\":\"sk-SK\",\"@id\":\"https:\\\/\\\/www.ar-shelving.com\\\/#\\\/schema\\\/logo\\\/image\\\/\",\"url\":\"https:\\\/\\\/www.ar-shelving.com\\\/wp-content\\\/uploads\\\/2022\\\/06\\\/Grupo-389.png\",\"contentUrl\":\"https:\\\/\\\/www.ar-shelving.com\\\/wp-content\\\/uploads\\\/2022\\\/06\\\/Grupo-389.png\",\"width\":251,\"height\":43,\"caption\":\"AR Shelving S.A.\"},\"image\":{\"@id\":\"https:\\\/\\\/www.ar-shelving.com\\\/#\\\/schema\\\/logo\\\/image\\\/\"},\"sameAs\":[\"https:\\\/\\\/www.facebook.com\\\/MetallicShelving\",\"https:\\\/\\\/www.linkedin.com\\\/company\\\/arshelving\\\/\",\"https:\\\/\\\/www.instagram.com\\\/ar_shelving\\\/\",\"https:\\\/\\\/www.youtube.com\\\/user\\\/ARstorage\",\"https:\\\/\\\/www.pinterest.es\\\/arshelving\\\/\"]}]}<\/script>\n<!-- \/ Yoast SEO plugin. -->","yoast_head_json":{"title":"AR Shelving bezskrutkov\u00fd kovov\u00fd reg\u00e1l Rivet","description":"Je to dokonal\u00fd kovov\u00fd reg\u00e1l na ulo\u017eenie v\u0161etk\u00fdch predmetov organizovan\u00fdch v pivnici, gar\u00e1\u017ei, sklade, arch\u00edve, dielni, priemysle a pod.","robots":{"index":"index","follow":"follow","max-snippet":"max-snippet:-1","max-image-preview":"max-image-preview:large","max-video-preview":"max-video-preview:-1"},"canonical":"https:\/\/www.ar-shelving.com\/metal-shelves\/rivet-hdf\/","og_locale":"sk_SK","og_type":"article","og_title":"AR Shelving bezskrutkov\u00fd kovov\u00fd reg\u00e1l Rivet","og_description":"Je to dokonal\u00fd kovov\u00fd reg\u00e1l na ulo\u017eenie v\u0161etk\u00fdch predmetov organizovan\u00fdch v pivnici, gar\u00e1\u017ei, sklade, arch\u00edve, dielni, priemysle a pod.","og_url":"https:\/\/www.ar-shelving.com\/metal-shelves\/rivet-hdf\/","og_site_name":"AR Shelving, metal shelving for DIY and trade","article_publisher":"https:\/\/www.facebook.com\/MetallicShelving","article_modified_time":"2023-06-15T10:08:02+00:00","og_image":[{"width":500,"height":667,"url":"https:\/\/www.ar-shelving.com\/wp-content\/uploads\/2022\/08\/RIVET-L_galva_4N_1reinforcements_leftside-1.jpg","type":"image\/jpeg"}],"twitter_card":"summary_large_image","twitter_misc":{"Predpokladan\u00fd \u010das \u010d\u00edtania":"1 min\u00fata"},"schema":{"@context":"https:\/\/schema.org","@graph":[{"@type":"WebPage","@id":"https:\/\/www.ar-shelving.com\/metal-shelves\/rivet-hdf\/","url":"https:\/\/www.ar-shelving.com\/metal-shelves\/rivet-hdf\/","name":"AR Shelving bezskrutkov\u00fd kovov\u00fd reg\u00e1l Rivet","isPartOf":{"@id":"https:\/\/www.ar-shelving.com\/#website"},"primaryImageOfPage":{"@id":"https:\/\/www.ar-shelving.com\/metal-shelves\/rivet-hdf\/#primaryimage"},"image":{"@id":"https:\/\/www.ar-shelving.com\/metal-shelves\/rivet-hdf\/#primaryimage"},"thumbnailUrl":"https:\/\/www.ar-shelving.com\/wp-content\/uploads\/2022\/08\/RIVET-L_galva_4N_1reinforcements_leftside-1.jpg","datePublished":"2022-08-02T13:29:07+00:00","dateModified":"2023-06-15T10:08:02+00:00","description":"Je to dokonal\u00fd kovov\u00fd reg\u00e1l na ulo\u017eenie v\u0161etk\u00fdch predmetov organizovan\u00fdch v pivnici, gar\u00e1\u017ei, sklade, arch\u00edve, dielni, priemysle a pod.","breadcrumb":{"@id":"https:\/\/www.ar-shelving.com\/metal-shelves\/rivet-hdf\/#breadcrumb"},"inLanguage":"sk-SK","potentialAction":[{"@type":"ReadAction","target":["https:\/\/www.ar-shelving.com\/metal-shelves\/rivet-hdf\/"]}]},{"@type":"ImageObject","inLanguage":"sk-SK","@id":"https:\/\/www.ar-shelving.com\/metal-shelves\/rivet-hdf\/#primaryimage","url":"https:\/\/www.ar-shelving.com\/wp-content\/uploads\/2022\/08\/RIVET-L_galva_4N_1reinforcements_leftside-1.jpg","contentUrl":"https:\/\/www.ar-shelving.com\/wp-content\/uploads\/2022\/08\/RIVET-L_galva_4N_1reinforcements_leftside-1.jpg","width":500,"height":667,"caption":"RIVET HDF shelving"},{"@type":"BreadcrumbList","@id":"https:\/\/www.ar-shelving.com\/metal-shelves\/rivet-hdf\/#breadcrumb","itemListElement":[{"@type":"ListItem","position":1,"name":"Products","item":"https:\/\/www.ar-shelving.com\/shop\/"},{"@type":"ListItem","position":2,"name":"Rivet HDF"}]},{"@type":"WebSite","@id":"https:\/\/www.ar-shelving.com\/#website","url":"https:\/\/www.ar-shelving.com\/","name":"AR Shelving, metal shelving for DIY, trade and industries","description":"metal shelving","publisher":{"@id":"https:\/\/www.ar-shelving.com\/#organization"},"potentialAction":[{"@type":"SearchAction","target":{"@type":"EntryPoint","urlTemplate":"https:\/\/www.ar-shelving.com\/?s={search_term_string}"},"query-input":{"@type":"PropertyValueSpecification","valueRequired":true,"valueName":"search_term_string"}}],"inLanguage":"sk-SK"},{"@type":"Organization","@id":"https:\/\/www.ar-shelving.com\/#organization","name":"AR Shelving S.A.","url":"https:\/\/www.ar-shelving.com\/","logo":{"@type":"ImageObject","inLanguage":"sk-SK","@id":"https:\/\/www.ar-shelving.com\/#\/schema\/logo\/image\/","url":"https:\/\/www.ar-shelving.com\/wp-content\/uploads\/2022\/06\/Grupo-389.png","contentUrl":"https:\/\/www.ar-shelving.com\/wp-content\/uploads\/2022\/06\/Grupo-389.png","width":251,"height":43,"caption":"AR Shelving S.A."},"image":{"@id":"https:\/\/www.ar-shelving.com\/#\/schema\/logo\/image\/"},"sameAs":["https:\/\/www.facebook.com\/MetallicShelving","https:\/\/www.linkedin.com\/company\/arshelving\/","https:\/\/www.instagram.com\/ar_shelving\/","https:\/\/www.youtube.com\/user\/ARstorage","https:\/\/www.pinterest.es\/arshelving\/"]}]}},"_links":{"self":[{"href":"https:\/\/www.ar-shelving.com\/sk\/wp-json\/wp\/v2\/product\/22905","targetHints":{"allow":["GET"]}}],"collection":[{"href":"https:\/\/www.ar-shelving.com\/sk\/wp-json\/wp\/v2\/product"}],"about":[{"href":"https:\/\/www.ar-shelving.com\/sk\/wp-json\/wp\/v2\/types\/product"}],"replies":[{"embeddable":true,"href":"https:\/\/www.ar-shelving.com\/sk\/wp-json\/wp\/v2\/comments?post=22905"}],"wp:featuredmedia":[{"embeddable":true,"href":"https:\/\/www.ar-shelving.com\/sk\/wp-json\/wp\/v2\/media\/18014"}],"wp:attachment":[{"href":"https:\/\/www.ar-shelving.com\/sk\/wp-json\/wp\/v2\/media?parent=22905"}],"wp:term":[{"taxonomy":"product_brand","embeddable":true,"href":"https:\/\/www.ar-shelving.com\/sk\/wp-json\/wp\/v2\/product_brand?post=22905"},{"taxonomy":"product_cat","embeddable":true,"href":"https:\/\/www.ar-shelving.com\/sk\/wp-json\/wp\/v2\/product_cat?post=22905"},{"taxonomy":"product_tag","embeddable":true,"href":"https:\/\/www.ar-shelving.com\/sk\/wp-json\/wp\/v2\/product_tag?post=22905"}],"curies":[{"name":"wp","href":"https:\/\/api.w.org\/{rel}","templated":true}]}}