{"id":22906,"date":"2022-06-20T12:19:22","date_gmt":"2022-06-20T10:19:22","guid":{"rendered":"https:\/\/www.ar-shelving.com\/metal-shelves\/corner-rivet\/"},"modified":"2024-08-05T18:26:08","modified_gmt":"2024-08-05T16:26:08","slug":"corner-rivet","status":"publish","type":"product","link":"https:\/\/www.ar-shelving.com\/sk\/metal-shelves\/corner-rivet\/","title":{"rendered":"Corner Rivet"},"content":{"rendered":"<p>AR Shelving bezskrutkov\u00fd rohov\u00fd kovov\u00fd reg\u00e1l Rivet<\/p>\n","protected":false},"excerpt":{"rendered":"<p>Maxim\u00e1lne vyu\u017eitie priestoru s bezskrutkov\u00fdm rohov\u00fdm kovov\u00fdm reg\u00e1lom. D\u00e1 sa kombinova\u0165 s ostatn\u00fdmi produktami rady \u201eS\u00e9rie Gar\u00e1\u017e\u201c s h\u013abkou 45 cm\/18 palcov. Kompletn\u00e1 optimaliz\u00e1cia gar\u00e1\u017ee, skladov\u00fdch alebo obchodn\u00fdch priestorov. Navrhnut\u00e9 na nosnos\u0165 a\u017e 250 kg \/ 530 libier na policu.<\/p>\n","protected":false},"featured_media":14773,"comment_status":"open","ping_status":"closed","template":"","meta":{"_acf_changed":false,"_monsterinsights_skip_tracking":false,"_monsterinsights_sitenote_active":false,"_monsterinsights_sitenote_note":"","_monsterinsights_sitenote_category":0,"_uf_show_specific_survey":0,"_uf_disable_surveys":false,"title_news":""},"product_brand":[],"product_cat":[944],"product_tag":[],"class_list":{"0":"post-22906","1":"product","2":"type-product","3":"status-publish","4":"has-post-thumbnail","6":"product_cat-garaz","8":"first","9":"instock","10":"taxable","11":"shipping-taxable","12":"product-type-simple"},"acf":[],"yoast_head":"<!-- This site is optimized with the Yoast SEO plugin v27.1.1 - https:\/\/yoast.com\/product\/yoast-seo-wordpress\/ -->\n<title>AR Shelving bezskrutkov\u00fd rohov\u00fd kovov\u00fd reg\u00e1l Rivet<\/title>\n<meta name=\"description\" content=\"Kompletn\u00e1 optimaliz\u00e1cia gar\u00e1\u017ee, skladov\u00fdch alebo obchodn\u00fdch priestorov. Navrhnut\u00e9 na nosnos\u0165 a\u017e 250 kg \/ 530 libier na policu.\" \/>\n<meta name=\"robots\" content=\"index, follow, max-snippet:-1, max-image-preview:large, max-video-preview:-1\" \/>\n<link rel=\"canonical\" href=\"https:\/\/www.ar-shelving.com\/metal-shelves\/corner-rivet\/\" \/>\n<meta property=\"og:locale\" content=\"sk_SK\" \/>\n<meta property=\"og:type\" content=\"article\" \/>\n<meta property=\"og:title\" content=\"AR Shelving bezskrutkov\u00fd rohov\u00fd kovov\u00fd reg\u00e1l Rivet\" \/>\n<meta property=\"og:description\" content=\"Kompletn\u00e1 optimaliz\u00e1cia gar\u00e1\u017ee, skladov\u00fdch alebo obchodn\u00fdch priestorov. Navrhnut\u00e9 na nosnos\u0165 a\u017e 250 kg \/ 530 libier na policu.\" \/>\n<meta property=\"og:url\" content=\"https:\/\/www.ar-shelving.com\/metal-shelves\/corner-rivet\/\" \/>\n<meta property=\"og:site_name\" content=\"AR Shelving, metal shelving for DIY and trade\" \/>\n<meta property=\"article:publisher\" content=\"https:\/\/www.facebook.com\/MetallicShelving\" \/>\n<meta property=\"article:modified_time\" content=\"2024-08-05T16:26:08+00:00\" \/>\n<meta property=\"og:image\" content=\"https:\/\/www.ar-shelving.com\/wp-content\/uploads\/2022\/06\/corner-shelving-galvanized-5N.jpg\" \/>\n\t<meta property=\"og:image:width\" content=\"300\" \/>\n\t<meta property=\"og:image:height\" content=\"400\" \/>\n\t<meta property=\"og:image:type\" content=\"image\/jpeg\" \/>\n<meta name=\"twitter:card\" content=\"summary_large_image\" \/>\n<script type=\"application\/ld+json\" class=\"yoast-schema-graph\">{\"@context\":\"https:\/\/schema.org\",\"@graph\":[{\"@type\":\"WebPage\",\"@id\":\"https:\/\/www.ar-shelving.com\/metal-shelves\/corner-rivet\/\",\"url\":\"https:\/\/www.ar-shelving.com\/metal-shelves\/corner-rivet\/\",\"name\":\"AR Shelving bezskrutkov\u00fd rohov\u00fd kovov\u00fd reg\u00e1l Rivet\",\"isPartOf\":{\"@id\":\"https:\/\/www.ar-shelving.com\/#website\"},\"primaryImageOfPage\":{\"@id\":\"https:\/\/www.ar-shelving.com\/metal-shelves\/corner-rivet\/#primaryimage\"},\"image\":{\"@id\":\"https:\/\/www.ar-shelving.com\/metal-shelves\/corner-rivet\/#primaryimage\"},\"thumbnailUrl\":\"https:\/\/www.ar-shelving.com\/wp-content\/uploads\/2022\/06\/corner-shelving-galvanized-5N.jpg\",\"datePublished\":\"2022-06-20T10:19:22+00:00\",\"dateModified\":\"2024-08-05T16:26:08+00:00\",\"description\":\"Kompletn\u00e1 optimaliz\u00e1cia gar\u00e1\u017ee, skladov\u00fdch alebo obchodn\u00fdch priestorov. Navrhnut\u00e9 na nosnos\u0165 a\u017e 250 kg \/ 530 libier na policu.\",\"breadcrumb\":{\"@id\":\"https:\/\/www.ar-shelving.com\/metal-shelves\/corner-rivet\/#breadcrumb\"},\"inLanguage\":\"sk-SK\",\"potentialAction\":[{\"@type\":\"ReadAction\",\"target\":[\"https:\/\/www.ar-shelving.com\/metal-shelves\/corner-rivet\/\"]}]},{\"@type\":\"ImageObject\",\"inLanguage\":\"sk-SK\",\"@id\":\"https:\/\/www.ar-shelving.com\/metal-shelves\/corner-rivet\/#primaryimage\",\"url\":\"https:\/\/www.ar-shelving.com\/wp-content\/uploads\/2022\/06\/corner-shelving-galvanized-5N.jpg\",\"contentUrl\":\"https:\/\/www.ar-shelving.com\/wp-content\/uploads\/2022\/06\/corner-shelving-galvanized-5N.jpg\",\"width\":300,\"height\":400,\"caption\":\"Corner Rivet\"},{\"@type\":\"BreadcrumbList\",\"@id\":\"https:\/\/www.ar-shelving.com\/metal-shelves\/corner-rivet\/#breadcrumb\",\"itemListElement\":[{\"@type\":\"ListItem\",\"position\":1,\"name\":\"Products\",\"item\":\"https:\/\/www.ar-shelving.com\/shop\/\"},{\"@type\":\"ListItem\",\"position\":2,\"name\":\"Corner Rivet\"}]},{\"@type\":\"WebSite\",\"@id\":\"https:\/\/www.ar-shelving.com\/#website\",\"url\":\"https:\/\/www.ar-shelving.com\/\",\"name\":\"AR Shelving, metal shelving for DIY, trade and industries\",\"description\":\"metal shelving\",\"publisher\":{\"@id\":\"https:\/\/www.ar-shelving.com\/#organization\"},\"potentialAction\":[{\"@type\":\"SearchAction\",\"target\":{\"@type\":\"EntryPoint\",\"urlTemplate\":\"https:\/\/www.ar-shelving.com\/?s={search_term_string}\"},\"query-input\":{\"@type\":\"PropertyValueSpecification\",\"valueRequired\":true,\"valueName\":\"search_term_string\"}}],\"inLanguage\":\"sk-SK\"},{\"@type\":\"Organization\",\"@id\":\"https:\/\/www.ar-shelving.com\/#organization\",\"name\":\"AR Shelving S.A.\",\"url\":\"https:\/\/www.ar-shelving.com\/\",\"logo\":{\"@type\":\"ImageObject\",\"inLanguage\":\"sk-SK\",\"@id\":\"https:\/\/www.ar-shelving.com\/#\/schema\/logo\/image\/\",\"url\":\"https:\/\/www.ar-shelving.com\/wp-content\/uploads\/2022\/06\/Grupo-389.png\",\"contentUrl\":\"https:\/\/www.ar-shelving.com\/wp-content\/uploads\/2022\/06\/Grupo-389.png\",\"width\":251,\"height\":43,\"caption\":\"AR Shelving S.A.\"},\"image\":{\"@id\":\"https:\/\/www.ar-shelving.com\/#\/schema\/logo\/image\/\"},\"sameAs\":[\"https:\/\/www.facebook.com\/MetallicShelving\",\"https:\/\/www.linkedin.com\/company\/arshelving\/\",\"https:\/\/www.instagram.com\/ar_shelving\/\",\"https:\/\/www.youtube.com\/user\/ARstorage\",\"https:\/\/www.pinterest.es\/arshelving\/\"]}]}<\/script>\n<!-- \/ Yoast SEO plugin. -->","yoast_head_json":{"title":"AR Shelving bezskrutkov\u00fd rohov\u00fd kovov\u00fd reg\u00e1l Rivet","description":"Kompletn\u00e1 optimaliz\u00e1cia gar\u00e1\u017ee, skladov\u00fdch alebo obchodn\u00fdch priestorov. Navrhnut\u00e9 na nosnos\u0165 a\u017e 250 kg \/ 530 libier na policu.","robots":{"index":"index","follow":"follow","max-snippet":"max-snippet:-1","max-image-preview":"max-image-preview:large","max-video-preview":"max-video-preview:-1"},"canonical":"https:\/\/www.ar-shelving.com\/metal-shelves\/corner-rivet\/","og_locale":"sk_SK","og_type":"article","og_title":"AR Shelving bezskrutkov\u00fd rohov\u00fd kovov\u00fd reg\u00e1l Rivet","og_description":"Kompletn\u00e1 optimaliz\u00e1cia gar\u00e1\u017ee, skladov\u00fdch alebo obchodn\u00fdch priestorov. Navrhnut\u00e9 na nosnos\u0165 a\u017e 250 kg \/ 530 libier na policu.","og_url":"https:\/\/www.ar-shelving.com\/metal-shelves\/corner-rivet\/","og_site_name":"AR Shelving, metal shelving for DIY and trade","article_publisher":"https:\/\/www.facebook.com\/MetallicShelving","article_modified_time":"2024-08-05T16:26:08+00:00","og_image":[{"width":300,"height":400,"url":"https:\/\/www.ar-shelving.com\/wp-content\/uploads\/2022\/06\/corner-shelving-galvanized-5N.jpg","type":"image\/jpeg"}],"twitter_card":"summary_large_image","schema":{"@context":"https:\/\/schema.org","@graph":[{"@type":"WebPage","@id":"https:\/\/www.ar-shelving.com\/metal-shelves\/corner-rivet\/","url":"https:\/\/www.ar-shelving.com\/metal-shelves\/corner-rivet\/","name":"AR Shelving bezskrutkov\u00fd rohov\u00fd kovov\u00fd reg\u00e1l Rivet","isPartOf":{"@id":"https:\/\/www.ar-shelving.com\/#website"},"primaryImageOfPage":{"@id":"https:\/\/www.ar-shelving.com\/metal-shelves\/corner-rivet\/#primaryimage"},"image":{"@id":"https:\/\/www.ar-shelving.com\/metal-shelves\/corner-rivet\/#primaryimage"},"thumbnailUrl":"https:\/\/www.ar-shelving.com\/wp-content\/uploads\/2022\/06\/corner-shelving-galvanized-5N.jpg","datePublished":"2022-06-20T10:19:22+00:00","dateModified":"2024-08-05T16:26:08+00:00","description":"Kompletn\u00e1 optimaliz\u00e1cia gar\u00e1\u017ee, skladov\u00fdch alebo obchodn\u00fdch priestorov. Navrhnut\u00e9 na nosnos\u0165 a\u017e 250 kg \/ 530 libier na policu.","breadcrumb":{"@id":"https:\/\/www.ar-shelving.com\/metal-shelves\/corner-rivet\/#breadcrumb"},"inLanguage":"sk-SK","potentialAction":[{"@type":"ReadAction","target":["https:\/\/www.ar-shelving.com\/metal-shelves\/corner-rivet\/"]}]},{"@type":"ImageObject","inLanguage":"sk-SK","@id":"https:\/\/www.ar-shelving.com\/metal-shelves\/corner-rivet\/#primaryimage","url":"https:\/\/www.ar-shelving.com\/wp-content\/uploads\/2022\/06\/corner-shelving-galvanized-5N.jpg","contentUrl":"https:\/\/www.ar-shelving.com\/wp-content\/uploads\/2022\/06\/corner-shelving-galvanized-5N.jpg","width":300,"height":400,"caption":"Corner Rivet"},{"@type":"BreadcrumbList","@id":"https:\/\/www.ar-shelving.com\/metal-shelves\/corner-rivet\/#breadcrumb","itemListElement":[{"@type":"ListItem","position":1,"name":"Products","item":"https:\/\/www.ar-shelving.com\/shop\/"},{"@type":"ListItem","position":2,"name":"Corner Rivet"}]},{"@type":"WebSite","@id":"https:\/\/www.ar-shelving.com\/#website","url":"https:\/\/www.ar-shelving.com\/","name":"AR Shelving, metal shelving for DIY, trade and industries","description":"metal shelving","publisher":{"@id":"https:\/\/www.ar-shelving.com\/#organization"},"potentialAction":[{"@type":"SearchAction","target":{"@type":"EntryPoint","urlTemplate":"https:\/\/www.ar-shelving.com\/?s={search_term_string}"},"query-input":{"@type":"PropertyValueSpecification","valueRequired":true,"valueName":"search_term_string"}}],"inLanguage":"sk-SK"},{"@type":"Organization","@id":"https:\/\/www.ar-shelving.com\/#organization","name":"AR Shelving S.A.","url":"https:\/\/www.ar-shelving.com\/","logo":{"@type":"ImageObject","inLanguage":"sk-SK","@id":"https:\/\/www.ar-shelving.com\/#\/schema\/logo\/image\/","url":"https:\/\/www.ar-shelving.com\/wp-content\/uploads\/2022\/06\/Grupo-389.png","contentUrl":"https:\/\/www.ar-shelving.com\/wp-content\/uploads\/2022\/06\/Grupo-389.png","width":251,"height":43,"caption":"AR Shelving S.A."},"image":{"@id":"https:\/\/www.ar-shelving.com\/#\/schema\/logo\/image\/"},"sameAs":["https:\/\/www.facebook.com\/MetallicShelving","https:\/\/www.linkedin.com\/company\/arshelving\/","https:\/\/www.instagram.com\/ar_shelving\/","https:\/\/www.youtube.com\/user\/ARstorage","https:\/\/www.pinterest.es\/arshelving\/"]}]}},"_links":{"self":[{"href":"https:\/\/www.ar-shelving.com\/sk\/wp-json\/wp\/v2\/product\/22906","targetHints":{"allow":["GET"]}}],"collection":[{"href":"https:\/\/www.ar-shelving.com\/sk\/wp-json\/wp\/v2\/product"}],"about":[{"href":"https:\/\/www.ar-shelving.com\/sk\/wp-json\/wp\/v2\/types\/product"}],"replies":[{"embeddable":true,"href":"https:\/\/www.ar-shelving.com\/sk\/wp-json\/wp\/v2\/comments?post=22906"}],"wp:featuredmedia":[{"embeddable":true,"href":"https:\/\/www.ar-shelving.com\/sk\/wp-json\/wp\/v2\/media\/14773"}],"wp:attachment":[{"href":"https:\/\/www.ar-shelving.com\/sk\/wp-json\/wp\/v2\/media?parent=22906"}],"wp:term":[{"taxonomy":"product_brand","embeddable":true,"href":"https:\/\/www.ar-shelving.com\/sk\/wp-json\/wp\/v2\/product_brand?post=22906"},{"taxonomy":"product_cat","embeddable":true,"href":"https:\/\/www.ar-shelving.com\/sk\/wp-json\/wp\/v2\/product_cat?post=22906"},{"taxonomy":"product_tag","embeddable":true,"href":"https:\/\/www.ar-shelving.com\/sk\/wp-json\/wp\/v2\/product_tag?post=22906"}],"curies":[{"name":"wp","href":"https:\/\/api.w.org\/{rel}","templated":true}]}}