{"id":22910,"date":"2023-02-09T18:12:09","date_gmt":"2023-02-09T17:12:09","guid":{"rendered":"https:\/\/www.ar-shelving.com\/metal-shelves\/premium\/"},"modified":"2023-06-29T14:01:29","modified_gmt":"2023-06-29T12:01:29","slug":"premium","status":"publish","type":"product","link":"https:\/\/www.ar-shelving.com\/sk\/metal-shelves\/premium\/","title":{"rendered":"Premium"},"content":{"rendered":"<p>AR Shelving bezskrutkov\u00fd celokovov\u00fd policov\u00fd reg\u00e1l<\/p>\n","protected":false},"excerpt":{"rendered":"<p>100% kovov\u00e9 bezskrutkov\u00e9 reg\u00e1ly. Jednoduch\u00e1 mont\u00e1\u017e bez potreby \u0161peci\u00e1lneho n\u00e1radia, v\u00fd\u0161kovo nastavite\u013en\u00e9 police pre v\u00e4\u010d\u0161iu v\u0161estrannos\u0165 pri skladovan\u00ed predmetov r\u00f4znych ve\u013ekost\u00ed. Vhodn\u00e9 do \u0161pajze, komory, kancel\u00e1rie, \u010di mal\u00e9ho skladu.<\/p>\n","protected":false},"featured_media":18667,"comment_status":"open","ping_status":"closed","template":"","meta":{"_acf_changed":false,"_monsterinsights_skip_tracking":false,"_monsterinsights_sitenote_active":false,"_monsterinsights_sitenote_note":"","_monsterinsights_sitenote_category":0,"_uf_show_specific_survey":0,"_uf_disable_surveys":false,"title_news":""},"product_brand":[],"product_cat":[966],"product_tag":[],"class_list":{"0":"post-22910","1":"product","2":"type-product","3":"status-publish","4":"has-post-thumbnail","6":"product_cat-home-sk","8":"first","9":"instock","10":"taxable","11":"shipping-taxable","12":"product-type-simple"},"acf":[],"yoast_head":"<!-- This site is optimized with the Yoast SEO plugin v27.1.1 - https:\/\/yoast.com\/product\/yoast-seo-wordpress\/ -->\n<title>Premium - AR Shelving bezskrutkov\u00fd celokovov\u00fd policov\u00fd reg\u00e1l<\/title>\n<meta name=\"description\" content=\"Jednoduch\u00e1 mont\u00e1\u017e bez potreby \u0161peci\u00e1lneho n\u00e1radia, v\u00fd\u0161kovo nastavite\u013en\u00e9 police pre v\u00e4\u010d\u0161iu v\u0161estrannos\u0165 pri skladovan\u00ed predmetov r\u00f4znych ve\u013ekost\u00ed.\" \/>\n<meta name=\"robots\" content=\"index, follow, max-snippet:-1, max-image-preview:large, max-video-preview:-1\" \/>\n<link rel=\"canonical\" href=\"https:\/\/www.ar-shelving.com\/metal-shelves\/premium\/\" \/>\n<meta property=\"og:locale\" content=\"sk_SK\" \/>\n<meta property=\"og:type\" content=\"article\" \/>\n<meta property=\"og:title\" content=\"Premium - AR Shelving bezskrutkov\u00fd celokovov\u00fd policov\u00fd reg\u00e1l\" \/>\n<meta property=\"og:description\" content=\"Jednoduch\u00e1 mont\u00e1\u017e bez potreby \u0161peci\u00e1lneho n\u00e1radia, v\u00fd\u0161kovo nastavite\u013en\u00e9 police pre v\u00e4\u010d\u0161iu v\u0161estrannos\u0165 pri skladovan\u00ed predmetov r\u00f4znych ve\u013ekost\u00ed.\" \/>\n<meta property=\"og:url\" content=\"https:\/\/www.ar-shelving.com\/metal-shelves\/premium\/\" \/>\n<meta property=\"og:site_name\" content=\"AR Shelving, metal shelving for DIY and trade\" \/>\n<meta property=\"article:publisher\" content=\"https:\/\/www.facebook.com\/MetallicShelving\" \/>\n<meta property=\"article:modified_time\" content=\"2023-06-29T12:01:29+00:00\" \/>\n<meta property=\"og:image\" content=\"https:\/\/www.ar-shelving.com\/wp-content\/uploads\/2023\/02\/ARPREMIUM_WHITE_5N_FRONT-1-1.jpg\" \/>\n\t<meta property=\"og:image:width\" content=\"300\" \/>\n\t<meta property=\"og:image:height\" content=\"400\" \/>\n\t<meta property=\"og:image:type\" content=\"image\/jpeg\" \/>\n<meta name=\"twitter:card\" content=\"summary_large_image\" \/>\n<meta name=\"twitter:label1\" content=\"Predpokladan\u00fd \u010das \u010d\u00edtania\" \/>\n\t<meta name=\"twitter:data1\" content=\"1 min\u00fata\" \/>\n<script type=\"application\/ld+json\" class=\"yoast-schema-graph\">{\"@context\":\"https:\/\/schema.org\",\"@graph\":[{\"@type\":\"WebPage\",\"@id\":\"https:\/\/www.ar-shelving.com\/metal-shelves\/premium\/\",\"url\":\"https:\/\/www.ar-shelving.com\/metal-shelves\/premium\/\",\"name\":\"Premium - AR Shelving bezskrutkov\u00fd celokovov\u00fd policov\u00fd reg\u00e1l\",\"isPartOf\":{\"@id\":\"https:\/\/www.ar-shelving.com\/#website\"},\"primaryImageOfPage\":{\"@id\":\"https:\/\/www.ar-shelving.com\/metal-shelves\/premium\/#primaryimage\"},\"image\":{\"@id\":\"https:\/\/www.ar-shelving.com\/metal-shelves\/premium\/#primaryimage\"},\"thumbnailUrl\":\"https:\/\/www.ar-shelving.com\/wp-content\/uploads\/2023\/02\/ARPREMIUM_WHITE_5N_FRONT-1-1.jpg\",\"datePublished\":\"2023-02-09T17:12:09+00:00\",\"dateModified\":\"2023-06-29T12:01:29+00:00\",\"description\":\"Jednoduch\u00e1 mont\u00e1\u017e bez potreby \u0161peci\u00e1lneho n\u00e1radia, v\u00fd\u0161kovo nastavite\u013en\u00e9 police pre v\u00e4\u010d\u0161iu v\u0161estrannos\u0165 pri skladovan\u00ed predmetov r\u00f4znych ve\u013ekost\u00ed.\",\"breadcrumb\":{\"@id\":\"https:\/\/www.ar-shelving.com\/metal-shelves\/premium\/#breadcrumb\"},\"inLanguage\":\"sk-SK\",\"potentialAction\":[{\"@type\":\"ReadAction\",\"target\":[\"https:\/\/www.ar-shelving.com\/metal-shelves\/premium\/\"]}]},{\"@type\":\"ImageObject\",\"inLanguage\":\"sk-SK\",\"@id\":\"https:\/\/www.ar-shelving.com\/metal-shelves\/premium\/#primaryimage\",\"url\":\"https:\/\/www.ar-shelving.com\/wp-content\/uploads\/2023\/02\/ARPREMIUM_WHITE_5N_FRONT-1-1.jpg\",\"contentUrl\":\"https:\/\/www.ar-shelving.com\/wp-content\/uploads\/2023\/02\/ARPREMIUM_WHITE_5N_FRONT-1-1.jpg\",\"width\":300,\"height\":400},{\"@type\":\"BreadcrumbList\",\"@id\":\"https:\/\/www.ar-shelving.com\/metal-shelves\/premium\/#breadcrumb\",\"itemListElement\":[{\"@type\":\"ListItem\",\"position\":1,\"name\":\"Products\",\"item\":\"https:\/\/www.ar-shelving.com\/shop\/\"},{\"@type\":\"ListItem\",\"position\":2,\"name\":\"Premium\"}]},{\"@type\":\"WebSite\",\"@id\":\"https:\/\/www.ar-shelving.com\/#website\",\"url\":\"https:\/\/www.ar-shelving.com\/\",\"name\":\"AR Shelving, metal shelving for DIY, trade and industries\",\"description\":\"metal shelving\",\"publisher\":{\"@id\":\"https:\/\/www.ar-shelving.com\/#organization\"},\"potentialAction\":[{\"@type\":\"SearchAction\",\"target\":{\"@type\":\"EntryPoint\",\"urlTemplate\":\"https:\/\/www.ar-shelving.com\/?s={search_term_string}\"},\"query-input\":{\"@type\":\"PropertyValueSpecification\",\"valueRequired\":true,\"valueName\":\"search_term_string\"}}],\"inLanguage\":\"sk-SK\"},{\"@type\":\"Organization\",\"@id\":\"https:\/\/www.ar-shelving.com\/#organization\",\"name\":\"AR Shelving S.A.\",\"url\":\"https:\/\/www.ar-shelving.com\/\",\"logo\":{\"@type\":\"ImageObject\",\"inLanguage\":\"sk-SK\",\"@id\":\"https:\/\/www.ar-shelving.com\/#\/schema\/logo\/image\/\",\"url\":\"https:\/\/www.ar-shelving.com\/wp-content\/uploads\/2022\/06\/Grupo-389.png\",\"contentUrl\":\"https:\/\/www.ar-shelving.com\/wp-content\/uploads\/2022\/06\/Grupo-389.png\",\"width\":251,\"height\":43,\"caption\":\"AR Shelving S.A.\"},\"image\":{\"@id\":\"https:\/\/www.ar-shelving.com\/#\/schema\/logo\/image\/\"},\"sameAs\":[\"https:\/\/www.facebook.com\/MetallicShelving\",\"https:\/\/www.linkedin.com\/company\/arshelving\/\",\"https:\/\/www.instagram.com\/ar_shelving\/\",\"https:\/\/www.youtube.com\/user\/ARstorage\",\"https:\/\/www.pinterest.es\/arshelving\/\"]}]}<\/script>\n<!-- \/ Yoast SEO plugin. -->","yoast_head_json":{"title":"Premium - AR Shelving bezskrutkov\u00fd celokovov\u00fd policov\u00fd reg\u00e1l","description":"Jednoduch\u00e1 mont\u00e1\u017e bez potreby \u0161peci\u00e1lneho n\u00e1radia, v\u00fd\u0161kovo nastavite\u013en\u00e9 police pre v\u00e4\u010d\u0161iu v\u0161estrannos\u0165 pri skladovan\u00ed predmetov r\u00f4znych ve\u013ekost\u00ed.","robots":{"index":"index","follow":"follow","max-snippet":"max-snippet:-1","max-image-preview":"max-image-preview:large","max-video-preview":"max-video-preview:-1"},"canonical":"https:\/\/www.ar-shelving.com\/metal-shelves\/premium\/","og_locale":"sk_SK","og_type":"article","og_title":"Premium - AR Shelving bezskrutkov\u00fd celokovov\u00fd policov\u00fd reg\u00e1l","og_description":"Jednoduch\u00e1 mont\u00e1\u017e bez potreby \u0161peci\u00e1lneho n\u00e1radia, v\u00fd\u0161kovo nastavite\u013en\u00e9 police pre v\u00e4\u010d\u0161iu v\u0161estrannos\u0165 pri skladovan\u00ed predmetov r\u00f4znych ve\u013ekost\u00ed.","og_url":"https:\/\/www.ar-shelving.com\/metal-shelves\/premium\/","og_site_name":"AR Shelving, metal shelving for DIY and trade","article_publisher":"https:\/\/www.facebook.com\/MetallicShelving","article_modified_time":"2023-06-29T12:01:29+00:00","og_image":[{"width":300,"height":400,"url":"https:\/\/www.ar-shelving.com\/wp-content\/uploads\/2023\/02\/ARPREMIUM_WHITE_5N_FRONT-1-1.jpg","type":"image\/jpeg"}],"twitter_card":"summary_large_image","twitter_misc":{"Predpokladan\u00fd \u010das \u010d\u00edtania":"1 min\u00fata"},"schema":{"@context":"https:\/\/schema.org","@graph":[{"@type":"WebPage","@id":"https:\/\/www.ar-shelving.com\/metal-shelves\/premium\/","url":"https:\/\/www.ar-shelving.com\/metal-shelves\/premium\/","name":"Premium - AR Shelving bezskrutkov\u00fd celokovov\u00fd policov\u00fd reg\u00e1l","isPartOf":{"@id":"https:\/\/www.ar-shelving.com\/#website"},"primaryImageOfPage":{"@id":"https:\/\/www.ar-shelving.com\/metal-shelves\/premium\/#primaryimage"},"image":{"@id":"https:\/\/www.ar-shelving.com\/metal-shelves\/premium\/#primaryimage"},"thumbnailUrl":"https:\/\/www.ar-shelving.com\/wp-content\/uploads\/2023\/02\/ARPREMIUM_WHITE_5N_FRONT-1-1.jpg","datePublished":"2023-02-09T17:12:09+00:00","dateModified":"2023-06-29T12:01:29+00:00","description":"Jednoduch\u00e1 mont\u00e1\u017e bez potreby \u0161peci\u00e1lneho n\u00e1radia, v\u00fd\u0161kovo nastavite\u013en\u00e9 police pre v\u00e4\u010d\u0161iu v\u0161estrannos\u0165 pri skladovan\u00ed predmetov r\u00f4znych ve\u013ekost\u00ed.","breadcrumb":{"@id":"https:\/\/www.ar-shelving.com\/metal-shelves\/premium\/#breadcrumb"},"inLanguage":"sk-SK","potentialAction":[{"@type":"ReadAction","target":["https:\/\/www.ar-shelving.com\/metal-shelves\/premium\/"]}]},{"@type":"ImageObject","inLanguage":"sk-SK","@id":"https:\/\/www.ar-shelving.com\/metal-shelves\/premium\/#primaryimage","url":"https:\/\/www.ar-shelving.com\/wp-content\/uploads\/2023\/02\/ARPREMIUM_WHITE_5N_FRONT-1-1.jpg","contentUrl":"https:\/\/www.ar-shelving.com\/wp-content\/uploads\/2023\/02\/ARPREMIUM_WHITE_5N_FRONT-1-1.jpg","width":300,"height":400},{"@type":"BreadcrumbList","@id":"https:\/\/www.ar-shelving.com\/metal-shelves\/premium\/#breadcrumb","itemListElement":[{"@type":"ListItem","position":1,"name":"Products","item":"https:\/\/www.ar-shelving.com\/shop\/"},{"@type":"ListItem","position":2,"name":"Premium"}]},{"@type":"WebSite","@id":"https:\/\/www.ar-shelving.com\/#website","url":"https:\/\/www.ar-shelving.com\/","name":"AR Shelving, metal shelving for DIY, trade and industries","description":"metal shelving","publisher":{"@id":"https:\/\/www.ar-shelving.com\/#organization"},"potentialAction":[{"@type":"SearchAction","target":{"@type":"EntryPoint","urlTemplate":"https:\/\/www.ar-shelving.com\/?s={search_term_string}"},"query-input":{"@type":"PropertyValueSpecification","valueRequired":true,"valueName":"search_term_string"}}],"inLanguage":"sk-SK"},{"@type":"Organization","@id":"https:\/\/www.ar-shelving.com\/#organization","name":"AR Shelving S.A.","url":"https:\/\/www.ar-shelving.com\/","logo":{"@type":"ImageObject","inLanguage":"sk-SK","@id":"https:\/\/www.ar-shelving.com\/#\/schema\/logo\/image\/","url":"https:\/\/www.ar-shelving.com\/wp-content\/uploads\/2022\/06\/Grupo-389.png","contentUrl":"https:\/\/www.ar-shelving.com\/wp-content\/uploads\/2022\/06\/Grupo-389.png","width":251,"height":43,"caption":"AR Shelving S.A."},"image":{"@id":"https:\/\/www.ar-shelving.com\/#\/schema\/logo\/image\/"},"sameAs":["https:\/\/www.facebook.com\/MetallicShelving","https:\/\/www.linkedin.com\/company\/arshelving\/","https:\/\/www.instagram.com\/ar_shelving\/","https:\/\/www.youtube.com\/user\/ARstorage","https:\/\/www.pinterest.es\/arshelving\/"]}]}},"_links":{"self":[{"href":"https:\/\/www.ar-shelving.com\/sk\/wp-json\/wp\/v2\/product\/22910","targetHints":{"allow":["GET"]}}],"collection":[{"href":"https:\/\/www.ar-shelving.com\/sk\/wp-json\/wp\/v2\/product"}],"about":[{"href":"https:\/\/www.ar-shelving.com\/sk\/wp-json\/wp\/v2\/types\/product"}],"replies":[{"embeddable":true,"href":"https:\/\/www.ar-shelving.com\/sk\/wp-json\/wp\/v2\/comments?post=22910"}],"wp:featuredmedia":[{"embeddable":true,"href":"https:\/\/www.ar-shelving.com\/sk\/wp-json\/wp\/v2\/media\/18667"}],"wp:attachment":[{"href":"https:\/\/www.ar-shelving.com\/sk\/wp-json\/wp\/v2\/media?parent=22910"}],"wp:term":[{"taxonomy":"product_brand","embeddable":true,"href":"https:\/\/www.ar-shelving.com\/sk\/wp-json\/wp\/v2\/product_brand?post=22910"},{"taxonomy":"product_cat","embeddable":true,"href":"https:\/\/www.ar-shelving.com\/sk\/wp-json\/wp\/v2\/product_cat?post=22910"},{"taxonomy":"product_tag","embeddable":true,"href":"https:\/\/www.ar-shelving.com\/sk\/wp-json\/wp\/v2\/product_tag?post=22910"}],"curies":[{"name":"wp","href":"https:\/\/api.w.org\/{rel}","templated":true}]}}