{"id":22913,"date":"2022-07-28T19:38:03","date_gmt":"2022-07-28T17:38:03","guid":{"rendered":"https:\/\/www.ar-shelving.com\/metal-shelves\/home-easy\/"},"modified":"2023-06-15T12:45:24","modified_gmt":"2023-06-15T10:45:24","slug":"home-easy","status":"publish","type":"product","link":"https:\/\/www.ar-shelving.com\/sk\/metal-shelves\/home-easy\/","title":{"rendered":"Home Easy"},"content":{"rendered":"<p>AR Shelving dekorat\u00edvny celokovov\u00fd reg\u00e1l do dom\u00e1cnosti<\/p>\n","protected":false},"excerpt":{"rendered":"<p>Dekorat\u00edvne celokovov\u00e9 reg\u00e1ly a efekt\u00edvna organiz\u00e1cia v dom\u00e1cnosti, v priestoroch ako je kuchy\u0148a, kancel\u00e1ria, \u0161pajza, pr\u00e1\u010dov\u0148a&#8230; v\u0161estrannos\u0165 reg\u00e1lu pokryje ak\u00fako\u013evek potrebu. Jednoduch\u00fd a r\u00fdchly mont\u00e1\u017eny syst\u00e9m v\u010faka spojovac\u00edm do\u0161ti\u010dk\u00e1m, ktor\u00e9 u\u013eah\u010duj\u00fa skrutkovanie bez pou\u017eitia mat\u00edc a poskytuj\u00fa lep\u0161iu stabilitu kovovej kon\u0161trukcie.<\/p>\n","protected":false},"featured_media":20033,"comment_status":"open","ping_status":"closed","template":"","meta":{"_acf_changed":false,"_monsterinsights_skip_tracking":false,"_monsterinsights_sitenote_active":false,"_monsterinsights_sitenote_note":"","_monsterinsights_sitenote_category":0,"_uf_show_specific_survey":0,"_uf_disable_surveys":false,"title_news":""},"product_brand":[],"product_cat":[966],"product_tag":[],"class_list":{"0":"post-22913","1":"product","2":"type-product","3":"status-publish","4":"has-post-thumbnail","6":"product_cat-home-sk","8":"first","9":"instock","10":"taxable","11":"shipping-taxable","12":"product-type-simple"},"acf":[],"yoast_head":"<!-- This site is optimized with the Yoast SEO plugin v27.4 - https:\/\/yoast.com\/product\/yoast-seo-wordpress\/ -->\n<title>AR Shelving dekorat\u00edvny celokovov\u00fd reg\u00e1l do dom\u00e1cnosti<\/title>\n<meta name=\"description\" content=\"Dekorat\u00edvne celokovov\u00e9 reg\u00e1ly a efekt\u00edvna organiz\u00e1cia v dom\u00e1cnosti, v priestoroch ako je kuchy\u0148a, kancel\u00e1ria, \u0161pajza, pr\u00e1\u010dov\u0148a... v\u0161estrannos\u0165 reg\u00e1lu pokryje ak\u00fako\u013evek potrebu.\" \/>\n<meta name=\"robots\" content=\"index, follow, max-snippet:-1, max-image-preview:large, max-video-preview:-1\" \/>\n<link rel=\"canonical\" href=\"https:\/\/www.ar-shelving.com\/metal-shelves\/home-easy\/\" \/>\n<meta property=\"og:locale\" content=\"sk_SK\" \/>\n<meta property=\"og:type\" content=\"article\" \/>\n<meta property=\"og:title\" content=\"AR Shelving dekorat\u00edvny celokovov\u00fd reg\u00e1l do dom\u00e1cnosti\" \/>\n<meta property=\"og:description\" content=\"Dekorat\u00edvne celokovov\u00e9 reg\u00e1ly a efekt\u00edvna organiz\u00e1cia v dom\u00e1cnosti, v priestoroch ako je kuchy\u0148a, kancel\u00e1ria, \u0161pajza, pr\u00e1\u010dov\u0148a... v\u0161estrannos\u0165 reg\u00e1lu pokryje ak\u00fako\u013evek potrebu.\" \/>\n<meta property=\"og:url\" content=\"https:\/\/www.ar-shelving.com\/metal-shelves\/home-easy\/\" \/>\n<meta property=\"og:site_name\" content=\"AR Shelving, metal shelving for DIY and trade\" \/>\n<meta property=\"article:publisher\" content=\"https:\/\/www.facebook.com\/MetallicShelving\" \/>\n<meta property=\"article:modified_time\" content=\"2023-06-15T10:45:24+00:00\" \/>\n<meta property=\"og:image\" content=\"https:\/\/www.ar-shelving.com\/wp-content\/uploads\/2022\/07\/HOME-EASY_SIDE.jpg\" \/>\n\t<meta property=\"og:image:width\" content=\"500\" \/>\n\t<meta property=\"og:image:height\" content=\"667\" \/>\n\t<meta property=\"og:image:type\" content=\"image\/jpeg\" \/>\n<meta name=\"twitter:card\" content=\"summary_large_image\" \/>\n<meta name=\"twitter:label1\" content=\"Predpokladan\u00fd \u010das \u010d\u00edtania\" \/>\n\t<meta name=\"twitter:data1\" content=\"1 min\u00fata\" \/>\n<script type=\"application\/ld+json\" class=\"yoast-schema-graph\">{\"@context\":\"https:\\\/\\\/schema.org\",\"@graph\":[{\"@type\":\"WebPage\",\"@id\":\"https:\\\/\\\/www.ar-shelving.com\\\/metal-shelves\\\/home-easy\\\/\",\"url\":\"https:\\\/\\\/www.ar-shelving.com\\\/metal-shelves\\\/home-easy\\\/\",\"name\":\"AR Shelving dekorat\u00edvny celokovov\u00fd reg\u00e1l do dom\u00e1cnosti\",\"isPartOf\":{\"@id\":\"https:\\\/\\\/www.ar-shelving.com\\\/#website\"},\"primaryImageOfPage\":{\"@id\":\"https:\\\/\\\/www.ar-shelving.com\\\/metal-shelves\\\/home-easy\\\/#primaryimage\"},\"image\":{\"@id\":\"https:\\\/\\\/www.ar-shelving.com\\\/metal-shelves\\\/home-easy\\\/#primaryimage\"},\"thumbnailUrl\":\"https:\\\/\\\/www.ar-shelving.com\\\/wp-content\\\/uploads\\\/2022\\\/07\\\/HOME-EASY_SIDE.jpg\",\"datePublished\":\"2022-07-28T17:38:03+00:00\",\"dateModified\":\"2023-06-15T10:45:24+00:00\",\"description\":\"Dekorat\u00edvne celokovov\u00e9 reg\u00e1ly a efekt\u00edvna organiz\u00e1cia v dom\u00e1cnosti, v priestoroch ako je kuchy\u0148a, kancel\u00e1ria, \u0161pajza, pr\u00e1\u010dov\u0148a... v\u0161estrannos\u0165 reg\u00e1lu pokryje ak\u00fako\u013evek potrebu.\",\"breadcrumb\":{\"@id\":\"https:\\\/\\\/www.ar-shelving.com\\\/metal-shelves\\\/home-easy\\\/#breadcrumb\"},\"inLanguage\":\"sk-SK\",\"potentialAction\":[{\"@type\":\"ReadAction\",\"target\":[\"https:\\\/\\\/www.ar-shelving.com\\\/metal-shelves\\\/home-easy\\\/\"]}]},{\"@type\":\"ImageObject\",\"inLanguage\":\"sk-SK\",\"@id\":\"https:\\\/\\\/www.ar-shelving.com\\\/metal-shelves\\\/home-easy\\\/#primaryimage\",\"url\":\"https:\\\/\\\/www.ar-shelving.com\\\/wp-content\\\/uploads\\\/2022\\\/07\\\/HOME-EASY_SIDE.jpg\",\"contentUrl\":\"https:\\\/\\\/www.ar-shelving.com\\\/wp-content\\\/uploads\\\/2022\\\/07\\\/HOME-EASY_SIDE.jpg\",\"width\":500,\"height\":667,\"caption\":\"Home easy shelving\"},{\"@type\":\"BreadcrumbList\",\"@id\":\"https:\\\/\\\/www.ar-shelving.com\\\/metal-shelves\\\/home-easy\\\/#breadcrumb\",\"itemListElement\":[{\"@type\":\"ListItem\",\"position\":1,\"name\":\"Products\",\"item\":\"https:\\\/\\\/www.ar-shelving.com\\\/shop\\\/\"},{\"@type\":\"ListItem\",\"position\":2,\"name\":\"Home Easy\"}]},{\"@type\":\"WebSite\",\"@id\":\"https:\\\/\\\/www.ar-shelving.com\\\/#website\",\"url\":\"https:\\\/\\\/www.ar-shelving.com\\\/\",\"name\":\"AR Shelving, metal shelving for DIY, trade and industries\",\"description\":\"metal shelving\",\"publisher\":{\"@id\":\"https:\\\/\\\/www.ar-shelving.com\\\/#organization\"},\"potentialAction\":[{\"@type\":\"SearchAction\",\"target\":{\"@type\":\"EntryPoint\",\"urlTemplate\":\"https:\\\/\\\/www.ar-shelving.com\\\/?s={search_term_string}\"},\"query-input\":{\"@type\":\"PropertyValueSpecification\",\"valueRequired\":true,\"valueName\":\"search_term_string\"}}],\"inLanguage\":\"sk-SK\"},{\"@type\":\"Organization\",\"@id\":\"https:\\\/\\\/www.ar-shelving.com\\\/#organization\",\"name\":\"AR Shelving S.A.\",\"url\":\"https:\\\/\\\/www.ar-shelving.com\\\/\",\"logo\":{\"@type\":\"ImageObject\",\"inLanguage\":\"sk-SK\",\"@id\":\"https:\\\/\\\/www.ar-shelving.com\\\/#\\\/schema\\\/logo\\\/image\\\/\",\"url\":\"https:\\\/\\\/www.ar-shelving.com\\\/wp-content\\\/uploads\\\/2022\\\/06\\\/Grupo-389.png\",\"contentUrl\":\"https:\\\/\\\/www.ar-shelving.com\\\/wp-content\\\/uploads\\\/2022\\\/06\\\/Grupo-389.png\",\"width\":251,\"height\":43,\"caption\":\"AR Shelving S.A.\"},\"image\":{\"@id\":\"https:\\\/\\\/www.ar-shelving.com\\\/#\\\/schema\\\/logo\\\/image\\\/\"},\"sameAs\":[\"https:\\\/\\\/www.facebook.com\\\/MetallicShelving\",\"https:\\\/\\\/www.linkedin.com\\\/company\\\/arshelving\\\/\",\"https:\\\/\\\/www.instagram.com\\\/ar_shelving\\\/\",\"https:\\\/\\\/www.youtube.com\\\/user\\\/ARstorage\",\"https:\\\/\\\/www.pinterest.es\\\/arshelving\\\/\"]}]}<\/script>\n<!-- \/ Yoast SEO plugin. -->","yoast_head_json":{"title":"AR Shelving dekorat\u00edvny celokovov\u00fd reg\u00e1l do dom\u00e1cnosti","description":"Dekorat\u00edvne celokovov\u00e9 reg\u00e1ly a efekt\u00edvna organiz\u00e1cia v dom\u00e1cnosti, v priestoroch ako je kuchy\u0148a, kancel\u00e1ria, \u0161pajza, pr\u00e1\u010dov\u0148a... v\u0161estrannos\u0165 reg\u00e1lu pokryje ak\u00fako\u013evek potrebu.","robots":{"index":"index","follow":"follow","max-snippet":"max-snippet:-1","max-image-preview":"max-image-preview:large","max-video-preview":"max-video-preview:-1"},"canonical":"https:\/\/www.ar-shelving.com\/metal-shelves\/home-easy\/","og_locale":"sk_SK","og_type":"article","og_title":"AR Shelving dekorat\u00edvny celokovov\u00fd reg\u00e1l do dom\u00e1cnosti","og_description":"Dekorat\u00edvne celokovov\u00e9 reg\u00e1ly a efekt\u00edvna organiz\u00e1cia v dom\u00e1cnosti, v priestoroch ako je kuchy\u0148a, kancel\u00e1ria, \u0161pajza, pr\u00e1\u010dov\u0148a... v\u0161estrannos\u0165 reg\u00e1lu pokryje ak\u00fako\u013evek potrebu.","og_url":"https:\/\/www.ar-shelving.com\/metal-shelves\/home-easy\/","og_site_name":"AR Shelving, metal shelving for DIY and trade","article_publisher":"https:\/\/www.facebook.com\/MetallicShelving","article_modified_time":"2023-06-15T10:45:24+00:00","og_image":[{"width":500,"height":667,"url":"https:\/\/www.ar-shelving.com\/wp-content\/uploads\/2022\/07\/HOME-EASY_SIDE.jpg","type":"image\/jpeg"}],"twitter_card":"summary_large_image","twitter_misc":{"Predpokladan\u00fd \u010das \u010d\u00edtania":"1 min\u00fata"},"schema":{"@context":"https:\/\/schema.org","@graph":[{"@type":"WebPage","@id":"https:\/\/www.ar-shelving.com\/metal-shelves\/home-easy\/","url":"https:\/\/www.ar-shelving.com\/metal-shelves\/home-easy\/","name":"AR Shelving dekorat\u00edvny celokovov\u00fd reg\u00e1l do dom\u00e1cnosti","isPartOf":{"@id":"https:\/\/www.ar-shelving.com\/#website"},"primaryImageOfPage":{"@id":"https:\/\/www.ar-shelving.com\/metal-shelves\/home-easy\/#primaryimage"},"image":{"@id":"https:\/\/www.ar-shelving.com\/metal-shelves\/home-easy\/#primaryimage"},"thumbnailUrl":"https:\/\/www.ar-shelving.com\/wp-content\/uploads\/2022\/07\/HOME-EASY_SIDE.jpg","datePublished":"2022-07-28T17:38:03+00:00","dateModified":"2023-06-15T10:45:24+00:00","description":"Dekorat\u00edvne celokovov\u00e9 reg\u00e1ly a efekt\u00edvna organiz\u00e1cia v dom\u00e1cnosti, v priestoroch ako je kuchy\u0148a, kancel\u00e1ria, \u0161pajza, pr\u00e1\u010dov\u0148a... v\u0161estrannos\u0165 reg\u00e1lu pokryje ak\u00fako\u013evek potrebu.","breadcrumb":{"@id":"https:\/\/www.ar-shelving.com\/metal-shelves\/home-easy\/#breadcrumb"},"inLanguage":"sk-SK","potentialAction":[{"@type":"ReadAction","target":["https:\/\/www.ar-shelving.com\/metal-shelves\/home-easy\/"]}]},{"@type":"ImageObject","inLanguage":"sk-SK","@id":"https:\/\/www.ar-shelving.com\/metal-shelves\/home-easy\/#primaryimage","url":"https:\/\/www.ar-shelving.com\/wp-content\/uploads\/2022\/07\/HOME-EASY_SIDE.jpg","contentUrl":"https:\/\/www.ar-shelving.com\/wp-content\/uploads\/2022\/07\/HOME-EASY_SIDE.jpg","width":500,"height":667,"caption":"Home easy shelving"},{"@type":"BreadcrumbList","@id":"https:\/\/www.ar-shelving.com\/metal-shelves\/home-easy\/#breadcrumb","itemListElement":[{"@type":"ListItem","position":1,"name":"Products","item":"https:\/\/www.ar-shelving.com\/shop\/"},{"@type":"ListItem","position":2,"name":"Home Easy"}]},{"@type":"WebSite","@id":"https:\/\/www.ar-shelving.com\/#website","url":"https:\/\/www.ar-shelving.com\/","name":"AR Shelving, metal shelving for DIY, trade and industries","description":"metal shelving","publisher":{"@id":"https:\/\/www.ar-shelving.com\/#organization"},"potentialAction":[{"@type":"SearchAction","target":{"@type":"EntryPoint","urlTemplate":"https:\/\/www.ar-shelving.com\/?s={search_term_string}"},"query-input":{"@type":"PropertyValueSpecification","valueRequired":true,"valueName":"search_term_string"}}],"inLanguage":"sk-SK"},{"@type":"Organization","@id":"https:\/\/www.ar-shelving.com\/#organization","name":"AR Shelving S.A.","url":"https:\/\/www.ar-shelving.com\/","logo":{"@type":"ImageObject","inLanguage":"sk-SK","@id":"https:\/\/www.ar-shelving.com\/#\/schema\/logo\/image\/","url":"https:\/\/www.ar-shelving.com\/wp-content\/uploads\/2022\/06\/Grupo-389.png","contentUrl":"https:\/\/www.ar-shelving.com\/wp-content\/uploads\/2022\/06\/Grupo-389.png","width":251,"height":43,"caption":"AR Shelving S.A."},"image":{"@id":"https:\/\/www.ar-shelving.com\/#\/schema\/logo\/image\/"},"sameAs":["https:\/\/www.facebook.com\/MetallicShelving","https:\/\/www.linkedin.com\/company\/arshelving\/","https:\/\/www.instagram.com\/ar_shelving\/","https:\/\/www.youtube.com\/user\/ARstorage","https:\/\/www.pinterest.es\/arshelving\/"]}]}},"_links":{"self":[{"href":"https:\/\/www.ar-shelving.com\/sk\/wp-json\/wp\/v2\/product\/22913","targetHints":{"allow":["GET"]}}],"collection":[{"href":"https:\/\/www.ar-shelving.com\/sk\/wp-json\/wp\/v2\/product"}],"about":[{"href":"https:\/\/www.ar-shelving.com\/sk\/wp-json\/wp\/v2\/types\/product"}],"replies":[{"embeddable":true,"href":"https:\/\/www.ar-shelving.com\/sk\/wp-json\/wp\/v2\/comments?post=22913"}],"wp:featuredmedia":[{"embeddable":true,"href":"https:\/\/www.ar-shelving.com\/sk\/wp-json\/wp\/v2\/media\/20033"}],"wp:attachment":[{"href":"https:\/\/www.ar-shelving.com\/sk\/wp-json\/wp\/v2\/media?parent=22913"}],"wp:term":[{"taxonomy":"product_brand","embeddable":true,"href":"https:\/\/www.ar-shelving.com\/sk\/wp-json\/wp\/v2\/product_brand?post=22913"},{"taxonomy":"product_cat","embeddable":true,"href":"https:\/\/www.ar-shelving.com\/sk\/wp-json\/wp\/v2\/product_cat?post=22913"},{"taxonomy":"product_tag","embeddable":true,"href":"https:\/\/www.ar-shelving.com\/sk\/wp-json\/wp\/v2\/product_tag?post=22913"}],"curies":[{"name":"wp","href":"https:\/\/api.w.org\/{rel}","templated":true}]}}