{"id":23613,"date":"2023-02-09T18:44:24","date_gmt":"2023-02-09T17:44:24","guid":{"rendered":"https:\/\/www.ar-shelving.com\/metal-shelves\/bullrack-rivet\/"},"modified":"2023-06-15T13:31:58","modified_gmt":"2023-06-15T11:31:58","slug":"bullrack-rivet-dtd","status":"publish","type":"product","link":"https:\/\/www.ar-shelving.com\/sk\/metal-shelves\/bullrack-rivet-dtd\/","title":{"rendered":"BULLRACK RIVET DTD"},"content":{"rendered":"<div data-canvas-width=\"143.12064\"><span data-sheets-value=\"{&quot;1&quot;:2,&quot;2&quot;:&quot;AR Shelving bezskrutkov\u00fd kovov\u00fd policov\u00fd syst\u00e9m pre profesion\u00e1lne pou\u017eitie s vysokou z\u00e1\u0165a\u017eou a HDF policami &quot;}\" data-sheets-userformat=\"{&quot;2&quot;:12733,&quot;3&quot;:{&quot;1&quot;:0,&quot;3&quot;:1},&quot;5&quot;:{&quot;1&quot;:[{&quot;1&quot;:2,&quot;2&quot;:0,&quot;5&quot;:{&quot;1&quot;:2,&quot;2&quot;:0}},{&quot;1&quot;:0,&quot;2&quot;:0,&quot;3&quot;:3},{&quot;1&quot;:1,&quot;2&quot;:0,&quot;4&quot;:1}]},&quot;6&quot;:{&quot;1&quot;:[{&quot;1&quot;:2,&quot;2&quot;:0,&quot;5&quot;:{&quot;1&quot;:2,&quot;2&quot;:0}},{&quot;1&quot;:0,&quot;2&quot;:0,&quot;3&quot;:3},{&quot;1&quot;:1,&quot;2&quot;:0,&quot;4&quot;:1}]},&quot;7&quot;:{&quot;1&quot;:[{&quot;1&quot;:2,&quot;2&quot;:0,&quot;5&quot;:{&quot;1&quot;:2,&quot;2&quot;:0}},{&quot;1&quot;:0,&quot;2&quot;:0,&quot;3&quot;:3},{&quot;1&quot;:1,&quot;2&quot;:0,&quot;4&quot;:1}]},&quot;8&quot;:{&quot;1&quot;:[{&quot;1&quot;:2,&quot;2&quot;:0,&quot;5&quot;:{&quot;1&quot;:2,&quot;2&quot;:0}},{&quot;1&quot;:0,&quot;2&quot;:0,&quot;3&quot;:3},{&quot;1&quot;:1,&quot;2&quot;:0,&quot;4&quot;:1}]},&quot;10&quot;:1,&quot;11&quot;:4,&quot;15&quot;:&quot;Calibri&quot;,&quot;16&quot;:11}\">AR Shelving bezskrutkov\u00fd kovov\u00fd policov\u00fd syst\u00e9m pre profesion\u00e1lne pou\u017eitie s vysokou z\u00e1\u0165a\u017eou a HDF policami <\/span><\/div>\n","protected":false},"excerpt":{"rendered":"<div data-canvas-width=\"225.869592\"><span data-sheets-value=\"{&quot;1&quot;:2,&quot;2&quot;:&quot;Priemyseln\u00e9 reg\u00e1ly ide\u00e1lne do priestorov ako je gar\u00e1\u017e, sklad, diel\u0148a, priemyseln\u00e1 hala alebo obchod. Pon\u00fakaj\u00fa vysok\u00fa nosnos\u0165 a\u017e 600 kg\/1322 libier na jednu policu (rovnomerne rozlo\u017een\u00e9 za\u0165a\u017eenie). Reg\u00e1lov\u00fd syst\u00e9m pon\u00faka hrub\u00e9 a odoln\u00e9 DTD drevotrieskov\u00e9 dosky. Mont\u00e1\u017e je r\u00fdchla a jednoduch\u00e1 v\u010faka bezskrutkov\u00e9mu syst\u00e9mu.&quot;}\" data-sheets-userformat=\"{&quot;2&quot;:12733,&quot;3&quot;:{&quot;1&quot;:0,&quot;3&quot;:1},&quot;5&quot;:{&quot;1&quot;:[{&quot;1&quot;:2,&quot;2&quot;:0,&quot;5&quot;:{&quot;1&quot;:2,&quot;2&quot;:0}},{&quot;1&quot;:0,&quot;2&quot;:0,&quot;3&quot;:3},{&quot;1&quot;:1,&quot;2&quot;:0,&quot;4&quot;:1}]},&quot;6&quot;:{&quot;1&quot;:[{&quot;1&quot;:2,&quot;2&quot;:0,&quot;5&quot;:{&quot;1&quot;:2,&quot;2&quot;:0}},{&quot;1&quot;:0,&quot;2&quot;:0,&quot;3&quot;:3},{&quot;1&quot;:1,&quot;2&quot;:0,&quot;4&quot;:1}]},&quot;7&quot;:{&quot;1&quot;:[{&quot;1&quot;:2,&quot;2&quot;:0,&quot;5&quot;:{&quot;1&quot;:2,&quot;2&quot;:0}},{&quot;1&quot;:0,&quot;2&quot;:0,&quot;3&quot;:3},{&quot;1&quot;:1,&quot;2&quot;:0,&quot;4&quot;:1}]},&quot;8&quot;:{&quot;1&quot;:[{&quot;1&quot;:2,&quot;2&quot;:0,&quot;5&quot;:{&quot;1&quot;:2,&quot;2&quot;:0}},{&quot;1&quot;:0,&quot;2&quot;:0,&quot;3&quot;:3},{&quot;1&quot;:1,&quot;2&quot;:0,&quot;4&quot;:1}]},&quot;10&quot;:1,&quot;11&quot;:4,&quot;15&quot;:&quot;Calibri&quot;,&quot;16&quot;:11}\">Priemyseln\u00e9 reg\u00e1ly ide\u00e1lne do priestorov ako je gar\u00e1\u017e, sklad, diel\u0148a, priemyseln\u00e1 hala alebo obchod. Pon\u00fakaj\u00fa vysok\u00fa nosnos\u0165 a\u017e 600 kg\/1322 libier na jednu policu (rovnomerne rozlo\u017een\u00e9 za\u0165a\u017eenie). Reg\u00e1lov\u00fd syst\u00e9m pon\u00faka hrub\u00e9 a odoln\u00e9 DTD drevotrieskov\u00e9 dosky. Mont\u00e1\u017e je r\u00fdchla a jednoduch\u00e1 v\u010faka bezskrutkov\u00e9mu syst\u00e9mu.<\/span><\/div>\n","protected":false},"featured_media":19573,"comment_status":"open","ping_status":"closed","template":"","meta":{"_acf_changed":false,"_monsterinsights_skip_tracking":false,"_monsterinsights_sitenote_active":false,"_monsterinsights_sitenote_note":"","_monsterinsights_sitenote_category":0,"_uf_show_specific_survey":0,"_uf_disable_surveys":false,"title_news":""},"product_brand":[],"product_cat":[1007],"product_tag":[],"class_list":{"0":"post-23613","1":"product","2":"type-product","3":"status-publish","4":"has-post-thumbnail","6":"product_cat-dielna","8":"first","9":"instock","10":"taxable","11":"shipping-taxable","12":"product-type-simple"},"acf":[],"yoast_head":"<!-- This site is optimized with the Yoast SEO plugin v27.4 - https:\/\/yoast.com\/product\/yoast-seo-wordpress\/ -->\n<title>AR Shelving bezskrutkov\u00fd kovov\u00fd policov\u00fd syst\u00e9m pre profesion\u00e1lne pou\u017eitie s vysokou z\u00e1\u0165a\u017eou a HDF policami<\/title>\n<meta name=\"description\" content=\"Reg\u00e1lov\u00fd syst\u00e9m pon\u00faka hrub\u00e9 a odoln\u00e9 DTD drevotrieskov\u00e9 dosky. Mont\u00e1\u017e je r\u00fdchla a jednoduch\u00e1 v\u010faka bezskrutkov\u00e9mu syst\u00e9mu.\" \/>\n<meta name=\"robots\" content=\"index, follow, max-snippet:-1, max-image-preview:large, max-video-preview:-1\" \/>\n<link rel=\"canonical\" href=\"https:\/\/www.ar-shelving.com\/metal-shelves\/bullrack-rivet\/\" \/>\n<meta property=\"og:locale\" content=\"sk_SK\" \/>\n<meta property=\"og:type\" content=\"article\" \/>\n<meta property=\"og:title\" content=\"AR Shelving bezskrutkov\u00fd kovov\u00fd policov\u00fd syst\u00e9m pre profesion\u00e1lne pou\u017eitie s vysokou z\u00e1\u0165a\u017eou a HDF policami\" \/>\n<meta property=\"og:description\" content=\"Reg\u00e1lov\u00fd syst\u00e9m pon\u00faka hrub\u00e9 a odoln\u00e9 DTD drevotrieskov\u00e9 dosky. Mont\u00e1\u017e je r\u00fdchla a jednoduch\u00e1 v\u010faka bezskrutkov\u00e9mu syst\u00e9mu.\" \/>\n<meta property=\"og:url\" content=\"https:\/\/www.ar-shelving.com\/metal-shelves\/bullrack-rivet\/\" \/>\n<meta property=\"og:site_name\" content=\"AR Shelving, metal shelving for DIY and trade\" \/>\n<meta property=\"article:publisher\" content=\"https:\/\/www.facebook.com\/MetallicShelving\" \/>\n<meta property=\"article:modified_time\" content=\"2023-06-15T11:31:58+00:00\" \/>\n<meta property=\"og:image\" content=\"https:\/\/www.ar-shelving.com\/wp-content\/uploads\/2023\/02\/BullrackRivet_DTD-4levels.jpg\" \/>\n\t<meta property=\"og:image:width\" content=\"500\" \/>\n\t<meta property=\"og:image:height\" content=\"667\" \/>\n\t<meta property=\"og:image:type\" content=\"image\/jpeg\" \/>\n<meta name=\"twitter:card\" content=\"summary_large_image\" \/>\n<script type=\"application\/ld+json\" class=\"yoast-schema-graph\">{\"@context\":\"https:\\\/\\\/schema.org\",\"@graph\":[{\"@type\":\"WebPage\",\"@id\":\"https:\\\/\\\/www.ar-shelving.com\\\/metal-shelves\\\/bullrack-rivet\\\/\",\"url\":\"https:\\\/\\\/www.ar-shelving.com\\\/metal-shelves\\\/bullrack-rivet\\\/\",\"name\":\"AR Shelving bezskrutkov\u00fd kovov\u00fd policov\u00fd syst\u00e9m pre profesion\u00e1lne pou\u017eitie s vysokou z\u00e1\u0165a\u017eou a HDF policami\",\"isPartOf\":{\"@id\":\"https:\\\/\\\/www.ar-shelving.com\\\/#website\"},\"primaryImageOfPage\":{\"@id\":\"https:\\\/\\\/www.ar-shelving.com\\\/metal-shelves\\\/bullrack-rivet\\\/#primaryimage\"},\"image\":{\"@id\":\"https:\\\/\\\/www.ar-shelving.com\\\/metal-shelves\\\/bullrack-rivet\\\/#primaryimage\"},\"thumbnailUrl\":\"https:\\\/\\\/www.ar-shelving.com\\\/wp-content\\\/uploads\\\/2023\\\/02\\\/BullrackRivet_DTD-4levels.jpg\",\"datePublished\":\"2023-02-09T17:44:24+00:00\",\"dateModified\":\"2023-06-15T11:31:58+00:00\",\"description\":\"Reg\u00e1lov\u00fd syst\u00e9m pon\u00faka hrub\u00e9 a odoln\u00e9 DTD drevotrieskov\u00e9 dosky. Mont\u00e1\u017e je r\u00fdchla a jednoduch\u00e1 v\u010faka bezskrutkov\u00e9mu syst\u00e9mu.\",\"breadcrumb\":{\"@id\":\"https:\\\/\\\/www.ar-shelving.com\\\/metal-shelves\\\/bullrack-rivet\\\/#breadcrumb\"},\"inLanguage\":\"sk-SK\",\"potentialAction\":[{\"@type\":\"ReadAction\",\"target\":[\"https:\\\/\\\/www.ar-shelving.com\\\/metal-shelves\\\/bullrack-rivet\\\/\"]}]},{\"@type\":\"ImageObject\",\"inLanguage\":\"sk-SK\",\"@id\":\"https:\\\/\\\/www.ar-shelving.com\\\/metal-shelves\\\/bullrack-rivet\\\/#primaryimage\",\"url\":\"https:\\\/\\\/www.ar-shelving.com\\\/wp-content\\\/uploads\\\/2023\\\/02\\\/BullrackRivet_DTD-4levels.jpg\",\"contentUrl\":\"https:\\\/\\\/www.ar-shelving.com\\\/wp-content\\\/uploads\\\/2023\\\/02\\\/BullrackRivet_DTD-4levels.jpg\",\"width\":500,\"height\":667,\"caption\":\"Bullrack rivet DTD Shelving\"},{\"@type\":\"BreadcrumbList\",\"@id\":\"https:\\\/\\\/www.ar-shelving.com\\\/metal-shelves\\\/bullrack-rivet\\\/#breadcrumb\",\"itemListElement\":[{\"@type\":\"ListItem\",\"position\":1,\"name\":\"Products\",\"item\":\"https:\\\/\\\/www.ar-shelving.com\\\/shop\\\/\"},{\"@type\":\"ListItem\",\"position\":2,\"name\":\"BULLRACK RIVET DTD\"}]},{\"@type\":\"WebSite\",\"@id\":\"https:\\\/\\\/www.ar-shelving.com\\\/#website\",\"url\":\"https:\\\/\\\/www.ar-shelving.com\\\/\",\"name\":\"AR Shelving, metal shelving for DIY, trade and industries\",\"description\":\"metal shelving\",\"publisher\":{\"@id\":\"https:\\\/\\\/www.ar-shelving.com\\\/#organization\"},\"potentialAction\":[{\"@type\":\"SearchAction\",\"target\":{\"@type\":\"EntryPoint\",\"urlTemplate\":\"https:\\\/\\\/www.ar-shelving.com\\\/?s={search_term_string}\"},\"query-input\":{\"@type\":\"PropertyValueSpecification\",\"valueRequired\":true,\"valueName\":\"search_term_string\"}}],\"inLanguage\":\"sk-SK\"},{\"@type\":\"Organization\",\"@id\":\"https:\\\/\\\/www.ar-shelving.com\\\/#organization\",\"name\":\"AR Shelving S.A.\",\"url\":\"https:\\\/\\\/www.ar-shelving.com\\\/\",\"logo\":{\"@type\":\"ImageObject\",\"inLanguage\":\"sk-SK\",\"@id\":\"https:\\\/\\\/www.ar-shelving.com\\\/#\\\/schema\\\/logo\\\/image\\\/\",\"url\":\"https:\\\/\\\/www.ar-shelving.com\\\/wp-content\\\/uploads\\\/2022\\\/06\\\/Grupo-389.png\",\"contentUrl\":\"https:\\\/\\\/www.ar-shelving.com\\\/wp-content\\\/uploads\\\/2022\\\/06\\\/Grupo-389.png\",\"width\":251,\"height\":43,\"caption\":\"AR Shelving S.A.\"},\"image\":{\"@id\":\"https:\\\/\\\/www.ar-shelving.com\\\/#\\\/schema\\\/logo\\\/image\\\/\"},\"sameAs\":[\"https:\\\/\\\/www.facebook.com\\\/MetallicShelving\",\"https:\\\/\\\/www.linkedin.com\\\/company\\\/arshelving\\\/\",\"https:\\\/\\\/www.instagram.com\\\/ar_shelving\\\/\",\"https:\\\/\\\/www.youtube.com\\\/user\\\/ARstorage\",\"https:\\\/\\\/www.pinterest.es\\\/arshelving\\\/\"]}]}<\/script>\n<!-- \/ Yoast SEO plugin. -->","yoast_head_json":{"title":"AR Shelving bezskrutkov\u00fd kovov\u00fd policov\u00fd syst\u00e9m pre profesion\u00e1lne pou\u017eitie s vysokou z\u00e1\u0165a\u017eou a HDF policami","description":"Reg\u00e1lov\u00fd syst\u00e9m pon\u00faka hrub\u00e9 a odoln\u00e9 DTD drevotrieskov\u00e9 dosky. Mont\u00e1\u017e je r\u00fdchla a jednoduch\u00e1 v\u010faka bezskrutkov\u00e9mu syst\u00e9mu.","robots":{"index":"index","follow":"follow","max-snippet":"max-snippet:-1","max-image-preview":"max-image-preview:large","max-video-preview":"max-video-preview:-1"},"canonical":"https:\/\/www.ar-shelving.com\/metal-shelves\/bullrack-rivet\/","og_locale":"sk_SK","og_type":"article","og_title":"AR Shelving bezskrutkov\u00fd kovov\u00fd policov\u00fd syst\u00e9m pre profesion\u00e1lne pou\u017eitie s vysokou z\u00e1\u0165a\u017eou a HDF policami","og_description":"Reg\u00e1lov\u00fd syst\u00e9m pon\u00faka hrub\u00e9 a odoln\u00e9 DTD drevotrieskov\u00e9 dosky. Mont\u00e1\u017e je r\u00fdchla a jednoduch\u00e1 v\u010faka bezskrutkov\u00e9mu syst\u00e9mu.","og_url":"https:\/\/www.ar-shelving.com\/metal-shelves\/bullrack-rivet\/","og_site_name":"AR Shelving, metal shelving for DIY and trade","article_publisher":"https:\/\/www.facebook.com\/MetallicShelving","article_modified_time":"2023-06-15T11:31:58+00:00","og_image":[{"width":500,"height":667,"url":"https:\/\/www.ar-shelving.com\/wp-content\/uploads\/2023\/02\/BullrackRivet_DTD-4levels.jpg","type":"image\/jpeg"}],"twitter_card":"summary_large_image","schema":{"@context":"https:\/\/schema.org","@graph":[{"@type":"WebPage","@id":"https:\/\/www.ar-shelving.com\/metal-shelves\/bullrack-rivet\/","url":"https:\/\/www.ar-shelving.com\/metal-shelves\/bullrack-rivet\/","name":"AR Shelving bezskrutkov\u00fd kovov\u00fd policov\u00fd syst\u00e9m pre profesion\u00e1lne pou\u017eitie s vysokou z\u00e1\u0165a\u017eou a HDF policami","isPartOf":{"@id":"https:\/\/www.ar-shelving.com\/#website"},"primaryImageOfPage":{"@id":"https:\/\/www.ar-shelving.com\/metal-shelves\/bullrack-rivet\/#primaryimage"},"image":{"@id":"https:\/\/www.ar-shelving.com\/metal-shelves\/bullrack-rivet\/#primaryimage"},"thumbnailUrl":"https:\/\/www.ar-shelving.com\/wp-content\/uploads\/2023\/02\/BullrackRivet_DTD-4levels.jpg","datePublished":"2023-02-09T17:44:24+00:00","dateModified":"2023-06-15T11:31:58+00:00","description":"Reg\u00e1lov\u00fd syst\u00e9m pon\u00faka hrub\u00e9 a odoln\u00e9 DTD drevotrieskov\u00e9 dosky. Mont\u00e1\u017e je r\u00fdchla a jednoduch\u00e1 v\u010faka bezskrutkov\u00e9mu syst\u00e9mu.","breadcrumb":{"@id":"https:\/\/www.ar-shelving.com\/metal-shelves\/bullrack-rivet\/#breadcrumb"},"inLanguage":"sk-SK","potentialAction":[{"@type":"ReadAction","target":["https:\/\/www.ar-shelving.com\/metal-shelves\/bullrack-rivet\/"]}]},{"@type":"ImageObject","inLanguage":"sk-SK","@id":"https:\/\/www.ar-shelving.com\/metal-shelves\/bullrack-rivet\/#primaryimage","url":"https:\/\/www.ar-shelving.com\/wp-content\/uploads\/2023\/02\/BullrackRivet_DTD-4levels.jpg","contentUrl":"https:\/\/www.ar-shelving.com\/wp-content\/uploads\/2023\/02\/BullrackRivet_DTD-4levels.jpg","width":500,"height":667,"caption":"Bullrack rivet DTD Shelving"},{"@type":"BreadcrumbList","@id":"https:\/\/www.ar-shelving.com\/metal-shelves\/bullrack-rivet\/#breadcrumb","itemListElement":[{"@type":"ListItem","position":1,"name":"Products","item":"https:\/\/www.ar-shelving.com\/shop\/"},{"@type":"ListItem","position":2,"name":"BULLRACK RIVET DTD"}]},{"@type":"WebSite","@id":"https:\/\/www.ar-shelving.com\/#website","url":"https:\/\/www.ar-shelving.com\/","name":"AR Shelving, metal shelving for DIY, trade and industries","description":"metal shelving","publisher":{"@id":"https:\/\/www.ar-shelving.com\/#organization"},"potentialAction":[{"@type":"SearchAction","target":{"@type":"EntryPoint","urlTemplate":"https:\/\/www.ar-shelving.com\/?s={search_term_string}"},"query-input":{"@type":"PropertyValueSpecification","valueRequired":true,"valueName":"search_term_string"}}],"inLanguage":"sk-SK"},{"@type":"Organization","@id":"https:\/\/www.ar-shelving.com\/#organization","name":"AR Shelving S.A.","url":"https:\/\/www.ar-shelving.com\/","logo":{"@type":"ImageObject","inLanguage":"sk-SK","@id":"https:\/\/www.ar-shelving.com\/#\/schema\/logo\/image\/","url":"https:\/\/www.ar-shelving.com\/wp-content\/uploads\/2022\/06\/Grupo-389.png","contentUrl":"https:\/\/www.ar-shelving.com\/wp-content\/uploads\/2022\/06\/Grupo-389.png","width":251,"height":43,"caption":"AR Shelving S.A."},"image":{"@id":"https:\/\/www.ar-shelving.com\/#\/schema\/logo\/image\/"},"sameAs":["https:\/\/www.facebook.com\/MetallicShelving","https:\/\/www.linkedin.com\/company\/arshelving\/","https:\/\/www.instagram.com\/ar_shelving\/","https:\/\/www.youtube.com\/user\/ARstorage","https:\/\/www.pinterest.es\/arshelving\/"]}]}},"_links":{"self":[{"href":"https:\/\/www.ar-shelving.com\/sk\/wp-json\/wp\/v2\/product\/23613","targetHints":{"allow":["GET"]}}],"collection":[{"href":"https:\/\/www.ar-shelving.com\/sk\/wp-json\/wp\/v2\/product"}],"about":[{"href":"https:\/\/www.ar-shelving.com\/sk\/wp-json\/wp\/v2\/types\/product"}],"replies":[{"embeddable":true,"href":"https:\/\/www.ar-shelving.com\/sk\/wp-json\/wp\/v2\/comments?post=23613"}],"wp:featuredmedia":[{"embeddable":true,"href":"https:\/\/www.ar-shelving.com\/sk\/wp-json\/wp\/v2\/media\/19573"}],"wp:attachment":[{"href":"https:\/\/www.ar-shelving.com\/sk\/wp-json\/wp\/v2\/media?parent=23613"}],"wp:term":[{"taxonomy":"product_brand","embeddable":true,"href":"https:\/\/www.ar-shelving.com\/sk\/wp-json\/wp\/v2\/product_brand?post=23613"},{"taxonomy":"product_cat","embeddable":true,"href":"https:\/\/www.ar-shelving.com\/sk\/wp-json\/wp\/v2\/product_cat?post=23613"},{"taxonomy":"product_tag","embeddable":true,"href":"https:\/\/www.ar-shelving.com\/sk\/wp-json\/wp\/v2\/product_tag?post=23613"}],"curies":[{"name":"wp","href":"https:\/\/api.w.org\/{rel}","templated":true}]}}