{"id":23721,"date":"2023-04-28T09:41:57","date_gmt":"2023-04-28T07:41:57","guid":{"rendered":"https:\/\/www.ar-shelving.com\/metal-shelves\/deco-standard\/"},"modified":"2023-07-31T12:23:45","modified_gmt":"2023-07-31T10:23:45","slug":"deco-standard","status":"publish","type":"product","link":"https:\/\/www.ar-shelving.com\/sk\/metal-shelves\/deco-standard\/","title":{"rendered":"Tradi\u010dn\u00fd reg\u00e1lov\u00fd syst\u00e9m D\u00ebco"},"content":{"rendered":"<p>V\u0161estrann\u00e9 bezskrutkov\u00e9 reg\u00e1ly pre dekor\u00e1ciu a skladovanie v dom\u00e1cnosti.<\/p>\n","protected":false},"excerpt":{"rendered":"<p><span data-sheets-value=\"{&quot;1&quot;:2,&quot;2&quot;:&quot;Dekorat\u00edvne a funk\u010dn\u00e9 reg\u00e1ly s jednoduchou a bezskrutkovou mont\u00e1\u017eou. Pon\u00fakaj\u00fa dve mo\u017enosti mont\u00e1\u017ee, aby vyhovovali v\u0161etk\u00fdm potreb\u00e1m skladovania. Vyroben\u00e9 z kovu a dreva, s vysoko estetick\u00fdm dizajnom. Ide\u00e1lne na usporiadanie a zdobenie v\u0161etk\u00fdch priestorov v dom\u00e1cnosti. D\u00e1 sa kombinova\u0165 so zvy\u0161kom produktov rady D\u00ebco.&quot;}\" data-sheets-userformat=\"{&quot;2&quot;:13247,&quot;3&quot;:{&quot;1&quot;:0},&quot;4&quot;:{&quot;1&quot;:2,&quot;2&quot;:16776960},&quot;5&quot;:{&quot;1&quot;:[{&quot;1&quot;:2,&quot;2&quot;:0,&quot;5&quot;:{&quot;1&quot;:2,&quot;2&quot;:0}},{&quot;1&quot;:0,&quot;2&quot;:0,&quot;3&quot;:3},{&quot;1&quot;:1,&quot;2&quot;:0,&quot;4&quot;:1}]},&quot;6&quot;:{&quot;1&quot;:[{&quot;1&quot;:2,&quot;2&quot;:0,&quot;5&quot;:{&quot;1&quot;:2,&quot;2&quot;:0}},{&quot;1&quot;:0,&quot;2&quot;:0,&quot;3&quot;:3},{&quot;1&quot;:1,&quot;2&quot;:0,&quot;4&quot;:1}]},&quot;7&quot;:{&quot;1&quot;:[{&quot;1&quot;:2,&quot;2&quot;:0,&quot;5&quot;:{&quot;1&quot;:2,&quot;2&quot;:0}},{&quot;1&quot;:0,&quot;2&quot;:0,&quot;3&quot;:3},{&quot;1&quot;:1,&quot;2&quot;:0,&quot;4&quot;:1}]},&quot;8&quot;:{&quot;1&quot;:[{&quot;1&quot;:2,&quot;2&quot;:0,&quot;5&quot;:{&quot;1&quot;:2,&quot;2&quot;:0}},{&quot;1&quot;:0,&quot;2&quot;:0,&quot;3&quot;:3},{&quot;1&quot;:1,&quot;2&quot;:0,&quot;4&quot;:1}]},&quot;10&quot;:1,&quot;11&quot;:4,&quot;12&quot;:0,&quot;15&quot;:&quot;Calibri&quot;,&quot;16&quot;:11}\">Dekorat\u00edvne a funk\u010dn\u00e9 reg\u00e1ly s jednoduchou a bezskrutkovou mont\u00e1\u017eou. Pon\u00fakaj\u00fa dve mo\u017enosti mont\u00e1\u017ee, aby vyhovovali v\u0161etk\u00fdm potreb\u00e1m skladovania. Vyroben\u00e9 z kovu a dreva, s vysoko estetick\u00fdm dizajnom. Ide\u00e1lne na usporiadanie a zdobenie v\u0161etk\u00fdch priestorov v dom\u00e1cnosti. D\u00e1 sa kombinova\u0165 so zvy\u0161kom produktov rady D\u00ebco.<\/span><\/p>\n","protected":false},"featured_media":21175,"comment_status":"open","ping_status":"closed","template":"","meta":{"_acf_changed":false,"_monsterinsights_skip_tracking":false,"_monsterinsights_sitenote_active":false,"_monsterinsights_sitenote_note":"","_monsterinsights_sitenote_category":0,"_uf_show_specific_survey":0,"_uf_disable_surveys":false,"title_news":""},"product_brand":[],"product_cat":[966],"product_tag":[],"class_list":{"0":"post-23721","1":"product","2":"type-product","3":"status-publish","4":"has-post-thumbnail","6":"product_cat-home-sk","8":"first","9":"instock","10":"taxable","11":"shipping-taxable","12":"product-type-simple"},"acf":[],"yoast_head":"<!-- This site is optimized with the Yoast SEO plugin v27.4 - https:\/\/yoast.com\/product\/yoast-seo-wordpress\/ -->\n<title>Tradi\u010dn\u00fd reg\u00e1lov\u00fd syst\u00e9m D\u00ebco - Tradi\u010dn\u00fd reg\u00e1lov\u00fd syst\u00e9m D\u00ebco.<\/title>\n<meta name=\"description\" content=\"Dekorat\u00edvne a funk\u010dn\u00e9 reg\u00e1ly s jednoduchou a bezskrutkovou mont\u00e1\u017eou. Pon\u00fakaj\u00fa dve mo\u017enosti mont\u00e1\u017ee, aby vyhovovali v\u0161etk\u00fdm potreb\u00e1m skladovania.\" \/>\n<meta name=\"robots\" content=\"index, follow, max-snippet:-1, max-image-preview:large, max-video-preview:-1\" \/>\n<link rel=\"canonical\" href=\"https:\/\/www.ar-shelving.com\/metal-shelves\/deco-standard\/\" \/>\n<meta property=\"og:locale\" content=\"sk_SK\" \/>\n<meta property=\"og:type\" content=\"article\" \/>\n<meta property=\"og:title\" content=\"Tradi\u010dn\u00fd reg\u00e1lov\u00fd syst\u00e9m D\u00ebco - Tradi\u010dn\u00fd reg\u00e1lov\u00fd syst\u00e9m D\u00ebco.\" \/>\n<meta property=\"og:description\" content=\"Dekorat\u00edvne a funk\u010dn\u00e9 reg\u00e1ly s jednoduchou a bezskrutkovou mont\u00e1\u017eou. Pon\u00fakaj\u00fa dve mo\u017enosti mont\u00e1\u017ee, aby vyhovovali v\u0161etk\u00fdm potreb\u00e1m skladovania.\" \/>\n<meta property=\"og:url\" content=\"https:\/\/www.ar-shelving.com\/metal-shelves\/deco-standard\/\" \/>\n<meta property=\"og:site_name\" content=\"AR Shelving, metal shelving for DIY and trade\" \/>\n<meta property=\"article:publisher\" content=\"https:\/\/www.facebook.com\/MetallicShelving\" \/>\n<meta property=\"article:modified_time\" content=\"2023-07-31T10:23:45+00:00\" \/>\n<meta property=\"og:image\" content=\"https:\/\/www.ar-shelving.com\/wp-content\/uploads\/2023\/04\/Deco-standardL.jpg\" \/>\n\t<meta property=\"og:image:width\" content=\"500\" \/>\n\t<meta property=\"og:image:height\" content=\"667\" \/>\n\t<meta property=\"og:image:type\" content=\"image\/jpeg\" \/>\n<meta name=\"twitter:card\" content=\"summary_large_image\" \/>\n<meta name=\"twitter:label1\" content=\"Predpokladan\u00fd \u010das \u010d\u00edtania\" \/>\n\t<meta name=\"twitter:data1\" content=\"1 min\u00fata\" \/>\n<script type=\"application\/ld+json\" class=\"yoast-schema-graph\">{\"@context\":\"https:\\\/\\\/schema.org\",\"@graph\":[{\"@type\":\"WebPage\",\"@id\":\"https:\\\/\\\/www.ar-shelving.com\\\/metal-shelves\\\/deco-standard\\\/\",\"url\":\"https:\\\/\\\/www.ar-shelving.com\\\/metal-shelves\\\/deco-standard\\\/\",\"name\":\"Tradi\u010dn\u00fd reg\u00e1lov\u00fd syst\u00e9m D\u00ebco - Tradi\u010dn\u00fd reg\u00e1lov\u00fd syst\u00e9m D\u00ebco.\",\"isPartOf\":{\"@id\":\"https:\\\/\\\/www.ar-shelving.com\\\/#website\"},\"primaryImageOfPage\":{\"@id\":\"https:\\\/\\\/www.ar-shelving.com\\\/metal-shelves\\\/deco-standard\\\/#primaryimage\"},\"image\":{\"@id\":\"https:\\\/\\\/www.ar-shelving.com\\\/metal-shelves\\\/deco-standard\\\/#primaryimage\"},\"thumbnailUrl\":\"https:\\\/\\\/www.ar-shelving.com\\\/wp-content\\\/uploads\\\/2023\\\/04\\\/Deco-standardL.jpg\",\"datePublished\":\"2023-04-28T07:41:57+00:00\",\"dateModified\":\"2023-07-31T10:23:45+00:00\",\"description\":\"Dekorat\u00edvne a funk\u010dn\u00e9 reg\u00e1ly s jednoduchou a bezskrutkovou mont\u00e1\u017eou. Pon\u00fakaj\u00fa dve mo\u017enosti mont\u00e1\u017ee, aby vyhovovali v\u0161etk\u00fdm potreb\u00e1m skladovania.\",\"breadcrumb\":{\"@id\":\"https:\\\/\\\/www.ar-shelving.com\\\/metal-shelves\\\/deco-standard\\\/#breadcrumb\"},\"inLanguage\":\"sk-SK\",\"potentialAction\":[{\"@type\":\"ReadAction\",\"target\":[\"https:\\\/\\\/www.ar-shelving.com\\\/metal-shelves\\\/deco-standard\\\/\"]}]},{\"@type\":\"ImageObject\",\"inLanguage\":\"sk-SK\",\"@id\":\"https:\\\/\\\/www.ar-shelving.com\\\/metal-shelves\\\/deco-standard\\\/#primaryimage\",\"url\":\"https:\\\/\\\/www.ar-shelving.com\\\/wp-content\\\/uploads\\\/2023\\\/04\\\/Deco-standardL.jpg\",\"contentUrl\":\"https:\\\/\\\/www.ar-shelving.com\\\/wp-content\\\/uploads\\\/2023\\\/04\\\/Deco-standardL.jpg\",\"width\":500,\"height\":667,\"caption\":\"Deco Series standard L\"},{\"@type\":\"BreadcrumbList\",\"@id\":\"https:\\\/\\\/www.ar-shelving.com\\\/metal-shelves\\\/deco-standard\\\/#breadcrumb\",\"itemListElement\":[{\"@type\":\"ListItem\",\"position\":1,\"name\":\"Products\",\"item\":\"https:\\\/\\\/www.ar-shelving.com\\\/shop\\\/\"},{\"@type\":\"ListItem\",\"position\":2,\"name\":\"Tradi\u010dn\u00fd reg\u00e1lov\u00fd syst\u00e9m D\u00ebco\"}]},{\"@type\":\"WebSite\",\"@id\":\"https:\\\/\\\/www.ar-shelving.com\\\/#website\",\"url\":\"https:\\\/\\\/www.ar-shelving.com\\\/\",\"name\":\"AR Shelving, metal shelving for DIY, trade and industries\",\"description\":\"metal shelving\",\"publisher\":{\"@id\":\"https:\\\/\\\/www.ar-shelving.com\\\/#organization\"},\"potentialAction\":[{\"@type\":\"SearchAction\",\"target\":{\"@type\":\"EntryPoint\",\"urlTemplate\":\"https:\\\/\\\/www.ar-shelving.com\\\/?s={search_term_string}\"},\"query-input\":{\"@type\":\"PropertyValueSpecification\",\"valueRequired\":true,\"valueName\":\"search_term_string\"}}],\"inLanguage\":\"sk-SK\"},{\"@type\":\"Organization\",\"@id\":\"https:\\\/\\\/www.ar-shelving.com\\\/#organization\",\"name\":\"AR Shelving S.A.\",\"url\":\"https:\\\/\\\/www.ar-shelving.com\\\/\",\"logo\":{\"@type\":\"ImageObject\",\"inLanguage\":\"sk-SK\",\"@id\":\"https:\\\/\\\/www.ar-shelving.com\\\/#\\\/schema\\\/logo\\\/image\\\/\",\"url\":\"https:\\\/\\\/www.ar-shelving.com\\\/wp-content\\\/uploads\\\/2022\\\/06\\\/Grupo-389.png\",\"contentUrl\":\"https:\\\/\\\/www.ar-shelving.com\\\/wp-content\\\/uploads\\\/2022\\\/06\\\/Grupo-389.png\",\"width\":251,\"height\":43,\"caption\":\"AR Shelving S.A.\"},\"image\":{\"@id\":\"https:\\\/\\\/www.ar-shelving.com\\\/#\\\/schema\\\/logo\\\/image\\\/\"},\"sameAs\":[\"https:\\\/\\\/www.facebook.com\\\/MetallicShelving\",\"https:\\\/\\\/www.linkedin.com\\\/company\\\/arshelving\\\/\",\"https:\\\/\\\/www.instagram.com\\\/ar_shelving\\\/\",\"https:\\\/\\\/www.youtube.com\\\/user\\\/ARstorage\",\"https:\\\/\\\/www.pinterest.es\\\/arshelving\\\/\"]}]}<\/script>\n<!-- \/ Yoast SEO plugin. -->","yoast_head_json":{"title":"Tradi\u010dn\u00fd reg\u00e1lov\u00fd syst\u00e9m D\u00ebco - Tradi\u010dn\u00fd reg\u00e1lov\u00fd syst\u00e9m D\u00ebco.","description":"Dekorat\u00edvne a funk\u010dn\u00e9 reg\u00e1ly s jednoduchou a bezskrutkovou mont\u00e1\u017eou. Pon\u00fakaj\u00fa dve mo\u017enosti mont\u00e1\u017ee, aby vyhovovali v\u0161etk\u00fdm potreb\u00e1m skladovania.","robots":{"index":"index","follow":"follow","max-snippet":"max-snippet:-1","max-image-preview":"max-image-preview:large","max-video-preview":"max-video-preview:-1"},"canonical":"https:\/\/www.ar-shelving.com\/metal-shelves\/deco-standard\/","og_locale":"sk_SK","og_type":"article","og_title":"Tradi\u010dn\u00fd reg\u00e1lov\u00fd syst\u00e9m D\u00ebco - Tradi\u010dn\u00fd reg\u00e1lov\u00fd syst\u00e9m D\u00ebco.","og_description":"Dekorat\u00edvne a funk\u010dn\u00e9 reg\u00e1ly s jednoduchou a bezskrutkovou mont\u00e1\u017eou. Pon\u00fakaj\u00fa dve mo\u017enosti mont\u00e1\u017ee, aby vyhovovali v\u0161etk\u00fdm potreb\u00e1m skladovania.","og_url":"https:\/\/www.ar-shelving.com\/metal-shelves\/deco-standard\/","og_site_name":"AR Shelving, metal shelving for DIY and trade","article_publisher":"https:\/\/www.facebook.com\/MetallicShelving","article_modified_time":"2023-07-31T10:23:45+00:00","og_image":[{"width":500,"height":667,"url":"https:\/\/www.ar-shelving.com\/wp-content\/uploads\/2023\/04\/Deco-standardL.jpg","type":"image\/jpeg"}],"twitter_card":"summary_large_image","twitter_misc":{"Predpokladan\u00fd \u010das \u010d\u00edtania":"1 min\u00fata"},"schema":{"@context":"https:\/\/schema.org","@graph":[{"@type":"WebPage","@id":"https:\/\/www.ar-shelving.com\/metal-shelves\/deco-standard\/","url":"https:\/\/www.ar-shelving.com\/metal-shelves\/deco-standard\/","name":"Tradi\u010dn\u00fd reg\u00e1lov\u00fd syst\u00e9m D\u00ebco - Tradi\u010dn\u00fd reg\u00e1lov\u00fd syst\u00e9m D\u00ebco.","isPartOf":{"@id":"https:\/\/www.ar-shelving.com\/#website"},"primaryImageOfPage":{"@id":"https:\/\/www.ar-shelving.com\/metal-shelves\/deco-standard\/#primaryimage"},"image":{"@id":"https:\/\/www.ar-shelving.com\/metal-shelves\/deco-standard\/#primaryimage"},"thumbnailUrl":"https:\/\/www.ar-shelving.com\/wp-content\/uploads\/2023\/04\/Deco-standardL.jpg","datePublished":"2023-04-28T07:41:57+00:00","dateModified":"2023-07-31T10:23:45+00:00","description":"Dekorat\u00edvne a funk\u010dn\u00e9 reg\u00e1ly s jednoduchou a bezskrutkovou mont\u00e1\u017eou. Pon\u00fakaj\u00fa dve mo\u017enosti mont\u00e1\u017ee, aby vyhovovali v\u0161etk\u00fdm potreb\u00e1m skladovania.","breadcrumb":{"@id":"https:\/\/www.ar-shelving.com\/metal-shelves\/deco-standard\/#breadcrumb"},"inLanguage":"sk-SK","potentialAction":[{"@type":"ReadAction","target":["https:\/\/www.ar-shelving.com\/metal-shelves\/deco-standard\/"]}]},{"@type":"ImageObject","inLanguage":"sk-SK","@id":"https:\/\/www.ar-shelving.com\/metal-shelves\/deco-standard\/#primaryimage","url":"https:\/\/www.ar-shelving.com\/wp-content\/uploads\/2023\/04\/Deco-standardL.jpg","contentUrl":"https:\/\/www.ar-shelving.com\/wp-content\/uploads\/2023\/04\/Deco-standardL.jpg","width":500,"height":667,"caption":"Deco Series standard L"},{"@type":"BreadcrumbList","@id":"https:\/\/www.ar-shelving.com\/metal-shelves\/deco-standard\/#breadcrumb","itemListElement":[{"@type":"ListItem","position":1,"name":"Products","item":"https:\/\/www.ar-shelving.com\/shop\/"},{"@type":"ListItem","position":2,"name":"Tradi\u010dn\u00fd reg\u00e1lov\u00fd syst\u00e9m D\u00ebco"}]},{"@type":"WebSite","@id":"https:\/\/www.ar-shelving.com\/#website","url":"https:\/\/www.ar-shelving.com\/","name":"AR Shelving, metal shelving for DIY, trade and industries","description":"metal shelving","publisher":{"@id":"https:\/\/www.ar-shelving.com\/#organization"},"potentialAction":[{"@type":"SearchAction","target":{"@type":"EntryPoint","urlTemplate":"https:\/\/www.ar-shelving.com\/?s={search_term_string}"},"query-input":{"@type":"PropertyValueSpecification","valueRequired":true,"valueName":"search_term_string"}}],"inLanguage":"sk-SK"},{"@type":"Organization","@id":"https:\/\/www.ar-shelving.com\/#organization","name":"AR Shelving S.A.","url":"https:\/\/www.ar-shelving.com\/","logo":{"@type":"ImageObject","inLanguage":"sk-SK","@id":"https:\/\/www.ar-shelving.com\/#\/schema\/logo\/image\/","url":"https:\/\/www.ar-shelving.com\/wp-content\/uploads\/2022\/06\/Grupo-389.png","contentUrl":"https:\/\/www.ar-shelving.com\/wp-content\/uploads\/2022\/06\/Grupo-389.png","width":251,"height":43,"caption":"AR Shelving S.A."},"image":{"@id":"https:\/\/www.ar-shelving.com\/#\/schema\/logo\/image\/"},"sameAs":["https:\/\/www.facebook.com\/MetallicShelving","https:\/\/www.linkedin.com\/company\/arshelving\/","https:\/\/www.instagram.com\/ar_shelving\/","https:\/\/www.youtube.com\/user\/ARstorage","https:\/\/www.pinterest.es\/arshelving\/"]}]}},"_links":{"self":[{"href":"https:\/\/www.ar-shelving.com\/sk\/wp-json\/wp\/v2\/product\/23721","targetHints":{"allow":["GET"]}}],"collection":[{"href":"https:\/\/www.ar-shelving.com\/sk\/wp-json\/wp\/v2\/product"}],"about":[{"href":"https:\/\/www.ar-shelving.com\/sk\/wp-json\/wp\/v2\/types\/product"}],"replies":[{"embeddable":true,"href":"https:\/\/www.ar-shelving.com\/sk\/wp-json\/wp\/v2\/comments?post=23721"}],"wp:featuredmedia":[{"embeddable":true,"href":"https:\/\/www.ar-shelving.com\/sk\/wp-json\/wp\/v2\/media\/21175"}],"wp:attachment":[{"href":"https:\/\/www.ar-shelving.com\/sk\/wp-json\/wp\/v2\/media?parent=23721"}],"wp:term":[{"taxonomy":"product_brand","embeddable":true,"href":"https:\/\/www.ar-shelving.com\/sk\/wp-json\/wp\/v2\/product_brand?post=23721"},{"taxonomy":"product_cat","embeddable":true,"href":"https:\/\/www.ar-shelving.com\/sk\/wp-json\/wp\/v2\/product_cat?post=23721"},{"taxonomy":"product_tag","embeddable":true,"href":"https:\/\/www.ar-shelving.com\/sk\/wp-json\/wp\/v2\/product_tag?post=23721"}],"curies":[{"name":"wp","href":"https:\/\/api.w.org\/{rel}","templated":true}]}}